{"id":679,"date":"2026-02-09T11:54:47","date_gmt":"2026-02-09T11:54:47","guid":{"rendered":"https:\/\/researchchemicalshop.eu\/?post_type=product&#038;p=679"},"modified":"2026-03-06T01:16:32","modified_gmt":"2026-03-06T01:16:32","slug":"kemiallinen-sumu-2f-dck-spray-2","status":"publish","type":"product","link":"https:\/\/researchchemicalshop.eu\/fi\/tuote\/kemiallinen-sumu-2f-dck-spray-2\/","title":{"rendered":"Kemikaali 2F-DCK spray 10%"},"content":{"rendered":"<p data-start=\"5182\" data-end=\"5517\"><strong data-start=\"5182\" data-end=\"5212\">Chem-Mist 2F-DCK Spray 10%<\/strong> on <strong data-start=\"5220\" data-end=\"5255\">analyyttinen vertailuliuos<\/strong> ne <strong data-start=\"5260\" data-end=\"5298\">2-Fluorodeklooriketamiini (2F-DCK)<\/strong> sis\u00e4lt\u00e4\u00e4, yhdisteen, joka on per\u00e4isin <strong data-start=\"5328\" data-end=\"5359\">aryylisykloheksyyliamiiniperhe<\/strong>. kemiallinen sumusuihku<br data-start=\"5360\" data-end=\"5363\" \/>Sit\u00e4 k\u00e4ytet\u00e4\u00e4n <strong data-start=\"5385\" data-end=\"5427\">rikostekniset ja analyyttiset laboratoriot<\/strong> osoitteessa <strong data-start=\"5433\" data-end=\"5468\">kalibrointi ja menetelm\u00e4n validointi<\/strong> Kun tutkitaan samankaltaisia yhdisteit\u00e4.<\/p>\n<p data-start=\"5519\" data-end=\"5651\">T\u00e4m\u00e4 tuote on <strong data-start=\"5534\" data-end=\"5589\">jotka on tarkoitettu yksinomaan tieteelliseen tutkimukseen<\/strong> ja <strong data-start=\"5593\" data-end=\"5650\">ei kelpaa ihmisten tai el\u00e4inten ravinnoksi<\/strong>.<\/p>\n<hr data-start=\"5653\" data-end=\"5656\" \/>\n<h3 data-start=\"5658\" data-end=\"5689\"><strong data-start=\"5662\" data-end=\"5689\">T\u00e4rkeimm\u00e4t ominaisuudet<\/strong><\/h3>\n<ul data-start=\"5691\" data-end=\"6145\">\n<li data-start=\"5691\" data-end=\"5777\">\n<p data-start=\"5693\" data-end=\"5777\"><strong data-start=\"5693\" data-end=\"5713\">Korkea puhtaus:<\/strong> Tuotettu valvotuissa laboratorio-olosuhteissa.<\/p>\n<\/li>\n<li data-start=\"5778\" data-end=\"5854\">\n<p data-start=\"5780\" data-end=\"5854\"><strong data-start=\"5780\" data-end=\"5801\">10% Pitoisuus:<\/strong> Suunniteltu tasaista analyyttist\u00e4 suorituskyky\u00e4 varten.<\/p>\n<\/li>\n<li data-start=\"5855\" data-end=\"5957\">\n<p data-start=\"5857\" data-end=\"5957\"><strong data-start=\"5857\" data-end=\"5896\">Sertifioitu vertailumateriaali:<\/strong> Mukana toimitetaan <strong data-start=\"5910\" data-end=\"5938\">analyysitodistus (COA)<\/strong> ja dokumentointi.<\/p>\n<\/li>\n<li data-start=\"5958\" data-end=\"6053\">\n<p data-start=\"5960\" data-end=\"6053\"><strong data-start=\"5960\" data-end=\"5991\">Analyyttinen laaja k\u00e4ytt\u00f6\u00f6notto:<\/strong> Sopii <strong data-start=\"6006\" data-end=\"6015\">GC-MS<\/strong>, <strong data-start=\"6017\" data-end=\"6025\">HPLC<\/strong> ja <strong data-start=\"6029\" data-end=\"6041\">LC-MS\/MS<\/strong> analyysit.<\/p>\n<\/li>\n<li data-start=\"6054\" data-end=\"6145\">\n<p data-start=\"6056\" data-end=\"6145\"><strong data-start=\"6056\" data-end=\"6082\">Vakaa ruiskutusj\u00e4rjestelm\u00e4:<\/strong> Varmistaa luotettavan k\u00e4yt\u00f6n analyyttisiss\u00e4 ymp\u00e4rist\u00f6iss\u00e4.<\/p>\n<\/li>\n<\/ul>\n<hr data-start=\"6147\" data-end=\"6150\" \/>\n<h3 data-start=\"6152\" data-end=\"6169\"><strong data-start=\"6156\" data-end=\"6169\">Edut<\/strong><\/h3>\n<ul data-start=\"6171\" data-end=\"6680\">\n<li data-start=\"6171\" data-end=\"6278\">\n<p data-start=\"6173\" data-end=\"6278\"><strong data-start=\"6173\" data-end=\"6209\">Tukee rikosteknist\u00e4 analyysia:<\/strong> Auttaa aryylisykloheksyyliamiinianalogien havaitsemisessa ja kalibroinnissa.<\/p>\n<\/li>\n<li data-start=\"6279\" data-end=\"6399\">\n<p data-start=\"6281\" data-end=\"6399\"><strong data-start=\"6281\" data-end=\"6308\">Luotettava kalibrointi:<\/strong> Varmistaa toistettavat tulokset kromatografisissa ja spektroskooppisissa tutkimuksissa.<\/p>\n<\/li>\n<li data-start=\"6400\" data-end=\"6476\">\n<p data-start=\"6402\" data-end=\"6476\"><strong data-start=\"6402\" data-end=\"6424\">Koulutuksellinen arvo:<\/strong> Soveltuu akateemiseen ja analyyttiseen tutkimukseen.<\/p>\n<\/li>\n<li data-start=\"6477\" data-end=\"6572\">\n<p data-start=\"6479\" data-end=\"6572\"><strong data-start=\"6479\" data-end=\"6510\">Turvallinen laboratoriok\u00e4ytt\u00f6:<\/strong> Suunniteltu valvottuun tieteelliseen k\u00e4ytt\u00f6\u00f6n.<\/p>\n<\/li>\n<li data-start=\"6573\" data-end=\"6680\">\n<p data-start=\"6575\" data-end=\"6680\"><strong data-start=\"6575\" data-end=\"6609\">T\u00e4ytt\u00e4\u00e4 turvallisuusstandardit:<\/strong> Toimitetaan laboratorio-ohjeiden noudattamista koskevien asiakirjojen kanssa.<\/p>\n<\/li>\n<\/ul>\n<hr data-start=\"6682\" data-end=\"6685\" \/>\n<h3 data-start=\"6687\" data-end=\"6748\"><strong data-start=\"6691\" data-end=\"6748\">K\u00e4ytt\u00f6ohjeet (vain tutkimustarkoituksiin)<\/strong><\/h3>\n<ol data-start=\"6750\" data-end=\"7103\">\n<li data-start=\"6750\" data-end=\"6848\">\n<p data-start=\"6753\" data-end=\"6848\"><strong data-start=\"6753\" data-end=\"6771\">Valmistelu:<\/strong> K\u00e4yt\u00e4 vain hyv\u00e4ksytyiss\u00e4 laboratorioissa, joissa on asianmukaiset turvavarusteet.<\/p>\n<\/li>\n<li data-start=\"6849\" data-end=\"6945\">\n<p data-start=\"6852\" data-end=\"6945\"><strong data-start=\"6852\" data-end=\"6867\">Sovellus:<\/strong> K\u00e4yt\u00e4 hyvin ilmastoidussa tilassa validoitujen protokollien mukaisesti.<\/p>\n<\/li>\n<li data-start=\"6946\" data-end=\"7009\">\n<p data-start=\"6949\" data-end=\"7009\"><strong data-start=\"6949\" data-end=\"6960\">Varastointi:<\/strong> S\u00e4ilyt\u00e4 viile\u00e4ss\u00e4, kuivassa ja pime\u00e4ss\u00e4, hyvin suljettuna.<\/p>\n<\/li>\n<li data-start=\"7010\" data-end=\"7103\">\n<p data-start=\"7013\" data-end=\"7103\"><strong data-start=\"7013\" data-end=\"7024\">Viem\u00e4r\u00f6inti:<\/strong> H\u00e4vit\u00e4 j\u00e4\u00e4m\u00e4t paikallisten kemikaalij\u00e4tehuoltom\u00e4\u00e4r\u00e4ysten mukaisesti.<\/p>\n<\/li>\n<\/ol>\n<hr data-start=\"7105\" data-end=\"7108\" \/>\n<h3 data-start=\"7110\" data-end=\"7144\"><strong data-start=\"7114\" data-end=\"7144\">Turvallisuus ja vaatimustenmukaisuus<\/strong><\/h3>\n<ul data-start=\"7146\" data-end=\"7599\">\n<li data-start=\"7146\" data-end=\"7241\">\n<p data-start=\"7148\" data-end=\"7241\"><strong data-start=\"7148\" data-end=\"7184\">Vain laboratoriok\u00e4ytt\u00f6\u00f6n:<\/strong> Ei sovellu ihmisten tai el\u00e4inten ravinnoksi.<\/p>\n<\/li>\n<li data-start=\"7242\" data-end=\"7364\">\n<p data-start=\"7244\" data-end=\"7364\"><strong data-start=\"7244\" data-end=\"7272\">Oikeudelliset n\u00e4k\u00f6kohdat:<\/strong> 2F-DCK:n oikeudellinen asema vaihtelee maittain; tarkista aina paikalliset lait.<\/p>\n<\/li>\n<li data-start=\"7365\" data-end=\"7474\">\n<p data-start=\"7367\" data-end=\"7474\"><strong data-start=\"7367\" data-end=\"7395\">Terveys ja turvallisuus:<\/strong> V\u00e4ltett\u00e4v\u00e4 hengitysteitse tai ihokosketusta; k\u00e4ytett\u00e4v\u00e4 henkil\u00f6kohtaisia suojavarusteita. kemiallista sumusumutetta<\/p>\n<\/li>\n<li data-start=\"7475\" data-end=\"7599\">\n<p data-start=\"7477\" data-end=\"7599\"><strong data-start=\"7477\" data-end=\"7494\">Dokumentaatio:<\/strong> A <strong data-start=\"7499\" data-end=\"7535\">k\u00e4ytt\u00f6turvallisuustiedote (MSDS)<\/strong> ja <strong data-start=\"7539\" data-end=\"7567\">analyysitodistus (COA)<\/strong> ovat saatavilla pyynn\u00f6st\u00e4.<\/p>\n<\/li>\n<\/ul>\n<hr data-start=\"7601\" data-end=\"7604\" \/>\n<h3 data-start=\"7606\" data-end=\"7641\"><strong data-start=\"7610\" data-end=\"7641\">Usein kysytyt kysymykset (FAQ)<\/strong><\/h3>\n<p data-start=\"7643\" data-end=\"7831\"><strong data-start=\"7643\" data-end=\"7701\">1. Mihin Chem-Mist 2F-DCK Spray 10% k\u00e4ytet\u00e4\u00e4n?<\/strong><br data-start=\"7701\" data-end=\"7704\" \/>Sit\u00e4 k\u00e4ytet\u00e4\u00e4n <strong data-start=\"7727\" data-end=\"7750\">vertailuliuos<\/strong> rikosteknisiss\u00e4 ja kemiallisissa laboratorioissa havaitsemis- ja kalibrointitutkimuksia varten.<\/p>\n<p data-start=\"7833\" data-end=\"8034\"><strong data-start=\"7833\" data-end=\"7906\">2. Soveltuuko Chem-Mist 2F-DCK Spray 10% ihmisravinnoksi?<\/strong><br data-start=\"7906\" data-end=\"7909\" \/>Ei. T\u00e4m\u00e4 tuote on <strong data-start=\"7929\" data-end=\"7984\">jotka on tarkoitettu yksinomaan tieteelliseen tutkimukseen<\/strong> ja <strong data-start=\"7988\" data-end=\"8031\">ei hyv\u00e4ksytty k\u00e4ytett\u00e4v\u00e4ksi ihmisill\u00e4<\/strong>.<\/p>\n<p data-start=\"8036\" data-end=\"8181\"><strong data-start=\"8036\" data-end=\"8097\">3. Miten Chem-Mist 2F-DCK Spray 10% on s\u00e4ilytett\u00e4v\u00e4?<\/strong><br data-start=\"8097\" data-end=\"8100\" \/>S\u00e4ilyt\u00e4 viile\u00e4ss\u00e4, kuivassa ja pime\u00e4ss\u00e4, hyvin suljettuna ja asiattomien ulottumattomissa.<\/p>\n<p data-start=\"8036\" data-end=\"8181\"><a href=\"https:\/\/researchchemicalshop.eu\/fi\/shop\/lysergamides\/1cp-lsd\/\">1cp lsd<\/a><a href=\"https:\/\/researchchemicalshop.eu\/fi\/shop\/pellets-for-pellet\/o-dsmt-50mg-pellets\/\">o-dsmt<\/a><a href=\"https:\/\/researchchemicalshop.eu\/fi\/shop\/pellets-for-pellet\/1p-lsd-microdose\/\">1P-LSD-mikroannos<\/a><\/p>","protected":false},"excerpt":{"rendered":"<h2><span style=\"vertical-align: inherit;\"><span style=\"vertical-align: inherit;\">Chem-mist 2F-DCK spray 10% Vanilla Sky properties<\/span><\/span><\/h2>\n<p><strong><span style=\"vertical-align: inherit;\"><span style=\"vertical-align: inherit;\">Synonym:<\/span><\/span><\/strong><span style=\"vertical-align: inherit;\"><span style=\"vertical-align: inherit;\"> 2-fluorodeschloroketamine HCl <\/span><\/span><br \/>\n<strong><span style=\"vertical-align: inherit;\"><span style=\"vertical-align: inherit;\">CAS Number:<\/span><\/span><\/strong><span style=\"vertical-align: inherit;\"><span style=\"vertical-align: inherit;\"> 111982-49-1 <\/span><\/span><br \/>\n<strong><span style=\"vertical-align: inherit;\"><span style=\"vertical-align: inherit;\">Formula:<\/span><\/span><\/strong><span style=\"vertical-align: inherit;\"><span style=\"vertical-align: inherit;\"> 2-(2-fluorophenyl)-2-(methylamino)-cyclohexanone <\/span><\/span><br \/>\n<strong><span style=\"vertical-align: inherit;\"><span style=\"vertical-align: inherit;\">Molar Mass:<\/span><\/span><\/strong><span style=\"vertical-align: inherit;\"><span style=\"vertical-align: inherit;\"> 257.7 g\/mol <\/span><\/span><br \/>\n<strong><span style=\"vertical-align: inherit;\"><span style=\"vertical-align: inherit;\">Purity:<\/span><\/span><\/strong><span style=\"vertical-align: inherit;\"><span style=\"vertical-align: inherit;\"> &gt;98%<\/span><\/span><\/p>","protected":false},"featured_media":16957,"comment_status":"closed","ping_status":"closed","template":"","meta":[],"product_brand":[],"product_cat":[97,321,98,322,306],"product_tag":[335,333,334,22,324],"class_list":{"0":"post-679","1":"product","2":"type-product","3":"status-publish","4":"has-post-thumbnail","6":"product_cat-2f-dck","7":"product_cat-2f-dck-spray","8":"product_cat-arylcyclohexylamines","9":"product_cat-chem-mist-spray","10":"product_cat-liquid-rc","11":"product_tag-chem-mist-2f-dck-spray","12":"product_tag-chem-mist-spray","13":"product_tag-chem-mist-spray-kopen","14":"product_tag-nl","15":"product_tag-spring-is-in-the-air","17":"first","18":"instock","19":"shipping-taxable","20":"purchasable","21":"product-type-variable"},"_links":{"self":[{"href":"https:\/\/researchchemicalshop.eu\/fi\/wp-json\/wp\/v2\/product\/679","targetHints":{"allow":["GET"]}}],"collection":[{"href":"https:\/\/researchchemicalshop.eu\/fi\/wp-json\/wp\/v2\/product"}],"about":[{"href":"https:\/\/researchchemicalshop.eu\/fi\/wp-json\/wp\/v2\/types\/product"}],"replies":[{"embeddable":true,"href":"https:\/\/researchchemicalshop.eu\/fi\/wp-json\/wp\/v2\/comments?post=679"}],"version-history":[{"count":1,"href":"https:\/\/researchchemicalshop.eu\/fi\/wp-json\/wp\/v2\/product\/679\/revisions"}],"predecessor-version":[{"id":16635,"href":"https:\/\/researchchemicalshop.eu\/fi\/wp-json\/wp\/v2\/product\/679\/revisions\/16635"}],"wp:featuredmedia":[{"embeddable":true,"href":"https:\/\/researchchemicalshop.eu\/fi\/wp-json\/wp\/v2\/media\/16957"}],"wp:attachment":[{"href":"https:\/\/researchchemicalshop.eu\/fi\/wp-json\/wp\/v2\/media?parent=679"}],"wp:term":[{"taxonomy":"product_brand","embeddable":true,"href":"https:\/\/researchchemicalshop.eu\/fi\/wp-json\/wp\/v2\/product_brand?post=679"},{"taxonomy":"product_cat","embeddable":true,"href":"https:\/\/researchchemicalshop.eu\/fi\/wp-json\/wp\/v2\/product_cat?post=679"},{"taxonomy":"product_tag","embeddable":true,"href":"https:\/\/researchchemicalshop.eu\/fi\/wp-json\/wp\/v2\/product_tag?post=679"}],"curies":[{"name":"wp","href":"https:\/\/api.w.org\/{rel}","templated":true}]}}