{"id":675,"date":"2026-02-09T11:54:47","date_gmt":"2026-02-09T11:54:47","guid":{"rendered":"https:\/\/researchchemicalshop.eu\/?post_type=product&#038;p=675"},"modified":"2026-02-13T13:06:35","modified_gmt":"2026-02-13T13:06:35","slug":"chem-mist-2f-dck-spray","status":"publish","type":"product","link":"https:\/\/researchchemicalshop.eu\/fi\/tuote\/chem-mist-2f-dck-spray\/","title":{"rendered":"Kemikaali 2F-DCK spray 20%"},"content":{"rendered":"<p data-start=\"5034\" data-end=\"5327\"><strong data-start=\"5034\" data-end=\"5064\">Chem-Mist 2F-DCK Spray 20%<\/strong> bevat <strong data-start=\"5071\" data-end=\"5109\">2-Fluorodeklooriketamiini (2F-DCK)<\/strong>, een verbinding uit de <strong data-start=\"5133\" data-end=\"5163\">arylcyclohexylamine-klasse<\/strong>.<br data-start=\"5164\" data-end=\"5167\" \/>Sit\u00e4 k\u00e4ytet\u00e4\u00e4n <strong data-start=\"5190\" data-end=\"5208\">referentiestof<\/strong> binnen <strong data-start=\"5216\" data-end=\"5258\">rikostekniset ja analyyttiset laboratoriot<\/strong> osoitteessa <strong data-start=\"5264\" data-end=\"5324\">methodenvalidatie, kalibratie en verbindingidentificatie<\/strong>. Chem Mist 2F DCK kopen<\/p>\n<p data-start=\"5329\" data-end=\"5461\">T\u00e4m\u00e4 tuote on <strong data-start=\"5344\" data-end=\"5399\">jotka on tarkoitettu yksinomaan tieteelliseen tutkimukseen<\/strong> ja <strong data-start=\"5403\" data-end=\"5460\">ei kelpaa ihmisten tai el\u00e4inten ravinnoksi<\/strong>.<\/p>\n<hr data-start=\"5463\" data-end=\"5466\" \/>\n<h3 data-start=\"5468\" data-end=\"5499\"><strong data-start=\"5472\" data-end=\"5499\">T\u00e4rkeimm\u00e4t ominaisuudet<\/strong><\/h3>\n<ul data-start=\"5501\" data-end=\"5952\">\n<li data-start=\"5501\" data-end=\"5587\">\n<p data-start=\"5503\" data-end=\"5587\"><strong data-start=\"5503\" data-end=\"5523\">Korkea puhtaus:<\/strong> Tuotettu valvotuissa laboratorio-olosuhteissa.<\/p>\n<\/li>\n<li data-start=\"5588\" data-end=\"5664\">\n<p data-start=\"5590\" data-end=\"5664\"><strong data-start=\"5590\" data-end=\"5611\">20% Concentratie:<\/strong> Ontworpen voor betrouwbare kalibratie en detectie.<\/p>\n<\/li>\n<li data-start=\"5665\" data-end=\"5770\">\n<p data-start=\"5667\" data-end=\"5770\"><strong data-start=\"5667\" data-end=\"5706\">Sertifioitu vertailumateriaali:<\/strong> Mukana toimitetaan <strong data-start=\"5720\" data-end=\"5748\">analyysitodistus (COA)<\/strong> en batchinformatie.<\/p>\n<\/li>\n<li data-start=\"5771\" data-end=\"5871\">\n<p data-start=\"5773\" data-end=\"5871\"><strong data-start=\"5773\" data-end=\"5804\">Analyyttinen laaja k\u00e4ytt\u00f6\u00f6notto:<\/strong> Sopii <strong data-start=\"5819\" data-end=\"5827\">HPLC<\/strong>, <strong data-start=\"5829\" data-end=\"5838\">GC-MS<\/strong>, en <strong data-start=\"5843\" data-end=\"5855\">LC-MS\/MS<\/strong> toepassingen.<\/p>\n<\/li>\n<li data-start=\"5872\" data-end=\"5952\">\n<p data-start=\"5874\" data-end=\"5952\"><strong data-start=\"5874\" data-end=\"5901\">Stabiele Spray Formule:<\/strong> Ontworpen voor langdurige chemische stabiliteit.<\/p>\n<\/li>\n<\/ul>\n<hr data-start=\"5954\" data-end=\"5957\" \/>\n<h3 data-start=\"5959\" data-end=\"5976\"><strong data-start=\"5963\" data-end=\"5976\">Edut<\/strong><\/h3>\n<ul data-start=\"5978\" data-end=\"6429\">\n<li data-start=\"5978\" data-end=\"6060\">\n<p data-start=\"5980\" data-end=\"6060\"><strong data-start=\"5980\" data-end=\"6017\">Ondersteunt Forensisch Onderzoek:<\/strong> Helpt bij validatie van analysemethoden.<\/p>\n<\/li>\n<li data-start=\"6061\" data-end=\"6150\">\n<p data-start=\"6063\" data-end=\"6150\"><strong data-start=\"6063\" data-end=\"6090\">Luotettava kalibrointi:<\/strong> Zorgt voor consistente en reproduceerbare meetresultaten.<\/p>\n<\/li>\n<li data-start=\"6151\" data-end=\"6255\">\n<p data-start=\"6153\" data-end=\"6255\"><strong data-start=\"6153\" data-end=\"6175\">Koulutuksellinen arvo:<\/strong> Geschikt voor academische opleidingen in chemische en toxicologische analyse.<\/p>\n<\/li>\n<li data-start=\"6256\" data-end=\"6355\">\n<p data-start=\"6258\" data-end=\"6355\"><strong data-start=\"6258\" data-end=\"6292\">T\u00e4ytt\u00e4\u00e4 turvallisuusstandardit:<\/strong> Geproduceerd volgens internationale laboratoriumrichtlijnen.<\/p>\n<\/li>\n<li data-start=\"6356\" data-end=\"6429\">\n<p data-start=\"6358\" data-end=\"6429\"><strong data-start=\"6358\" data-end=\"6385\">Volledige Documentatie:<\/strong> Geleverd met MSDS en analysecertificaten.<\/p>\n<\/li>\n<\/ul>\n<hr data-start=\"6431\" data-end=\"6434\" \/>\n<h3 data-start=\"6436\" data-end=\"6497\"><strong data-start=\"6440\" data-end=\"6497\">K\u00e4ytt\u00f6ohjeet (vain tutkimustarkoituksiin)<\/strong><\/h3>\n<ol data-start=\"6499\" data-end=\"6839\">\n<li data-start=\"6499\" data-end=\"6597\">\n<p data-start=\"6502\" data-end=\"6597\"><strong data-start=\"6502\" data-end=\"6516\">Hantering:<\/strong> Gebruik uitsluitend in erkende laboratoria met geschikte beschermingsmiddelen.<\/p>\n<\/li>\n<li data-start=\"6598\" data-end=\"6681\">\n<p data-start=\"6601\" data-end=\"6681\"><strong data-start=\"6601\" data-end=\"6616\">Sovellus:<\/strong> Gebruik de spray in goed geventileerde omgevingen of zuurkast. Chem Mist 2F DCK kopen<\/p>\n<\/li>\n<li data-start=\"6682\" data-end=\"6745\">\n<p data-start=\"6685\" data-end=\"6745\"><strong data-start=\"6685\" data-end=\"6696\">Varastointi:<\/strong> S\u00e4ilyt\u00e4 viile\u00e4ss\u00e4, kuivassa ja pime\u00e4ss\u00e4, hyvin suljettuna.<\/p>\n<\/li>\n<li data-start=\"6746\" data-end=\"6839\">\n<p data-start=\"6749\" data-end=\"6839\"><strong data-start=\"6749\" data-end=\"6760\">Viem\u00e4r\u00f6inti:<\/strong> Verwerk restanten volgens de lokale voorschriften voor chemisch afvalbeheer.<\/p>\n<\/li>\n<\/ol>\n<hr data-start=\"6841\" data-end=\"6844\" \/>\n<h3 data-start=\"6846\" data-end=\"6880\"><strong data-start=\"6850\" data-end=\"6880\">Turvallisuus ja vaatimustenmukaisuus<\/strong><\/h3>\n<ul data-start=\"6882\" data-end=\"7320\">\n<li data-start=\"6882\" data-end=\"6977\">\n<p data-start=\"6884\" data-end=\"6977\"><strong data-start=\"6884\" data-end=\"6920\">Vain laboratoriok\u00e4ytt\u00f6\u00f6n:<\/strong> Ei sovellu ihmisten tai el\u00e4inten ravinnoksi.<\/p>\n<\/li>\n<li data-start=\"6978\" data-end=\"7100\">\n<p data-start=\"6980\" data-end=\"7100\"><strong data-start=\"6980\" data-end=\"7008\">Oikeudelliset n\u00e4k\u00f6kohdat:<\/strong> 2F-DCK:n oikeudellinen asema vaihtelee maittain; tarkista aina paikalliset lait.<\/p>\n<\/li>\n<li data-start=\"7101\" data-end=\"7195\">\n<p data-start=\"7103\" data-end=\"7195\"><strong data-start=\"7103\" data-end=\"7131\">Terveys ja turvallisuus:<\/strong> Vermijd contact, inademing of inslikken; draag geschikte PBM.<\/p>\n<\/li>\n<li data-start=\"7196\" data-end=\"7320\">\n<p data-start=\"7198\" data-end=\"7320\"><strong data-start=\"7198\" data-end=\"7215\">Dokumentaatio:<\/strong> A <strong data-start=\"7220\" data-end=\"7256\">k\u00e4ytt\u00f6turvallisuustiedote (MSDS)<\/strong> ja <strong data-start=\"7260\" data-end=\"7288\">analyysitodistus (COA)<\/strong> ovat saatavilla pyynn\u00f6st\u00e4.<\/p>\n<\/li>\n<\/ul>\n<hr data-start=\"7322\" data-end=\"7325\" \/>\n<h3 data-start=\"7327\" data-end=\"7362\"><strong data-start=\"7331\" data-end=\"7362\">Usein kysytyt kysymykset (FAQ)<\/strong><\/h3>\n<p data-start=\"7364\" data-end=\"7554\"><strong data-start=\"7364\" data-end=\"7422\">1. Waarvoor wordt Chem-Mist 2F-DCK Spray 20% gebruikt?<\/strong><br data-start=\"7422\" data-end=\"7425\" \/>Sit\u00e4 k\u00e4ytet\u00e4\u00e4n <strong data-start=\"7448\" data-end=\"7471\">vertailuliuos<\/strong> in forensische en analytische laboratoria voor detectie- en kalibratieonderzoek.<\/p>\n<p data-start=\"7556\" data-end=\"7740\"><strong data-start=\"7556\" data-end=\"7614\">2. Is dit product geschikt voor menselijke consumptie?<\/strong><br data-start=\"7614\" data-end=\"7617\" \/>Nee. Chem-Mist 2F-DCK Spray 20% is <strong data-start=\"7652\" data-end=\"7690\">uitsluitend bedoeld voor onderzoek<\/strong> ja <strong data-start=\"7694\" data-end=\"7737\">ei hyv\u00e4ksytty k\u00e4ytett\u00e4v\u00e4ksi ihmisill\u00e4<\/strong>.<\/p>\n<p data-start=\"7742\" data-end=\"7872\"><strong data-start=\"7742\" data-end=\"7788\">3. Hoe moet dit product worden opgeslagen?<\/strong><br data-start=\"7788\" data-end=\"7791\" \/>S\u00e4ilyt\u00e4 viile\u00e4ss\u00e4, kuivassa ja pime\u00e4ss\u00e4, hyvin suljettuna ja asiattomien ulottumattomissa.<\/p>","protected":false},"excerpt":{"rendered":"<h2><span style=\"vertical-align: inherit;\"><span style=\"vertical-align: inherit;\"><span dir=\"auto\" style=\"vertical-align: inherit;\"><span dir=\"auto\" style=\"vertical-align: inherit;\">Chem-mist 2F-DCK 20% Vanilla Sky properties<\/span><\/span><\/span><\/span><\/h2>\n<p><strong><span style=\"vertical-align: inherit;\"><span style=\"vertical-align: inherit;\"><span dir=\"auto\" style=\"vertical-align: inherit;\"><span dir=\"auto\" style=\"vertical-align: inherit;\">Synonym:<\/span><\/span><\/span><\/span><\/strong><span style=\"vertical-align: inherit;\"><span style=\"vertical-align: inherit;\"><span dir=\"auto\" style=\"vertical-align: inherit;\"><span dir=\"auto\" style=\"vertical-align: inherit;\"> 2-fluorodeschloroketamine HCl <\/span><\/span><\/span><\/span><br \/>\n<strong><span style=\"vertical-align: inherit;\"><span style=\"vertical-align: inherit;\"><span dir=\"auto\" style=\"vertical-align: inherit;\"><span dir=\"auto\" style=\"vertical-align: inherit;\">CAS Number:<\/span><\/span><\/span><\/span><\/strong><span style=\"vertical-align: inherit;\"><span style=\"vertical-align: inherit;\"><span dir=\"auto\" style=\"vertical-align: inherit;\"><span dir=\"auto\" style=\"vertical-align: inherit;\"> 111982-49-1 <\/span><\/span><\/span><\/span><br \/>\n<strong><span style=\"vertical-align: inherit;\"><span style=\"vertical-align: inherit;\"><span dir=\"auto\" style=\"vertical-align: inherit;\"><span dir=\"auto\" style=\"vertical-align: inherit;\">Formula:<\/span><\/span><\/span><\/span><\/strong><span style=\"vertical-align: inherit;\"><span style=\"vertical-align: inherit;\"><span dir=\"auto\" style=\"vertical-align: inherit;\"><span dir=\"auto\" style=\"vertical-align: inherit;\"> 2-(2-fluorophenyl)-2-(methylamino)-cyclohexanone <\/span><\/span><\/span><\/span><br \/>\n<strong><span style=\"vertical-align: inherit;\"><span style=\"vertical-align: inherit;\"><span dir=\"auto\" style=\"vertical-align: inherit;\"><span dir=\"auto\" style=\"vertical-align: inherit;\">Molar Mass:<\/span><\/span><\/span><\/span><\/strong><span style=\"vertical-align: inherit;\"><span style=\"vertical-align: inherit;\"><span dir=\"auto\" style=\"vertical-align: inherit;\"><span dir=\"auto\" style=\"vertical-align: inherit;\"> 257.7 g\/mol <\/span><\/span><\/span><\/span><br \/>\n<strong><span style=\"vertical-align: inherit;\"><span style=\"vertical-align: inherit;\"><span dir=\"auto\" style=\"vertical-align: inherit;\"><span dir=\"auto\" style=\"vertical-align: inherit;\">Purity:<\/span><\/span><\/span><\/span><\/strong><span style=\"vertical-align: inherit;\"><span style=\"vertical-align: inherit;\"><span dir=\"auto\" style=\"vertical-align: inherit;\"><span dir=\"auto\" style=\"vertical-align: inherit;\"> &gt;98%<\/span><\/span><\/span><\/span><\/p>","protected":false},"featured_media":0,"comment_status":"closed","ping_status":"closed","template":"","meta":[],"product_brand":[],"product_cat":[97,321,98,322,306],"product_tag":[323,335,22,324],"class_list":{"0":"post-675","1":"product","2":"type-product","3":"status-publish","5":"product_cat-2f-dck","6":"product_cat-2f-dck-spray","7":"product_cat-arylcyclohexylamines","8":"product_cat-chem-mist-spray","9":"product_cat-liquid-rc","10":"product_tag-chem-mist-2f-dck-kopen","11":"product_tag-chem-mist-2f-dck-spray","12":"product_tag-nl","13":"product_tag-spring-is-in-the-air","15":"first","16":"instock","17":"shipping-taxable","18":"purchasable","19":"product-type-variable"},"_links":{"self":[{"href":"https:\/\/researchchemicalshop.eu\/fi\/wp-json\/wp\/v2\/product\/675","targetHints":{"allow":["GET"]}}],"collection":[{"href":"https:\/\/researchchemicalshop.eu\/fi\/wp-json\/wp\/v2\/product"}],"about":[{"href":"https:\/\/researchchemicalshop.eu\/fi\/wp-json\/wp\/v2\/types\/product"}],"replies":[{"embeddable":true,"href":"https:\/\/researchchemicalshop.eu\/fi\/wp-json\/wp\/v2\/comments?post=675"}],"version-history":[{"count":1,"href":"https:\/\/researchchemicalshop.eu\/fi\/wp-json\/wp\/v2\/product\/675\/revisions"}],"predecessor-version":[{"id":16631,"href":"https:\/\/researchchemicalshop.eu\/fi\/wp-json\/wp\/v2\/product\/675\/revisions\/16631"}],"wp:attachment":[{"href":"https:\/\/researchchemicalshop.eu\/fi\/wp-json\/wp\/v2\/media?parent=675"}],"wp:term":[{"taxonomy":"product_brand","embeddable":true,"href":"https:\/\/researchchemicalshop.eu\/fi\/wp-json\/wp\/v2\/product_brand?post=675"},{"taxonomy":"product_cat","embeddable":true,"href":"https:\/\/researchchemicalshop.eu\/fi\/wp-json\/wp\/v2\/product_cat?post=675"},{"taxonomy":"product_tag","embeddable":true,"href":"https:\/\/researchchemicalshop.eu\/fi\/wp-json\/wp\/v2\/product_tag?post=675"}],"curies":[{"name":"wp","href":"https:\/\/api.w.org\/{rel}","templated":true}]}}