{"id":670,"date":"2026-02-09T11:54:47","date_gmt":"2026-02-09T11:54:47","guid":{"rendered":"https:\/\/researchchemicalshop.eu\/?post_type=product&#038;p=670"},"modified":"2026-03-05T19:24:09","modified_gmt":"2026-03-05T19:24:09","slug":"etizolam-1-mg-micro-pellets","status":"publish","type":"product","link":"https:\/\/researchchemicalshop.eu\/fi\/tuote\/etizolam-1-mg-micro-pellets\/","title":{"rendered":"Etizolam 1 MG Micro Pellets"},"content":{"rendered":"<p data-start=\"5074\" data-end=\"5342\"><strong data-start=\"5074\" data-end=\"5086\">Etizolam<\/strong> on <strong data-start=\"5094\" data-end=\"5124\">thienodiazepine-verbinding<\/strong>, structureel verwant aan benzodiazepinen. etizolam kopen<br data-start=\"5166\" data-end=\"5169\" \/>Sit\u00e4 k\u00e4ytet\u00e4\u00e4n <strong data-start=\"5191\" data-end=\"5233\">rikostekniset ja analyyttiset laboratoriot<\/strong> als <strong data-start=\"5238\" data-end=\"5261\">referentiemateriaal<\/strong> osoitteessa <strong data-start=\"5267\" data-end=\"5339\">validatie van analysemethoden, kalibratie en verbindingidentificatie<\/strong>.<\/p>\n<p data-start=\"5344\" data-end=\"5594\">The <strong data-start=\"5347\" data-end=\"5372\">1 mg micro-pelletvorm<\/strong> zorgt voor <strong data-start=\"5384\" data-end=\"5408\">nauwkeurige dosering<\/strong> en eenvoudige toepassing bij analytisch onderzoek.<br data-start=\"5459\" data-end=\"5462\" \/>T\u00e4m\u00e4 tuote on <strong data-start=\"5477\" data-end=\"5532\">jotka on tarkoitettu yksinomaan tieteelliseen tutkimukseen<\/strong> ja <strong data-start=\"5536\" data-end=\"5593\">ei kelpaa ihmisten tai el\u00e4inten ravinnoksi<\/strong>.<\/p>\n<hr data-start=\"5596\" data-end=\"5599\" \/>\n<h3 data-start=\"5601\" data-end=\"5632\"><strong data-start=\"5605\" data-end=\"5632\">T\u00e4rkeimm\u00e4t ominaisuudet<\/strong><\/h3>\n<ul data-start=\"5634\" data-end=\"6059\">\n<li data-start=\"5634\" data-end=\"5720\">\n<p data-start=\"5636\" data-end=\"5720\"><strong data-start=\"5636\" data-end=\"5656\">Korkea puhtaus:<\/strong> Tuotettu valvotuissa laboratorio-olosuhteissa.<\/p>\n<\/li>\n<li data-start=\"5721\" data-end=\"5807\">\n<p data-start=\"5723\" data-end=\"5807\"><strong data-start=\"5723\" data-end=\"5748\">Micro Pellets (1 mg):<\/strong> Bieden nauwkeurige dosering voor analytische kalibratie.<\/p>\n<\/li>\n<li data-start=\"5808\" data-end=\"5894\">\n<p data-start=\"5810\" data-end=\"5894\"><strong data-start=\"5810\" data-end=\"5849\">Sertifioitu vertailumateriaali:<\/strong> Mukana toimitetaan <strong data-start=\"5863\" data-end=\"5891\">analyysitodistus (COA)<\/strong>.<\/p>\n<\/li>\n<li data-start=\"5895\" data-end=\"5982\">\n<p data-start=\"5897\" data-end=\"5982\"><strong data-start=\"5897\" data-end=\"5928\">Analyyttinen laaja k\u00e4ytt\u00f6\u00f6notto:<\/strong> Sopii <strong data-start=\"5943\" data-end=\"5951\">HPLC<\/strong>, <strong data-start=\"5953\" data-end=\"5962\">GC-MS<\/strong>, en <strong data-start=\"5967\" data-end=\"5979\">LC-MS\/MS<\/strong>. etizolam kopen<\/p>\n<\/li>\n<li data-start=\"5983\" data-end=\"6059\">\n<p data-start=\"5985\" data-end=\"6059\"><strong data-start=\"5985\" data-end=\"6006\">Stabiele Formule:<\/strong> Behoudt chemische integriteit bij correcte opslag.<\/p>\n<\/li>\n<\/ul>\n<hr data-start=\"6061\" data-end=\"6064\" \/>\n<h3 data-start=\"6066\" data-end=\"6083\"><strong data-start=\"6070\" data-end=\"6083\">Edut<\/strong><\/h3>\n<ul data-start=\"6085\" data-end=\"6539\">\n<li data-start=\"6085\" data-end=\"6171\">\n<p data-start=\"6087\" data-end=\"6171\"><strong data-start=\"6087\" data-end=\"6114\">Forensische Toepassing:<\/strong> Ondersteunt detectie van thienodiazepine-verbindingen.<\/p>\n<\/li>\n<li data-start=\"6172\" data-end=\"6261\">\n<p data-start=\"6174\" data-end=\"6261\"><strong data-start=\"6174\" data-end=\"6201\">Luotettava kalibrointi:<\/strong> Zorgt voor consistente en reproduceerbare meetresultaten.<\/p>\n<\/li>\n<li data-start=\"6262\" data-end=\"6339\">\n<p data-start=\"6264\" data-end=\"6339\"><strong data-start=\"6264\" data-end=\"6286\">Koulutuksellinen arvo:<\/strong> Geschikt voor academische en analytische training.<\/p>\n<\/li>\n<li data-start=\"6340\" data-end=\"6433\">\n<p data-start=\"6342\" data-end=\"6433\"><strong data-start=\"6342\" data-end=\"6371\">Veilig en Gedocumenteerd:<\/strong> Geleverd met volledige veiligheids- en analysecertificaten.<\/p>\n<\/li>\n<li data-start=\"6434\" data-end=\"6539\">\n<p data-start=\"6436\" data-end=\"6539\"><strong data-start=\"6436\" data-end=\"6471\">Voldoet aan Laboratoriumnormen:<\/strong> Ontworpen voor naleving van internationale kwaliteitsrichtlijnen.<\/p>\n<\/li>\n<\/ul>\n<hr data-start=\"6541\" data-end=\"6544\" \/>\n<h3 data-start=\"6546\" data-end=\"6607\"><strong data-start=\"6550\" data-end=\"6607\">K\u00e4ytt\u00f6ohjeet (vain tutkimustarkoituksiin)<\/strong><\/h3>\n<ol data-start=\"6609\" data-end=\"6942\">\n<li data-start=\"6609\" data-end=\"6702\">\n<p data-start=\"6612\" data-end=\"6702\"><strong data-start=\"6612\" data-end=\"6626\">Hantering:<\/strong> Gebruik uitsluitend in erkende laboratoria door gekwalificeerd personeel.<\/p>\n<\/li>\n<li data-start=\"6703\" data-end=\"6785\">\n<p data-start=\"6706\" data-end=\"6785\"><strong data-start=\"6706\" data-end=\"6721\">Sovellus:<\/strong> Gebruik pellets volgens gevalideerde analytische protocollen.<\/p>\n<\/li>\n<li data-start=\"6786\" data-end=\"6849\">\n<p data-start=\"6789\" data-end=\"6849\"><strong data-start=\"6789\" data-end=\"6800\">Varastointi:<\/strong> S\u00e4ilyt\u00e4 viile\u00e4ss\u00e4, kuivassa ja pime\u00e4ss\u00e4, hyvin suljettuna.<\/p>\n<\/li>\n<li data-start=\"6850\" data-end=\"6942\">\n<p data-start=\"6853\" data-end=\"6942\"><strong data-start=\"6853\" data-end=\"6864\">Viem\u00e4r\u00f6inti:<\/strong> Verwijder restanten volgens lokale voorschriften voor chemisch afvalbeheer.<\/p>\n<\/li>\n<\/ol>\n<hr data-start=\"6944\" data-end=\"6947\" \/>\n<h3 data-start=\"6949\" data-end=\"6983\"><strong data-start=\"6953\" data-end=\"6983\">Turvallisuus ja vaatimustenmukaisuus<\/strong><\/h3>\n<ul data-start=\"6985\" data-end=\"7435\">\n<li data-start=\"6985\" data-end=\"7079\">\n<p data-start=\"6987\" data-end=\"7079\"><strong data-start=\"6987\" data-end=\"7023\">Vain laboratoriok\u00e4ytt\u00f6\u00f6n:<\/strong> Niet bedoeld voor menselijke of dierlijke consumptie.<\/p>\n<\/li>\n<li data-start=\"7080\" data-end=\"7205\">\n<p data-start=\"7082\" data-end=\"7205\"><strong data-start=\"7082\" data-end=\"7110\">Oikeudelliset n\u00e4k\u00f6kohdat:<\/strong> De juridische status van Etizolam verschilt per land; controleer altijd de lokale wetgeving.<\/p>\n<\/li>\n<li data-start=\"7206\" data-end=\"7310\">\n<p data-start=\"7208\" data-end=\"7310\"><strong data-start=\"7208\" data-end=\"7236\">Terveys ja turvallisuus:<\/strong> Vermijd huidcontact en inademing; draag geschikte beschermingsmiddelen.<\/p>\n<\/li>\n<li data-start=\"7311\" data-end=\"7435\">\n<p data-start=\"7313\" data-end=\"7435\"><strong data-start=\"7313\" data-end=\"7330\">Dokumentaatio:<\/strong> A <strong data-start=\"7335\" data-end=\"7371\">k\u00e4ytt\u00f6turvallisuustiedote (MSDS)<\/strong> ja <strong data-start=\"7375\" data-end=\"7403\">analyysitodistus (COA)<\/strong> ovat saatavilla pyynn\u00f6st\u00e4.<\/p>\n<\/li>\n<\/ul>\n<hr data-start=\"7437\" data-end=\"7440\" \/>\n<h3 data-start=\"7442\" data-end=\"7477\"><strong data-start=\"7446\" data-end=\"7477\">Usein kysytyt kysymykset (FAQ)<\/strong><\/h3>\n<p data-start=\"7479\" data-end=\"7653\"><strong data-start=\"7479\" data-end=\"7539\">1. Waarvoor worden Etizolam 1 mg Micro Pellets gebruikt?<\/strong><br data-start=\"7539\" data-end=\"7542\" \/>Ze worden gebruikt als <strong data-start=\"7565\" data-end=\"7588\">referentiemateriaal<\/strong> voor kalibratie en analysemethoden in forensische laboratoria.<\/p>\n<p data-start=\"7655\" data-end=\"7827\"><strong data-start=\"7655\" data-end=\"7716\">2. Zijn deze pellets geschikt voor menselijke consumptie?<\/strong><br data-start=\"7716\" data-end=\"7719\" \/>Ei. T\u00e4m\u00e4 tuote on <strong data-start=\"7739\" data-end=\"7777\">uitsluitend bedoeld voor onderzoek<\/strong> ja <strong data-start=\"7781\" data-end=\"7824\">ei hyv\u00e4ksytty k\u00e4ytett\u00e4v\u00e4ksi ihmisill\u00e4<\/strong>.<\/p>\n<p data-start=\"7829\" data-end=\"7972\"><strong data-start=\"7829\" data-end=\"7888\">3. Hoe moeten Etizolam Micro Pellets worden opgeslagen?<\/strong><br data-start=\"7888\" data-end=\"7891\" \/>S\u00e4ilyt\u00e4 viile\u00e4ss\u00e4, kuivassa ja pime\u00e4ss\u00e4, hyvin suljettuna ja asiattomien ulottumattomissa.<\/p>","protected":false},"excerpt":{"rendered":"<h2><span style=\"vertical-align: inherit;\"><span style=\"vertical-align: inherit;\"><span dir=\"auto\" style=\"vertical-align: inherit;\"><span dir=\"auto\" style=\"vertical-align: inherit;\">Etizolam micro pellets properties<\/span><\/span><\/span><\/span><\/h2>\n<p><strong><span style=\"vertical-align: inherit;\"><span style=\"vertical-align: inherit;\"><span dir=\"auto\" style=\"vertical-align: inherit;\"><span dir=\"auto\" style=\"vertical-align: inherit;\">Synonym<\/span><\/span><\/span><\/span><\/strong><span style=\"vertical-align: inherit;\"><span style=\"vertical-align: inherit;\"><span dir=\"auto\" style=\"vertical-align: inherit;\"><span dir=\"auto\" style=\"vertical-align: inherit;\"> : 4-(2-chlorophenyl)-2-ethyl-9-methyl-6H-thieno[3,2-f][1,2,4]triazolo[4,3-a][1,4]diazepine <\/span><\/span><\/span><\/span><br \/>\n<strong><span style=\"vertical-align: inherit;\"><span style=\"vertical-align: inherit;\"><span dir=\"auto\" style=\"vertical-align: inherit;\"><span dir=\"auto\" style=\"vertical-align: inherit;\">CAS Number<\/span><\/span><\/span><\/span><\/strong><span style=\"vertical-align: inherit;\"><span style=\"vertical-align: inherit;\"><span dir=\"auto\" style=\"vertical-align: inherit;\"><span dir=\"auto\" style=\"vertical-align: inherit;\"> : 40054-69-1 <\/span><\/span><\/span><\/span><br \/>\n<strong><span style=\"vertical-align: inherit;\"><span style=\"vertical-align: inherit;\"><span dir=\"auto\" style=\"vertical-align: inherit;\"><span dir=\"auto\" style=\"vertical-align: inherit;\">Formula<\/span><\/span><\/span><\/span><\/strong><span style=\"vertical-align: inherit;\"><span style=\"vertical-align: inherit;\"><span dir=\"auto\" style=\"vertical-align: inherit;\"><span dir=\"auto\" style=\"vertical-align: inherit;\"> : C17H15ClN4S <\/span><\/span><\/span><\/span><br \/>\n<strong><span style=\"vertical-align: inherit;\"><span style=\"vertical-align: inherit;\"><span dir=\"auto\" style=\"vertical-align: inherit;\"><span dir=\"auto\" style=\"vertical-align: inherit;\">Molar mass<\/span><\/span><\/span><\/span><\/strong><span style=\"vertical-align: inherit;\"><span style=\"vertical-align: inherit;\"><span dir=\"auto\" style=\"vertical-align: inherit;\"><span dir=\"auto\" style=\"vertical-align: inherit;\"> : 342.8 g\/mol <\/span><\/span><\/span><\/span><br \/>\n<strong><span style=\"vertical-align: inherit;\"><span style=\"vertical-align: inherit;\"><span dir=\"auto\" style=\"vertical-align: inherit;\"><span dir=\"auto\" style=\"vertical-align: inherit;\">Purity<\/span><\/span><\/span><\/span><\/strong><span style=\"vertical-align: inherit;\"><span style=\"vertical-align: inherit;\"><span dir=\"auto\" style=\"vertical-align: inherit;\"><span dir=\"auto\" style=\"vertical-align: inherit;\"> : \u2265 99%<\/span><\/span><\/span><\/span><\/p>\n","protected":false},"featured_media":16982,"comment_status":"closed","ping_status":"closed","template":"","meta":[],"product_brand":[],"product_cat":[36],"product_tag":[57,148,305,22],"class_list":{"0":"post-670","1":"product","2":"type-product","3":"status-publish","4":"has-post-thumbnail","6":"product_cat-verboden","7":"product_tag-etizolam","8":"product_tag-etizolam-kopen","9":"product_tag-etizolams","10":"product_tag-nl","12":"first","13":"instock","14":"shipping-taxable","15":"purchasable","16":"product-type-simple"},"_links":{"self":[{"href":"https:\/\/researchchemicalshop.eu\/fi\/wp-json\/wp\/v2\/product\/670","targetHints":{"allow":["GET"]}}],"collection":[{"href":"https:\/\/researchchemicalshop.eu\/fi\/wp-json\/wp\/v2\/product"}],"about":[{"href":"https:\/\/researchchemicalshop.eu\/fi\/wp-json\/wp\/v2\/types\/product"}],"replies":[{"embeddable":true,"href":"https:\/\/researchchemicalshop.eu\/fi\/wp-json\/wp\/v2\/comments?post=670"}],"version-history":[{"count":1,"href":"https:\/\/researchchemicalshop.eu\/fi\/wp-json\/wp\/v2\/product\/670\/revisions"}],"predecessor-version":[{"id":16641,"href":"https:\/\/researchchemicalshop.eu\/fi\/wp-json\/wp\/v2\/product\/670\/revisions\/16641"}],"wp:featuredmedia":[{"embeddable":true,"href":"https:\/\/researchchemicalshop.eu\/fi\/wp-json\/wp\/v2\/media\/16982"}],"wp:attachment":[{"href":"https:\/\/researchchemicalshop.eu\/fi\/wp-json\/wp\/v2\/media?parent=670"}],"wp:term":[{"taxonomy":"product_brand","embeddable":true,"href":"https:\/\/researchchemicalshop.eu\/fi\/wp-json\/wp\/v2\/product_brand?post=670"},{"taxonomy":"product_cat","embeddable":true,"href":"https:\/\/researchchemicalshop.eu\/fi\/wp-json\/wp\/v2\/product_cat?post=670"},{"taxonomy":"product_tag","embeddable":true,"href":"https:\/\/researchchemicalshop.eu\/fi\/wp-json\/wp\/v2\/product_tag?post=670"}],"curies":[{"name":"wp","href":"https:\/\/api.w.org\/{rel}","templated":true}]}}