{"id":41,"date":"2026-02-09T11:51:56","date_gmt":"2026-02-09T11:51:56","guid":{"rendered":"https:\/\/researchchemicalshop.eu\/?post_type=product&#038;p=41"},"modified":"2026-03-07T04:36:10","modified_gmt":"2026-03-07T04:36:10","slug":"3-ho-pcp-3-hydroksifenyklidiini","status":"publish","type":"product","link":"https:\/\/researchchemicalshop.eu\/fi\/tuote\/3-ho-pcp-3-hydroksifenyklidiini\/","title":{"rendered":"3-HO-PCP (3-hydroksifenyklidiini)"},"content":{"rendered":"<h1><span dir=\"auto\" style=\"vertical-align: inherit;\"><span dir=\"auto\" style=\"vertical-align: inherit;\">3-HO-PCP (3-Hydroksifenyklidiini) - yksityiskohtaiset tuotetiedot tutkimusk\u00e4ytt\u00f6\u00f6n.<\/span><\/span><\/h1>\n<p data-start=\"7125\" data-end=\"7423\"><strong data-start=\"7125\" data-end=\"7137\">3-HO-PCP<\/strong>, tai <strong data-start=\"7142\" data-end=\"7168\">3-Hydroksifenyklidiini<\/strong>, on <strong data-start=\"7177\" data-end=\"7205\">dissosiatiivinen yhteys<\/strong> alkaen <strong data-start=\"7213\" data-end=\"7243\">aryylisykloheksyyliamiiniperhe<\/strong>, liittyv\u00e4t <strong data-start=\"7257\" data-end=\"7264\">PCP<\/strong> ja <strong data-start=\"7268\" data-end=\"7281\">3-MeO-PCP<\/strong>.<br data-start=\"7282\" data-end=\"7285\" \/>Sit\u00e4 tarkastellaan <strong data-start=\"7309\" data-end=\"7351\">farmakologinen ja rikostekninen tutkimus<\/strong> koska h\u00e4nen <strong data-start=\"7365\" data-end=\"7392\">reseptorin sitoutumisprofiili<\/strong> ja <strong data-start=\"7396\" data-end=\"7420\">analyyttinen havaitseminen<\/strong>. <span class=\"___SBox_epc1q-ko_ ___SText_zko9t-ko_\" data-ui-name=\"Link.Text\">3 ho pcp<\/span><\/p>\n<p data-start=\"7425\" data-end=\"7559\">Vaikka se tapahtuu seuraavien alojen sis\u00e4ll\u00e4 <strong data-start=\"7467\" data-end=\"7505\">uudet psykoaktiiviset aineet (NPS)<\/strong>, sill\u00e4 on <strong data-start=\"7517\" data-end=\"7558\">ei hyv\u00e4ksytty\u00e4 l\u00e4\u00e4ketieteellist\u00e4 sovellusta<\/strong>.<\/p>\n<hr data-start=\"7561\" data-end=\"7564\" \/>\n<h2 data-start=\"7566\" data-end=\"7613\"><strong data-start=\"7569\" data-end=\"7613\">Kemiallinen ja farmakologinen tausta<\/strong><\/h2>\n<p data-start=\"7615\" data-end=\"7640\"><strong data-start=\"7615\" data-end=\"7640\">T\u00e4rkeit\u00e4 tietoja:<\/strong><\/p>\n<ul data-start=\"7641\" data-end=\"7915\">\n<li data-start=\"7641\" data-end=\"7698\">\n<p data-start=\"7643\" data-end=\"7698\"><strong data-start=\"7643\" data-end=\"7658\">IUPAC-nimi:<\/strong> 1-(1-(1-(fenyylisykloheksyyli)piperidiini-3-oli)<\/p>\n<\/li>\n<li data-start=\"7699\" data-end=\"7732\">\n<p data-start=\"7701\" data-end=\"7732\"><strong data-start=\"7701\" data-end=\"7721\">Molekyylikaava:<\/strong> C17H25NO<\/p>\n<\/li>\n<li data-start=\"7733\" data-end=\"7769\">\n<p data-start=\"7735\" data-end=\"7769\"><strong data-start=\"7735\" data-end=\"7753\">Molekyylimassa:<\/strong> \u00b1259,39 g\/mol<\/p>\n<\/li>\n<li data-start=\"7770\" data-end=\"7817\">\n<p data-start=\"7772\" data-end=\"7817\"><strong data-start=\"7772\" data-end=\"7794\">Kemiallinen perhe:<\/strong> Aryylisykloheksyyliamiinit, <span class=\"___SBox_epc1q-ko_ ___SText_zko9t-ko_\" data-ui-name=\"Link.Text\">3 ho pcp<\/span><\/p>\n<\/li>\n<li data-start=\"7818\" data-end=\"7915\">\n<p data-start=\"7820\" data-end=\"7915\"><strong data-start=\"7820\" data-end=\"7840\">Vastaanottimen toiminta:<\/strong> NMDA-antagonisti, mahdollinen affiniteetti dopamiini- ja sigmareseptoreihin.<\/p>\n<\/li>\n<\/ul>\n<p data-start=\"7917\" data-end=\"8089\">The <strong data-start=\"7920\" data-end=\"7936\">hydroksiryhm\u00e4<\/strong> on <strong data-start=\"7943\" data-end=\"7956\">3-asento<\/strong> vaikuttaa sitoutumisaffiniteettiin ja aineenvaihduntaan, mik\u00e4 tekee 3-HO-PCP:st\u00e4 mielenkiintoisen tutkimuskohteen. <strong data-start=\"8048\" data-end=\"8088\">rakenteelliset farmakologiset tutkimukset<\/strong>.<\/p>\n<hr data-start=\"8091\" data-end=\"8094\" \/>\n<h2 data-start=\"8096\" data-end=\"8123\"><strong data-start=\"8099\" data-end=\"8123\">Tutkimustarkoitukset<\/strong><\/h2>\n<ul data-start=\"8125\" data-end=\"8415\">\n<li data-start=\"8125\" data-end=\"8195\">\n<p data-start=\"8127\" data-end=\"8195\"><strong data-start=\"8127\" data-end=\"8155\">Oikeusl\u00e4\u00e4ketieteellinen toksikologia:<\/strong> PCP-analogien havaitseminen ja analysointi.<\/p>\n<\/li>\n<li data-start=\"8196\" data-end=\"8273\">\n<p data-start=\"8198\" data-end=\"8273\"><strong data-start=\"8198\" data-end=\"8221\">Analyyttinen kemia:<\/strong> GC-MS- ja LC-MS-ilmaisumenetelmien kehitt\u00e4minen.<\/p>\n<\/li>\n<li data-start=\"8274\" data-end=\"8345\">\n<p data-start=\"8276\" data-end=\"8345\"><strong data-start=\"8276\" data-end=\"8305\">Farmakologinen tutkimus:<\/strong> NMDA- ja sigma-reseptorien tutkimus.<\/p>\n<\/li>\n<li data-start=\"8346\" data-end=\"8415\">\n<p data-start=\"8348\" data-end=\"8415\"><strong data-start=\"8348\" data-end=\"8368\">Kansanterveys:<\/strong> Uusien psykoaktiivisten aineiden seuranta.<\/p>\n<\/li>\n<\/ul>\n<hr data-start=\"8417\" data-end=\"8420\" \/>\n<h2 data-start=\"8422\" data-end=\"8466\"><strong data-start=\"8425\" data-end=\"8466\">Turvallisuus ja oikeudelliset n\u00e4k\u00f6kohdat<\/strong><\/h2>\n<p data-start=\"8468\" data-end=\"8483\"><strong data-start=\"8468\" data-end=\"8483\">Turvallisuus:<\/strong><\/p>\n<ul data-start=\"8484\" data-end=\"8715\">\n<li data-start=\"8484\" data-end=\"8550\">\n<p data-start=\"8486\" data-end=\"8550\">K\u00e4sittelee vain <strong data-start=\"8507\" data-end=\"8547\">p\u00e4tev\u00e4 laboratoriohenkil\u00f6st\u00f6<\/strong>.<\/p>\n<\/li>\n<li data-start=\"8551\" data-end=\"8602\">\n<p data-start=\"8553\" data-end=\"8602\">K\u00e4yt\u00e4 <strong data-start=\"8559\" data-end=\"8599\">k\u00e4sineet, suojalasit, maski ja laboratoriotakki.<\/strong>.<\/p>\n<\/li>\n<li data-start=\"8603\" data-end=\"8642\">\n<p data-start=\"8605\" data-end=\"8642\">V\u00e4lt\u00e4 altistumista tai hengitt\u00e4mist\u00e4.<\/p>\n<\/li>\n<li data-start=\"8643\" data-end=\"8715\">\n<p data-start=\"8645\" data-end=\"8715\">Seuraa <strong data-start=\"8650\" data-end=\"8688\">j\u00e4te- ja turvallisuusm\u00e4\u00e4r\u00e4ykset<\/strong> kemiallista materiaalia varten.<\/p>\n<\/li>\n<\/ul>\n<p data-start=\"8717\" data-end=\"8895\"><strong data-start=\"8717\" data-end=\"8739\">Oikeudellinen asema:<\/strong><br data-start=\"8739\" data-end=\"8742\" \/>3-HO-PCP on monissa maissa ns. <strong data-start=\"8773\" data-end=\"8794\">valvottu aine<\/strong> osoitteessa <strong data-start=\"8804\" data-end=\"8816\">Oopiumlaki<\/strong> Onko <strong data-start=\"8823\" data-end=\"8844\">analoginen lains\u00e4\u00e4d\u00e4nt\u00f6<\/strong>.<br data-start=\"8845\" data-end=\"8848\" \/>K\u00e4ytt\u00f6 tai hallussapito ilman lupaa on kielletty.<\/p>\n<hr data-start=\"8897\" data-end=\"8900\" \/>\n<h2 data-start=\"8902\" data-end=\"8936\"><strong data-start=\"8905\" data-end=\"8936\">Usein kysytyt kysymykset (FAQ)<\/strong><\/h2>\n<h3 data-start=\"8938\" data-end=\"8984\"><strong data-start=\"8942\" data-end=\"8984\">1. Mit\u00e4 varten 3-HO-PCP:t\u00e4 tutkitaan?<\/strong><\/h3>\n<p data-start=\"8985\" data-end=\"9077\">Tutkimus, joka koskee <strong data-start=\"9005\" data-end=\"9024\">reseptorin sitoutuminen<\/strong>, <strong data-start=\"9026\" data-end=\"9048\">rakennekemia<\/strong> ja <strong data-start=\"9052\" data-end=\"9076\">analyyttinen havaitseminen<\/strong>.<\/p>\n<h3 data-start=\"9079\" data-end=\"9109\"><strong data-start=\"9083\" data-end=\"9109\">2. Onko 3-HO-PCP laillista?<\/strong><\/h3>\n<p data-start=\"9110\" data-end=\"9198\">Useimmissa maissa 3-HO-PCP on <strong data-start=\"9142\" data-end=\"9169\">kielletty tai s\u00e4\u00e4nnelty<\/strong> valvottuna aineena.<\/p>\n<h3 data-start=\"9200\" data-end=\"9253\"><strong data-start=\"9204\" data-end=\"9253\">3. Miten 3-HO-PCP:t\u00e4 voidaan k\u00e4sitell\u00e4 turvallisesti?<\/strong><\/h3>\n<p data-start=\"9254\" data-end=\"9383\">Vain <strong data-start=\"9261\" data-end=\"9291\">ammattitutkijat<\/strong> voivat k\u00e4sitell\u00e4 t\u00e4t\u00e4 ainetta asianmukaisella <strong data-start=\"9331\" data-end=\"9354\">turvalaitteet<\/strong> laboratorioymp\u00e4rist\u00f6ss\u00e4.<\/p>","protected":false},"excerpt":{"rendered":"<h3><span dir=\"auto\" style=\"vertical-align: inherit;\"><span dir=\"auto\" style=\"vertical-align: inherit;\">3-HO-PCP properties<\/span><\/span><\/h3>\n<p><strong><span dir=\"auto\" style=\"vertical-align: inherit;\"><span dir=\"auto\" style=\"vertical-align: inherit;\">Synonym<\/span><\/span><\/strong><span dir=\"auto\" style=\"vertical-align: inherit;\"><span dir=\"auto\" style=\"vertical-align: inherit;\"> : 3-hydroxyphencyclidine <\/span><\/span><br \/>\n<strong><span dir=\"auto\" style=\"vertical-align: inherit;\"><span dir=\"auto\" style=\"vertical-align: inherit;\">CAS Number<\/span><\/span><\/strong><span dir=\"auto\" style=\"vertical-align: inherit;\"><span dir=\"auto\" style=\"vertical-align: inherit;\"> : 79787-43-2 <\/span><\/span><br \/>\n<strong><span dir=\"auto\" style=\"vertical-align: inherit;\"><span dir=\"auto\" style=\"vertical-align: inherit;\">Formula<\/span><\/span><\/strong><span dir=\"auto\" style=\"vertical-align: inherit;\"><span dir=\"auto\" style=\"vertical-align: inherit;\"> : 1-[1-(3-hydroxyphenyl)cyclohexyl]-piperidine <\/span><\/span><br \/>\n<strong><span dir=\"auto\" style=\"vertical-align: inherit;\"><span dir=\"auto\" style=\"vertical-align: inherit;\">Molar mass<\/span><\/span><\/strong><span dir=\"auto\" style=\"vertical-align: inherit;\"><span dir=\"auto\" style=\"vertical-align: inherit;\"> : 295,9 g\/mol <\/span><\/span><br \/>\n<strong><span dir=\"auto\" style=\"vertical-align: inherit;\"><span dir=\"auto\" style=\"vertical-align: inherit;\">Purity<\/span><\/span><\/strong><span dir=\"auto\" style=\"vertical-align: inherit;\"><span dir=\"auto\" style=\"vertical-align: inherit;\"> : &gt;97%<\/span><\/span><\/p>\n","protected":false},"featured_media":16866,"comment_status":"closed","ping_status":"closed","template":"","meta":[],"product_brand":[23],"product_cat":[104,98],"product_tag":[105,106,107,108,109,110,22,111],"class_list":{"0":"post-41","1":"product","2":"type-product","3":"status-publish","4":"has-post-thumbnail","6":"product_brand-research-chemical","7":"product_cat-3-ho-pcp","8":"product_cat-arylcyclohexylamines","9":"product_tag-3-ho-pcp-kopen","10":"product_tag-3-ho-pcp","11":"product_tag-3-ho-pcp-erowid","12":"product_tag-3-ho-pcp-psychonaut","13":"product_tag-3-ho-pcp-reddit","14":"product_tag-3hopcp","15":"product_tag-nl","16":"product_tag-where-to-buy-3-ho-pcp","18":"first","19":"instock","20":"shipping-taxable","21":"purchasable","22":"product-type-variable"},"_links":{"self":[{"href":"https:\/\/researchchemicalshop.eu\/fi\/wp-json\/wp\/v2\/product\/41","targetHints":{"allow":["GET"]}}],"collection":[{"href":"https:\/\/researchchemicalshop.eu\/fi\/wp-json\/wp\/v2\/product"}],"about":[{"href":"https:\/\/researchchemicalshop.eu\/fi\/wp-json\/wp\/v2\/types\/product"}],"replies":[{"embeddable":true,"href":"https:\/\/researchchemicalshop.eu\/fi\/wp-json\/wp\/v2\/comments?post=41"}],"version-history":[{"count":1,"href":"https:\/\/researchchemicalshop.eu\/fi\/wp-json\/wp\/v2\/product\/41\/revisions"}],"predecessor-version":[{"id":16752,"href":"https:\/\/researchchemicalshop.eu\/fi\/wp-json\/wp\/v2\/product\/41\/revisions\/16752"}],"wp:featuredmedia":[{"embeddable":true,"href":"https:\/\/researchchemicalshop.eu\/fi\/wp-json\/wp\/v2\/media\/16866"}],"wp:attachment":[{"href":"https:\/\/researchchemicalshop.eu\/fi\/wp-json\/wp\/v2\/media?parent=41"}],"wp:term":[{"taxonomy":"product_brand","embeddable":true,"href":"https:\/\/researchchemicalshop.eu\/fi\/wp-json\/wp\/v2\/product_brand?post=41"},{"taxonomy":"product_cat","embeddable":true,"href":"https:\/\/researchchemicalshop.eu\/fi\/wp-json\/wp\/v2\/product_cat?post=41"},{"taxonomy":"product_tag","embeddable":true,"href":"https:\/\/researchchemicalshop.eu\/fi\/wp-json\/wp\/v2\/product_tag?post=41"}],"curies":[{"name":"wp","href":"https:\/\/api.w.org\/{rel}","templated":true}]}}