{"id":388,"date":"2026-02-09T11:52:43","date_gmt":"2026-02-09T11:52:43","guid":{"rendered":"https:\/\/researchchemicalshop.eu\/?post_type=product&#038;p=388"},"modified":"2026-03-06T02:01:06","modified_gmt":"2026-03-06T02:01:06","slug":"1p-mipla-l-tartraatti-puhdas","status":"publish","type":"product","link":"https:\/\/researchchemicalshop.eu\/fi\/tuote\/1p-mipla-l-tartraatti-puhdas\/","title":{"rendered":"1P-MiPLA L-tartraatti Puhdas"},"content":{"rendered":"<p data-start=\"3810\" data-end=\"3994\"><strong data-start=\"3810\" data-end=\"3868\">1P-MiPLA (1-Propionyyli-N-metyyli-N-isopropyylilysergamidi)<\/strong> on <strong data-start=\"3876\" data-end=\"3920\">eritt\u00e4in puhdas tutkimusyhdiste<\/strong>, kehitetty <strong data-start=\"3938\" data-end=\"3991\">neurotieteen ja farmakologian tutkimus<\/strong>. 1p-mipla<\/p>\n<p data-start=\"3996\" data-end=\"4334\">Kuten <strong data-start=\"4000\" data-end=\"4060\">LSD:n (lysergihappodietyyliamidi) rakenteellinen analogi.<\/strong> ja <strong data-start=\"4064\" data-end=\"4073\">MiPLA<\/strong>, 1P-MiPLA sis\u00e4lt\u00e4\u00e4 <strong data-start=\"4094\" data-end=\"4112\">propionyyliryhm\u00e4<\/strong> indolityppeen. T\u00e4m\u00e4 pieni rakennemuutos tekee yhdisteest\u00e4 erityisen mielenkiintoisen, koska se soveltuu <strong data-start=\"4217\" data-end=\"4257\">serotoniinireseptorien tutkimus<\/strong> ja <strong data-start=\"4261\" data-end=\"4303\">rakenne-aktiivisuussuhteet (SAR)<\/strong> lysergamidiluokassa.<\/p>\n<p data-start=\"4336\" data-end=\"4491\">Jokainen er\u00e4 valmistetaan tiukoissa laboratorio-olosuhteissa, jotta voidaan <strong data-start=\"4410\" data-end=\"4474\">vakaus, toistettavuus ja kemiallinen tarkkuus<\/strong> takuu.<\/p>\n<blockquote data-start=\"4493\" data-end=\"4644\">\n<p data-start=\"4495\" data-end=\"4644\">\u26a0\ufe0f <strong data-start=\"4498\" data-end=\"4509\">Huom:<\/strong> T\u00e4m\u00e4 tuote on <strong data-start=\"4525\" data-end=\"4580\">jotka on tarkoitettu yksinomaan tieteelliseen tutkimukseen<\/strong> ja <strong data-start=\"4584\" data-end=\"4641\">ei kelpaa ihmisten tai el\u00e4inten ravinnoksi<\/strong>.<\/p>\n<\/blockquote>\n<hr data-start=\"4646\" data-end=\"4649\" \/>\n<h3 data-start=\"4651\" data-end=\"4682\"><strong data-start=\"4655\" data-end=\"4682\">T\u00e4rkeimm\u00e4t ominaisuudet<\/strong><\/h3>\n<ul data-start=\"4683\" data-end=\"5079\">\n<li data-start=\"4683\" data-end=\"4768\">\n<p data-start=\"4685\" data-end=\"4768\"><strong data-start=\"4685\" data-end=\"4711\">Eritt\u00e4in puhdas (\u226599%)<\/strong> - Identiteetti ja koostumus on testattu laboratoriossa.<\/p>\n<\/li>\n<li data-start=\"4769\" data-end=\"4866\">\n<p data-start=\"4771\" data-end=\"4866\"><strong data-start=\"4771\" data-end=\"4810\">Farmakologisen tutkimuksen standardi<\/strong> - Soveltuu reseptorien ja neurokemian tutkimukseen. 1p-mipla<\/p>\n<\/li>\n<li data-start=\"4867\" data-end=\"4939\">\n<p data-start=\"4869\" data-end=\"4939\"><strong data-start=\"4869\" data-end=\"4893\">Vakaa muotoilu<\/strong> - Lis\u00e4\u00e4 s\u00e4ilyvyytt\u00e4 ja luotettavuutta.<\/p>\n<\/li>\n<li data-start=\"4940\" data-end=\"5012\">\n<p data-start=\"4942\" data-end=\"5012\"><strong data-start=\"4942\" data-end=\"4967\">GMP-tyyppinen tuotanto<\/strong> - Taattu laatu ja johdonmukaisuus.<\/p>\n<\/li>\n<li data-start=\"5013\" data-end=\"5079\">\n<p data-start=\"5015\" data-end=\"5079\"><strong data-start=\"5015\" data-end=\"5037\">Turvallinen pakkaus<\/strong> - Ilmatiivis ja kosteutta kest\u00e4v\u00e4 pakkaus.<\/p>\n<\/li>\n<\/ul>\n<hr data-start=\"5081\" data-end=\"5084\" \/>\n<h3 data-start=\"5086\" data-end=\"5103\"><strong data-start=\"5090\" data-end=\"5103\">Edut<\/strong><\/h3>\n<ul data-start=\"5104\" data-end=\"5376\">\n<li data-start=\"5104\" data-end=\"5185\">\n<p data-start=\"5106\" data-end=\"5185\">Tukee <strong data-start=\"5118\" data-end=\"5182\">serotoniinireseptorien ja lysergamidianalogien tutkimus<\/strong>.<\/p>\n<\/li>\n<li data-start=\"5186\" data-end=\"5257\">\n<p data-start=\"5188\" data-end=\"5257\">Varmistaa <strong data-start=\"5199\" data-end=\"5254\">luotettavat ja toistettavat tutkimustulokset<\/strong>.<\/p>\n<\/li>\n<li data-start=\"5258\" data-end=\"5320\">\n<p data-start=\"5260\" data-end=\"5320\"><strong data-start=\"5260\" data-end=\"5286\">Parempi vakaus<\/strong> turvallista s\u00e4ilytyst\u00e4 ja k\u00e4ytt\u00f6\u00e4 varten.<\/p>\n<\/li>\n<li data-start=\"5321\" data-end=\"5376\">\n<p data-start=\"5323\" data-end=\"5376\">Ihanteellinen <strong data-start=\"5335\" data-end=\"5373\">akateeminen ja analyyttinen tutkimus<\/strong>.<\/p>\n<\/li>\n<\/ul>\n<hr data-start=\"5378\" data-end=\"5381\" \/>\n<h3 data-start=\"5383\" data-end=\"5398\"><strong data-start=\"5387\" data-end=\"5398\">K\u00e4yt\u00e4<\/strong><\/h3>\n<ul data-start=\"5399\" data-end=\"5670\">\n<li data-start=\"5399\" data-end=\"5469\">\n<p data-start=\"5401\" data-end=\"5469\">Vain seuraavien henkil\u00f6iden k\u00e4ytt\u00f6\u00f6n <strong data-start=\"5426\" data-end=\"5466\">p\u00e4tev\u00e4 laboratoriohenkil\u00f6st\u00f6<\/strong>.<\/p>\n<\/li>\n<li data-start=\"5470\" data-end=\"5546\">\n<p data-start=\"5472\" data-end=\"5546\">K\u00e4yt\u00e4 sopivaa <strong data-start=\"5490\" data-end=\"5514\">suojavarusteet<\/strong> (k\u00e4sineet, suojalasit, laboratoriotakki).<\/p>\n<\/li>\n<li data-start=\"5547\" data-end=\"5611\">\n<p data-start=\"5549\" data-end=\"5611\">S\u00e4ilyt\u00e4 <strong data-start=\"5564\" data-end=\"5598\">viile\u00e4ss\u00e4, kuivassa ja pime\u00e4ss\u00e4 paikassa<\/strong> (15-25\u00b0C).<\/p>\n<\/li>\n<li data-start=\"5612\" data-end=\"5670\">\n<p data-start=\"5614\" data-end=\"5670\">Ei sovellu ihmisten tai el\u00e4inten ravinnoksi.<\/p>\n<\/li>\n<\/ul>\n<hr data-start=\"5672\" data-end=\"5675\" \/>\n<h3 data-start=\"5677\" data-end=\"5712\"><strong data-start=\"5681\" data-end=\"5712\">Usein kysytyt kysymykset (FAQ)<\/strong><\/h3>\n<p data-start=\"5714\" data-end=\"5885\"><strong data-start=\"5714\" data-end=\"5754\">1. Mihin 1P-MiPLAa k\u00e4ytet\u00e4\u00e4n?<\/strong><br data-start=\"5754\" data-end=\"5757\" \/>1P-MiPLAa k\u00e4ytet\u00e4\u00e4n <strong data-start=\"5786\" data-end=\"5831\">farmakologinen ja neurokemiallinen tutkimus<\/strong> lysergamidianalogeihin ja serotoniinireseptoreihin.<\/p>\n<p data-start=\"5887\" data-end=\"6058\"><strong data-start=\"5887\" data-end=\"5936\">2. Onko 1P-MiPLA turvallinen ihmisille?<\/strong><br data-start=\"5936\" data-end=\"5939\" \/>Ei. T\u00e4m\u00e4 tuote on <strong data-start=\"5959\" data-end=\"6008\">tarkoitettu ainoastaan tutkimustarkoituksiin<\/strong> eik\u00e4 sit\u00e4 ole hyv\u00e4ksytty ihmisravinnoksi.<\/p>\n<p data-start=\"6060\" data-end=\"6214\"><strong data-start=\"6060\" data-end=\"6100\">3. Miten 1P-MiPLAa on s\u00e4ilytett\u00e4v\u00e4?<\/strong><br data-start=\"6100\" data-end=\"6103\" \/>S\u00e4ilyt\u00e4 <strong data-start=\"6118\" data-end=\"6148\">tiiviisti suljettu pakkaus<\/strong> huoneenl\u00e4mm\u00f6ss\u00e4 (15-25 \u00b0C), valolta ja kosteudelta suojattuna.<\/p>","protected":false},"excerpt":{"rendered":"<h3><span dir=\"auto\" style=\"vertical-align: inherit;\"><span dir=\"auto\" style=\"vertical-align: inherit;\">1P-MiPLA L-tartrate properties<\/span><\/span><\/h3>\n<p><strong><span style=\"vertical-align: inherit;\"><span style=\"vertical-align: inherit;\"><span dir=\"auto\" style=\"vertical-align: inherit;\"><span dir=\"auto\" style=\"vertical-align: inherit;\">Synonym:<\/span><\/span><\/span><\/span><\/strong><span style=\"vertical-align: inherit;\"><span style=\"vertical-align: inherit;\"><span dir=\"auto\" style=\"vertical-align: inherit;\"><span dir=\"auto\" style=\"vertical-align: inherit;\"> 1-propionyl-methylisopropyl-sergamide hemi-L-tartrate <\/span><\/span><\/span><\/span><br \/>\n<strong><span style=\"vertical-align: inherit;\"><span style=\"vertical-align: inherit;\"><span dir=\"auto\" style=\"vertical-align: inherit;\"><span dir=\"auto\" style=\"vertical-align: inherit;\">CAS Number:<\/span><\/span><\/span><\/span><\/strong><span style=\"vertical-align: inherit;\"><span style=\"vertical-align: inherit;\"><span dir=\"auto\" style=\"vertical-align: inherit;\"><span dir=\"auto\" style=\"vertical-align: inherit;\"> n\/a <\/span><\/span><\/span><\/span><br \/>\n<strong><span style=\"vertical-align: inherit;\"><span style=\"vertical-align: inherit;\"><span dir=\"auto\" style=\"vertical-align: inherit;\"><span dir=\"auto\" style=\"vertical-align: inherit;\">Formula:<\/span><\/span><\/span><\/span><\/strong><span style=\"vertical-align: inherit;\"><span style=\"vertical-align: inherit;\"><span dir=\"auto\" style=\"vertical-align: inherit;\"><span dir=\"auto\" style=\"vertical-align: inherit;\"> (8\u03b2)-1-propionyl-N-isopropyl-N,6-dimethyl-9,10-didehydroergoline-8-carboxamide hemi-L-tartrate <\/span><\/span><\/span><\/span><br \/>\n<strong><span style=\"vertical-align: inherit;\"><span style=\"vertical-align: inherit;\"><span dir=\"auto\" style=\"vertical-align: inherit;\"><span dir=\"auto\" style=\"vertical-align: inherit;\">Molar Mass:<\/span><\/span><\/span><\/span><\/strong><span style=\"vertical-align: inherit;\"><span style=\"vertical-align: inherit;\"><span dir=\"auto\" style=\"vertical-align: inherit;\"><span dir=\"auto\" style=\"vertical-align: inherit;\"> 454.5 g\/mol <\/span><\/span><\/span><\/span><br \/>\n<strong><span style=\"vertical-align: inherit;\"><span style=\"vertical-align: inherit;\"><span dir=\"auto\" style=\"vertical-align: inherit;\"><span dir=\"auto\" style=\"vertical-align: inherit;\">Purity:<\/span><\/span><\/span><\/span><\/strong><span style=\"vertical-align: inherit;\"><span style=\"vertical-align: inherit;\"><span dir=\"auto\" style=\"vertical-align: inherit;\"><span dir=\"auto\" style=\"vertical-align: inherit;\"> &gt;97%<\/span><\/span><\/span><\/span><\/p>","protected":false},"featured_media":16816,"comment_status":"closed","ping_status":"closed","template":"","meta":[],"product_brand":[],"product_cat":[250,46],"product_tag":[251,252,986,22],"class_list":{"0":"post-388","1":"product","2":"type-product","3":"status-publish","4":"has-post-thumbnail","6":"product_cat-1p-mipla","7":"product_cat-lysergamides","8":"product_tag-1p-mipla","9":"product_tag-1p-mipla-kopen","10":"product_tag-1p-mipla-l-tartrate-puur","11":"product_tag-nl","13":"first","14":"instock","15":"shipping-taxable","16":"purchasable","17":"product-type-variable"},"_links":{"self":[{"href":"https:\/\/researchchemicalshop.eu\/fi\/wp-json\/wp\/v2\/product\/388","targetHints":{"allow":["GET"]}}],"collection":[{"href":"https:\/\/researchchemicalshop.eu\/fi\/wp-json\/wp\/v2\/product"}],"about":[{"href":"https:\/\/researchchemicalshop.eu\/fi\/wp-json\/wp\/v2\/types\/product"}],"replies":[{"embeddable":true,"href":"https:\/\/researchchemicalshop.eu\/fi\/wp-json\/wp\/v2\/comments?post=388"}],"version-history":[{"count":1,"href":"https:\/\/researchchemicalshop.eu\/fi\/wp-json\/wp\/v2\/product\/388\/revisions"}],"predecessor-version":[{"id":16698,"href":"https:\/\/researchchemicalshop.eu\/fi\/wp-json\/wp\/v2\/product\/388\/revisions\/16698"}],"wp:featuredmedia":[{"embeddable":true,"href":"https:\/\/researchchemicalshop.eu\/fi\/wp-json\/wp\/v2\/media\/16816"}],"wp:attachment":[{"href":"https:\/\/researchchemicalshop.eu\/fi\/wp-json\/wp\/v2\/media?parent=388"}],"wp:term":[{"taxonomy":"product_brand","embeddable":true,"href":"https:\/\/researchchemicalshop.eu\/fi\/wp-json\/wp\/v2\/product_brand?post=388"},{"taxonomy":"product_cat","embeddable":true,"href":"https:\/\/researchchemicalshop.eu\/fi\/wp-json\/wp\/v2\/product_cat?post=388"},{"taxonomy":"product_tag","embeddable":true,"href":"https:\/\/researchchemicalshop.eu\/fi\/wp-json\/wp\/v2\/product_tag?post=388"}],"curies":[{"name":"wp","href":"https:\/\/api.w.org\/{rel}","templated":true}]}}