{"id":384,"date":"2026-02-09T11:52:43","date_gmt":"2026-02-09T11:52:43","guid":{"rendered":"https:\/\/researchchemicalshop.eu\/?post_type=product&#038;p=384"},"modified":"2026-03-06T01:50:56","modified_gmt":"2026-03-06T01:50:56","slug":"mipt-fumarate-n-methyl-n-isopropyltryptamine","status":"publish","type":"product","link":"https:\/\/researchchemicalshop.eu\/fi\/tuote\/mipt-fumarate-n-methyl-n-isopropyltryptamine\/","title":{"rendered":"MiPT fumarate (N-methyl-N-isopropyltryptamine)"},"content":{"rendered":"<h1><strong><span dir=\"auto\" style=\"vertical-align: inherit;\"><span dir=\"auto\" style=\"vertical-align: inherit;\">MiPT Fumarate \u2013 N-methyl-N-isopropyltryptamine Research Substance of HPLC-Verified Purity<\/span><\/span><\/strong><\/h1>\n<p data-start=\"3772\" data-end=\"3958\"><strong data-start=\"3772\" data-end=\"3822\">MiPT Fumaraat (N-Methyl-N-Isopropyltryptamine)<\/strong> on <strong data-start=\"3830\" data-end=\"3872\">eritt\u00e4in puhdas tutkimusyhdiste<\/strong>, kehitetty <strong data-start=\"3890\" data-end=\"3955\">neurowetenschappelijk, farmacologisch en analytisch onderzoek<\/strong>. 4-ho-mipt fumarate<\/p>\n<p data-start=\"3960\" data-end=\"4167\">MiPT behoort tot de <strong data-start=\"3980\" data-end=\"4000\">tryptamineklasse<\/strong>, liittyv\u00e4t <strong data-start=\"4014\" data-end=\"4021\">DMT<\/strong> ja <strong data-start=\"4025\" data-end=\"4032\">WITH<\/strong>, en wordt vaak onderzocht in verband met <strong data-start=\"4074\" data-end=\"4118\">serotonine-receptoren (5-HT2A en 5-HT1A)<\/strong> ja <strong data-start=\"4122\" data-end=\"4164\">rakenne-aktiivisuussuhteet (SAR)<\/strong>.<\/p>\n<p data-start=\"4169\" data-end=\"4359\">The <strong data-start=\"4172\" data-end=\"4192\">fumaraatzoutvorm<\/strong> biedt <strong data-start=\"4199\" data-end=\"4253\">betere stabiliteit, oplosbaarheid en gebruiksgemak<\/strong>, wat essentieel is voor nauwkeurig en langdurig onderzoek in gecontroleerde laboratoriumomstandigheden.<\/p>\n<blockquote data-start=\"4361\" data-end=\"4512\">\n<p data-start=\"4363\" data-end=\"4512\">\u26a0\ufe0f <strong data-start=\"4366\" data-end=\"4377\">Huom:<\/strong> T\u00e4m\u00e4 tuote on <strong data-start=\"4393\" data-end=\"4448\">jotka on tarkoitettu yksinomaan tieteelliseen tutkimukseen<\/strong> ja <strong data-start=\"4452\" data-end=\"4509\">ei kelpaa ihmisten tai el\u00e4inten ravinnoksi<\/strong>.<\/p>\n<\/blockquote>\n<hr data-start=\"4514\" data-end=\"4517\" \/>\n<h3 data-start=\"4519\" data-end=\"4550\"><strong data-start=\"4523\" data-end=\"4550\">T\u00e4rkeimm\u00e4t ominaisuudet<\/strong><\/h3>\n<ul data-start=\"4551\" data-end=\"4977\">\n<li data-start=\"4551\" data-end=\"4646\">\n<p data-start=\"4553\" data-end=\"4646\"><strong data-start=\"4553\" data-end=\"4579\">Eritt\u00e4in puhdas (\u226599%)<\/strong> \u2013 Laboratoriumgetest voor identiteit en chemische samenstelling.<\/p>\n<\/li>\n<li data-start=\"4647\" data-end=\"4726\">\n<p data-start=\"4649\" data-end=\"4726\"><strong data-start=\"4649\" data-end=\"4678\">Stabiele Fumaraatzoutvorm<\/strong> \u2013 Verhoogt houdbaarheid en opslagstabiliteit.<\/p>\n<\/li>\n<li data-start=\"4727\" data-end=\"4814\">\n<p data-start=\"4729\" data-end=\"4814\"><strong data-start=\"4729\" data-end=\"4768\">Farmakologisen tutkimuksen standardi<\/strong> - Soveltuu reseptori- ja SAR-tutkimuksiin.<\/p>\n<\/li>\n<li data-start=\"4815\" data-end=\"4888\">\n<p data-start=\"4817\" data-end=\"4888\"><strong data-start=\"4817\" data-end=\"4842\">GMP-tyyppinen tuotanto<\/strong> \u2013 Consistente kwaliteit en betrouwbaarheid.<\/p>\n<\/li>\n<li data-start=\"4889\" data-end=\"4977\">\n<p data-start=\"4891\" data-end=\"4977\"><strong data-start=\"4891\" data-end=\"4913\">Turvallinen pakkaus<\/strong> \u2013 Luchtdicht en lichtdicht verpakt voor maximale bescherming.<\/p>\n<\/li>\n<\/ul>\n<hr data-start=\"4979\" data-end=\"4982\" \/>\n<h3 data-start=\"4984\" data-end=\"5001\"><strong data-start=\"4988\" data-end=\"5001\">Edut<\/strong><\/h3>\n<ul data-start=\"5002\" data-end=\"5287\">\n<li data-start=\"5002\" data-end=\"5082\">\n<p data-start=\"5004\" data-end=\"5082\">Tukee <strong data-start=\"5016\" data-end=\"5079\">onderzoek naar serotonine-receptoren en tryptamine-analogen<\/strong>.<\/p>\n<\/li>\n<li data-start=\"5083\" data-end=\"5159\">\n<p data-start=\"5085\" data-end=\"5159\"><strong data-start=\"5085\" data-end=\"5130\">Nauwkeurige en reproduceerbare resultaten<\/strong> bij laboratoriumonderzoek. 4-ho-mipt fumarate<\/p>\n<\/li>\n<li data-start=\"5160\" data-end=\"5215\">\n<p data-start=\"5162\" data-end=\"5215\"><strong data-start=\"5162\" data-end=\"5188\">Parempi vakaus<\/strong> en langere houdbaarheid.<\/p>\n<\/li>\n<li data-start=\"5216\" data-end=\"5287\">\n<p data-start=\"5218\" data-end=\"5287\">Ihanteellinen <strong data-start=\"5230\" data-end=\"5284\">academisch, farmacologisch en analytisch onderzoek<\/strong>.<\/p>\n<\/li>\n<\/ul>\n<hr data-start=\"5289\" data-end=\"5292\" \/>\n<h3 data-start=\"5294\" data-end=\"5309\"><strong data-start=\"5298\" data-end=\"5309\">K\u00e4yt\u00e4<\/strong><\/h3>\n<ul data-start=\"5310\" data-end=\"5581\">\n<li data-start=\"5310\" data-end=\"5380\">\n<p data-start=\"5312\" data-end=\"5380\">Vain seuraavien henkil\u00f6iden k\u00e4ytt\u00f6\u00f6n <strong data-start=\"5337\" data-end=\"5377\">p\u00e4tev\u00e4 laboratoriohenkil\u00f6st\u00f6<\/strong>.<\/p>\n<\/li>\n<li data-start=\"5381\" data-end=\"5457\">\n<p data-start=\"5383\" data-end=\"5457\">K\u00e4yt\u00e4 sopivaa <strong data-start=\"5401\" data-end=\"5425\">suojavarusteet<\/strong> (k\u00e4sineet, suojalasit, laboratoriotakki).<\/p>\n<\/li>\n<li data-start=\"5458\" data-end=\"5522\">\n<p data-start=\"5460\" data-end=\"5522\">S\u00e4ilyt\u00e4 <strong data-start=\"5475\" data-end=\"5509\">viile\u00e4ss\u00e4, kuivassa ja pime\u00e4ss\u00e4 paikassa<\/strong> (15-25\u00b0C).<\/p>\n<\/li>\n<li data-start=\"5523\" data-end=\"5581\">\n<p data-start=\"5525\" data-end=\"5581\">Ei sovellu ihmisten tai el\u00e4inten ravinnoksi.<\/p>\n<\/li>\n<\/ul>\n<hr data-start=\"5583\" data-end=\"5586\" \/>\n<h3 data-start=\"5588\" data-end=\"5623\"><strong data-start=\"5592\" data-end=\"5623\">Usein kysytyt kysymykset (FAQ)<\/strong><\/h3>\n<p data-start=\"5625\" data-end=\"5811\"><strong data-start=\"5625\" data-end=\"5670\">1. Waarvoor wordt MiPT Fumaraat gebruikt?<\/strong><br data-start=\"5670\" data-end=\"5673\" \/>MiPT Fumaraat wordt gebruikt in <strong data-start=\"5705\" data-end=\"5758\">neurotieteen ja farmakologian tutkimus<\/strong> naar tryptamine-analogen en serotonine-receptoren.<\/p>\n<p data-start=\"5813\" data-end=\"5989\"><strong data-start=\"5813\" data-end=\"5867\">2. Is MiPT Fumaraat veilig voor menselijk gebruik?<\/strong><br data-start=\"5867\" data-end=\"5870\" \/>Ei. T\u00e4m\u00e4 tuote on <strong data-start=\"5890\" data-end=\"5939\">tarkoitettu ainoastaan tutkimustarkoituksiin<\/strong> eik\u00e4 sit\u00e4 ole hyv\u00e4ksytty ihmisravinnoksi.<\/p>\n<p data-start=\"5991\" data-end=\"6165\"><strong data-start=\"5991\" data-end=\"6036\">3. Hoe moet MiPT Fumaraat worden bewaard?<\/strong><br data-start=\"6036\" data-end=\"6039\" \/>S\u00e4ilyt\u00e4 <strong data-start=\"6054\" data-end=\"6084\">tiiviisti suljettu pakkaus<\/strong> bij kamertemperatuur (15\u201325\u00b0C), beschermd tegen vocht, warmte en direct licht.<\/p>","protected":false},"excerpt":{"rendered":"<h3><span dir=\"auto\" style=\"vertical-align: inherit;\"><span dir=\"auto\" style=\"vertical-align: inherit;\">MiPT fumarate properties<\/span><\/span><\/h3>\n<p><strong><span dir=\"auto\" style=\"vertical-align: inherit;\"><span dir=\"auto\" style=\"vertical-align: inherit;\">Synonym:<\/span><\/span><\/strong><span dir=\"auto\" style=\"vertical-align: inherit;\"><span dir=\"auto\" style=\"vertical-align: inherit;\"> N-methyl-N-isopropyltryptamine fumarate <\/span><\/span><br \/>\n<strong><span dir=\"auto\" style=\"vertical-align: inherit;\"><span dir=\"auto\" style=\"vertical-align: inherit;\">CAS Number:<\/span><\/span><\/strong><span dir=\"auto\" style=\"vertical-align: inherit;\"><span dir=\"auto\" style=\"vertical-align: inherit;\"> 96096-52-5 <\/span><\/span><br \/>\n<strong><span dir=\"auto\" style=\"vertical-align: inherit;\"><span dir=\"auto\" style=\"vertical-align: inherit;\">Formula:<\/span><\/span><\/strong><span dir=\"auto\" style=\"vertical-align: inherit;\"><span dir=\"auto\" style=\"vertical-align: inherit;\"> 3-[2-(methyl(isopropyl)amino)ethyl]-1H-indole fumarate <\/span><\/span><br \/>\n<strong><span dir=\"auto\" style=\"vertical-align: inherit;\"><span dir=\"auto\" style=\"vertical-align: inherit;\">Molar mass:<\/span><\/span><\/strong><span dir=\"auto\" style=\"vertical-align: inherit;\"><span dir=\"auto\" style=\"vertical-align: inherit;\"> 332.4 g\/mol <\/span><\/span><br \/>\n<strong><span dir=\"auto\" style=\"vertical-align: inherit;\"><span dir=\"auto\" style=\"vertical-align: inherit;\">Purity:<\/span><\/span><\/strong><span dir=\"auto\" style=\"vertical-align: inherit;\"><span dir=\"auto\" style=\"vertical-align: inherit;\"> &gt;97%<\/span><\/span><\/p>\n","protected":false},"featured_media":17028,"comment_status":"closed","ping_status":"closed","template":"","meta":[],"product_brand":[],"product_cat":[243,41],"product_tag":[215,216,983,22],"class_list":{"0":"post-384","1":"product","2":"type-product","3":"status-publish","4":"has-post-thumbnail","6":"product_cat-mipt","7":"product_cat-tryptamine","8":"product_tag-4-ho-mipt-fumarate","9":"product_tag-4-ho-mipt-fumarate-kopen","10":"product_tag-mipt-fumarate","11":"product_tag-nl","13":"first","14":"instock","15":"shipping-taxable","16":"purchasable","17":"product-type-variable"},"_links":{"self":[{"href":"https:\/\/researchchemicalshop.eu\/fi\/wp-json\/wp\/v2\/product\/384","targetHints":{"allow":["GET"]}}],"collection":[{"href":"https:\/\/researchchemicalshop.eu\/fi\/wp-json\/wp\/v2\/product"}],"about":[{"href":"https:\/\/researchchemicalshop.eu\/fi\/wp-json\/wp\/v2\/types\/product"}],"replies":[{"embeddable":true,"href":"https:\/\/researchchemicalshop.eu\/fi\/wp-json\/wp\/v2\/comments?post=384"}],"version-history":[{"count":1,"href":"https:\/\/researchchemicalshop.eu\/fi\/wp-json\/wp\/v2\/product\/384\/revisions"}],"predecessor-version":[{"id":16694,"href":"https:\/\/researchchemicalshop.eu\/fi\/wp-json\/wp\/v2\/product\/384\/revisions\/16694"}],"wp:featuredmedia":[{"embeddable":true,"href":"https:\/\/researchchemicalshop.eu\/fi\/wp-json\/wp\/v2\/media\/17028"}],"wp:attachment":[{"href":"https:\/\/researchchemicalshop.eu\/fi\/wp-json\/wp\/v2\/media?parent=384"}],"wp:term":[{"taxonomy":"product_brand","embeddable":true,"href":"https:\/\/researchchemicalshop.eu\/fi\/wp-json\/wp\/v2\/product_brand?post=384"},{"taxonomy":"product_cat","embeddable":true,"href":"https:\/\/researchchemicalshop.eu\/fi\/wp-json\/wp\/v2\/product_cat?post=384"},{"taxonomy":"product_tag","embeddable":true,"href":"https:\/\/researchchemicalshop.eu\/fi\/wp-json\/wp\/v2\/product_tag?post=384"}],"curies":[{"name":"wp","href":"https:\/\/api.w.org\/{rel}","templated":true}]}}