{"id":1611,"date":"2026-02-09T11:57:05","date_gmt":"2026-02-09T11:57:05","guid":{"rendered":"https:\/\/researchchemicalshop.eu\/?post_type=product&#038;p=1611"},"modified":"2026-02-28T17:22:35","modified_gmt":"2026-02-28T17:22:35","slug":"pagoclone","status":"publish","type":"product","link":"https:\/\/researchchemicalshop.eu\/fi\/tuote\/pagoclone\/","title":{"rendered":"Pagoclone 2 MG Blotters"},"content":{"rendered":"<h3 data-start=\"4159\" data-end=\"4178\"><strong data-start=\"4163\" data-end=\"4178\">Johdanto<\/strong><\/h3>\n<p data-start=\"4179\" data-end=\"4532\"><span class=\"___SBox_4905a-ko_ ___SText_1ifhk-ko_\" data-ui-name=\"Link.Text\">pagoclone<\/span>, Meid\u00e4n <strong data-start=\"4184\" data-end=\"4211\">2 mg onderzoeksblotters<\/strong> zijn met uiterste precisie ontwikkeld voor <strong data-start=\"4255\" data-end=\"4306\">analytisch, forensisch en laboratoriumonderzoek<\/strong>. Pagoclone\u00a0<br data-start=\"4307\" data-end=\"4310\" \/>Elke blotter wordt geproduceerd onder <strong data-start=\"4348\" data-end=\"4392\">strikte kwaliteits- en veiligheidsnormen<\/strong>, jossa s\u00e4\u00e4det\u00e4\u00e4n <strong data-start=\"4409\" data-end=\"4480\">nauwkeurige dosering, constante kwaliteit en betrouwbare prestaties<\/strong> bij uiteenlopende wetenschappelijke toepassingen.<\/p>\n<p data-start=\"4534\" data-end=\"4679\">Deze blotters bieden <strong data-start=\"4555\" data-end=\"4589\">hoge zuiverheid en stabiliteit<\/strong>, wat ze ideaal maakt voor <strong data-start=\"4616\" data-end=\"4676\">kalibratie, vergelijkingsonderzoek en chemische analyses<\/strong>.<\/p>\n<blockquote data-start=\"4680\" data-end=\"4789\">\n<p data-start=\"4682\" data-end=\"4789\">\u26a0\ufe0f <strong data-start=\"4685\" data-end=\"4789\">Tarkoitettu ainoastaan laboratoriok\u00e4ytt\u00f6\u00f6n. Ei sovellu ihmisten tai el\u00e4inten ravinnoksi.<\/strong><\/p>\n<\/blockquote>\n<h3 data-start=\"4796\" data-end=\"4827\"><strong data-start=\"4800\" data-end=\"4827\">T\u00e4rkeimm\u00e4t ominaisuudet<\/strong><\/h3>\n<ul data-start=\"4828\" data-end=\"5309\">\n<li data-start=\"4828\" data-end=\"4898\">\n<p data-start=\"4830\" data-end=\"4898\"><strong data-start=\"4830\" data-end=\"4856\">Eritt\u00e4in puhdas (\u226599%)<\/strong> - Riippumattomasti testattu ja todennettu.<\/p>\n<\/li>\n<li data-start=\"4899\" data-end=\"4986\">\n<p data-start=\"4901\" data-end=\"4986\"><strong data-start=\"4901\" data-end=\"4943\">Precieze Dosering van 2 mg per Blotter<\/strong> \u2013 Voor betrouwbare onderzoeksresultaten.<\/p>\n<\/li>\n<li data-start=\"4987\" data-end=\"5069\">\n<p data-start=\"4989\" data-end=\"5069\"><strong data-start=\"4989\" data-end=\"5025\">Vakaa kemiallinen koostumus<\/strong> - Suunniteltu pitk\u00e4aikaiseen kest\u00e4vyyteen.<\/p>\n<\/li>\n<li data-start=\"5070\" data-end=\"5155\">\n<p data-start=\"5072\" data-end=\"5155\"><strong data-start=\"5072\" data-end=\"5097\">Laboratorion laatu<\/strong> \u2013 Geproduceerd volgens internationale onderzoeksnormen.<\/p>\n<\/li>\n<li data-start=\"5156\" data-end=\"5220\">\n<p data-start=\"5158\" data-end=\"5220\"><strong data-start=\"5158\" data-end=\"5184\">Lichtdichte Verpakking<\/strong> \u2013 Beschermt tegen licht en lucht.<\/p>\n<\/li>\n<li data-start=\"5221\" data-end=\"5309\">\n<p data-start=\"5223\" data-end=\"5309\"><strong data-start=\"5223\" data-end=\"5256\">Vain tutkimusk\u00e4ytt\u00f6\u00f6n<\/strong> \u2013 Uitsluitend voor wetenschappelijke toepassingen.<\/p>\n<\/li>\n<\/ul>\n<h3 data-start=\"5316\" data-end=\"5333\"><strong data-start=\"5320\" data-end=\"5333\">Edut<\/strong><\/h3>\n<ul data-start=\"5334\" data-end=\"5778\">\n<li data-start=\"5334\" data-end=\"5424\">\n<p data-start=\"5336\" data-end=\"5424\"><strong data-start=\"5336\" data-end=\"5372\">Johdonmukaiset tutkimustulokset<\/strong> \u2013 Zorgt voor betrouwbare en reproduceerbare data.<\/p>\n<\/li>\n<li data-start=\"5425\" data-end=\"5499\">\n<p data-start=\"5427\" data-end=\"5499\"><strong data-start=\"5427\" data-end=\"5457\">Chemisch Stabiel en Zuiver<\/strong> \u2013 Vermindert variatie tijdens analyses.<\/p>\n<\/li>\n<li data-start=\"5500\" data-end=\"5595\">\n<p data-start=\"5502\" data-end=\"5595\"><strong data-start=\"5502\" data-end=\"5541\">Ideaal voor Kalibratie en Validatie<\/strong> \u2013 Geschikt voor gecontroleerde vergelijkende tests.<\/p>\n<\/li>\n<li data-start=\"5596\" data-end=\"5701\">\n<p data-start=\"5598\" data-end=\"5701\"><strong data-start=\"5598\" data-end=\"5635\">Eettisesti ja laillisesti tuotettu<\/strong> - Kansainv\u00e4listen turvallisuusohjeiden mukaisesti.<\/p>\n<\/li>\n<li data-start=\"5702\" data-end=\"5778\">\n<p data-start=\"5704\" data-end=\"5778\"><strong data-start=\"5704\" data-end=\"5731\">Tieteellisesti testattu<\/strong> \u2013 Elke batch wordt zorgvuldig gecontroleerd. Pagoclone<\/p>\n<\/li>\n<\/ul>\n<h3 data-start=\"5785\" data-end=\"5800\"><strong data-start=\"5789\" data-end=\"5800\">K\u00e4yt\u00e4<\/strong><\/h3>\n<ol data-start=\"5801\" data-end=\"6217\">\n<li data-start=\"5801\" data-end=\"5898\">\n<p data-start=\"5804\" data-end=\"5898\"><strong data-start=\"5804\" data-end=\"5839\">Vain laboratoriok\u00e4ytt\u00f6\u00f6n<\/strong> \u2013 Gebruik uitsluitend in erkende onderzoeksinstellingen.<\/p>\n<\/li>\n<li data-start=\"5899\" data-end=\"5966\">\n<p data-start=\"5902\" data-end=\"5966\"><strong data-start=\"5902\" data-end=\"5912\">Varastointi<\/strong> - S\u00e4ilyt\u00e4 <strong data-start=\"5929\" data-end=\"5963\">viile\u00e4ss\u00e4, kuivassa ja pime\u00e4ss\u00e4 paikassa<\/strong>.<\/p>\n<\/li>\n<li data-start=\"5967\" data-end=\"6047\">\n<p data-start=\"5970\" data-end=\"6047\"><strong data-start=\"5970\" data-end=\"5987\">Turvallinen ty\u00f6skentely<\/strong> - K\u00e4yt\u00e4 k\u00e4sineit\u00e4, suojalaseja ja laboratoriotakkia.<\/p>\n<\/li>\n<li data-start=\"6048\" data-end=\"6127\">\n<p data-start=\"6051\" data-end=\"6127\"><strong data-start=\"6051\" data-end=\"6063\">Mitat<\/strong> - K\u00e4yt\u00e4 kalibroituja laitteita tarkkoja analyysej\u00e4 varten.<\/p>\n<\/li>\n<li data-start=\"6128\" data-end=\"6217\">\n<p data-start=\"6131\" data-end=\"6217\"><strong data-start=\"6131\" data-end=\"6158\">Turvallisuusvaroitus<\/strong> - Ei sovellu ihmisten tai el\u00e4inten ravinnoksi.<\/p>\n<\/li>\n<\/ol>\n<h3 data-start=\"6224\" data-end=\"6251\"><strong data-start=\"6228\" data-end=\"6251\">Usein kysytyt kysymykset<\/strong><\/h3>\n<p data-start=\"6253\" data-end=\"6420\"><strong data-start=\"6253\" data-end=\"6309\">1. Waarvoor worden 2 mg onderzoeksblotters gebruikt?<\/strong><br data-start=\"6309\" data-end=\"6312\" \/>Ze zijn bedoeld voor <strong data-start=\"6333\" data-end=\"6377\">tieteellinen ja analyyttinen tutkimus<\/strong>, zoals chemische analyses en kalibratie.<\/p>\n<p data-start=\"6422\" data-end=\"6583\"><strong data-start=\"6422\" data-end=\"6490\">2. Kunnen deze blotters buiten een laboratorium worden gebruikt?<\/strong><br data-start=\"6490\" data-end=\"6493\" \/>Ei. N\u00e4m\u00e4 tuotteet ovat <strong data-start=\"6518\" data-end=\"6580\">uitsluitend bedoeld voor professioneel laboratoriumgebruik<\/strong>.<\/p>\n<p data-start=\"6585\" data-end=\"6734\"><strong data-start=\"6585\" data-end=\"6632\">3. Hoe moeten deze blotters worden bewaard?<\/strong><br data-start=\"6632\" data-end=\"6635\" \/>Pid\u00e4 ne heid\u00e4n <strong data-start=\"6652\" data-end=\"6689\">alkuper\u00e4inen, ilmatiivis pakkaus<\/strong> a <strong data-start=\"6697\" data-end=\"6731\">viile\u00e4ss\u00e4, kuivassa ja pime\u00e4ss\u00e4 paikassa<\/strong>.<\/p>\n<h3 data-start=\"6741\" data-end=\"6759\"><strong data-start=\"6745\" data-end=\"6759\">Vastuuvapauslauseke<\/strong><\/h3>\n<p data-start=\"6760\" data-end=\"6992\">T\u00e4m\u00e4 tuote on <strong data-start=\"6775\" data-end=\"6824\">tarkoitettu ainoastaan tutkimustarkoituksiin<\/strong>. <strong data-start=\"6826\" data-end=\"6884\">Ei sovellu ihmisten tai el\u00e4inten ravinnoksi.<\/strong><br data-start=\"6884\" data-end=\"6887\" \/>Ostamalla vahvistat, ett\u00e4 noudatat kaikkia sovellettavia turvallisuus- ja lakis\u00e4\u00e4teisi\u00e4 vaatimuksia.<\/p>\n<h3><span dir=\"auto\" style=\"color: #333333; font-size: 16px; vertical-align: inherit;\"><span dir=\"auto\" style=\"vertical-align: inherit;\">. <\/span><\/span><a style=\"font-size: 16px;\" href=\"https:\/\/researchchemicalshop.eu\/fi\/shop\/iboga-ibogaine\/buy-ibogaine-hcl-online\/\"><span dir=\"auto\" style=\"vertical-align: inherit;\"><span dir=\"auto\" style=\"vertical-align: inherit;\">Osta Ibogaiini HCL <\/span><\/span><\/a><a style=\"font-size: 16px;\" href=\"https:\/\/researchchemicalshop.eu\/fi\/shop\/iboga-ibogaine\/iboga-root-bark\/\"><span dir=\"auto\" style=\"vertical-align: inherit;\"><span dir=\"auto\" style=\"vertical-align: inherit;\">Ibogan juuren kuori <\/span><\/span><\/a><a style=\"font-size: 16px;\" href=\"https:\/\/researchchemicalshop.eu\/fi\/shop\/lysergamides\/1cp-lsd\/\"><span dir=\"auto\" style=\"vertical-align: inherit;\"><span dir=\"auto\" style=\"vertical-align: inherit;\">1cP-LSD 150 MCG Taideteoslaatikot <\/span><\/span><\/a><a style=\"font-size: 16px;\" href=\"https:\/\/researchchemicalshop.eu\/fi\/shop\/pellets\/o-dsmt-50mg-pellets\/\"><span dir=\"auto\" style=\"vertical-align: inherit;\"><span dir=\"auto\" style=\"vertical-align: inherit;\">O-DSMT 50mg pelletit <\/span><\/span><\/a><a style=\"font-size: 16px;\" href=\"https:\/\/researchchemicalshop.eu\/fi\/shop\/lysergamides\/1v-lsd-150-mcg-blotters\/\"><span dir=\"auto\" style=\"vertical-align: inherit;\"><span dir=\"auto\" style=\"vertical-align: inherit;\">1V-LSD 150 MCG Blotters -lappuja<\/span><\/span><\/a><\/h3>","protected":false},"excerpt":{"rendered":"<p>Introductie pagoclone, Onze 2 mg onderzoeksblotters zijn met uiterste precisie ontwikkeld voor analytisch, forensisch en laboratoriumonderzoek. Pagoclone\u00a0Elke blotter wordt geproduceerd<\/p>","protected":false},"featured_media":17053,"comment_status":"closed","ping_status":"closed","template":"","meta":[],"product_brand":[23],"product_cat":[459,460],"product_tag":[22,462,491,492,493,494,929],"class_list":{"0":"post-1611","1":"product","2":"type-product","3":"status-publish","4":"has-post-thumbnail","6":"product_brand-research-chemical","7":"product_cat-overig","8":"product_cat-pagoclone","9":"product_tag-nl","10":"product_tag-pagoclone","11":"product_tag-pagoclone-dosage","12":"product_tag-pagoclone-effects","13":"product_tag-pagoclone-ervaringen","14":"product_tag-pagoclone-experience","15":"product_tag-pagoclone-kopen","17":"first","18":"instock","19":"shipping-taxable","20":"purchasable","21":"product-type-variable"},"_links":{"self":[{"href":"https:\/\/researchchemicalshop.eu\/fi\/wp-json\/wp\/v2\/product\/1611","targetHints":{"allow":["GET"]}}],"collection":[{"href":"https:\/\/researchchemicalshop.eu\/fi\/wp-json\/wp\/v2\/product"}],"about":[{"href":"https:\/\/researchchemicalshop.eu\/fi\/wp-json\/wp\/v2\/types\/product"}],"replies":[{"embeddable":true,"href":"https:\/\/researchchemicalshop.eu\/fi\/wp-json\/wp\/v2\/comments?post=1611"}],"version-history":[{"count":3,"href":"https:\/\/researchchemicalshop.eu\/fi\/wp-json\/wp\/v2\/product\/1611\/revisions"}],"predecessor-version":[{"id":16446,"href":"https:\/\/researchchemicalshop.eu\/fi\/wp-json\/wp\/v2\/product\/1611\/revisions\/16446"}],"wp:featuredmedia":[{"embeddable":true,"href":"https:\/\/researchchemicalshop.eu\/fi\/wp-json\/wp\/v2\/media\/17053"}],"wp:attachment":[{"href":"https:\/\/researchchemicalshop.eu\/fi\/wp-json\/wp\/v2\/media?parent=1611"}],"wp:term":[{"taxonomy":"product_brand","embeddable":true,"href":"https:\/\/researchchemicalshop.eu\/fi\/wp-json\/wp\/v2\/product_brand?post=1611"},{"taxonomy":"product_cat","embeddable":true,"href":"https:\/\/researchchemicalshop.eu\/fi\/wp-json\/wp\/v2\/product_cat?post=1611"},{"taxonomy":"product_tag","embeddable":true,"href":"https:\/\/researchchemicalshop.eu\/fi\/wp-json\/wp\/v2\/product_tag?post=1611"}],"curies":[{"name":"wp","href":"https:\/\/api.w.org\/{rel}","templated":true}]}}