{"id":1608,"date":"2026-02-09T11:57:05","date_gmt":"2026-02-09T11:57:05","guid":{"rendered":"https:\/\/researchchemicalshop.eu\/?post_type=product&#038;p=1608"},"modified":"2026-02-28T17:19:41","modified_gmt":"2026-02-28T17:19:41","slug":"3d-mxe","status":"publish","type":"product","link":"https:\/\/researchchemicalshop.eu\/fi\/tuote\/3d-mxe\/","title":{"rendered":"3D MXE"},"content":{"rendered":"<h3 data-start=\"4005\" data-end=\"4024\"><strong data-start=\"4009\" data-end=\"4024\">Johdanto<\/strong><\/h3>\n<p data-start=\"4025\" data-end=\"4289\"><span class=\"___SBox_4905a-ko_ ___SText_1ifhk-ko_\" data-ui-name=\"Link.Text\">Osta 3d mxe<\/span>, Meid\u00e4n <strong data-start=\"4030\" data-end=\"4057\">40 mg tutkimuspelletit<\/strong> on kehitetty huolellisesti <strong data-start=\"4090\" data-end=\"4146\">tieteellinen, analyyttinen ja rikostekninen tutkimus<\/strong>.<br data-start=\"4147\" data-end=\"4150\" \/>Niit\u00e4 tuotetaan <strong data-start=\"4179\" data-end=\"4217\">tiukat laboratorio-olosuhteet<\/strong> ja tarjota <strong data-start=\"4228\" data-end=\"4286\">tarkat, johdonmukaiset ja toistettavat tulokset<\/strong>.<\/p>\n<p data-start=\"4291\" data-end=\"4480\">Jokainen pelletti sis\u00e4lt\u00e4\u00e4 <strong data-start=\"4309\" data-end=\"4339\">40 mg eritt\u00e4in puhdasta ainetta<\/strong>, valmistetaan seuraavien standardien mukaisesti <strong data-start=\"4361\" data-end=\"4397\">laatu- ja turvallisuusstandardit<\/strong> osoitteeseen <strong data-start=\"4401\" data-end=\"4447\">puhtaus, vakaus ja luotettavuus<\/strong> takuu jokaisessa k\u00e4yt\u00f6ss\u00e4.<\/p>\n<blockquote data-start=\"4481\" data-end=\"4590\">\n<p data-start=\"4483\" data-end=\"4590\">\u26a0\ufe0f <strong data-start=\"4486\" data-end=\"4590\">Tarkoitettu ainoastaan laboratoriok\u00e4ytt\u00f6\u00f6n. Ei sovellu ihmisten tai el\u00e4inten ravinnoksi.<\/strong><\/p>\n<\/blockquote>\n<h3 data-start=\"4597\" data-end=\"4628\"><strong data-start=\"4601\" data-end=\"4628\">T\u00e4rkeimm\u00e4t ominaisuudet<\/strong><\/h3>\n<ul data-start=\"4629\" data-end=\"5110\">\n<li data-start=\"4629\" data-end=\"4699\">\n<p data-start=\"4631\" data-end=\"4699\"><strong data-start=\"4631\" data-end=\"4657\">Eritt\u00e4in puhdas (\u226599%)<\/strong> - Riippumattomasti testattu ja todennettu.<\/p>\n<\/li>\n<li data-start=\"4700\" data-end=\"4785\">\n<p data-start=\"4702\" data-end=\"4785\"><strong data-start=\"4702\" data-end=\"4733\">Tarkka annostus 40 mg<\/strong> - Varmistaa tarkat ja luotettavat analyysit.<\/p>\n<\/li>\n<li data-start=\"4786\" data-end=\"4858\">\n<p data-start=\"4788\" data-end=\"4858\"><strong data-start=\"4788\" data-end=\"4814\">Vakaa koostumus<\/strong> - Suunniteltu pitk\u00e4aikaiseen kest\u00e4vyyteen.<\/p>\n<\/li>\n<li data-start=\"4859\" data-end=\"4944\">\n<p data-start=\"4861\" data-end=\"4944\"><strong data-start=\"4861\" data-end=\"4886\">Laboratorion laatu<\/strong> - Tuotettu kansainv\u00e4listen laatustandardien mukaisesti.<\/p>\n<\/li>\n<li data-start=\"4945\" data-end=\"5018\">\n<p data-start=\"4947\" data-end=\"5018\"><strong data-start=\"4947\" data-end=\"4982\">Turvallinen, ilmatiivis pakkaus<\/strong> - Suojaa kosteudelta ja valolta.<\/p>\n<\/li>\n<li data-start=\"5019\" data-end=\"5110\">\n<p data-start=\"5021\" data-end=\"5110\"><strong data-start=\"5021\" data-end=\"5054\">Vain tutkimusk\u00e4ytt\u00f6\u00f6n<\/strong> - Tarkoitettu ammatilliseen ja analyyttiseen tutkimukseen.<\/p>\n<\/li>\n<\/ul>\n<h3 data-start=\"5117\" data-end=\"5134\"><strong data-start=\"5121\" data-end=\"5134\">Edut<\/strong><\/h3>\n<ul data-start=\"5135\" data-end=\"5567\">\n<li data-start=\"5135\" data-end=\"5218\">\n<p data-start=\"5137\" data-end=\"5218\"><strong data-start=\"5137\" data-end=\"5173\">Luotettavat tutkimustulokset<\/strong> - Toistuvissa tutkimuksissa saadut tiedot ovat johdonmukaisia.<\/p>\n<\/li>\n<li data-start=\"5219\" data-end=\"5309\">\n<p data-start=\"5221\" data-end=\"5309\"><strong data-start=\"5221\" data-end=\"5260\">Tieteellisesti testattu puhtaus<\/strong> - Minimoi vaihtelun kokeiden aikana.<\/p>\n<\/li>\n<li data-start=\"5310\" data-end=\"5391\">\n<p data-start=\"5312\" data-end=\"5391\"><strong data-start=\"5312\" data-end=\"5338\">Pitk\u00e4n aikav\u00e4lin vakaus<\/strong> - S\u00e4ilytt\u00e4\u00e4 kemiallisen koskemattomuuden, kun se s\u00e4ilytet\u00e4\u00e4n asianmukaisesti.<\/p>\n<\/li>\n<li data-start=\"5392\" data-end=\"5472\">\n<p data-start=\"5394\" data-end=\"5472\"><strong data-start=\"5394\" data-end=\"5423\">K\u00e4ytt\u00e4j\u00e4yst\u00e4v\u00e4llinen muoto<\/strong> - Pelletit est\u00e4v\u00e4t h\u00e4vikki\u00e4 ja saastumista.<\/p>\n<\/li>\n<li data-start=\"5473\" data-end=\"5567\">\n<p data-start=\"5475\" data-end=\"5567\"><strong data-start=\"5475\" data-end=\"5512\">Eettisesti ja laillisesti tuotettu<\/strong> - T\u00e4ytt\u00e4\u00e4 kansainv\u00e4liset turvallisuusohjeet.<\/p>\n<\/li>\n<\/ul>\n<h3 data-start=\"5574\" data-end=\"5589\"><strong data-start=\"5578\" data-end=\"5589\">K\u00e4yt\u00e4<\/strong><\/h3>\n<ol data-start=\"5590\" data-end=\"6014\">\n<li data-start=\"5590\" data-end=\"5691\">\n<p data-start=\"5593\" data-end=\"5691\"><strong data-start=\"5593\" data-end=\"5628\">Vain laboratoriok\u00e4ytt\u00f6\u00f6n<\/strong> - K\u00e4ytt\u00f6 vain hyv\u00e4ksytyiss\u00e4 tutkimuslaitoksissa.<\/p>\n<\/li>\n<li data-start=\"5692\" data-end=\"5759\">\n<p data-start=\"5695\" data-end=\"5759\"><strong data-start=\"5695\" data-end=\"5705\">Varastointi<\/strong> - S\u00e4ilyt\u00e4 <strong data-start=\"5722\" data-end=\"5756\">viile\u00e4ss\u00e4, kuivassa ja pime\u00e4ss\u00e4 paikassa<\/strong>.<\/p>\n<\/li>\n<li data-start=\"5760\" data-end=\"5842\">\n<p data-start=\"5763\" data-end=\"5842\"><strong data-start=\"5763\" data-end=\"5780\">Turvallinen ty\u00f6skentely<\/strong> - K\u00e4yt\u00e4 k\u00e4sineit\u00e4, laboratoriotakkia ja suojalaseja.<\/p>\n<\/li>\n<li data-start=\"5843\" data-end=\"5924\">\n<p data-start=\"5846\" data-end=\"5924\"><strong data-start=\"5846\" data-end=\"5858\">Mitat<\/strong> - K\u00e4yt\u00e4 kalibroituja laitteita tarkkojen tulosten saamiseksi.<\/p>\n<\/li>\n<li data-start=\"5925\" data-end=\"6014\">\n<p data-start=\"5928\" data-end=\"6014\"><strong data-start=\"5928\" data-end=\"5955\">Turvallisuusvaroitus<\/strong> - Ei sovellu ihmisten tai el\u00e4inten ravinnoksi.<\/p>\n<\/li>\n<\/ol>\n<h3 data-start=\"6021\" data-end=\"6048\"><strong data-start=\"6025\" data-end=\"6048\">Usein kysytyt kysymykset<\/strong><\/h3>\n<p data-start=\"6050\" data-end=\"6241\"><strong data-start=\"6050\" data-end=\"6106\">1. Mihin 40 mg:n tutkimuspillereit\u00e4 k\u00e4ytet\u00e4\u00e4n?<\/strong><br data-start=\"6106\" data-end=\"6109\" \/>Niit\u00e4 k\u00e4ytet\u00e4\u00e4n <strong data-start=\"6133\" data-end=\"6177\">tieteellinen ja analyyttinen tutkimus<\/strong>, kuten kalibrointi ja valvotut laboratoriokokeet.<\/p>\n<p data-start=\"6243\" data-end=\"6405\"><strong data-start=\"6243\" data-end=\"6310\">2. Voiko n\u00e4it\u00e4 pellettej\u00e4 k\u00e4ytt\u00e4\u00e4 laboratorion ulkopuolella?<\/strong><br data-start=\"6310\" data-end=\"6313\" \/>Ei. N\u00e4m\u00e4 tuotteet ovat <strong data-start=\"6338\" data-end=\"6402\">tarkoitettu yksinomaan ammattimaiseen laboratoriotutkimukseen<\/strong>.<\/p>\n<p data-start=\"6407\" data-end=\"6557\"><strong data-start=\"6407\" data-end=\"6451\">3. Miten pelletit tulisi s\u00e4ilytt\u00e4\u00e4?<\/strong><br data-start=\"6451\" data-end=\"6454\" \/>Pid\u00e4 ne heid\u00e4n <strong data-start=\"6471\" data-end=\"6512\">alkuper\u00e4inen, hyvin suljettu pakkaus<\/strong> a <strong data-start=\"6520\" data-end=\"6554\">viile\u00e4ss\u00e4, kuivassa ja pime\u00e4ss\u00e4 paikassa<\/strong>.<\/p>\n<h3 data-start=\"6564\" data-end=\"6582\"><strong data-start=\"6568\" data-end=\"6582\">Vastuuvapauslauseke<\/strong><\/h3>\n<p data-start=\"6583\" data-end=\"6815\">T\u00e4m\u00e4 tuote on <strong data-start=\"6598\" data-end=\"6647\">tarkoitettu ainoastaan tutkimustarkoituksiin<\/strong>. <strong data-start=\"6649\" data-end=\"6707\">Ei sovellu ihmisten tai el\u00e4inten ravinnoksi.<\/strong><br data-start=\"6707\" data-end=\"6710\" \/>Ostamalla vahvistat, ett\u00e4 noudatat kaikkia sovellettavia turvallisuus- ja lakis\u00e4\u00e4teisi\u00e4 vaatimuksia.<\/p>\n<h1 class=\"ds-markdown-paragraph\"><a style=\"font-size: 16px;\" href=\"https:\/\/researchchemicalshop.eu\/fi\/shop\/lysergamides\/1vlsd\/\"><span dir=\"auto\" style=\"vertical-align: inherit;\"><span dir=\"auto\" style=\"vertical-align: inherit;\">1V-LSD 150 MCG Blotters -lappuja <\/span><\/span><\/a><a style=\"font-size: 16px;\" href=\"https:\/\/researchchemicalshop.eu\/fi\/shop\/pellets\/o-dsmt-50mg-pellets\/\"><span dir=\"auto\" style=\"vertical-align: inherit;\"><span dir=\"auto\" style=\"vertical-align: inherit;\">O-DSMT 50mg pelletit <\/span><\/span><\/a><a style=\"font-size: 16px;\" href=\"https:\/\/researchchemicalshop.eu\/fi\/shop\/lysergamides\/1cp-lsd\/\"><span dir=\"auto\" style=\"vertical-align: inherit;\"><span dir=\"auto\" style=\"vertical-align: inherit;\">1cP-LSD 150 MCG Taideteoslaatikot <\/span><\/span><\/a><a style=\"font-size: 16px;\" href=\"https:\/\/researchchemicalshop.eu\/fi\/shop\/iboga-ibogaine\/buy-ibogaine-hcl-online\/\"><span dir=\"auto\" style=\"vertical-align: inherit;\"><span dir=\"auto\" style=\"vertical-align: inherit;\">Osta Ibogaiini HCL <\/span><\/span><\/a><a style=\"font-size: 16px;\" href=\"https:\/\/researchchemicalshop.eu\/fi\/shop\/iboga-ibogaine\/iboga-root-bark\/\"><span dir=\"auto\" style=\"vertical-align: inherit;\"><span dir=\"auto\" style=\"vertical-align: inherit;\">Ibogan juuren kuori<\/span><\/span><\/a><\/h1>","protected":false},"excerpt":{"rendered":"<h3><span dir=\"auto\" style=\"vertical-align: inherit;\"><span dir=\"auto\" style=\"vertical-align: inherit;\">3D-MXE properties<\/span><\/span><\/h3>\n<p><strong><span dir=\"auto\" style=\"vertical-align: inherit;\"><span dir=\"auto\" style=\"vertical-align: inherit;\">Synonym:<\/span><\/span><\/strong><span dir=\"auto\" style=\"vertical-align: inherit;\"><span dir=\"auto\" style=\"vertical-align: inherit;\"> Deoxymethoxetamine <\/span><\/span><br \/>\n<strong><span dir=\"auto\" style=\"vertical-align: inherit;\"><span dir=\"auto\" style=\"vertical-align: inherit;\">CAS Number:<\/span><\/span><\/strong><span dir=\"auto\" style=\"vertical-align: inherit;\"><span dir=\"auto\" style=\"vertical-align: inherit;\"> 681440-83-5 <\/span><\/span><br \/>\n<strong><span dir=\"auto\" style=\"vertical-align: inherit;\"><span dir=\"auto\" style=\"vertical-align: inherit;\">Formula:<\/span><\/span><\/strong><span dir=\"auto\" style=\"vertical-align: inherit;\"><span dir=\"auto\" style=\"vertical-align: inherit;\"> 5-dehydro-1,3-quinodimethane <\/span><\/span><br \/>\n<strong><span dir=\"auto\" style=\"vertical-align: inherit;\"><span dir=\"auto\" style=\"vertical-align: inherit;\">Molar mass:<\/span><\/span><\/strong><span dir=\"auto\" style=\"vertical-align: inherit;\"><span dir=\"auto\" style=\"vertical-align: inherit;\"> 103.14 g\/mol <\/span><\/span><br \/>\n<strong><span dir=\"auto\" style=\"vertical-align: inherit;\"><span dir=\"auto\" style=\"vertical-align: inherit;\">Purity:<\/span><\/span><\/strong><span dir=\"auto\" style=\"vertical-align: inherit;\"><span dir=\"auto\" style=\"vertical-align: inherit;\"> &gt;97%<\/span><\/span><\/p>","protected":false},"featured_media":16856,"comment_status":"closed","ping_status":"closed","template":"","meta":[],"product_brand":[],"product_cat":[98,122,176,71],"product_tag":[756,757,22],"class_list":{"0":"post-1608","1":"product","2":"type-product","3":"status-publish","4":"has-post-thumbnail","6":"product_cat-arylcyclohexylamines","7":"product_cat-dmxe","8":"product_cat-dmxe-pellets","9":"product_cat-pellets","10":"product_tag-3d-mxe","11":"product_tag-3d-mxe-kopen","12":"product_tag-nl","14":"first","15":"instock","16":"shipping-taxable","17":"purchasable","18":"product-type-variable"},"_links":{"self":[{"href":"https:\/\/researchchemicalshop.eu\/fi\/wp-json\/wp\/v2\/product\/1608","targetHints":{"allow":["GET"]}}],"collection":[{"href":"https:\/\/researchchemicalshop.eu\/fi\/wp-json\/wp\/v2\/product"}],"about":[{"href":"https:\/\/researchchemicalshop.eu\/fi\/wp-json\/wp\/v2\/types\/product"}],"replies":[{"embeddable":true,"href":"https:\/\/researchchemicalshop.eu\/fi\/wp-json\/wp\/v2\/comments?post=1608"}],"version-history":[{"count":4,"href":"https:\/\/researchchemicalshop.eu\/fi\/wp-json\/wp\/v2\/product\/1608\/revisions"}],"predecessor-version":[{"id":16464,"href":"https:\/\/researchchemicalshop.eu\/fi\/wp-json\/wp\/v2\/product\/1608\/revisions\/16464"}],"wp:featuredmedia":[{"embeddable":true,"href":"https:\/\/researchchemicalshop.eu\/fi\/wp-json\/wp\/v2\/media\/16856"}],"wp:attachment":[{"href":"https:\/\/researchchemicalshop.eu\/fi\/wp-json\/wp\/v2\/media?parent=1608"}],"wp:term":[{"taxonomy":"product_brand","embeddable":true,"href":"https:\/\/researchchemicalshop.eu\/fi\/wp-json\/wp\/v2\/product_brand?post=1608"},{"taxonomy":"product_cat","embeddable":true,"href":"https:\/\/researchchemicalshop.eu\/fi\/wp-json\/wp\/v2\/product_cat?post=1608"},{"taxonomy":"product_tag","embeddable":true,"href":"https:\/\/researchchemicalshop.eu\/fi\/wp-json\/wp\/v2\/product_tag?post=1608"}],"curies":[{"name":"wp","href":"https:\/\/api.w.org\/{rel}","templated":true}]}}