{"id":1599,"date":"2026-02-09T11:57:05","date_gmt":"2026-02-09T11:57:05","guid":{"rendered":"https:\/\/researchchemicalshop.eu\/?post_type=product&#038;p=1599"},"modified":"2026-02-27T08:54:45","modified_gmt":"2026-02-27T08:54:45","slug":"4f-mph","status":"publish","type":"product","link":"https:\/\/researchchemicalshop.eu\/fi\/tuote\/4f-mph\/","title":{"rendered":"4F MPH"},"content":{"rendered":"<h3 data-start=\"4015\" data-end=\"4034\"><strong data-start=\"4019\" data-end=\"4034\">Johdanto<\/strong><\/h3>\n<p data-start=\"4035\" data-end=\"4320\"><span class=\"___SBox_4905a-ko_ ___SText_1ifhk-ko_\" data-ui-name=\"Link.Text\">4f mph kopen<\/span>, Meid\u00e4n <strong data-start=\"4040\" data-end=\"4067\">25 mg onderzoekspellets<\/strong> zijn speciaal ontwikkeld voor <strong data-start=\"4098\" data-end=\"4154\">tieteellinen, rikostekninen ja analyyttinen tutkimus<\/strong>. 4f mph kopen<br data-start=\"4155\" data-end=\"4158\" \/>Elke pellet wordt geproduceerd onder <strong data-start=\"4195\" data-end=\"4233\">tiukat laboratorio-olosuhteet<\/strong>, jossa s\u00e4\u00e4det\u00e4\u00e4n <strong data-start=\"4250\" data-end=\"4317\">chemische zuiverheid, stabiliteit en reproduceerbare resultaten<\/strong>.<\/p>\n<p data-start=\"4322\" data-end=\"4457\">Deze pellets zijn ideaal voor <strong data-start=\"4352\" data-end=\"4406\">data-analyse, kalibratie en vergelijkend onderzoek<\/strong>, en voldoen aan internationale kwaliteitsnormen.<\/p>\n<blockquote data-start=\"4459\" data-end=\"4568\">\n<p data-start=\"4461\" data-end=\"4568\">\u26a0\ufe0f <strong data-start=\"4464\" data-end=\"4568\">Tarkoitettu ainoastaan laboratoriok\u00e4ytt\u00f6\u00f6n. Ei sovellu ihmisten tai el\u00e4inten ravinnoksi.<\/strong><\/p>\n<\/blockquote>\n<h3 data-start=\"4575\" data-end=\"4606\"><strong data-start=\"4579\" data-end=\"4606\">T\u00e4rkeimm\u00e4t ominaisuudet<\/strong><\/h3>\n<ul data-start=\"4607\" data-end=\"5104\">\n<li data-start=\"4607\" data-end=\"4677\">\n<p data-start=\"4609\" data-end=\"4677\"><strong data-start=\"4609\" data-end=\"4635\">Eritt\u00e4in puhdas (\u226599%)<\/strong> - Riippumattomasti testattu ja todennettu.<\/p>\n<\/li>\n<li data-start=\"4678\" data-end=\"4765\">\n<p data-start=\"4680\" data-end=\"4765\"><strong data-start=\"4680\" data-end=\"4722\">Precieze Dosering van 25 mg per Pellet<\/strong> \u2013 Voor betrouwbare onderzoeksresultaten.<\/p>\n<\/li>\n<li data-start=\"4766\" data-end=\"4847\">\n<p data-start=\"4768\" data-end=\"4847\"><strong data-start=\"4768\" data-end=\"4804\">Vakaa kemiallinen koostumus<\/strong> - S\u00e4ilytt\u00e4\u00e4 eheyden, kun se s\u00e4ilytet\u00e4\u00e4n asianmukaisesti.<\/p>\n<\/li>\n<li data-start=\"4848\" data-end=\"4933\">\n<p data-start=\"4850\" data-end=\"4933\"><strong data-start=\"4850\" data-end=\"4875\">Laboratorion laatu<\/strong> \u2013 Geproduceerd volgens internationale onderzoeksnormen.<\/p>\n<\/li>\n<li data-start=\"4934\" data-end=\"5013\">\n<p data-start=\"4936\" data-end=\"5013\"><strong data-start=\"4936\" data-end=\"4963\">Suojapakkaukset<\/strong> - Ilmatiivis, kosteudenkest\u00e4v\u00e4 ja valonkest\u00e4v\u00e4.<\/p>\n<\/li>\n<li data-start=\"5014\" data-end=\"5104\">\n<p data-start=\"5016\" data-end=\"5104\"><strong data-start=\"5016\" data-end=\"5049\">Vain tutkimusk\u00e4ytt\u00f6\u00f6n<\/strong> \u2013 Ontworpen voor professioneel analytisch onderzoek.<\/p>\n<\/li>\n<\/ul>\n<h3 data-start=\"5111\" data-end=\"5128\"><strong data-start=\"5115\" data-end=\"5128\">Edut<\/strong><\/h3>\n<ul data-start=\"5129\" data-end=\"5577\">\n<li data-start=\"5129\" data-end=\"5213\">\n<p data-start=\"5131\" data-end=\"5213\"><strong data-start=\"5131\" data-end=\"5157\">Betrouwbare Resultaten<\/strong> \u2013 Voor consistente en reproduceerbare onderzoeksdata.<\/p>\n<\/li>\n<li data-start=\"5214\" data-end=\"5319\">\n<p data-start=\"5216\" data-end=\"5319\"><strong data-start=\"5216\" data-end=\"5254\">Wetenschappelijk Geteste Kwaliteit<\/strong> \u2013 Elke batch wordt gecontroleerd op zuiverheid en stabiliteit.<\/p>\n<\/li>\n<li data-start=\"5320\" data-end=\"5391\">\n<p data-start=\"5322\" data-end=\"5391\"><strong data-start=\"5322\" data-end=\"5348\">Pitk\u00e4n aikav\u00e4lin vakaus<\/strong> \u2013 Ontworpen voor een lange houdbaarheid.<\/p>\n<\/li>\n<li data-start=\"5392\" data-end=\"5484\">\n<p data-start=\"5394\" data-end=\"5484\"><strong data-start=\"5394\" data-end=\"5418\">Eettisesti tuotettu<\/strong> - Kansainv\u00e4listen turvallisuusohjeiden mukaisesti.<\/p>\n<\/li>\n<li data-start=\"5485\" data-end=\"5577\">\n<p data-start=\"5487\" data-end=\"5577\"><strong data-start=\"5487\" data-end=\"5516\">K\u00e4ytt\u00e4j\u00e4yst\u00e4v\u00e4llinen muoto<\/strong> \u2013 Pellets verminderen risico op besmetting en verspilling.<\/p>\n<\/li>\n<\/ul>\n<h3 data-start=\"5584\" data-end=\"5599\"><strong data-start=\"5588\" data-end=\"5599\">K\u00e4yt\u00e4<\/strong><\/h3>\n<ol data-start=\"5600\" data-end=\"6022\">\n<li data-start=\"5600\" data-end=\"5701\">\n<p data-start=\"5603\" data-end=\"5701\"><strong data-start=\"5603\" data-end=\"5638\">Vain laboratoriok\u00e4ytt\u00f6\u00f6n<\/strong> - K\u00e4ytt\u00f6 vain hyv\u00e4ksytyiss\u00e4 tutkimuslaitoksissa.<\/p>\n<\/li>\n<li data-start=\"5702\" data-end=\"5769\">\n<p data-start=\"5705\" data-end=\"5769\"><strong data-start=\"5705\" data-end=\"5715\">Varastointi<\/strong> - S\u00e4ilyt\u00e4 <strong data-start=\"5732\" data-end=\"5766\">viile\u00e4ss\u00e4, kuivassa ja pime\u00e4ss\u00e4 paikassa<\/strong>.<\/p>\n<\/li>\n<li data-start=\"5770\" data-end=\"5852\">\n<p data-start=\"5773\" data-end=\"5852\"><strong data-start=\"5773\" data-end=\"5790\">Turvallinen ty\u00f6skentely<\/strong> \u2013 Gebruik handschoenen, veiligheidsbril en laboratoriumjas.<\/p>\n<\/li>\n<li data-start=\"5853\" data-end=\"5932\">\n<p data-start=\"5856\" data-end=\"5932\"><strong data-start=\"5856\" data-end=\"5868\">Mitat<\/strong> - K\u00e4yt\u00e4 kalibroituja laitteita tarkkoja analyysej\u00e4 varten.<\/p>\n<\/li>\n<li data-start=\"5933\" data-end=\"6022\">\n<p data-start=\"5936\" data-end=\"6022\"><strong data-start=\"5936\" data-end=\"5963\">Turvallisuusvaroitus<\/strong> - Ei sovellu ihmisten tai el\u00e4inten ravinnoksi.<\/p>\n<\/li>\n<\/ol>\n<h3 data-start=\"6029\" data-end=\"6056\"><strong data-start=\"6033\" data-end=\"6056\">Usein kysytyt kysymykset<\/strong><\/h3>\n<p data-start=\"6058\" data-end=\"6236\"><strong data-start=\"6058\" data-end=\"6114\">1. Waarvoor worden 25 mg onderzoekspellets gebruikt?<\/strong><br data-start=\"6114\" data-end=\"6117\" \/>Niit\u00e4 k\u00e4ytet\u00e4\u00e4n <strong data-start=\"6141\" data-end=\"6185\">tieteellinen ja analyyttinen tutkimus<\/strong>, zoals kalibratie en vergelijkende experimenten.<\/p>\n<p data-start=\"6238\" data-end=\"6400\"><strong data-start=\"6238\" data-end=\"6305\">2. Voiko n\u00e4it\u00e4 pellettej\u00e4 k\u00e4ytt\u00e4\u00e4 laboratorion ulkopuolella?<\/strong><br data-start=\"6305\" data-end=\"6308\" \/>Ei. N\u00e4m\u00e4 tuotteet ovat <strong data-start=\"6333\" data-end=\"6397\">tarkoitettu yksinomaan ammattimaiseen laboratoriotutkimukseen<\/strong>.<\/p>\n<p data-start=\"6402\" data-end=\"6548\"><strong data-start=\"6402\" data-end=\"6446\">3. Miten pelletit tulisi s\u00e4ilytt\u00e4\u00e4?<\/strong><br data-start=\"6446\" data-end=\"6449\" \/>Pid\u00e4 ne heid\u00e4n <strong data-start=\"6466\" data-end=\"6503\">alkuper\u00e4inen, ilmatiivis pakkaus<\/strong> a <strong data-start=\"6511\" data-end=\"6545\">viile\u00e4ss\u00e4, kuivassa ja pime\u00e4ss\u00e4 paikassa<\/strong>.<\/p>\n<h3 data-start=\"6555\" data-end=\"6573\"><strong data-start=\"6559\" data-end=\"6573\">Vastuuvapauslauseke<\/strong><\/h3>\n<p data-start=\"6574\" data-end=\"6806\">T\u00e4m\u00e4 tuote on <strong data-start=\"6589\" data-end=\"6638\">tarkoitettu ainoastaan tutkimustarkoituksiin<\/strong>. <strong data-start=\"6640\" data-end=\"6698\">Ei sovellu ihmisten tai el\u00e4inten ravinnoksi.<\/strong><br data-start=\"6698\" data-end=\"6701\" \/>Ostamalla vahvistat, ett\u00e4 noudatat kaikkia sovellettavia turvallisuus- ja lakis\u00e4\u00e4teisi\u00e4 vaatimuksia.<\/p>\n<h3><strong>4F-MPH 25 mg Pellets \u2013 Innovatieve Onderzoeksformule voor Wetenschappelijke Studie<\/strong><\/h3>\n<p>4f mph kopen<\/p>\n<h4><strong>\ud83d\udd2c Productkenmerken:<\/strong><\/h4>\n<ul>\n<li>\n<p class=\"ds-markdown-paragraph\"><strong>Stofnaam:<\/strong>\u00a04F-MPH (4-Fluoromethylfenidaat)<\/p>\n<\/li>\n<li>\n<p class=\"ds-markdown-paragraph\"><strong>Dosering:<\/strong>\u00a025 mg per pellet (consistent en nauwkeurig gedoseerd)<\/p>\n<\/li>\n<li>\n<p class=\"ds-markdown-paragraph\"><strong>Vorm:<\/strong>\u00a0Kleine, gemakkelijk hanteerbare pellets<\/p>\n<\/li>\n<li>\n<p class=\"ds-markdown-paragraph\"><strong>Puhtaus:<\/strong>\u00a0\u226598% (HPLC-getest)<\/p>\n<\/li>\n<li>\n<p class=\"ds-markdown-paragraph\"><strong>Geschikt voor:<\/strong>\u00a0Preklinisch onderzoek, farmacologische studies<\/p>\n<\/li>\n<\/ul>\n<h4><strong>\ud83d\udccc Waarom 4F-MPH Pellets Kopen?<\/strong><\/h4>\n<p class=\"ds-markdown-paragraph\">\u2705\u00a0<strong>Gestandaardiseerde dosering<\/strong>\u00a0\u2013 Elk pellet bevat exact\u00a0<strong>25 mg<\/strong>, ideaal voor reproduceerbare experimenten.<br \/>\n\u2705\u00a0<strong>Gemakkelijke toediening<\/strong>\u00a0\u2013 Pellets zijn praktischer dan poeder voor bepaalde onderzoeksopstellingen.<br \/>\n\u2705\u00a0<strong>Hoogwaardige kwaliteit<\/strong> \u2013 Geoptimaliseerd voor stabiliteit en nauwkeurigheid. 4f mph kopen<\/p>\n<h4><strong>\u26a0\ufe0f Belangrijke Veiligheidsinformatie:<\/strong><\/h4>\n<ul>\n<li>\n<p class=\"ds-markdown-paragraph\"><strong>Alleen voor onderzoeksdoeleinden<\/strong>\u00a0\u2013 Niet voor menselijke of dierlijke consumptie.<\/p>\n<\/li>\n<li>\n<p class=\"ds-markdown-paragraph\"><strong>Lab-veiligheidsprotocol vereist<\/strong>\u00a0\u2013 Gebruik in een gecontroleerde omgeving met PBM (handschoenen, labjas).<\/p>\n<\/li>\n<li>\n<p class=\"ds-markdown-paragraph\"><strong>Buiten bereik van kinderen en dieren houden.<\/strong><\/p>\n<\/li>\n<\/ul>\n<h4><strong>\ud83c\udf21\ufe0f Opslagadvies:<\/strong><\/h4>\n<ul>\n<li>\n<p class=\"ds-markdown-paragraph\">Bewaar in een\u00a0<strong>luchtdichte verpakking<\/strong>, beschermd tegen licht en vocht.<\/p>\n<\/li>\n<li>\n<p class=\"ds-markdown-paragraph\">Ideale temperatuur:\u00a0<strong>2-8\u00b0C (koelkast) voor langdurige opslag<\/strong>, of op kamertemperatuur voor kort gebruik.<\/p>\n<\/li>\n<\/ul>\n<h4><strong>\ud83d\udce6 Verkrijgbaar in:<\/strong><\/h4>\n<ul>\n<li>\n<p class=\"ds-markdown-paragraph\"><strong>10 pellets per verpakking<\/strong>\u00a0(standaard)<\/p>\n<\/li>\n<li>\n<p class=\"ds-markdown-paragraph\"><strong>Optionele bulkbestellingen<\/strong>\u00a0voor onderzoeksinstellingen<\/p>\n<\/li>\n<\/ul>\n<p class=\"ds-markdown-paragraph\"><strong>\ud83d\udeab Wettelijke disclaimer:<\/strong><br \/>\nDit product is uitsluitend bedoeld voor\u00a0<strong>tieteellinen tutkimus<\/strong>\u00a0en valt onder strikte regelgeving. De koper is verantwoordelijk voor naleving van de\u00a0<strong>lokale wetgeving<\/strong>.<\/p>\n<p class=\"ds-markdown-paragraph\"><strong>\ud83d\udca1 Vragen?<\/strong> Neem contact op voor meer details over toepassingen en veilig gebruik in laboratoria. <a href=\"https:\/\/researchchemicalshop.eu\/fi\/shop\/iboga-ibogaine\/buy-ibogaine-hcl-online\/\">Osta Ibogaiini HCL<\/a><a href=\"https:\/\/researchchemicalshop.eu\/fi\/shop\/iboga-ibogaine\/iboga-root-bark\/\">Ibogan juuren kuori<\/a><a href=\"https:\/\/researchchemicalshop.eu\/fi\/shop\/pellets\/o-dsmt-50mg-pellets\/\">O-DSMT 50mg pelletit<\/a><a href=\"https:\/\/researchchemicalshop.eu\/fi\/shop\/lysergamides\/1v-lsd-150-mcg-blotters\/\">1V-LSD 150 MCG Blotters -lappuja<\/a><a href=\"https:\/\/researchchemicalshop.eu\/fi\/shop\/lysergamides\/1cp-lsd\/\">1cP-LSD 150 MCG Taideteoslaatikot<\/a><\/p>","protected":false},"excerpt":{"rendered":"<h3>4F-MPH pellets eigenschappen<\/h3>\n<p><strong>Synoniem<\/strong>: 4-Fluoromethylphenidate<br \/>\n<strong>CAS Nummer<\/strong>: 1354631-33-6<br \/>\n<strong>Formule<\/strong>: methyl 2-(4-fluorophenyl)-2-(piperidin-2-yl)acetate hydrochloride<br \/>\n<strong>Molmassa<\/strong>: 287.8 g\/mol<br \/>\n<strong>Puhtaus<\/strong>: &gt;97%<\/p>","protected":false},"featured_media":16898,"comment_status":"closed","ping_status":"closed","template":"","meta":[],"product_brand":[],"product_cat":[101,286,17,32,71],"product_tag":[92,22],"class_list":{"0":"post-1599","1":"product","2":"type-product","3":"status-publish","4":"has-post-thumbnail","6":"product_cat-4f-mph","7":"product_cat-4f-mph-pellets","8":"product_cat-bijna-verboden","9":"product_cat-gefluoreerden","10":"product_cat-pellets","11":"product_tag-4f-mph","12":"product_tag-nl","14":"first","15":"instock","16":"shipping-taxable","17":"purchasable","18":"product-type-variable"},"_links":{"self":[{"href":"https:\/\/researchchemicalshop.eu\/fi\/wp-json\/wp\/v2\/product\/1599","targetHints":{"allow":["GET"]}}],"collection":[{"href":"https:\/\/researchchemicalshop.eu\/fi\/wp-json\/wp\/v2\/product"}],"about":[{"href":"https:\/\/researchchemicalshop.eu\/fi\/wp-json\/wp\/v2\/types\/product"}],"replies":[{"embeddable":true,"href":"https:\/\/researchchemicalshop.eu\/fi\/wp-json\/wp\/v2\/comments?post=1599"}],"version-history":[{"count":4,"href":"https:\/\/researchchemicalshop.eu\/fi\/wp-json\/wp\/v2\/product\/1599\/revisions"}],"predecessor-version":[{"id":16460,"href":"https:\/\/researchchemicalshop.eu\/fi\/wp-json\/wp\/v2\/product\/1599\/revisions\/16460"}],"wp:featuredmedia":[{"embeddable":true,"href":"https:\/\/researchchemicalshop.eu\/fi\/wp-json\/wp\/v2\/media\/16898"}],"wp:attachment":[{"href":"https:\/\/researchchemicalshop.eu\/fi\/wp-json\/wp\/v2\/media?parent=1599"}],"wp:term":[{"taxonomy":"product_brand","embeddable":true,"href":"https:\/\/researchchemicalshop.eu\/fi\/wp-json\/wp\/v2\/product_brand?post=1599"},{"taxonomy":"product_cat","embeddable":true,"href":"https:\/\/researchchemicalshop.eu\/fi\/wp-json\/wp\/v2\/product_cat?post=1599"},{"taxonomy":"product_tag","embeddable":true,"href":"https:\/\/researchchemicalshop.eu\/fi\/wp-json\/wp\/v2\/product_tag?post=1599"}],"curies":[{"name":"wp","href":"https:\/\/api.w.org\/{rel}","templated":true}]}}