{"id":1571,"date":"2026-02-09T11:56:55","date_gmt":"2026-02-09T11:56:55","guid":{"rendered":"https:\/\/researchchemicalshop.eu\/?post_type=product&#038;p=1571"},"modified":"2026-02-28T17:48:02","modified_gmt":"2026-02-28T17:48:02","slug":"1bz-lsd-200mcg-pelletit","status":"publish","type":"product","link":"https:\/\/researchchemicalshop.eu\/fi\/tuote\/1bz-lsd-200mcg-pelletit\/","title":{"rendered":"1Bz-LSD 200mcg pelletit"},"content":{"rendered":"<h3 data-start=\"4076\" data-end=\"4095\"><strong data-start=\"4080\" data-end=\"4095\">Johdanto<\/strong><\/h3>\n<p data-start=\"4096\" data-end=\"4400\">Meid\u00e4n <strong data-start=\"4101\" data-end=\"4130\">200 mcg tutkimuspelletit<\/strong> on kehitetty <strong data-start=\"4152\" data-end=\"4208\">tieteellinen, rikostekninen ja analyyttinen tutkimus<\/strong> kun tarvitaan \u00e4\u00e4rimm\u00e4ist\u00e4 tarkkuutta.<br data-start=\"4243\" data-end=\"4246\" \/>Jokainen pelletti valmistetaan <strong data-start=\"4282\" data-end=\"4320\">tiukat laboratorio-olosuhteet<\/strong>, jossa s\u00e4\u00e4det\u00e4\u00e4n <strong data-start=\"4337\" data-end=\"4397\">kemiallinen stabiilisuus, toistettavuus ja puhtaus<\/strong>. 1Bz-LSD-pelletit<\/p>\n<p data-start=\"4402\" data-end=\"4545\">Ne ovat ihanteellisia <strong data-start=\"4422\" data-end=\"4476\">kalibrointi, validointi ja vertailutestaus<\/strong>, joka tarjoaa luotettavia tuloksia ammattitutkijoille.<\/p>\n<blockquote data-start=\"4547\" data-end=\"4656\">\n<p data-start=\"4549\" data-end=\"4656\">\u26a0\ufe0f <strong data-start=\"4552\" data-end=\"4656\">Tarkoitettu ainoastaan laboratoriok\u00e4ytt\u00f6\u00f6n. Ei sovellu ihmisten tai el\u00e4inten ravinnoksi.<\/strong><\/p>\n<\/blockquote>\n<hr data-start=\"4658\" data-end=\"4661\" \/>\n<h3 data-start=\"4663\" data-end=\"4694\"><strong data-start=\"4667\" data-end=\"4694\">T\u00e4rkeimm\u00e4t ominaisuudet<\/strong><\/h3>\n<ul data-start=\"4695\" data-end=\"5200\">\n<li data-start=\"4695\" data-end=\"4765\">\n<p data-start=\"4697\" data-end=\"4765\"><strong data-start=\"4697\" data-end=\"4723\">Eritt\u00e4in puhdas (\u226599%)<\/strong> - Riippumattomasti testattu ja todennettu.<\/p>\n<\/li>\n<li data-start=\"4766\" data-end=\"4859\">\n<p data-start=\"4768\" data-end=\"4859\"><strong data-start=\"4768\" data-end=\"4801\">Tarkka annostus 200 mcg:n annoksella<\/strong> - Johdonmukaiset ja luotettavat tutkimustulokset.<\/p>\n<\/li>\n<li data-start=\"4860\" data-end=\"4941\">\n<p data-start=\"4862\" data-end=\"4941\"><strong data-start=\"4862\" data-end=\"4898\">Vakaa kemiallinen koostumus<\/strong> - S\u00e4ilytt\u00e4\u00e4 eheyden, kun se s\u00e4ilytet\u00e4\u00e4n asianmukaisesti.<\/p>\n<\/li>\n<li data-start=\"4942\" data-end=\"5043\">\n<p data-start=\"4944\" data-end=\"5043\"><strong data-start=\"4944\" data-end=\"4969\">Laboratorion laatu<\/strong> - Tuotettu kansainv\u00e4listen laatu- ja turvallisuusstandardien mukaisesti.<\/p>\n<\/li>\n<li data-start=\"5044\" data-end=\"5123\">\n<p data-start=\"5046\" data-end=\"5123\"><strong data-start=\"5046\" data-end=\"5073\">Suojapakkaukset<\/strong> - Ilmatiivis, kosteudenkest\u00e4v\u00e4 ja valonkest\u00e4v\u00e4.<\/p>\n<\/li>\n<li data-start=\"5124\" data-end=\"5200\">\n<p data-start=\"5126\" data-end=\"5200\"><strong data-start=\"5126\" data-end=\"5151\">Ammattimainen k\u00e4ytt\u00f6<\/strong> - Tarkoitettu hyv\u00e4ksytyille tutkimuslaitoksille.<\/p>\n<\/li>\n<\/ul>\n<hr data-start=\"5202\" data-end=\"5205\" \/>\n<h3 data-start=\"5207\" data-end=\"5224\"><strong data-start=\"5211\" data-end=\"5224\">Edut<\/strong><\/h3>\n<ul data-start=\"5225\" data-end=\"5650\">\n<li data-start=\"5225\" data-end=\"5299\">\n<p data-start=\"5227\" data-end=\"5299\"><strong data-start=\"5227\" data-end=\"5263\">Johdonmukaiset tutkimustulokset<\/strong> - Luotettava ja toistettavissa.<\/p>\n<\/li>\n<li data-start=\"5300\" data-end=\"5385\">\n<p data-start=\"5302\" data-end=\"5385\"><strong data-start=\"5302\" data-end=\"5328\">Pitk\u00e4n aikav\u00e4lin vakaus<\/strong> - S\u00e4ilytt\u00e4\u00e4 kemialliset ominaisuudet oikein s\u00e4ilytettyn\u00e4.<\/p>\n<\/li>\n<li data-start=\"5386\" data-end=\"5478\">\n<p data-start=\"5388\" data-end=\"5478\"><strong data-start=\"5388\" data-end=\"5412\">Eettisesti tuotettu<\/strong> - Kansainv\u00e4listen turvallisuusohjeiden mukaisesti.<\/p>\n<\/li>\n<li data-start=\"5479\" data-end=\"5568\">\n<p data-start=\"5481\" data-end=\"5568\"><strong data-start=\"5481\" data-end=\"5508\">Tieteellisesti testattu<\/strong> - Puhtaus, tunnistettavuus ja stabiilisuus tarkastetaan.<\/p>\n<\/li>\n<li data-start=\"5569\" data-end=\"5650\">\n<p data-start=\"5571\" data-end=\"5650\"><strong data-start=\"5571\" data-end=\"5600\">K\u00e4ytt\u00e4j\u00e4yst\u00e4v\u00e4llinen muoto<\/strong> - Pelletit minimoivat saastumisriskin.<\/p>\n<\/li>\n<\/ul>\n<hr data-start=\"5652\" data-end=\"5655\" \/>\n<h3 data-start=\"5657\" data-end=\"5672\"><strong data-start=\"5661\" data-end=\"5672\">K\u00e4yt\u00e4<\/strong><\/h3>\n<ol data-start=\"5673\" data-end=\"6082\">\n<li data-start=\"5673\" data-end=\"5774\">\n<p data-start=\"5676\" data-end=\"5774\"><strong data-start=\"5676\" data-end=\"5711\">Vain laboratoriok\u00e4ytt\u00f6\u00f6n<\/strong> - K\u00e4ytt\u00f6 vain hyv\u00e4ksytyiss\u00e4 tutkimuslaitoksissa.<\/p>\n<\/li>\n<li data-start=\"5775\" data-end=\"5842\">\n<p data-start=\"5778\" data-end=\"5842\"><strong data-start=\"5778\" data-end=\"5788\">Varastointi<\/strong> - S\u00e4ilyt\u00e4 <strong data-start=\"5805\" data-end=\"5839\">viile\u00e4ss\u00e4, kuivassa ja pime\u00e4ss\u00e4 paikassa<\/strong>.<\/p>\n<\/li>\n<li data-start=\"5843\" data-end=\"5923\">\n<p data-start=\"5846\" data-end=\"5923\"><strong data-start=\"5846\" data-end=\"5863\">Turvallinen ty\u00f6skentely<\/strong> - K\u00e4yt\u00e4 k\u00e4sineit\u00e4, suojalaseja ja laboratoriotakkia.<\/p>\n<\/li>\n<li data-start=\"5924\" data-end=\"6003\">\n<p data-start=\"5927\" data-end=\"6003\"><strong data-start=\"5927\" data-end=\"5939\">Mitat<\/strong> - K\u00e4yt\u00e4 kalibroituja laitteita tarkkoja analyysej\u00e4 varten.<\/p>\n<\/li>\n<li data-start=\"6004\" data-end=\"6082\">\n<p data-start=\"6007\" data-end=\"6082\"><strong data-start=\"6007\" data-end=\"6023\">Varoitus<\/strong> - Ei sovellu ihmisten tai el\u00e4inten ravinnoksi.<\/p>\n<\/li>\n<\/ol>\n<hr data-start=\"6084\" data-end=\"6087\" \/>\n<h3 data-start=\"6089\" data-end=\"6116\"><strong data-start=\"6093\" data-end=\"6116\">Usein kysytyt kysymykset<\/strong><\/h3>\n<p data-start=\"6118\" data-end=\"6305\"><strong data-start=\"6118\" data-end=\"6176\">1. Mihin 200 mcg:n tutkimuspellettej\u00e4 k\u00e4ytet\u00e4\u00e4n?<\/strong><br data-start=\"6176\" data-end=\"6179\" \/>Niit\u00e4 k\u00e4ytet\u00e4\u00e4n <strong data-start=\"6203\" data-end=\"6247\">tieteellinen ja analyyttinen tutkimus<\/strong>, kuten kalibrointi- ja vertailulaboratoriotutkimukset.<\/p>\n<p data-start=\"6307\" data-end=\"6469\"><strong data-start=\"6307\" data-end=\"6374\">2. Voiko n\u00e4it\u00e4 pellettej\u00e4 k\u00e4ytt\u00e4\u00e4 laboratorion ulkopuolella?<\/strong><br data-start=\"6374\" data-end=\"6377\" \/>Ei. N\u00e4m\u00e4 tuotteet ovat <strong data-start=\"6402\" data-end=\"6466\">tarkoitettu yksinomaan ammattimaiseen laboratoriotutkimukseen<\/strong>.<\/p>\n<p data-start=\"6471\" data-end=\"6617\"><strong data-start=\"6471\" data-end=\"6515\">3. Miten pelletit tulisi s\u00e4ilytt\u00e4\u00e4?<\/strong><br data-start=\"6515\" data-end=\"6518\" \/>Pid\u00e4 ne heid\u00e4n <strong data-start=\"6535\" data-end=\"6572\">alkuper\u00e4inen, ilmatiivis pakkaus<\/strong> a <strong data-start=\"6580\" data-end=\"6614\">viile\u00e4ss\u00e4, kuivassa ja pime\u00e4ss\u00e4 paikassa<\/strong>.<\/p>\n<hr data-start=\"6619\" data-end=\"6622\" \/>\n<h3 data-start=\"6624\" data-end=\"6642\"><strong data-start=\"6628\" data-end=\"6642\">Vastuuvapauslauseke<\/strong><\/h3>\n<p data-start=\"6643\" data-end=\"6875\">T\u00e4m\u00e4 tuote on <strong data-start=\"6658\" data-end=\"6707\">tarkoitettu ainoastaan tutkimustarkoituksiin<\/strong>. <strong data-start=\"6709\" data-end=\"6767\">Ei sovellu ihmisten tai el\u00e4inten ravinnoksi.<\/strong><br data-start=\"6767\" data-end=\"6770\" \/>Ostamalla vahvistat, ett\u00e4 noudatat kaikkia sovellettavia turvallisuus- ja lakis\u00e4\u00e4teisi\u00e4 vaatimuksia.<\/p>\n<h3><strong><span dir=\"auto\" style=\"vertical-align: inherit;\"><span dir=\"auto\" style=\"vertical-align: inherit;\">1B-LSD 200mcg Pelletit - Premium Research Chemical tieteelliseen analyysiin tarkoitetut kemikaalit.<\/span><\/span><\/strong><\/h3>\n<h4><strong><span dir=\"auto\" style=\"vertical-align: inherit;\"><span dir=\"auto\" style=\"vertical-align: inherit;\">Mik\u00e4 on 1B-LSD?<\/span><\/span><\/strong><\/h4>\n<p class=\"ds-markdown-paragraph\"><span dir=\"auto\" style=\"vertical-align: inherit;\"><span dir=\"auto\" style=\"vertical-align: inherit;\">1B-LSD (1-Butanoyyli-lysergihappodietyyliamidi) on\u00a0 <\/span><\/span><strong><span dir=\"auto\" style=\"vertical-align: inherit;\"><span dir=\"auto\" style=\"vertical-align: inherit;\">tutkimuskemikaali<\/span><\/span><\/strong><span dir=\"auto\" style=\"vertical-align: inherit;\"><span dir=\"auto\" style=\"vertical-align: inherit;\"> \u00a0rakenteellisesti sukua LSD:lle. T\u00e4t\u00e4 ainetta k\u00e4ytet\u00e4\u00e4n yksinomaan\u00a0 <\/span><\/span><strong><span dir=\"auto\" style=\"vertical-align: inherit;\"><span dir=\"auto\" style=\"vertical-align: inherit;\">tieteellisiin tarkoituksiin<\/span><\/span><\/strong><span dir=\"auto\" style=\"vertical-align: inherit;\"><span dir=\"auto\" style=\"vertical-align: inherit;\"> , mukaan lukien serotonergisten j\u00e4rjestelmien farmakologinen tutkimus ja tietoisuustutkimukset.<\/span><\/span><\/p>\n<p class=\"ds-markdown-paragraph\"><span dir=\"auto\" style=\"vertical-align: inherit;\"><span dir=\"auto\" style=\"vertical-align: inherit;\">Meid\u00e4n\u00a0 <\/span><\/span><strong><span dir=\"auto\" style=\"vertical-align: inherit;\"><span dir=\"auto\" style=\"vertical-align: inherit;\">1B-LSD 200mcg pelletit<\/span><\/span><\/strong><span dir=\"auto\" style=\"vertical-align: inherit;\"><span dir=\"auto\" style=\"vertical-align: inherit;\"> \u00a0uhrata\u00a0 <\/span><\/span><strong><span dir=\"auto\" style=\"vertical-align: inherit;\"><span dir=\"auto\" style=\"vertical-align: inherit;\">tarkka mikroannostelu<\/span><\/span><\/strong><span dir=\"auto\" style=\"vertical-align: inherit;\"><span dir=\"auto\" style=\"vertical-align: inherit;\"> , ihanteellinen valvottuihin kokeisiin tutkimusymp\u00e4rist\u00f6iss\u00e4.<\/span><\/span><\/p>\n<hr \/>\n<h3><strong><span dir=\"auto\" style=\"vertical-align: inherit;\"><span dir=\"auto\" style=\"vertical-align: inherit;\">Tuotteen ominaisuudet:<\/span><\/span><\/strong><\/h3>\n<p class=\"ds-markdown-paragraph\">\u2705\u00a0<strong><span dir=\"auto\" style=\"vertical-align: inherit;\"><span dir=\"auto\" style=\"vertical-align: inherit;\">Eritt\u00e4in tarkka annostelu<\/span><\/span><\/strong><span dir=\"auto\" style=\"vertical-align: inherit;\"><span dir=\"auto\" style=\"vertical-align: inherit;\"> \u00a0- Jokainen pelletti sis\u00e4lt\u00e4\u00e4 t\u00e4sm\u00e4lleen\u00a0 <\/span><\/span><strong><span dir=\"auto\" style=\"vertical-align: inherit;\"><span dir=\"auto\" style=\"vertical-align: inherit;\">200 mikrogrammaa (0,2 mg) 1B-LSD:t\u00e4. <\/span><\/span><\/strong><br \/>\n\u2705\u00a0<strong><span dir=\"auto\" style=\"vertical-align: inherit;\"><span dir=\"auto\" style=\"vertical-align: inherit;\">Analyyttinen laatu<\/span><\/span><\/strong><span dir=\"auto\" style=\"vertical-align: inherit;\"><span dir=\"auto\" style=\"vertical-align: inherit;\"> \u00a0- HPLC-puhdistettu optimaalisia tutkimustuloksia varten <\/span><\/span><br \/>\n\u2705\u00a0<strong><span dir=\"auto\" style=\"vertical-align: inherit;\"><span dir=\"auto\" style=\"vertical-align: inherit;\">Vakaa koostumus<\/span><\/span><\/strong><span dir=\"auto\" style=\"vertical-align: inherit;\"><span dir=\"auto\" style=\"vertical-align: inherit;\"> \u00a0- Erikoispinnoite pident\u00e4\u00e4 s\u00e4ilyvyytt\u00e4 <\/span><\/span><br \/>\n\u2705\u00a0<strong><span dir=\"auto\" style=\"vertical-align: inherit;\"><span dir=\"auto\" style=\"vertical-align: inherit;\">Soveltuu neurokemialliseen tutkimukseen<\/span><\/span><\/strong><span dir=\"auto\" style=\"vertical-align: inherit;\"><span dir=\"auto\" style=\"vertical-align: inherit;\"> \u00a0- Mahdollinen k\u00e4ytt\u00f6 reseptoritutkimuksissa<\/span><\/span><\/p>\n<hr \/>\n<h3><strong><span dir=\"auto\" style=\"vertical-align: inherit;\"><span dir=\"auto\" style=\"vertical-align: inherit;\">Mahdolliset tutkimussovellukset:<\/span><\/span><\/strong><\/h3>\n<ul>\n<li>\n<p class=\"ds-markdown-paragraph\"><strong><span dir=\"auto\" style=\"vertical-align: inherit;\"><span dir=\"auto\" style=\"vertical-align: inherit;\">Neurofarmakologia<\/span><\/span><\/strong><span dir=\"auto\" style=\"vertical-align: inherit;\"><span dir=\"auto\" style=\"vertical-align: inherit;\"> \u00a0- 5-HT2A-reseptorin vuorovaikutusten tutkimus<\/span><\/span><\/p>\n<\/li>\n<li>\n<p class=\"ds-markdown-paragraph\"><strong><span dir=\"auto\" style=\"vertical-align: inherit;\"><span dir=\"auto\" style=\"vertical-align: inherit;\">Kognitiotiede<\/span><\/span><\/strong><span dir=\"auto\" style=\"vertical-align: inherit;\"><span dir=\"auto\" style=\"vertical-align: inherit;\"> \u00a0- Havaintomuutoksia koskeva tutkimus<\/span><\/span><\/p>\n<\/li>\n<li>\n<p class=\"ds-markdown-paragraph\"><strong><span dir=\"auto\" style=\"vertical-align: inherit;\"><span dir=\"auto\" style=\"vertical-align: inherit;\">Vertailevat analyysit<\/span><\/span><\/strong><span dir=\"auto\" style=\"vertical-align: inherit;\"><span dir=\"auto\" style=\"vertical-align: inherit;\"> \u00a0- Arviointi klassisia psykedeelej\u00e4 (LSD, 1P-LSD) vastaan.<\/span><\/span><\/p>\n<\/li>\n<li>\n<p class=\"ds-markdown-paragraph\"><strong><span dir=\"auto\" style=\"vertical-align: inherit;\"><span dir=\"auto\" style=\"vertical-align: inherit;\">Mikroannostelututkimukset<\/span><\/span><\/strong><span dir=\"auto\" style=\"vertical-align: inherit;\"><span dir=\"auto\" style=\"vertical-align: inherit;\"> \u00a0- Vaikutukset luovuuteen ja kognitiiviseen joustavuuteen<\/span><\/span><\/p>\n<\/li>\n<\/ul>\n<hr \/>\n<h3><strong><span dir=\"auto\" style=\"vertical-align: inherit;\"><span dir=\"auto\" style=\"vertical-align: inherit;\">Turvallisuusprotokolla ja k\u00e4ytt\u00f6ohjeet:<\/span><\/span><\/strong><\/h3>\n<p class=\"ds-markdown-paragraph\">\u26a0\u00a0<strong><span dir=\"auto\" style=\"vertical-align: inherit;\"><span dir=\"auto\" style=\"vertical-align: inherit;\">Ainoastaan tutkimusk\u00e4ytt\u00f6\u00f6n<\/span><\/span><\/strong><span dir=\"auto\" style=\"vertical-align: inherit;\"><span dir=\"auto\" style=\"vertical-align: inherit;\"> \u00a0- Ei k\u00e4ytt\u00f6\u00e4 ihmisille tai el\u00e4imille <\/span><\/span><br \/>\n\u26a0\u00a0<strong><span dir=\"auto\" style=\"vertical-align: inherit;\"><span dir=\"auto\" style=\"vertical-align: inherit;\">Olennaiset varotoimenpiteet:<\/span><\/span><\/strong><\/p>\n<ul>\n<li>\n<p class=\"ds-markdown-paragraph\"><strong><span dir=\"auto\" style=\"vertical-align: inherit;\"><span dir=\"auto\" style=\"vertical-align: inherit;\">200mcg = vahva tutkimusannos<\/span><\/span><\/strong><span dir=\"auto\" style=\"vertical-align: inherit;\"><span dir=\"auto\" style=\"vertical-align: inherit;\"> \u00a0- Pienempi\u00e4 annoksia (50-100mcg) suositellaan alustavaa tutkimusta varten.<\/span><\/span><\/p>\n<\/li>\n<li>\n<p class=\"ds-markdown-paragraph\"><strong><span dir=\"auto\" style=\"vertical-align: inherit;\"><span dir=\"auto\" style=\"vertical-align: inherit;\">V\u00e4lt\u00e4 yhdistelm\u00e4\u00e4<\/span><\/span><\/strong><span dir=\"auto\" style=\"vertical-align: inherit;\"><span dir=\"auto\" style=\"vertical-align: inherit;\"> \u00a0MAO:n est\u00e4jien, stimulanttien tai muiden serotonergisten aineiden kanssa.<\/span><\/span><\/p>\n<\/li>\n<li>\n<p class=\"ds-markdown-paragraph\"><strong><span dir=\"auto\" style=\"vertical-align: inherit;\"><span dir=\"auto\" style=\"vertical-align: inherit;\">Ty\u00f6skentele aina valvotuissa olosuhteissa<\/span><\/span><\/strong><span dir=\"auto\" style=\"vertical-align: inherit;\"><span dir=\"auto\" style=\"vertical-align: inherit;\"> \u00a0- Mahdolliset visuaaliset\/henkiset vaikutukset<\/span><\/span><\/p>\n<\/li>\n<li>\n<p class=\"ds-markdown-paragraph\"><strong><span dir=\"auto\" style=\"vertical-align: inherit;\"><span dir=\"auto\" style=\"vertical-align: inherit;\">Pakolliset reagenssitestit<\/span><\/span><\/strong><span dir=\"auto\" style=\"vertical-align: inherit;\"><span dir=\"auto\" style=\"vertical-align: inherit;\"> \u00a0- Ehrlichin, Hofmannin ja Marquis'n verifiointitestit<\/span><\/span><\/p>\n<\/li>\n<\/ul>\n<hr \/>\n<h3><strong><span dir=\"auto\" style=\"vertical-align: inherit;\"><span dir=\"auto\" style=\"vertical-align: inherit;\">Oikeudellinen asema (2024):<\/span><\/span><\/strong><\/h3>\n<ul>\n<li>\n<p class=\"ds-markdown-paragraph\"><strong><span dir=\"auto\" style=\"vertical-align: inherit;\"><span dir=\"auto\" style=\"vertical-align: inherit;\">Ei s\u00e4\u00e4nnelty<\/span><\/span><\/strong><span dir=\"auto\" style=\"vertical-align: inherit;\"><span dir=\"auto\" style=\"vertical-align: inherit;\"> \u00a0joissakin maissa tutkimuskemikaalina<\/span><\/span><\/p>\n<\/li>\n<li>\n<p class=\"ds-markdown-paragraph\"><strong><span dir=\"auto\" style=\"vertical-align: inherit;\"><span dir=\"auto\" style=\"vertical-align: inherit;\">Kielletty<\/span><\/span><\/strong><span dir=\"auto\" style=\"vertical-align: inherit;\"><span dir=\"auto\" style=\"vertical-align: inherit;\"> \u00a0tietyill\u00e4 laink\u00e4ytt\u00f6alueilla (esim. Saksa, Sveitsi).<\/span><\/span><\/p>\n<\/li>\n<li>\n<p class=\"ds-markdown-paragraph\"><strong><span dir=\"auto\" style=\"vertical-align: inherit;\"><span dir=\"auto\" style=\"vertical-align: inherit;\">Ei ole tarkoitettu ihmisravinnoksi<\/span><\/span><\/strong><\/p>\n<\/li>\n<\/ul>\n<hr \/>\n<h3><strong><span dir=\"auto\" style=\"vertical-align: inherit;\"><span dir=\"auto\" style=\"vertical-align: inherit;\">Miksi meid\u00e4n 1B-LSD-pelletit?<\/span><\/span><\/strong><\/h3>\n<p class=\"ds-markdown-paragraph\">\ud83d\udd2c\u00a0<strong><span dir=\"auto\" style=\"vertical-align: inherit;\"><span dir=\"auto\" style=\"vertical-align: inherit;\">Tieteellinen laadunvarmistus<\/span><\/span><\/strong><span dir=\"auto\" style=\"vertical-align: inherit;\"><span dir=\"auto\" style=\"vertical-align: inherit;\"> \u00a0- Massaspektrometria Todennettu <\/span><\/span><br \/>\n\ud83d\udce6\u00a0<strong><span dir=\"auto\" style=\"vertical-align: inherit;\"><span dir=\"auto\" style=\"vertical-align: inherit;\">Kevyt ja ilmatiivis pakkaus<\/span><\/span><\/strong><span dir=\"auto\" style=\"vertical-align: inherit;\"><span dir=\"auto\" style=\"vertical-align: inherit;\"> \u00a0- L\u00e4pipainopakkaus optimaalisen suojan takaamiseksi <\/span><\/span><br \/>\n\ud83d\udcda\u00a0<strong><span dir=\"auto\" style=\"vertical-align: inherit;\"><span dir=\"auto\" style=\"vertical-align: inherit;\">Tutkimusasiakirjat<\/span><\/span><\/strong><span dir=\"auto\" style=\"vertical-align: inherit;\"><span dir=\"auto\" style=\"vertical-align: inherit;\"> \u00a0- T\u00e4ydelliset analyyttiset todistukset saatavilla<\/span><\/span><\/p>\n<hr \/>\n<h3><strong><span dir=\"auto\" style=\"vertical-align: inherit;\"><span dir=\"auto\" style=\"vertical-align: inherit;\">Kriittiset varastointiolosuhteet:<\/span><\/span><\/strong><\/h3>\n<ul>\n<li>\n<p class=\"ds-markdown-paragraph\"><strong><span dir=\"auto\" style=\"vertical-align: inherit;\"><span dir=\"auto\" style=\"vertical-align: inherit;\">L\u00e4mp\u00f6tilaohjattu<\/span><\/span><\/strong><span dir=\"auto\" style=\"vertical-align: inherit;\"><span dir=\"auto\" style=\"vertical-align: inherit;\"> : 2-8\u00b0C (j\u00e4\u00e4kaapissa) pitk\u00e4aikaiseen s\u00e4ilytykseen.<\/span><\/span><\/p>\n<\/li>\n<li>\n<p class=\"ds-markdown-paragraph\"><strong><span dir=\"auto\" style=\"vertical-align: inherit;\"><span dir=\"auto\" style=\"vertical-align: inherit;\">Kosteussuojaus<\/span><\/span><\/strong><span dir=\"auto\" style=\"vertical-align: inherit;\"><span dir=\"auto\" style=\"vertical-align: inherit;\"> : K\u00e4yt\u00e4 s\u00e4ilytysastioissa silikageeli\u00e4<\/span><\/span><\/p>\n<\/li>\n<li>\n<p class=\"ds-markdown-paragraph\"><strong><span dir=\"auto\" style=\"vertical-align: inherit;\"><span dir=\"auto\" style=\"vertical-align: inherit;\">Valosuojaus<\/span><\/span><\/strong><span dir=\"auto\" style=\"vertical-align: inherit;\"><span dir=\"auto\" style=\"vertical-align: inherit;\"> : S\u00e4ilyt\u00e4 aina alkuper\u00e4isess\u00e4 meripihkapakkauksessa.<\/span><\/span><\/p>\n<\/li>\n<\/ul>\n<hr \/>\n<h3><strong><span dir=\"auto\" style=\"vertical-align: inherit;\"><span dir=\"auto\" style=\"vertical-align: inherit;\">T\u00e4rkeit\u00e4 tutkimuksen rajoituksia:<\/span><\/span><\/strong><\/h3>\n<ul>\n<li>\n<p class=\"ds-markdown-paragraph\"><strong><span dir=\"auto\" style=\"vertical-align: inherit;\"><span dir=\"auto\" style=\"vertical-align: inherit;\">Ei kliinist\u00e4 sovellusta<\/span><\/span><\/strong><span dir=\"auto\" style=\"vertical-align: inherit;\"><span dir=\"auto\" style=\"vertical-align: inherit;\"> \u00a0- Puhtaasti in vitro -tutkimuksia varten<\/span><\/span><\/p>\n<\/li>\n<li>\n<p class=\"ds-markdown-paragraph\"><strong><span dir=\"auto\" style=\"vertical-align: inherit;\"><span dir=\"auto\" style=\"vertical-align: inherit;\">V\u00e4lt\u00e4 pitk\u00e4aikaista altistumista<\/span><\/span><\/strong><span dir=\"auto\" style=\"vertical-align: inherit;\"><span dir=\"auto\" style=\"vertical-align: inherit;\"> \u00a0- Herkk\u00e4 valohajoavuudelle<\/span><\/span><\/p>\n<\/li>\n<li>\n<p class=\"ds-markdown-paragraph\"><strong><span dir=\"auto\" style=\"vertical-align: inherit;\"><span dir=\"auto\" style=\"vertical-align: inherit;\">Tiukka p\u00e4\u00e4synvalvonta<\/span><\/span><\/strong><span dir=\"auto\" style=\"vertical-align: inherit;\"><span dir=\"auto\" style=\"vertical-align: inherit;\"> - Vain p\u00e4teville tutkijoille. <\/span><\/span><a href=\"https:\/\/researchchemicalshop.eu\/fi\/shop\/iboga-ibogaine\/iboga-root-bark\/\"><span dir=\"auto\" style=\"vertical-align: inherit;\"><span dir=\"auto\" style=\"vertical-align: inherit;\">Ibogan juuren kuori<\/span><\/span><\/a><a href=\"https:\/\/researchchemicalshop.eu\/fi\/shop\/iboga-ibogaine\/buy-ibogaine-hcl-online\/\"><span dir=\"auto\" style=\"vertical-align: inherit;\"><span dir=\"auto\" style=\"vertical-align: inherit;\">ostaa ibogaiini hcl verkossa<\/span><\/span><\/a><a href=\"https:\/\/researchchemicalshop.eu\/fi\/shop\/lysergamides\/1cp-lsd\/\"><span dir=\"auto\" style=\"vertical-align: inherit;\"><span dir=\"auto\" style=\"vertical-align: inherit;\">1cp lsd <\/span><\/span><\/a><a href=\"https:\/\/researchchemicalshop.eu\/fi\/shop\/pellets-for-pellet\/o-dsmt-50mg-pellets\/\"><span dir=\"auto\" style=\"vertical-align: inherit;\"><span dir=\"auto\" style=\"vertical-align: inherit;\">o-dsmt <\/span><\/span><\/a><a href=\"https:\/\/researchchemicalshop.eu\/fi\/shop\/lysergamides\/1vlsd\/\"><span dir=\"auto\" style=\"vertical-align: inherit;\"><span dir=\"auto\" style=\"vertical-align: inherit;\">1vlsd<\/span><\/span><\/a><\/p>\n<\/li>\n<\/ul>","protected":false},"excerpt":{"rendered":"<p><strong><span dir=\"auto\" style=\"vertical-align: inherit;\"><span dir=\"auto\" style=\"vertical-align: inherit;\">1Bz-LSD 200mcg Pellets<\/span><\/span><\/strong><\/p>\n<p><strong><span dir=\"auto\" style=\"vertical-align: inherit;\"><span dir=\"auto\" style=\"vertical-align: inherit;\">Synonym<\/span><\/span><\/strong><span dir=\"auto\" style=\"vertical-align: inherit;\"><span dir=\"auto\" style=\"vertical-align: inherit;\"> : n\/a <\/span><\/span><br \/>\n<strong><span dir=\"auto\" style=\"vertical-align: inherit;\"><span dir=\"auto\" style=\"vertical-align: inherit;\">CAS Number<\/span><\/span><\/strong><span dir=\"auto\" style=\"vertical-align: inherit;\"><span dir=\"auto\" style=\"vertical-align: inherit;\"> : n\/a <\/span><\/span><br \/>\n<b><span dir=\"auto\" style=\"vertical-align: inherit;\"><span dir=\"auto\" style=\"vertical-align: inherit;\">IUPAC:<\/span><\/span><\/b><span dir=\"auto\" style=\"vertical-align: inherit;\"><span dir=\"auto\" style=\"vertical-align: inherit;\"> (6aR,9R)-4-benzoyl-N,N-diethyl-7-methyl-4,6,6a,7,8,9-hexahydroindolo[4,3-fg]quinoline-9-carboxamide hemitartrate <\/span><\/span><br \/>\n<strong><span dir=\"auto\" style=\"vertical-align: inherit;\"><span dir=\"auto\" style=\"vertical-align: inherit;\">Molar mass<\/span><\/span><\/strong><span dir=\"auto\" style=\"vertical-align: inherit;\"><span dir=\"auto\" style=\"vertical-align: inherit;\"> : 427.23 g\/mol <\/span><\/span><br \/>\n<strong><span dir=\"auto\" style=\"vertical-align: inherit;\"><span dir=\"auto\" style=\"vertical-align: inherit;\">Purity<\/span><\/span><\/strong><span dir=\"auto\" style=\"vertical-align: inherit;\"><span dir=\"auto\" style=\"vertical-align: inherit;\"> : &gt;99%<\/span><\/span><\/p>\n","protected":false},"featured_media":16805,"comment_status":"closed","ping_status":"closed","template":"","meta":[],"product_brand":[23],"product_cat":[722,723,46,71],"product_tag":[724,725,726,938,727,728,729],"class_list":{"0":"post-1571","1":"product","2":"type-product","3":"status-publish","4":"has-post-thumbnail","6":"product_brand-research-chemical","7":"product_cat-1bz-lsd","8":"product_cat-1bz-lsd-pellets","9":"product_cat-lysergamides","10":"product_cat-pellets","11":"product_tag-1-benzoyl-lsd","12":"product_tag-1bz-lsd","13":"product_tag-1bz-lsd-10mcg","14":"product_tag-1bz-lsd-200mcg-pellets","15":"product_tag-1bz-lsd-microdose","16":"product_tag-1bz-lsd-pellets","17":"product_tag-microdosing-1bz-lsd","19":"first","20":"instock","21":"shipping-taxable","22":"purchasable","23":"product-type-variable"},"_links":{"self":[{"href":"https:\/\/researchchemicalshop.eu\/fi\/wp-json\/wp\/v2\/product\/1571","targetHints":{"allow":["GET"]}}],"collection":[{"href":"https:\/\/researchchemicalshop.eu\/fi\/wp-json\/wp\/v2\/product"}],"about":[{"href":"https:\/\/researchchemicalshop.eu\/fi\/wp-json\/wp\/v2\/types\/product"}],"replies":[{"embeddable":true,"href":"https:\/\/researchchemicalshop.eu\/fi\/wp-json\/wp\/v2\/comments?post=1571"}],"version-history":[{"count":1,"href":"https:\/\/researchchemicalshop.eu\/fi\/wp-json\/wp\/v2\/product\/1571\/revisions"}],"predecessor-version":[{"id":16483,"href":"https:\/\/researchchemicalshop.eu\/fi\/wp-json\/wp\/v2\/product\/1571\/revisions\/16483"}],"wp:featuredmedia":[{"embeddable":true,"href":"https:\/\/researchchemicalshop.eu\/fi\/wp-json\/wp\/v2\/media\/16805"}],"wp:attachment":[{"href":"https:\/\/researchchemicalshop.eu\/fi\/wp-json\/wp\/v2\/media?parent=1571"}],"wp:term":[{"taxonomy":"product_brand","embeddable":true,"href":"https:\/\/researchchemicalshop.eu\/fi\/wp-json\/wp\/v2\/product_brand?post=1571"},{"taxonomy":"product_cat","embeddable":true,"href":"https:\/\/researchchemicalshop.eu\/fi\/wp-json\/wp\/v2\/product_cat?post=1571"},{"taxonomy":"product_tag","embeddable":true,"href":"https:\/\/researchchemicalshop.eu\/fi\/wp-json\/wp\/v2\/product_tag?post=1571"}],"curies":[{"name":"wp","href":"https:\/\/api.w.org\/{rel}","templated":true}]}}