{"id":1302,"date":"2026-02-09T11:56:21","date_gmt":"2026-02-09T11:56:21","guid":{"rendered":"https:\/\/researchchemicalshop.eu\/?post_type=product&#038;p=1302"},"modified":"2026-02-13T13:26:16","modified_gmt":"2026-02-13T13:26:16","slug":"beta-k-2c-b","status":"publish","type":"product","link":"https:\/\/researchchemicalshop.eu\/fi\/tuote\/beta-k-2c-b\/","title":{"rendered":"Beta k 2C B \u03b2k-2C-B 80mg Pellets"},"content":{"rendered":"<h3 data-start=\"4058\" data-end=\"4079\"><strong data-start=\"4062\" data-end=\"4077\">Johdanto<\/strong><\/h3>\n<p data-start=\"4080\" data-end=\"4458\"><strong data-start=\"4080\" data-end=\"4118\">Beta-k-2C-B (\u03b2k-2C-B) 80mg Pellets<\/strong> sis\u00e4lt\u00e4v\u00e4t <strong data-start=\"4128\" data-end=\"4180\">80 milligram hoogzuiver \u03b2k-2C-B (Beta-keto-2C-B)<\/strong> \u2014 een <strong data-start=\"4187\" data-end=\"4225\">synthetisch fenethylamine-derivaat<\/strong> ja <strong data-start=\"4229\" data-end=\"4251\">beta-keton-analoog<\/strong> van <strong data-start=\"4256\" data-end=\"4264\">2C-B<\/strong>. bk 2c\u00a0<br data-start=\"4265\" data-end=\"4268\" \/>\u03b2k-2C-B behoort tot de <strong data-start=\"4291\" data-end=\"4324\">2C-familie van fenethylamines<\/strong> ja sit\u00e4 k\u00e4ytet\u00e4\u00e4n <strong data-start=\"4346\" data-end=\"4384\">rikostekninen ja analyyttinen tutkimus<\/strong> osoitteeseen <strong data-start=\"4390\" data-end=\"4432\">rakenne-aktiivisuussuhteet (SAR)<\/strong> ja <strong data-start=\"4436\" data-end=\"4455\">reseptorin sitoutuminen<\/strong>.<\/p>\n<p data-start=\"4460\" data-end=\"4655\">Jokainen pelletti sis\u00e4lt\u00e4\u00e4 <strong data-start=\"4478\" data-end=\"4494\">80mg \u03b2k-2C-B<\/strong> met een <strong data-start=\"4503\" data-end=\"4527\">\u2265 98%:n puhtausarvo<\/strong>, getest via <strong data-start=\"4540\" data-end=\"4555\">HPLC ja NMR<\/strong>. De pellets worden geleverd in <strong data-start=\"4587\" data-end=\"4608\">blisterverpakking<\/strong> voor optimale stabiliteit en nauwkeurigheid.<\/p>\n<blockquote data-start=\"4657\" data-end=\"4803\">\n<p data-start=\"4659\" data-end=\"4803\">\u26a0\ufe0f <strong data-start=\"4662\" data-end=\"4673\">Huom:<\/strong> Dit product is uitsluitend bedoeld voor <strong data-start=\"4714\" data-end=\"4749\">tutkimus- ja analyysik\u00e4ytt\u00f6<\/strong> \u2014 <strong data-start=\"4752\" data-end=\"4800\">niet voor menselijke of dierlijke consumptie<\/strong>.<\/p>\n<\/blockquote>\n<hr data-start=\"4805\" data-end=\"4808\" \/>\n<h3 data-start=\"4810\" data-end=\"4841\"><strong data-start=\"4814\" data-end=\"4841\">T\u00e4rkeimm\u00e4t ominaisuudet<\/strong><\/h3>\n<div class=\"_tableContainer_1rjym_1\">\n<div class=\"group _tableWrapper_1rjym_13 flex w-fit flex-col-reverse\" tabindex=\"-1\">\n<table class=\"w-fit min-w-(--thread-content-width)\" data-start=\"4843\" data-end=\"5416\">\n<thead data-start=\"4843\" data-end=\"4869\">\n<tr data-start=\"4843\" data-end=\"4869\">\n<th data-start=\"4843\" data-end=\"4853\" data-col-size=\"sm\">Ominaisuus<\/th>\n<th data-start=\"4853\" data-end=\"4869\" data-col-size=\"md\">Kuvaus<\/th>\n<\/tr>\n<\/thead>\n<tbody data-start=\"4898\" data-end=\"5416\">\n<tr data-start=\"4898\" data-end=\"4951\">\n<td data-start=\"4898\" data-end=\"4919\" data-col-size=\"sm\"><strong data-start=\"4900\" data-end=\"4918\">Kemiallinen nimi<\/strong><\/td>\n<td data-start=\"4919\" data-end=\"4951\" data-col-size=\"md\">Beta-keto-2C-B Hydrochloride<\/td>\n<\/tr>\n<tr data-start=\"4952\" data-end=\"4988\">\n<td data-start=\"4952\" data-end=\"4977\" data-col-size=\"sm\"><strong data-start=\"4954\" data-end=\"4976\">Yleinen nimi<\/strong><\/td>\n<td data-start=\"4977\" data-end=\"4988\" data-col-size=\"md\">\u03b2k-2C-B<\/td>\n<\/tr>\n<tr data-start=\"4989\" data-end=\"5032\">\n<td data-start=\"4989\" data-end=\"5013\" data-col-size=\"sm\"><strong data-start=\"4991\" data-end=\"5012\">Kemiallinen kaava<\/strong><\/td>\n<td data-start=\"5013\" data-end=\"5032\" data-col-size=\"md\">C\u2081\u2080H\u2081\u2082BrNO\u2083\u00b7HCl<\/td>\n<\/tr>\n<tr data-start=\"5033\" data-end=\"5071\">\n<td data-start=\"5033\" data-end=\"5055\" data-col-size=\"sm\"><strong data-start=\"5035\" data-end=\"5054\">Molekyylipaino<\/strong><\/td>\n<td data-start=\"5055\" data-end=\"5071\" data-col-size=\"md\">310,57 g\/mol<\/td>\n<\/tr>\n<tr data-start=\"5072\" data-end=\"5106\">\n<td data-start=\"5072\" data-end=\"5087\" data-col-size=\"sm\"><strong data-start=\"5074\" data-end=\"5086\">Annostus<\/strong><\/td>\n<td data-start=\"5087\" data-end=\"5106\" data-col-size=\"md\">80mg per pellet<\/td>\n<\/tr>\n<tr data-start=\"5107\" data-end=\"5154\">\n<td data-start=\"5107\" data-end=\"5118\" data-col-size=\"sm\"><strong data-start=\"5109\" data-end=\"5117\">Lomake<\/strong><\/td>\n<td data-start=\"5118\" data-end=\"5154\" data-col-size=\"md\">Kiinte\u00e4 pelletti (l\u00e4pipainopakkaus)<\/td>\n<\/tr>\n<tr data-start=\"5155\" data-end=\"5206\">\n<td data-start=\"5155\" data-end=\"5172\" data-col-size=\"sm\"><strong data-start=\"5157\" data-end=\"5171\">Puhtaus<\/strong><\/td>\n<td data-start=\"5172\" data-end=\"5206\" data-col-size=\"md\">\u2265 98% (testattu HPLC:ll\u00e4 ja NMR:ll\u00e4)<\/td>\n<\/tr>\n<tr data-start=\"5207\" data-end=\"5265\">\n<td data-start=\"5207\" data-end=\"5230\" data-col-size=\"sm\"><strong data-start=\"5209\" data-end=\"5229\">Kemiallinen luokka<\/strong><\/td>\n<td data-start=\"5230\" data-end=\"5265\" data-col-size=\"md\">Fenethylamine \/ \u03b2-keton-analoog<\/td>\n<\/tr>\n<tr data-start=\"5266\" data-end=\"5345\">\n<td data-start=\"5266\" data-end=\"5280\" data-col-size=\"sm\"><strong data-start=\"5268\" data-end=\"5279\">K\u00e4yt\u00e4<\/strong><\/td>\n<td data-start=\"5280\" data-end=\"5345\" data-col-size=\"md\">Ainoastaan analyyttiseen, rikostekniseen ja neurokemialliseen tutkimukseen.<\/td>\n<\/tr>\n<tr data-start=\"5346\" data-end=\"5416\">\n<td data-start=\"5346\" data-end=\"5363\" data-col-size=\"sm\"><strong data-start=\"5348\" data-end=\"5362\">Pakkaus<\/strong><\/td>\n<td data-start=\"5363\" data-end=\"5416\" data-col-size=\"md\">Blisterstrip met verzegeling tegen vocht en licht<\/td>\n<\/tr>\n<\/tbody>\n<\/table>\n<\/div>\n<\/div>\n<hr data-start=\"5418\" data-end=\"5421\" \/>\n<h3 data-start=\"5423\" data-end=\"5440\"><strong data-start=\"5427\" data-end=\"5440\">Edut<\/strong><\/h3>\n<ul data-start=\"5442\" data-end=\"5851\">\n<li data-start=\"5442\" data-end=\"5534\">\n<p data-start=\"5444\" data-end=\"5534\"><strong data-start=\"5444\" data-end=\"5463\">Hoge Zuiverheid<\/strong> \u2013 \u2265 98% laboratoriumkwaliteit voor betrouwbare onderzoeksresultaten.<\/p>\n<\/li>\n<li data-start=\"5535\" data-end=\"5628\">\n<p data-start=\"5537\" data-end=\"5628\"><strong data-start=\"5537\" data-end=\"5569\">Structureel Analoog van 2C-B<\/strong> \u2013 Geschikt voor SAR-vergelijkingen en receptoronderzoek.<\/p>\n<\/li>\n<li data-start=\"5629\" data-end=\"5704\">\n<p data-start=\"5631\" data-end=\"5704\"><strong data-start=\"5631\" data-end=\"5655\">Nauwkeurig Gedoseerd<\/strong> \u2013 80mg per pellet voor consistente resultaten.<\/p>\n<\/li>\n<li data-start=\"5705\" data-end=\"5783\">\n<p data-start=\"5707\" data-end=\"5783\"><strong data-start=\"5707\" data-end=\"5737\">Leve\u00e4 tutkimusk\u00e4yt\u00e4v\u00e4<\/strong> \u2013 Geschikt voor GC\/MS, LC-MS, FTIR en HPLC.<\/p>\n<\/li>\n<li data-start=\"5784\" data-end=\"5851\">\n<p data-start=\"5786\" data-end=\"5851\"><strong data-start=\"5786\" data-end=\"5813\">Geverifieerde Productie<\/strong> \u2013 Elke batch getest en traceerbaar.<\/p>\n<\/li>\n<\/ul>\n<hr data-start=\"5853\" data-end=\"5856\" \/>\n<h3 data-start=\"5858\" data-end=\"5910\"><strong data-start=\"5862\" data-end=\"5908\">K\u00e4ytt\u00f6 (vain tutkimustarkoituksiin)<\/strong><\/h3>\n<ol data-start=\"5912\" data-end=\"6255\">\n<li data-start=\"5912\" data-end=\"5981\">\n<p data-start=\"5915\" data-end=\"5981\"><strong data-start=\"5915\" data-end=\"5930\">K\u00e4sittely:<\/strong> K\u00e4yt\u00e4 k\u00e4sineit\u00e4, suojalaseja ja laboratoriotakkia.<\/p>\n<\/li>\n<li data-start=\"5982\" data-end=\"6058\">\n<p data-start=\"5985\" data-end=\"6058\"><strong data-start=\"5985\" data-end=\"5998\">Mitat:<\/strong> Elke pellet bevat 80mg; noteer batchnummer en zuiverheid.<\/p>\n<\/li>\n<li data-start=\"6059\" data-end=\"6113\">\n<p data-start=\"6062\" data-end=\"6113\"><strong data-start=\"6062\" data-end=\"6073\">Varastointi:<\/strong> S\u00e4ilyt\u00e4 viile\u00e4ss\u00e4 (2-8 \u00b0C), kuivassa ja pime\u00e4ss\u00e4.<\/p>\n<\/li>\n<li data-start=\"6114\" data-end=\"6190\">\n<p data-start=\"6117\" data-end=\"6190\"><strong data-start=\"6117\" data-end=\"6129\">Analyysi:<\/strong> Geschikt voor chromatografie en spectroscopisch onderzoek. bk 2c<\/p>\n<\/li>\n<li data-start=\"6191\" data-end=\"6255\">\n<p data-start=\"6194\" data-end=\"6255\"><strong data-start=\"6194\" data-end=\"6211\">Dokumentaatio:<\/strong> Noteer testresultaten en analysemethoden.<\/p>\n<\/li>\n<\/ol>\n<hr data-start=\"6257\" data-end=\"6260\" \/>\n<h3 data-start=\"6262\" data-end=\"6297\"><strong data-start=\"6266\" data-end=\"6295\">Usein kysytyt kysymykset (FAQ)<\/strong><\/h3>\n<p data-start=\"6299\" data-end=\"6458\"><strong data-start=\"6299\" data-end=\"6321\">1. Wat is \u03b2k-2C-B?<\/strong><br data-start=\"6321\" data-end=\"6324\" \/><strong data-start=\"6324\" data-end=\"6352\">\u03b2k-2C-B (Beta-keto-2C-B)<\/strong> on <strong data-start=\"6360\" data-end=\"6385\">fenethylamine-analoog<\/strong> van 2C-B met een extra \u03b2-ketongroep, gebruikt in analytisch onderzoek.<\/p>\n<p data-start=\"6460\" data-end=\"6597\"><strong data-start=\"6460\" data-end=\"6505\">2. Wat zit er in de \u03b2k-2C-B 80mg Pellets?<\/strong><br data-start=\"6505\" data-end=\"6508\" \/>Jokainen pelletti sis\u00e4lt\u00e4\u00e4 <strong data-start=\"6526\" data-end=\"6561\">80mg \u03b2k-2C-B (\u2265 98% zuiverheid)<\/strong>, getest op laboratoriumkwaliteit.<\/p>\n<p data-start=\"6599\" data-end=\"6761\"><strong data-start=\"6599\" data-end=\"6640\">3. Is het legaal om \u03b2k-2C-B te kopen?<\/strong><br data-start=\"6640\" data-end=\"6643\" \/>The <strong data-start=\"6646\" data-end=\"6672\">legaliteit van \u03b2k-2C-B<\/strong> vaihtelee maittain. Tarkista aina paikalliset lait ennen kuin <strong data-start=\"6741\" data-end=\"6758\">\u03b2k-2C-B koopt<\/strong>.<\/p>","protected":false},"excerpt":{"rendered":"<p>Introductie Beta-k-2C-B (\u03b2k-2C-B) 80mg Pellets bevatten 80 milligram hoogzuiver \u03b2k-2C-B (Beta-keto-2C-B) \u2014 een synthetisch fenethylamine-derivaat en beta-keton-analoog van 2C-B. bk<\/p>","protected":false},"featured_media":1332,"comment_status":"closed","ping_status":"closed","template":"","meta":[],"product_brand":[],"product_cat":[17,181,591,18,71,26],"product_tag":[546,592,182,22],"class_list":{"0":"post-1302","1":"product","2":"type-product","3":"status-publish","4":"has-post-thumbnail","6":"product_cat-bijna-verboden","7":"product_cat-bk-2c-b","8":"product_cat-bk-2c-b-pellets","9":"product_cat-fenethylamine","10":"product_cat-pellets","11":"product_cat-sale","12":"product_tag-beta-k-2c-b","13":"product_tag-bk-2c","14":"product_tag-bk-2c-b","15":"product_tag-nl","17":"first","18":"instock","19":"sale","20":"shipping-taxable","21":"purchasable","22":"product-type-variable"},"_links":{"self":[{"href":"https:\/\/researchchemicalshop.eu\/fi\/wp-json\/wp\/v2\/product\/1302","targetHints":{"allow":["GET"]}}],"collection":[{"href":"https:\/\/researchchemicalshop.eu\/fi\/wp-json\/wp\/v2\/product"}],"about":[{"href":"https:\/\/researchchemicalshop.eu\/fi\/wp-json\/wp\/v2\/types\/product"}],"replies":[{"embeddable":true,"href":"https:\/\/researchchemicalshop.eu\/fi\/wp-json\/wp\/v2\/comments?post=1302"}],"version-history":[{"count":2,"href":"https:\/\/researchchemicalshop.eu\/fi\/wp-json\/wp\/v2\/product\/1302\/revisions"}],"predecessor-version":[{"id":16660,"href":"https:\/\/researchchemicalshop.eu\/fi\/wp-json\/wp\/v2\/product\/1302\/revisions\/16660"}],"wp:featuredmedia":[{"embeddable":true,"href":"https:\/\/researchchemicalshop.eu\/fi\/wp-json\/wp\/v2\/media\/1332"}],"wp:attachment":[{"href":"https:\/\/researchchemicalshop.eu\/fi\/wp-json\/wp\/v2\/media?parent=1302"}],"wp:term":[{"taxonomy":"product_brand","embeddable":true,"href":"https:\/\/researchchemicalshop.eu\/fi\/wp-json\/wp\/v2\/product_brand?post=1302"},{"taxonomy":"product_cat","embeddable":true,"href":"https:\/\/researchchemicalshop.eu\/fi\/wp-json\/wp\/v2\/product_cat?post=1302"},{"taxonomy":"product_tag","embeddable":true,"href":"https:\/\/researchchemicalshop.eu\/fi\/wp-json\/wp\/v2\/product_tag?post=1302"}],"curies":[{"name":"wp","href":"https:\/\/api.w.org\/{rel}","templated":true}]}}