{"id":1272,"date":"2026-02-09T11:56:12","date_gmt":"2026-02-09T11:56:12","guid":{"rendered":"https:\/\/researchchemicalshop.eu\/?post_type=product&#038;p=1272"},"modified":"2026-02-13T11:28:32","modified_gmt":"2026-02-13T11:28:32","slug":"2f-dck-2","status":"publish","type":"product","link":"https:\/\/researchchemicalshop.eu\/fi\/tuote\/2f-dck-2\/","title":{"rendered":"2F-DCK 100 MG pelletit"},"content":{"rendered":"<h3 data-start=\"4089\" data-end=\"4110\"><strong data-start=\"4093\" data-end=\"4108\">Johdanto<\/strong><\/h3>\n<p data-start=\"4111\" data-end=\"4533\"><strong data-start=\"4111\" data-end=\"4135\">2F-DCK 100mg Pellets<\/strong> sis\u00e4lt\u00e4v\u00e4t <strong data-start=\"4145\" data-end=\"4202\">100 milligram 2-Fluorodeschloroketamine Hydrochloride<\/strong>, a <strong data-start=\"4208\" data-end=\"4255\">dissociatieve arylcyclohexylamineverbinding<\/strong> ja <strong data-start=\"4259\" data-end=\"4304\">Desklooriketamiinin (DCK) fluorianalogi (DCK)<\/strong>. 2f dck kopen\u200b<br data-start=\"4305\" data-end=\"4308\" \/>Se kuuluu <strong data-start=\"4327\" data-end=\"4353\">ketamine-analoogklasse<\/strong> ja sit\u00e4 k\u00e4ytet\u00e4\u00e4n <strong data-start=\"4375\" data-end=\"4413\">rikostekninen ja analyyttinen tutkimus<\/strong> osoitteeseen <strong data-start=\"4419\" data-end=\"4447\">NMDA-receptorinteracties<\/strong>, <strong data-start=\"4449\" data-end=\"4491\">rakenne-aktiivisuussuhteet (SAR)<\/strong> ja <strong data-start=\"4495\" data-end=\"4530\">kromatografiset ominaisuudet<\/strong>.<\/p>\n<p data-start=\"4535\" data-end=\"4775\">Elke pellet is <strong data-start=\"4550\" data-end=\"4614\">geproduceerd onder gecontroleerde laboratoriumomstandigheden<\/strong> en getest op een <strong data-start=\"4632\" data-end=\"4656\">\u2265 98%:n puhtausarvo<\/strong> kautta <strong data-start=\"4661\" data-end=\"4676\">HPLC ja NMR<\/strong>.<br data-start=\"4677\" data-end=\"4680\" \/>The <strong data-start=\"4683\" data-end=\"4705\">dosering van 100mg<\/strong> maakt het geschikt voor <strong data-start=\"4730\" data-end=\"4772\">kwantitatieve analytische toepassingen<\/strong>. 2f dck kopen\u200b<\/p>\n<blockquote data-start=\"4777\" data-end=\"4918\">\n<p data-start=\"4779\" data-end=\"4918\">\u26a0\ufe0f <strong data-start=\"4782\" data-end=\"4793\">Huom:<\/strong> 2F-DCK on tarkoitettu yksinomaan <strong data-start=\"4829\" data-end=\"4864\">tutkimus- ja analyysik\u00e4ytt\u00f6<\/strong> \u2014 <strong data-start=\"4867\" data-end=\"4916\">ei ihmis- tai el\u00e4inravinnoksi.<\/strong><\/p>\n<\/blockquote>\n<hr data-start=\"4920\" data-end=\"4923\" \/>\n<h3 data-start=\"4925\" data-end=\"4956\"><strong data-start=\"4929\" data-end=\"4956\">T\u00e4rkeimm\u00e4t ominaisuudet<\/strong><\/h3>\n<div class=\"_tableContainer_1rjym_1\">\n<div class=\"group _tableWrapper_1rjym_13 flex w-fit flex-col-reverse\" tabindex=\"-1\">\n<table class=\"w-fit min-w-(--thread-content-width)\" data-start=\"4958\" data-end=\"5594\">\n<thead data-start=\"4958\" data-end=\"4984\">\n<tr data-start=\"4958\" data-end=\"4984\">\n<th data-start=\"4958\" data-end=\"4968\" data-col-size=\"sm\">Ominaisuus<\/th>\n<th data-start=\"4968\" data-end=\"4984\" data-col-size=\"md\">Kuvaus<\/th>\n<\/tr>\n<\/thead>\n<tbody data-start=\"5013\" data-end=\"5594\">\n<tr data-start=\"5013\" data-end=\"5077\">\n<td data-start=\"5013\" data-end=\"5034\" data-col-size=\"sm\"><strong data-start=\"5015\" data-end=\"5033\">Kemiallinen nimi<\/strong><\/td>\n<td data-start=\"5034\" data-end=\"5077\" data-col-size=\"md\">2-Fluoridiklooriketamiinihydrokloridi<\/td>\n<\/tr>\n<tr data-start=\"5078\" data-end=\"5113\">\n<td data-start=\"5078\" data-end=\"5103\" data-col-size=\"sm\"><strong data-start=\"5080\" data-end=\"5102\">Yleinen nimi<\/strong><\/td>\n<td data-start=\"5103\" data-end=\"5113\" data-col-size=\"md\">2F-DCK<\/td>\n<\/tr>\n<tr data-start=\"5114\" data-end=\"5155\">\n<td data-start=\"5114\" data-end=\"5138\" data-col-size=\"sm\"><strong data-start=\"5116\" data-end=\"5137\">Kemiallinen kaava<\/strong><\/td>\n<td data-start=\"5138\" data-end=\"5155\" data-col-size=\"md\">C\u2081\u2083H\u2081\u2086FNO-HCl<\/td>\n<\/tr>\n<tr data-start=\"5156\" data-end=\"5194\">\n<td data-start=\"5156\" data-end=\"5178\" data-col-size=\"sm\"><strong data-start=\"5158\" data-end=\"5177\">Molekyylipaino<\/strong><\/td>\n<td data-start=\"5178\" data-end=\"5194\" data-col-size=\"md\">257,73 g\/mol<\/td>\n<\/tr>\n<tr data-start=\"5195\" data-end=\"5230\">\n<td data-start=\"5195\" data-end=\"5210\" data-col-size=\"sm\"><strong data-start=\"5197\" data-end=\"5209\">Annostus<\/strong><\/td>\n<td data-start=\"5210\" data-end=\"5230\" data-col-size=\"md\">100mg per pellet<\/td>\n<\/tr>\n<tr data-start=\"5231\" data-end=\"5278\">\n<td data-start=\"5231\" data-end=\"5242\" data-col-size=\"sm\"><strong data-start=\"5233\" data-end=\"5241\">Lomake<\/strong><\/td>\n<td data-start=\"5242\" data-end=\"5278\" data-col-size=\"md\">Kiinte\u00e4 pelletti (l\u00e4pipainopakkaus)<\/td>\n<\/tr>\n<tr data-start=\"5279\" data-end=\"5330\">\n<td data-start=\"5279\" data-end=\"5296\" data-col-size=\"sm\"><strong data-start=\"5281\" data-end=\"5295\">Puhtaus<\/strong><\/td>\n<td data-start=\"5296\" data-end=\"5330\" data-col-size=\"md\">\u2265 98% (testattu HPLC:ll\u00e4 ja NMR:ll\u00e4)<\/td>\n<\/tr>\n<tr data-start=\"5331\" data-end=\"5404\">\n<td data-start=\"5331\" data-end=\"5354\" data-col-size=\"sm\"><strong data-start=\"5333\" data-end=\"5353\">Kemiallinen luokka<\/strong><\/td>\n<td data-start=\"5354\" data-end=\"5404\" data-col-size=\"md\">Aryylisykloheksyyliamiini \/ Dissosiatiivinen yhdiste<\/td>\n<\/tr>\n<tr data-start=\"5405\" data-end=\"5484\">\n<td data-start=\"5405\" data-end=\"5419\" data-col-size=\"sm\"><strong data-start=\"5407\" data-end=\"5418\">K\u00e4yt\u00e4<\/strong><\/td>\n<td data-start=\"5419\" data-end=\"5484\" data-col-size=\"md\">Ainoastaan analyyttiseen, rikostekniseen ja neurokemialliseen tutkimukseen.<\/td>\n<\/tr>\n<tr data-start=\"5485\" data-end=\"5544\">\n<td data-start=\"5485\" data-end=\"5502\" data-col-size=\"sm\"><strong data-start=\"5487\" data-end=\"5501\">Pakkaus<\/strong><\/td>\n<td data-start=\"5502\" data-end=\"5544\" data-col-size=\"md\">Blisterstrip met verzegelde verpakking<\/td>\n<\/tr>\n<tr data-start=\"5545\" data-end=\"5594\">\n<td data-start=\"5545\" data-end=\"5563\" data-col-size=\"sm\"><strong data-start=\"5547\" data-end=\"5562\">M\u00e4\u00e4r\u00e4<\/strong><\/td>\n<td data-start=\"5563\" data-end=\"5594\" data-col-size=\"md\">1 blister met 100mg pellets<\/td>\n<\/tr>\n<\/tbody>\n<\/table>\n<\/div>\n<\/div>\n<hr data-start=\"5596\" data-end=\"5599\" \/>\n<h3 data-start=\"5601\" data-end=\"5618\"><strong data-start=\"5605\" data-end=\"5618\">Edut<\/strong><\/h3>\n<ul data-start=\"5620\" data-end=\"6016\">\n<li data-start=\"5620\" data-end=\"5704\">\n<p data-start=\"5622\" data-end=\"5704\"><strong data-start=\"5622\" data-end=\"5649\">Eritt\u00e4in puhdas (\u2265 98%)<\/strong> \u2013 Betrouwbare resultaten voor laboratoriumonderzoek.<\/p>\n<\/li>\n<li data-start=\"5705\" data-end=\"5786\">\n<p data-start=\"5707\" data-end=\"5786\"><strong data-start=\"5707\" data-end=\"5746\">Gestandaardiseerde Dosering (100mg)<\/strong> \u2013 Ideaal voor kwantitatieve analyses.<\/p>\n<\/li>\n<li data-start=\"5787\" data-end=\"5854\">\n<p data-start=\"5789\" data-end=\"5854\"><strong data-start=\"5789\" data-end=\"5810\">Vakaa HCl-muoto<\/strong> \u2013 Verhoogt houdbaarheid en oplosbaarheid.<\/p>\n<\/li>\n<li data-start=\"5855\" data-end=\"5933\">\n<p data-start=\"5857\" data-end=\"5933\"><strong data-start=\"5857\" data-end=\"5887\">Leve\u00e4 tutkimusk\u00e4yt\u00e4v\u00e4<\/strong> \u2013 Geschikt voor GC\/MS, LC-MS, FTIR en HPLC.<\/p>\n<\/li>\n<li data-start=\"5934\" data-end=\"6016\">\n<p data-start=\"5936\" data-end=\"6016\"><strong data-start=\"5936\" data-end=\"5955\">Volledig Getest<\/strong> \u2013 Elke batch onafhankelijk geverifieerd en gedocumenteerd.<\/p>\n<\/li>\n<\/ul>\n<hr data-start=\"6018\" data-end=\"6021\" \/>\n<h3 data-start=\"6023\" data-end=\"6075\"><strong data-start=\"6027\" data-end=\"6073\">K\u00e4ytt\u00f6 (vain tutkimustarkoituksiin)<\/strong><\/h3>\n<ol data-start=\"6077\" data-end=\"6416\">\n<li data-start=\"6077\" data-end=\"6146\">\n<p data-start=\"6080\" data-end=\"6146\"><strong data-start=\"6080\" data-end=\"6095\">K\u00e4sittely:<\/strong> K\u00e4yt\u00e4 k\u00e4sineit\u00e4, suojalaseja ja laboratoriotakkia.<\/p>\n<\/li>\n<li data-start=\"6147\" data-end=\"6219\">\n<p data-start=\"6150\" data-end=\"6219\"><strong data-start=\"6150\" data-end=\"6163\">Mitat:<\/strong> Elke pellet bevat 100mg \u00b12mg; noteer batchinformatie.<\/p>\n<\/li>\n<li data-start=\"6220\" data-end=\"6274\">\n<p data-start=\"6223\" data-end=\"6274\"><strong data-start=\"6223\" data-end=\"6234\">Varastointi:<\/strong> S\u00e4ilyt\u00e4 viile\u00e4ss\u00e4 (2-8 \u00b0C), kuivassa ja pime\u00e4ss\u00e4.<\/p>\n<\/li>\n<li data-start=\"6275\" data-end=\"6351\">\n<p data-start=\"6278\" data-end=\"6351\"><strong data-start=\"6278\" data-end=\"6290\">Analyysi:<\/strong> Geschikt voor chromatografisch en neurochemisch onderzoek.<\/p>\n<\/li>\n<li data-start=\"6352\" data-end=\"6416\">\n<p data-start=\"6355\" data-end=\"6416\"><strong data-start=\"6355\" data-end=\"6372\">Dokumentaatio:<\/strong> Kirjaa tulokset ja analyysimenetelm\u00e4t.<\/p>\n<\/li>\n<\/ol>\n<hr data-start=\"6418\" data-end=\"6421\" \/>\n<h3 data-start=\"6423\" data-end=\"6458\"><strong data-start=\"6427\" data-end=\"6456\">Usein kysytyt kysymykset (FAQ)<\/strong><\/h3>\n<p data-start=\"6460\" data-end=\"6611\"><strong data-start=\"6460\" data-end=\"6509\">1. Mik\u00e4 on 2F-DCK (2-Fluoridiklooriketamiini)?<\/strong><br data-start=\"6509\" data-end=\"6512\" \/>A <strong data-start=\"6516\" data-end=\"6555\">Desklooriketamiinin fluorianalogi<\/strong>, jota k\u00e4ytet\u00e4\u00e4n analyyttiseen ja neurokemialliseen tutkimukseen.<\/p>\n<p data-start=\"6613\" data-end=\"6739\"><strong data-start=\"6613\" data-end=\"6653\">2. Mik\u00e4 on puhtaus ja annostus?<\/strong><br data-start=\"6653\" data-end=\"6656\" \/>Jokainen pelletti sis\u00e4lt\u00e4\u00e4 <strong data-start=\"6674\" data-end=\"6709\">100mg 2F-DCK (\u2265 98% zuiverheid)<\/strong>, vahvistettu HPLC:ll\u00e4 ja NMR:ll\u00e4.<\/p>\n<p data-start=\"6741\" data-end=\"6900\"><strong data-start=\"6741\" data-end=\"6781\">3. Onko 2F-DCK:n ostaminen laillista?<\/strong><br data-start=\"6781\" data-end=\"6784\" \/>The <strong data-start=\"6787\" data-end=\"6812\">2F-DCK:n laillisuus<\/strong> vaihtelee maittain. Tarkista aina paikalliset lait ennen kuin <strong data-start=\"6881\" data-end=\"6897\">2F-DCK ostaa<\/strong>.<\/p>\n<ul>\n<li><\/li>\n<\/ul>","protected":false},"excerpt":{"rendered":"<p>Introductie 2F-DCK 100mg Pellets bevatten 100 milligram 2-Fluorodeschloroketamine Hydrochloride, een dissociatieve arylcyclohexylamineverbinding en fluor-analoog van Deschloroketamine (DCK). 2f dck kopen\u200bHet<\/p>","protected":false},"featured_media":1290,"comment_status":"closed","ping_status":"closed","template":"","meta":[],"product_brand":[],"product_cat":[97,557,98,71],"product_tag":[511,512,22],"class_list":{"0":"post-1272","1":"product","2":"type-product","3":"status-publish","4":"has-post-thumbnail","6":"product_cat-2f-dck","7":"product_cat-2f-dck-pellets","8":"product_cat-arylcyclohexylamines","9":"product_cat-pellets","10":"product_tag-2f-dck","11":"product_tag-2f-dck-kopen","12":"product_tag-nl","14":"first","15":"instock","16":"shipping-taxable","17":"purchasable","18":"product-type-variable"},"_links":{"self":[{"href":"https:\/\/researchchemicalshop.eu\/fi\/wp-json\/wp\/v2\/product\/1272","targetHints":{"allow":["GET"]}}],"collection":[{"href":"https:\/\/researchchemicalshop.eu\/fi\/wp-json\/wp\/v2\/product"}],"about":[{"href":"https:\/\/researchchemicalshop.eu\/fi\/wp-json\/wp\/v2\/types\/product"}],"replies":[{"embeddable":true,"href":"https:\/\/researchchemicalshop.eu\/fi\/wp-json\/wp\/v2\/comments?post=1272"}],"version-history":[{"count":1,"href":"https:\/\/researchchemicalshop.eu\/fi\/wp-json\/wp\/v2\/product\/1272\/revisions"}],"predecessor-version":[{"id":16537,"href":"https:\/\/researchchemicalshop.eu\/fi\/wp-json\/wp\/v2\/product\/1272\/revisions\/16537"}],"wp:featuredmedia":[{"embeddable":true,"href":"https:\/\/researchchemicalshop.eu\/fi\/wp-json\/wp\/v2\/media\/1290"}],"wp:attachment":[{"href":"https:\/\/researchchemicalshop.eu\/fi\/wp-json\/wp\/v2\/media?parent=1272"}],"wp:term":[{"taxonomy":"product_brand","embeddable":true,"href":"https:\/\/researchchemicalshop.eu\/fi\/wp-json\/wp\/v2\/product_brand?post=1272"},{"taxonomy":"product_cat","embeddable":true,"href":"https:\/\/researchchemicalshop.eu\/fi\/wp-json\/wp\/v2\/product_cat?post=1272"},{"taxonomy":"product_tag","embeddable":true,"href":"https:\/\/researchchemicalshop.eu\/fi\/wp-json\/wp\/v2\/product_tag?post=1272"}],"curies":[{"name":"wp","href":"https:\/\/api.w.org\/{rel}","templated":true}]}}