{"id":1091,"date":"2026-02-09T11:55:47","date_gmt":"2026-02-09T11:55:47","guid":{"rendered":"https:\/\/researchchemicalshop.eu\/?post_type=product&#038;p=1091"},"modified":"2026-02-13T11:53:15","modified_gmt":"2026-02-13T11:53:15","slug":"3-fpm-3","status":"publish","type":"product","link":"https:\/\/researchchemicalshop.eu\/fi\/tuote\/3-fpm-3\/","title":{"rendered":"RC+ Fluor 3-FPM 50mg Box"},"content":{"rendered":"<h3 data-start=\"4920\" data-end=\"4939\"><strong data-start=\"4924\" data-end=\"4939\">Johdanto<\/strong><\/h3>\n<p data-start=\"4940\" data-end=\"5222\">The <strong data-start=\"4943\" data-end=\"4971\">RC+ Fluor 3-FPM 50mg Box<\/strong> on <strong data-start=\"4979\" data-end=\"5009\">hoogzuivere onderzoeksstof<\/strong> alkaen <strong data-start=\"5017\" data-end=\"5054\">fenethylamine- en stimulantklasse<\/strong>. Chemisch bekend als <strong data-start=\"5076\" data-end=\"5099\">3-Fluorfenmetrazine<\/strong>, is dit een <strong data-start=\"5112\" data-end=\"5153\">gefluoreerde variant van Fenmetrazine<\/strong>, kehitetty <strong data-start=\"5171\" data-end=\"5219\">neurochemisch en psychostimulerend onderzoek<\/strong>. 3 fpm kopen<\/p>\n<p data-start=\"5224\" data-end=\"5556\">Dankzij de structuur kan het effect op <strong data-start=\"5263\" data-end=\"5302\">dopamine- en noradrenalineheropname<\/strong> uitgebreid worden bestudeerd. Hierdoor is het een waardevolle stof voor <strong data-start=\"5375\" data-end=\"5449\">gedragsneurowetenschap, farmacologisch onderzoek en analytische chemie<\/strong>. Elke 50mg-tablet is zorgvuldig geproduceerd voor maximale <strong data-start=\"5509\" data-end=\"5555\">nauwkeurigheid, zuiverheid en consistentie<\/strong>.<\/p>\n<hr data-start=\"5558\" data-end=\"5561\" \/>\n<h3 data-start=\"5563\" data-end=\"5594\"><strong data-start=\"5567\" data-end=\"5594\">T\u00e4rkeimm\u00e4t ominaisuudet<\/strong><\/h3>\n<ul data-start=\"5595\" data-end=\"6109\">\n<li data-start=\"5595\" data-end=\"5680\">\n<p data-start=\"5597\" data-end=\"5680\"><strong data-start=\"5597\" data-end=\"5623\">Analytische kwaliteit:<\/strong> Bevat <strong data-start=\"5630\" data-end=\"5666\">50mg 3-Fluorfenmetrazine (3-FPM)<\/strong> per tablet.<\/p>\n<\/li>\n<li data-start=\"5681\" data-end=\"5763\">\n<p data-start=\"5683\" data-end=\"5763\"><strong data-start=\"5683\" data-end=\"5708\">Onderzoekszuiverheid:<\/strong> Getest op <strong data-start=\"5719\" data-end=\"5760\">chemische consistentie en stabiliteit<\/strong>.<\/p>\n<\/li>\n<li data-start=\"5764\" data-end=\"5889\">\n<p data-start=\"5766\" data-end=\"5889\"><strong data-start=\"5766\" data-end=\"5799\">Professionele RC+ verpakking:<\/strong> Geleverd in <strong data-start=\"5812\" data-end=\"5849\">vochtbestendige, verzegelde dozen<\/strong> met duidelijke laboratoriumetiketten.<\/p>\n<\/li>\n<li data-start=\"5890\" data-end=\"5982\">\n<p data-start=\"5892\" data-end=\"5982\"><strong data-start=\"5892\" data-end=\"5924\">Traceerbare batchinformatie:<\/strong> Elke batch bevat <strong data-start=\"5942\" data-end=\"5979\">lotnummers en analysecertificaten<\/strong>.<\/p>\n<\/li>\n<li data-start=\"5983\" data-end=\"6109\">\n<p data-start=\"5985\" data-end=\"6109\"><strong data-start=\"5985\" data-end=\"6021\">Betrouwbare reproduceerbaarheid:<\/strong> Ontworpen voor <strong data-start=\"6037\" data-end=\"6061\">constante resultaten<\/strong> in gecontroleerde laboratoriumomstandigheden.<\/p>\n<\/li>\n<\/ul>\n<hr data-start=\"6111\" data-end=\"6114\" \/>\n<h3 data-start=\"6116\" data-end=\"6133\"><strong data-start=\"6120\" data-end=\"6133\">Edut<\/strong><\/h3>\n<ul data-start=\"6134\" data-end=\"6559\">\n<li data-start=\"6134\" data-end=\"6209\">\n<p data-start=\"6136\" data-end=\"6209\">Sopii <strong data-start=\"6150\" data-end=\"6177\">neurochemisch onderzoek<\/strong> naar stimulerende activiteit.<\/p>\n<\/li>\n<li data-start=\"6210\" data-end=\"6299\">\n<p data-start=\"6212\" data-end=\"6299\">Tukee <strong data-start=\"6224\" data-end=\"6250\">vergelijkende analyses<\/strong> met Fenmetrazine en soortgelijke verbindingen.<\/p>\n<\/li>\n<li data-start=\"6300\" data-end=\"6380\">\n<p data-start=\"6302\" data-end=\"6380\">Toepasbaar in <strong data-start=\"6316\" data-end=\"6351\">gedrags- en cognitief onderzoek<\/strong> naar stimulantmechanismen.<\/p>\n<\/li>\n<li data-start=\"6381\" data-end=\"6455\">\n<p data-start=\"6383\" data-end=\"6455\">Biedt <strong data-start=\"6389\" data-end=\"6431\">stabiele farmacologische eigenschappen<\/strong> voor herhaald testen.<\/p>\n<\/li>\n<li data-start=\"6456\" data-end=\"6559\">\n<p data-start=\"6458\" data-end=\"6559\">Ihanteellinen <strong data-start=\"6470\" data-end=\"6520\">academisch, forensisch en analytisch onderzoek<\/strong> gericht op <strong data-start=\"6532\" data-end=\"6556\">dopaminerge systemen<\/strong>. 3 fpm kopen<\/p>\n<\/li>\n<\/ul>\n<hr data-start=\"6561\" data-end=\"6564\" \/>\n<h3 data-start=\"6566\" data-end=\"6581\"><strong data-start=\"6570\" data-end=\"6581\">K\u00e4yt\u00e4<\/strong><\/h3>\n<p data-start=\"6582\" data-end=\"6706\">The <strong data-start=\"6585\" data-end=\"6613\">RC+ Fluor 3-FPM 50mg Box<\/strong> is uitsluitend bedoeld voor <strong data-start=\"6642\" data-end=\"6680\">onderzoeks- en analysetoepassingen<\/strong>.<br data-start=\"6681\" data-end=\"6684\" \/>Onderzoekers dienen:<\/p>\n<ul data-start=\"6707\" data-end=\"6979\">\n<li data-start=\"6707\" data-end=\"6784\">\n<p data-start=\"6709\" data-end=\"6784\">Beschermende kleding te dragen (<strong data-start=\"6741\" data-end=\"6780\">handschoenen, bril, laboratoriumjas<\/strong>).<\/p>\n<\/li>\n<li data-start=\"6785\" data-end=\"6857\">\n<p data-start=\"6787\" data-end=\"6857\">Te bewaren onder <strong data-start=\"6804\" data-end=\"6812\">25\u00b0C<\/strong> a <strong data-start=\"6820\" data-end=\"6854\">viile\u00e4ss\u00e4, kuivassa ja pime\u00e4ss\u00e4 paikassa<\/strong>.<\/p>\n<\/li>\n<li data-start=\"6858\" data-end=\"6913\">\n<p data-start=\"6860\" data-end=\"6913\">Contact met <strong data-start=\"6872\" data-end=\"6897\">licht, lucht en vocht<\/strong> te vermijden.<\/p>\n<\/li>\n<li data-start=\"6914\" data-end=\"6979\">\n<p data-start=\"6916\" data-end=\"6979\"><strong data-start=\"6916\" data-end=\"6950\">Gekalibreerde meetinstrumenten<\/strong> te gebruiken voor analyse.<\/p>\n<\/li>\n<\/ul>\n<hr data-start=\"6981\" data-end=\"6984\" \/>\n<h3 data-start=\"6986\" data-end=\"7015\"><strong data-start=\"6990\" data-end=\"7015\">Veiligheidsinformatie<\/strong><\/h3>\n<ul data-start=\"7016\" data-end=\"7225\">\n<li data-start=\"7016\" data-end=\"7056\">\n<p data-start=\"7018\" data-end=\"7056\">Alleen voor <strong data-start=\"7030\" data-end=\"7053\">laboratoriumgebruik<\/strong>.<\/p>\n<\/li>\n<li data-start=\"7057\" data-end=\"7110\">\n<p data-start=\"7059\" data-end=\"7110\"><strong data-start=\"7059\" data-end=\"7107\">Niet voor menselijke of dierlijke consumptie<\/strong>.<\/p>\n<\/li>\n<li data-start=\"7111\" data-end=\"7167\">\n<p data-start=\"7113\" data-end=\"7167\">Volg altijd de <strong data-start=\"7128\" data-end=\"7164\">standaard veiligheidsrichtlijnen<\/strong>.<\/p>\n<\/li>\n<li data-start=\"7168\" data-end=\"7225\">\n<p data-start=\"7170\" data-end=\"7225\">Buiten bereik van <strong data-start=\"7188\" data-end=\"7215\">kinderen en onbevoegden<\/strong> houden.<\/p>\n<\/li>\n<\/ul>\n<hr data-start=\"7227\" data-end=\"7230\" \/>\n<h3 data-start=\"7232\" data-end=\"7265\"><strong data-start=\"7236\" data-end=\"7265\">Usein kysytyt kysymykset (FAQ)<\/strong><\/h3>\n<p data-start=\"7267\" data-end=\"7465\"><strong data-start=\"7267\" data-end=\"7323\">1. Waarvoor wordt RC+ Fluor 3-FPM 50mg Box gebruikt?<\/strong><br data-start=\"7323\" data-end=\"7326\" \/>Het wordt gebruikt voor <strong data-start=\"7350\" data-end=\"7380\">tieteellinen tutkimus<\/strong> naar de werking van stimulerende stoffen op dopamine- en noradrenaline-transporters.<\/p>\n<p data-start=\"7467\" data-end=\"7660\"><strong data-start=\"7467\" data-end=\"7523\">2. Wat is het verschil tussen 3-FPM en Fenmetrazine?<\/strong><br data-start=\"7523\" data-end=\"7526\" \/>3-FPM bevat een <strong data-start=\"7542\" data-end=\"7568\">fluoratome substitutie<\/strong>, jossa s\u00e4\u00e4det\u00e4\u00e4n <strong data-start=\"7585\" data-end=\"7629\">veranderde farmacologische eigenschappen<\/strong> ten opzichte van Fenmetrazine.<\/p>\n<p data-start=\"7662\" data-end=\"7834\"><strong data-start=\"7662\" data-end=\"7697\">3. Hoe moet het worden bewaard?<\/strong><br data-start=\"7697\" data-end=\"7700\" \/>Bewaar op een <strong data-start=\"7714\" data-end=\"7748\">viile\u00e4ss\u00e4, kuivassa ja pime\u00e4ss\u00e4 paikassa<\/strong>, bij voorkeur in de <strong data-start=\"7769\" data-end=\"7804\">originele verzegelde verpakking<\/strong> om de zuiverheid te behouden.<\/p>\n<hr data-start=\"7836\" data-end=\"7839\" \/>\n<h3 data-start=\"7841\" data-end=\"7858\"><strong data-start=\"7845\" data-end=\"7858\">P\u00e4\u00e4telm\u00e4<\/strong><\/h3>\n<p data-start=\"7859\" data-end=\"8185\">The <strong data-start=\"7862\" data-end=\"7890\">RC+ Fluor 3-FPM 50mg Box<\/strong> on <strong data-start=\"7898\" data-end=\"7952\">betrouwbare keuze voor laboratoria en onderzoekers<\/strong> die zich bezighouden met <strong data-start=\"7978\" data-end=\"8042\">stimulerende farmacologie en neurowetenschappelijk onderzoek<\/strong>. Dankzij de <strong data-start=\"8055\" data-end=\"8122\">hoge zuiverheid, nauwkeurige dosering en veilige RC+ verpakking<\/strong> biedt het <strong data-start=\"8133\" data-end=\"8184\">constante, reproduceerbare onderzoeksresultaten<\/strong>.<\/p>","protected":false},"excerpt":{"rendered":"<p>Introductie De RC+ Fluor 3-FPM 50mg Box is een hoogzuivere onderzoeksstof uit de fenethylamine- en stimulantklasse. Chemisch bekend als 3-Fluorfenmetrazine,<\/p>","protected":false},"featured_media":628,"comment_status":"closed","ping_status":"closed","template":"","meta":[],"product_brand":[23],"product_cat":[468],"product_tag":[51,275,52,276,22],"class_list":{"0":"post-1091","1":"product","2":"type-product","3":"status-publish","4":"has-post-thumbnail","6":"product_brand-research-chemical","7":"product_cat-b2b","8":"product_tag-3-fpm-kopen","9":"product_tag-3-fluorophenmetrazine","10":"product_tag-3-fpm","11":"product_tag-3fpm","12":"product_tag-nl","14":"first","15":"instock","16":"shipping-taxable","17":"purchasable","18":"product-type-variable"},"_links":{"self":[{"href":"https:\/\/researchchemicalshop.eu\/fi\/wp-json\/wp\/v2\/product\/1091","targetHints":{"allow":["GET"]}}],"collection":[{"href":"https:\/\/researchchemicalshop.eu\/fi\/wp-json\/wp\/v2\/product"}],"about":[{"href":"https:\/\/researchchemicalshop.eu\/fi\/wp-json\/wp\/v2\/types\/product"}],"replies":[{"embeddable":true,"href":"https:\/\/researchchemicalshop.eu\/fi\/wp-json\/wp\/v2\/comments?post=1091"}],"version-history":[{"count":1,"href":"https:\/\/researchchemicalshop.eu\/fi\/wp-json\/wp\/v2\/product\/1091\/revisions"}],"predecessor-version":[{"id":16564,"href":"https:\/\/researchchemicalshop.eu\/fi\/wp-json\/wp\/v2\/product\/1091\/revisions\/16564"}],"wp:featuredmedia":[{"embeddable":true,"href":"https:\/\/researchchemicalshop.eu\/fi\/wp-json\/wp\/v2\/media\/628"}],"wp:attachment":[{"href":"https:\/\/researchchemicalshop.eu\/fi\/wp-json\/wp\/v2\/media?parent=1091"}],"wp:term":[{"taxonomy":"product_brand","embeddable":true,"href":"https:\/\/researchchemicalshop.eu\/fi\/wp-json\/wp\/v2\/product_brand?post=1091"},{"taxonomy":"product_cat","embeddable":true,"href":"https:\/\/researchchemicalshop.eu\/fi\/wp-json\/wp\/v2\/product_cat?post=1091"},{"taxonomy":"product_tag","embeddable":true,"href":"https:\/\/researchchemicalshop.eu\/fi\/wp-json\/wp\/v2\/product_tag?post=1091"}],"curies":[{"name":"wp","href":"https:\/\/api.w.org\/{rel}","templated":true}]}}