{"id":16137,"date":"2026-02-09T13:15:34","date_gmt":"2026-02-09T13:15:34","guid":{"rendered":"https:\/\/researchchemicalshop.eu\/?page_id=16137"},"modified":"2026-02-11T10:42:47","modified_gmt":"2026-02-11T10:42:47","slug":"tietosuojaseloste","status":"publish","type":"page","link":"https:\/\/researchchemicalshop.eu\/fi\/tietosuojaseloste\/","title":{"rendered":"Tietosuojaseloste"},"content":{"rendered":"<p>Tietosuojaseloste<br>T\u00e4m\u00e4 on chemicalshoppers.com-sivuston tietosuojaseloste Sovellettavuus: T\u00e4t\u00e4 tietosuojaselostetta sovelletaan kaikkiin yksityisyydensuojan kannalta arkaluonteisiin tietoihin tai henkil\u00f6tietoihin, joita annat meille esimerkiksi rekister\u00f6intilomakkeen, yhteydenottolomakkeen tai tekemiesi tilausten kautta.<\/p>\n\n\n\n<p>Arvostamme asiakkaidemme yksityisyytt\u00e4 ja noudatamme siksi mahdollisimman suurta huolellisuutta k\u00e4sitelless\u00e4mme ja suojellessamme henkil\u00f6tietoja. K\u00e4sittelemme tietoja yleisen tietosuoja-asetuksen (AVG) asettamien ehtojen mukaisesti.<\/p>\n\n\n\n<p>Chemicalshoppers on AVG:n tarkoittama rekisterinpit\u00e4j\u00e4 henkil\u00f6tietojesi k\u00e4sittelyn osalta. T\u00e4m\u00e4 tarkoittaa, ett\u00e4 vain me p\u00e4\u00e4t\u00e4mme, mit\u00e4 henkil\u00f6tietoja k\u00e4sitell\u00e4\u00e4n, mihin tarkoitukseen ja mill\u00e4 tavalla. Olemme vastuussa siit\u00e4, ett\u00e4 henkil\u00f6tietojasi k\u00e4sitell\u00e4\u00e4n asianmukaisesti ja huolellisesti AVG:n mukaisesti. T\u00e4ss\u00e4 tietosuojaselosteessa selvit\u00e4mme, mit\u00e4 tietoja k\u00e4sittelemme ja mihin tarkoituksiin niit\u00e4 k\u00e4ytet\u00e4\u00e4n. Yleiskatsaus henkil\u00f6tietoihin Alla on yleiskatsaus k\u00e4sittelemist\u00e4mme henkil\u00f6tiedoista:<\/p>\n\n\n\n<ul class=\"wp-block-list\">\n<li>Etu- ja sukunimi<\/li>\n\n\n\n<li>Osoite<\/li>\n\n\n\n<li>Puhelinnumero<\/li>\n\n\n\n<li>S\u00e4hk\u00f6postiosoite<\/li>\n\n\n\n<li>Verkkosivuston k\u00e4vij\u00e4n IP-osoite<br>HENKIL\u00d6TIETOJEN K\u00c4SITTELYN TARKOITUS JA PERUSTE<br>Hyv\u00e4ksym\u00e4ll\u00e4 t\u00e4m\u00e4n tietosuojaselosteen annat nimenomaisen suostumuksesi AVG:n 6 artiklan 1 kohdan a alakohdassa tarkoitetulla tavalla henkil\u00f6tietojesi k\u00e4sittelyyn j\u00e4ljemp\u00e4n\u00e4 mainittuja tarkoituksia varten. Voit peruuttaa t\u00e4m\u00e4n suostumuksen milloin tahansa. Jos et kuitenkaan anna meille tiettyj\u00e4 tietoja tai et salli niiden k\u00e4sittely\u00e4, emme ehk\u00e4 pysty palvelemaan sinua asianmukaisesti.<\/li>\n<\/ul>\n\n\n\n<p>Jos et ole antanut meille nimenomaista suostumusta henkil\u00f6tietojesi k\u00e4sittelyyn tai jos olet peruuttanut t\u00e4llaisen suostumuksen, henkil\u00f6tietojesi k\u00e4sittely voi perustua AVG:n 6 artiklan 1 kohdan b, c ja\/tai f alakohtaan. T\u00e4ll\u00f6in henkil\u00f6tietojesi k\u00e4sittely voi tapahtua ilman suostumustasi, jos se on tarpeen sellaisen sopimuksen t\u00e4ytt\u00e4miseksi, jonka osapuoli olet tai josta tulee osapuoli, tai jos se on tarpeen Chemicalshoppersin oikeutettujen etujen suojaamiseksi. Lis\u00e4ksi laki voi velvoittaa meit\u00e4 k\u00e4sittelem\u00e4\u00e4n henkil\u00f6tietojasi.<\/p>\n\n\n\n<p>K\u00e4sittelemme henkil\u00f6tietojasi seuraaviin tarkoituksiin:<\/p>\n\n\n\n<p>- Palveluidemme suorittaminen (tavaroiden toimittaminen sinulle).<\/p>\n\n\n\n<ul class=\"wp-block-list\">\n<li>Maksun k\u00e4sittely\u00e4 varten<br>- Uutiskirjeemme l\u00e4hett\u00e4minen<\/li>\n\n\n\n<li>Ilmoittaaksemme sinulle palveluihimme ja tuotteisiimme tehdyist\u00e4 muutoksista.<\/li>\n\n\n\n<li>Jotta voit luoda tilin<br>Emme s\u00e4ilyt\u00e4 henkil\u00f6tietojasi kauemmin kuin on ehdottoman v\u00e4ltt\u00e4m\u00e4t\u00f6nt\u00e4 niiden tarkoitusten t\u00e4ytt\u00e4miseksi, joita varten tietosi on ker\u00e4tty.<\/li>\n\n\n\n<li>TIETOJEN LUOVUTTAMINEN KOLMANSILLE OSAPUOLILLE<\/li>\n\n\n\n<li>Voimme jakaa henkil\u00f6tietojasi kolmansille osapuolille, jos se on edell\u00e4 mainittujen tarkoitusten mukaista. Tietojen luovuttaminen kolmansille osapuolille voi olla tarpeen kanssasi tekem\u00e4mme sopimuksen toteuttamiseksi, oikeutetun etumme ajamiseksi tai meille kuuluvan lakis\u00e4\u00e4teisen velvoitteen noudattamiseksi.<\/li>\n\n\n\n<li>Teemme tietojenk\u00e4sittelysopimuksen sellaisten yritysten kanssa, jotka k\u00e4sittelev\u00e4t tietojasi puolestamme, jotta voimme taata tietojesi samantasoisen turvallisuuden ja luottamuksellisuuden. Olemme edelleen vastuussa n\u00e4ist\u00e4 k\u00e4sittelytoimista. Edell\u00e4 mainittujen tilanteiden ulkopuolella luovutamme henkil\u00f6tietojasi muille kolmansille osapuolille vain nimenomaisella suostumuksellasi.<\/li>\n\n\n\n<li>KAUPALLISIIN TARKOITUKSIIN<\/li>\n\n\n\n<li>Voimme k\u00e4ytt\u00e4\u00e4 henkil\u00f6tietojasi kaupallisiin tarkoituksiin, esimerkiksi tiedottaaksemme sinulle tarkemmin palveluistamme tai tuotteistamme tai tarjouksen kannalta merkityksellisist\u00e4 lains\u00e4\u00e4d\u00e4nn\u00f6n muutoksista. T\u00e4ss\u00e4 tapauksessa sinulle ilmoitetaan vain rekister\u00f6im\u00e4\u00e4si s\u00e4hk\u00f6postiosoitteeseen. Jos et halua saada tietoja asiaankuuluvista tuotteista tai palveluista, voit yksinkertaisesti ilmoittaa siit\u00e4 klikkaamalla \u201cperuuttaa tilauksen\u201d saadussa s\u00e4hk\u00f6postiviestiss\u00e4. Henkil\u00f6tietosi anonymisoidaan markkinatutkimuksen yhteydess\u00e4 ennen kuin niit\u00e4 k\u00e4ytet\u00e4\u00e4n palveluidemme optimointiin, eik\u00e4 niit\u00e4 voida en\u00e4\u00e4 j\u00e4ljitt\u00e4\u00e4 sinuun.<\/li>\n\n\n\n<li>Tietojasi ei myyd\u00e4 tai jaeta kolmansille osapuolille kaupallisiin tarkoituksiin, ellet anna siihen nimenomaista suostumustasi.<\/li>\n\n\n\n<li>Ev\u00e4steet<\/li>\n\n\n\n<li>Ev\u00e4ste on pieni tekstitiedosto, joka tallennetaan tietokoneellesi, tablet-laitteellesi tai \u00e4lypuhelimeesi, kun vierailet t\u00e4ll\u00e4 verkkosivustolla ensimm\u00e4ist\u00e4 kertaa. Voit kielt\u00e4yty\u00e4 n\u00e4ist\u00e4 ev\u00e4steist\u00e4 asettamalla internet-selaimesi niin, ettei se en\u00e4\u00e4 tallenna ev\u00e4steit\u00e4. Lis\u00e4ksi voit poistaa aiemmin tallennetut tiedot selaimesi asetusten kautta.<\/li>\n\n\n\n<li>K\u00e4yt\u00e4mme seuraavia ev\u00e4steit\u00e4:<\/li>\n\n\n\n<li>\u201d Toiminnalliset ev\u00e4steet: N\u00e4m\u00e4 ovat ev\u00e4steit\u00e4, jotka ovat v\u00e4ltt\u00e4m\u00e4tt\u00f6mi\u00e4 verkkosivuston teknisen toiminnan ja k\u00e4yt\u00f6n helpottamisen kannalta. Ne varmistavat, ett\u00e4 verkkosivusto toimii oikein ja esimerkiksi muistavat asetuksesi. Niiden avulla voimme my\u00f6s optimoida verkkosivustoamme. N\u00e4m\u00e4 ovat analyyttisi\u00e4 ev\u00e4steit\u00e4, jotka eiv\u00e4t loukkaa yksityisyytt\u00e4si. Emme vaadi ennakkosuostumustasi.<\/li>\n\n\n\n<li>\u201d Google Analytics: T\u00e4m\u00e4 verkkosivusto k\u00e4ytt\u00e4\u00e4 yhdysvaltalaisen Googlen ev\u00e4steit\u00e4 osana \u201cAnalytics\u201d-palvelua. DrSupply k\u00e4ytt\u00e4\u00e4 t\u00e4t\u00e4 palvelua saadakseen raportteja verkkosivuston k\u00e4yt\u00f6st\u00e4 ja mitatakseen sen laatua ja tehokkuutta. K\u00e4yt\u00e4mme Google Analyticsia henkil\u00f6tietoviranomaisen m\u00e4\u00e4r\u00e4\u00e4m\u00e4ll\u00e4 tavalla, jotta se kuuluu ev\u00e4stelain poikkeuksen piiriin. T\u00e4m\u00e4 tarkoittaa, ett\u00e4 emme tarvitse Google Analyticsin k\u00e4ytt\u00f6\u00f6n ennakkosuostumustasi.<\/li>\n\n\n\n<li>TARKASTELLA, KORJATA TAI POISTAA<\/li>\n\n\n\n<li>Sinulla on oikeus tutustua henkil\u00f6tietoihisi, oikaista tai poistaa ne. Sinulla on my\u00f6s oikeus peruuttaa suostumuksesi tietojen k\u00e4sittelyyn tai vastustaa henkil\u00f6tietojesi k\u00e4sittely\u00e4. Sinulla on oikeus tietojen siirrett\u00e4vyyteen (\u2018tietojen siirrett\u00e4vyys\u2019), jos meill\u00e4 on hallussamme digitaalisia henkil\u00f6tietoja, joita k\u00e4sittelemme joko suostumuksellasi tai joita k\u00e4sittelemme kanssasi tekem\u00e4mme sopimuksen t\u00e4ytt\u00e4miseksi.<\/li>\n\n\n\n<li>T\u00e4m\u00e4 tarkoittaa, ett\u00e4 voit pyyt\u00e4\u00e4 meit\u00e4 l\u00e4hett\u00e4m\u00e4\u00e4n sinusta hallussamme olevat digitaaliset henkil\u00f6tiedot luettavassa tietokonetiedostossa sinulle tai toiselle nime\u00e4m\u00e4llesi organisaatiolle.<\/li>\n\n\n\n<li>Voit l\u00e4hett\u00e4\u00e4 osoitteeseen info@chemicalshoppers.com pyynn\u00f6n saada p\u00e4\u00e4sy henkil\u00f6tietoihisi, oikaista tai poistaa ne, siirt\u00e4\u00e4 ne tai pyyt\u00e4\u00e4 suostumuksesi peruuttamista tai vastustaa henkil\u00f6tietojesi k\u00e4sittely\u00e4.<\/li>\n\n\n\n<li>Varmistaaksemme, ett\u00e4 tarkastuspyynt\u00f6 on sinun tekem\u00e4si, pyyd\u00e4mme sinua l\u00e4hett\u00e4m\u00e4\u00e4n pyynn\u00f6n mukana kopion henkil\u00f6llisyystodistuksestasi. Mustaa t\u00e4h\u00e4n kopioon passikuvasi, MRZ (koneellisesti luettava vy\u00f6hyke, numerorivi passin alaosassa), passin numero ja kansalaispalvelunumero (BSN). T\u00e4m\u00e4 on yksityisyytesi suojaamiseksi. Vastaamme pyynt\u00f6\u00f6si mahdollisimman pian, kuitenkin nelj\u00e4n viikon kuluessa.<\/li>\n\n\n\n<li>Haluamme my\u00f6s ilmoittaa, ett\u00e4 sinulla on mahdollisuus tehd\u00e4 valitus kansalliselle s\u00e4\u00e4ntelyviranomaiselle, henkil\u00f6tietoviranomaiselle.<\/li>\n\n\n\n<li>Ota yhteytt\u00e4<\/li>\n\n\n\n<li>Suhtaudumme tietojesi suojaamiseen vakavasti ja toteutamme asianmukaiset toimenpiteet v\u00e4\u00e4rink\u00e4yt\u00f6n, katoamisen, luvattoman p\u00e4\u00e4syn, ei-toivotun paljastamisen ja luvattoman muuttamisen est\u00e4miseksi. Jos sinusta tuntuu, ett\u00e4 tietojasi ei ole suojattu asianmukaisesti tai ett\u00e4 on viitteit\u00e4 v\u00e4\u00e4rink\u00e4yt\u00f6ksist\u00e4, ota yhteytt\u00e4 asiakaspalvelutiimiimme tai osoitteeseen info@chemicalshoppers.com.<\/li>\n<\/ul>","protected":false},"excerpt":{"rendered":"<p>PrivacyverklaringDit is de privacyverklaring van chemicalshoppers.com Toepasselijkheid: Deze privacyverklaring is van toepassing op alle privacygevoelige informatie of persoonsgegevens die u<\/p>","protected":false},"author":1,"featured_media":0,"parent":0,"menu_order":0,"comment_status":"closed","ping_status":"closed","template":"","meta":{"footnotes":""},"class_list":["post-16137","page","type-page","status-publish","hentry"],"_links":{"self":[{"href":"https:\/\/researchchemicalshop.eu\/fi\/wp-json\/wp\/v2\/pages\/16137","targetHints":{"allow":["GET"]}}],"collection":[{"href":"https:\/\/researchchemicalshop.eu\/fi\/wp-json\/wp\/v2\/pages"}],"about":[{"href":"https:\/\/researchchemicalshop.eu\/fi\/wp-json\/wp\/v2\/types\/page"}],"author":[{"embeddable":true,"href":"https:\/\/researchchemicalshop.eu\/fi\/wp-json\/wp\/v2\/users\/1"}],"replies":[{"embeddable":true,"href":"https:\/\/researchchemicalshop.eu\/fi\/wp-json\/wp\/v2\/comments?post=16137"}],"version-history":[{"count":1,"href":"https:\/\/researchchemicalshop.eu\/fi\/wp-json\/wp\/v2\/pages\/16137\/revisions"}],"predecessor-version":[{"id":16138,"href":"https:\/\/researchchemicalshop.eu\/fi\/wp-json\/wp\/v2\/pages\/16137\/revisions\/16138"}],"wp:attachment":[{"href":"https:\/\/researchchemicalshop.eu\/fi\/wp-json\/wp\/v2\/media?parent=16137"}],"curies":[{"name":"wp","href":"https:\/\/api.w.org\/{rel}","templated":true}]}}