{"id":83,"date":"2026-02-09T11:52:07","date_gmt":"2026-02-09T11:52:07","guid":{"rendered":"https:\/\/researchchemicalshop.eu\/?post_type=product&#038;p=83"},"modified":"2026-03-07T03:39:49","modified_gmt":"2026-03-07T03:39:49","slug":"etizolam","status":"publish","type":"product","link":"https:\/\/researchchemicalshop.eu\/et\/toode\/etizolam\/","title":{"rendered":"Etizolaam 1mg Blotters"},"content":{"rendered":"<h1><span dir=\"auto\" style=\"vertical-align: inherit;\"><span dir=\"auto\" style=\"vertical-align: inherit;\">Etizolam Blotters 1mg \u2013 Professional Research Material for Scientific Applications<\/span><\/span><\/h1>\n<p data-start=\"3736\" data-end=\"3880\"><strong data-start=\"3736\" data-end=\"3761\">Etizolaam 1mg Blotters<\/strong> bevatten <strong data-start=\"3771\" data-end=\"3807\">1 milligram Etizolam per blotter<\/strong>, nauwkeurig gedoseerd voor <strong data-start=\"3835\" data-end=\"3877\">farmacologisch en analytisch onderzoek<\/strong>. etizolam kopen<\/p>\n<p data-start=\"3882\" data-end=\"4147\">Etizolam is een <strong data-start=\"3898\" data-end=\"3928\">thienodiazepine-verbinding<\/strong>, structureel verwant aan benzodiazepinen, en wordt onderzocht vanwege zijn werking op <strong data-start=\"4015\" data-end=\"4036\">GABA-A-receptoren<\/strong>. Het wordt vaak gebruikt in <strong data-start=\"4065\" data-end=\"4098\">neurofarmacologisch onderzoek<\/strong> naar angstremmende en sedatieve eigenschappen.<\/p>\n<p data-start=\"4149\" data-end=\"4377\">Elke blotter wordt vervaardigd onder <strong data-start=\"4186\" data-end=\"4224\">ranged laboritingimused<\/strong>, met <strong data-start=\"4230\" data-end=\"4265\">hoge zuiverheid Etizolam (\u226599%)<\/strong> op <strong data-start=\"4269\" data-end=\"4297\">onderzoekswaardig papier<\/strong>, mis n\u00e4eb ette <strong data-start=\"4314\" data-end=\"4374\">uniforme absorptie en consistente analytische prestaties<\/strong>.<\/p>\n<blockquote data-start=\"4379\" data-end=\"4534\">\n<p data-start=\"4381\" data-end=\"4534\">\u26a0\ufe0f <strong data-start=\"4384\" data-end=\"4395\">M\u00e4rkus:<\/strong> Deze blotters zijn <strong data-start=\"4415\" data-end=\"4470\">uitsluitend bedoeld voor wetenschappelijk onderzoek<\/strong> ja <strong data-start=\"4474\" data-end=\"4531\">ei k\u00f5lba inim- ega loomatoiduks<\/strong>.<\/p>\n<\/blockquote>\n<hr data-start=\"4536\" data-end=\"4539\" \/>\n<h3 data-start=\"4541\" data-end=\"4572\"><strong data-start=\"4545\" data-end=\"4572\">P\u00f5hijooned<\/strong><\/h3>\n<ul data-start=\"4573\" data-end=\"5008\">\n<li data-start=\"4573\" data-end=\"4662\">\n<p data-start=\"4575\" data-end=\"4662\"><strong data-start=\"4575\" data-end=\"4617\">Nauwkeurige Dosering (1mg per blotter)<\/strong> \u2013 Voor betrouwbare analytische resultaten.<\/p>\n<\/li>\n<li data-start=\"4663\" data-end=\"4737\">\n<p data-start=\"4665\" data-end=\"4737\"><strong data-start=\"4665\" data-end=\"4691\">K\u00f5rge puhtusastmega (\u226599%)<\/strong> \u2013 Gecontroleerd via HPLC- en GC-MS-analyse.<\/p>\n<\/li>\n<li data-start=\"4738\" data-end=\"4820\">\n<p data-start=\"4740\" data-end=\"4820\"><strong data-start=\"4740\" data-end=\"4762\">Uniforme Verdeling<\/strong> \u2013 Gelijkmatige coating voor consistente testresultaten.<\/p>\n<\/li>\n<li data-start=\"4821\" data-end=\"4918\">\n<p data-start=\"4823\" data-end=\"4918\"><strong data-start=\"4823\" data-end=\"4862\">Farmacologische Onderzoeksstandaard<\/strong> \u2013 Geschikt voor receptor- en bioanalytisch onderzoek.<\/p>\n<\/li>\n<li data-start=\"4919\" data-end=\"5008\">\n<p data-start=\"4921\" data-end=\"5008\"><strong data-start=\"4921\" data-end=\"4943\">Veilige Verpakking<\/strong> \u2013 Beschermd tegen licht en vocht voor langdurige houdbaarheid. etizolam kopen<\/p>\n<\/li>\n<\/ul>\n<hr data-start=\"5010\" data-end=\"5013\" \/>\n<h3 data-start=\"5015\" data-end=\"5032\"><strong data-start=\"5019\" data-end=\"5032\">Eelised<\/strong><\/h3>\n<ul data-start=\"5033\" data-end=\"5328\">\n<li data-start=\"5033\" data-end=\"5120\">\n<p data-start=\"5035\" data-end=\"5120\">Ondersteunt <strong data-start=\"5047\" data-end=\"5117\">onderzoek naar GABA-A-receptoren en neurofarmacologische processen<\/strong>.<\/p>\n<\/li>\n<li data-start=\"5121\" data-end=\"5181\">\n<p data-start=\"5123\" data-end=\"5181\"><strong data-start=\"5123\" data-end=\"5178\">Nauwkeurige en reproduceerbare onderzoeksresultaten<\/strong>.<\/p>\n<\/li>\n<li data-start=\"5182\" data-end=\"5254\">\n<p data-start=\"5184\" data-end=\"5254\"><strong data-start=\"5184\" data-end=\"5226\">Gemakkelijk te hanteren en op te slaan<\/strong> voor laboratoriumgebruik.<\/p>\n<\/li>\n<li data-start=\"5255\" data-end=\"5328\">\n<p data-start=\"5257\" data-end=\"5328\">Sobib <strong data-start=\"5271\" data-end=\"5325\">academisch, farmacologisch en analytisch onderzoek<\/strong>.<\/p>\n<\/li>\n<\/ul>\n<hr data-start=\"5330\" data-end=\"5333\" \/>\n<h3 data-start=\"5335\" data-end=\"5350\"><strong data-start=\"5339\" data-end=\"5350\">Kasutage<\/strong><\/h3>\n<ul data-start=\"5351\" data-end=\"5622\">\n<li data-start=\"5351\" data-end=\"5421\">\n<p data-start=\"5353\" data-end=\"5421\">Alleen te gebruiken door <strong data-start=\"5378\" data-end=\"5418\">gekwalificeerd laboratoriumpersoneel<\/strong>.<\/p>\n<\/li>\n<li data-start=\"5422\" data-end=\"5498\">\n<p data-start=\"5424\" data-end=\"5498\">Gebruik geschikte <strong data-start=\"5442\" data-end=\"5466\">beschermingsmiddelen<\/strong> (handschoenen, bril, labjas).<\/p>\n<\/li>\n<li data-start=\"5499\" data-end=\"5563\">\n<p data-start=\"5501\" data-end=\"5563\">Bewaren op een <strong data-start=\"5516\" data-end=\"5550\">jahedas, kuivas ja pimedas kohas<\/strong> (15\u201325\u00b0C).<\/p>\n<\/li>\n<li data-start=\"5564\" data-end=\"5622\">\n<p data-start=\"5566\" data-end=\"5622\">Ei sobi inim- ega loomatoiduks.<\/p>\n<\/li>\n<\/ul>\n<hr data-start=\"5624\" data-end=\"5627\" \/>\n<h3 data-start=\"5629\" data-end=\"5664\"><strong data-start=\"5633\" data-end=\"5664\">Korduma kippuvad k\u00fcsimused (KKK)<\/strong><\/h3>\n<p data-start=\"5666\" data-end=\"5841\"><strong data-start=\"5666\" data-end=\"5720\">1. Waarvoor worden Etizolam 1mg Blotters gebruikt?<\/strong><br data-start=\"5720\" data-end=\"5723\" \/>Etizolam 1mg Blotters worden gebruikt in <strong data-start=\"5764\" data-end=\"5806\">analytisch en farmacologisch onderzoek<\/strong> naar GABA-A-receptorinteracties.<\/p>\n<p data-start=\"5843\" data-end=\"6029\"><strong data-start=\"5843\" data-end=\"5903\">2. Zijn Etizolam Blotters veilig voor menselijk gebruik?<\/strong><br data-start=\"5903\" data-end=\"5906\" \/>Nee. Deze blotters zijn <strong data-start=\"5930\" data-end=\"5979\">m\u00f5eldud ainult teadust\u00f6\u00f6ks<\/strong> en niet goedgekeurd voor menselijke consumptie.<\/p>\n<p data-start=\"6031\" data-end=\"6169\"><strong data-start=\"6031\" data-end=\"6082\">3. Hoe moeten Etizolam Blotters worden bewaard?<\/strong><br data-start=\"6082\" data-end=\"6085\" \/>Bewaren in een <strong data-start=\"6100\" data-end=\"6135\">licht- en vochtvrije verpakking<\/strong> bij kamertemperatuur (15\u201325\u00b0C).<\/p>","protected":false},"excerpt":{"rendered":"<h2><strong><span dir=\"auto\" style=\"vertical-align: inherit;\"><span dir=\"auto\" style=\"vertical-align: inherit;\">Etizolam 1mg Blotters<\/span><\/span><\/strong><\/h2>\n<p><span dir=\"auto\" style=\"vertical-align: inherit;\"><span dir=\"auto\" style=\"vertical-align: inherit;\">CAS Number: 40054-69-1 <\/span><\/span><br \/>\n<span dir=\"auto\" style=\"vertical-align: inherit;\"><span dir=\"auto\" style=\"vertical-align: inherit;\">Formula: 4-(2-chlorophenyl)-2-ethyl-9-methyl-6H-thieno[3,2-f][1,2,4]triazolo[4,3-a][1,4]diazepine <\/span><\/span><br \/>\n<span dir=\"auto\" style=\"vertical-align: inherit;\"><span dir=\"auto\" style=\"vertical-align: inherit;\">Molecular mass: 342.8 g\/mol <\/span><\/span><br \/>\n<span dir=\"auto\" style=\"vertical-align: inherit;\"><span dir=\"auto\" style=\"vertical-align: inherit;\">Purity: \u2265 99%<\/span><\/span><\/p>\n","protected":false},"featured_media":16984,"comment_status":"closed","ping_status":"closed","template":"","meta":[],"product_brand":[23],"product_cat":[36],"product_tag":[57,147,148,22],"class_list":{"0":"post-83","1":"product","2":"type-product","3":"status-publish","4":"has-post-thumbnail","6":"product_brand-research-chemical","7":"product_cat-verboden","8":"product_tag-etizolam","9":"product_tag-etizolam-blotters","10":"product_tag-etizolam-kopen","11":"product_tag-nl","13":"first","14":"instock","15":"shipping-taxable","16":"purchasable","17":"product-type-simple"},"_links":{"self":[{"href":"https:\/\/researchchemicalshop.eu\/et\/wp-json\/wp\/v2\/product\/83","targetHints":{"allow":["GET"]}}],"collection":[{"href":"https:\/\/researchchemicalshop.eu\/et\/wp-json\/wp\/v2\/product"}],"about":[{"href":"https:\/\/researchchemicalshop.eu\/et\/wp-json\/wp\/v2\/types\/product"}],"replies":[{"embeddable":true,"href":"https:\/\/researchchemicalshop.eu\/et\/wp-json\/wp\/v2\/comments?post=83"}],"version-history":[{"count":1,"href":"https:\/\/researchchemicalshop.eu\/et\/wp-json\/wp\/v2\/product\/83\/revisions"}],"predecessor-version":[{"id":16650,"href":"https:\/\/researchchemicalshop.eu\/et\/wp-json\/wp\/v2\/product\/83\/revisions\/16650"}],"wp:featuredmedia":[{"embeddable":true,"href":"https:\/\/researchchemicalshop.eu\/et\/wp-json\/wp\/v2\/media\/16984"}],"wp:attachment":[{"href":"https:\/\/researchchemicalshop.eu\/et\/wp-json\/wp\/v2\/media?parent=83"}],"wp:term":[{"taxonomy":"product_brand","embeddable":true,"href":"https:\/\/researchchemicalshop.eu\/et\/wp-json\/wp\/v2\/product_brand?post=83"},{"taxonomy":"product_cat","embeddable":true,"href":"https:\/\/researchchemicalshop.eu\/et\/wp-json\/wp\/v2\/product_cat?post=83"},{"taxonomy":"product_tag","embeddable":true,"href":"https:\/\/researchchemicalshop.eu\/et\/wp-json\/wp\/v2\/product_tag?post=83"}],"curies":[{"name":"wp","href":"https:\/\/api.w.org\/{rel}","templated":true}]}}