{"id":1571,"date":"2026-02-09T11:56:55","date_gmt":"2026-02-09T11:56:55","guid":{"rendered":"https:\/\/researchchemicalshop.eu\/?post_type=product&#038;p=1571"},"modified":"2026-02-28T17:48:02","modified_gmt":"2026-02-28T17:48:02","slug":"1bz-lsd-200mcg-graanulid","status":"publish","type":"product","link":"https:\/\/researchchemicalshop.eu\/et\/toode\/1bz-lsd-200mcg-graanulid\/","title":{"rendered":"1Bz-LSD 200mcg tabletid"},"content":{"rendered":"<h3 data-start=\"4076\" data-end=\"4095\"><strong data-start=\"4080\" data-end=\"4095\">Sissejuhatus<\/strong><\/h3>\n<p data-start=\"4096\" data-end=\"4400\">Meie <strong data-start=\"4101\" data-end=\"4130\">200 mcg teadusgraanulid<\/strong> on v\u00e4lja t\u00f6\u00f6tatud <strong data-start=\"4152\" data-end=\"4208\">teaduslikud, kohtuekspertiisi- ja anal\u00fc\u00fctilised uuringud<\/strong> kus on vaja \u00e4\u00e4rmist t\u00e4psust.<br data-start=\"4243\" data-end=\"4246\" \/>Iga graanuli valmistatakse vastavalt <strong data-start=\"4282\" data-end=\"4320\">ranged laboritingimused<\/strong>, mis n\u00e4eb ette <strong data-start=\"4337\" data-end=\"4397\">keemiline stabiilsus, reprodutseeritavus ja puhtus<\/strong>. 1Bz-LSD graanulid<\/p>\n<p data-start=\"4402\" data-end=\"4545\">Need on ideaalsed <strong data-start=\"4422\" data-end=\"4476\">kalibreerimine, valideerimine ja v\u00f5rdluskatsed<\/strong>, pakkudes usaldusv\u00e4\u00e4rseid tulemusi professionaalsetele teadlastele.<\/p>\n<blockquote data-start=\"4547\" data-end=\"4656\">\n<p data-start=\"4549\" data-end=\"4656\">\u26a0\ufe0f <strong data-start=\"4552\" data-end=\"4656\">M\u00f5eldud ainult laboratoorseks kasutamiseks. Ei sobi inimeste ega loomade tarbimiseks.<\/strong><\/p>\n<\/blockquote>\n<hr data-start=\"4658\" data-end=\"4661\" \/>\n<h3 data-start=\"4663\" data-end=\"4694\"><strong data-start=\"4667\" data-end=\"4694\">P\u00f5hijooned<\/strong><\/h3>\n<ul data-start=\"4695\" data-end=\"5200\">\n<li data-start=\"4695\" data-end=\"4765\">\n<p data-start=\"4697\" data-end=\"4765\"><strong data-start=\"4697\" data-end=\"4723\">K\u00f5rge puhtusastmega (\u226599%)<\/strong> - S\u00f5ltumatult testitud ja kontrollitud.<\/p>\n<\/li>\n<li data-start=\"4766\" data-end=\"4859\">\n<p data-start=\"4768\" data-end=\"4859\"><strong data-start=\"4768\" data-end=\"4801\">T\u00e4pne annus 200 mcg<\/strong> - J\u00e4rjepidevate ja usaldusv\u00e4\u00e4rsete uurimistulemuste saavutamiseks.<\/p>\n<\/li>\n<li data-start=\"4860\" data-end=\"4941\">\n<p data-start=\"4862\" data-end=\"4941\"><strong data-start=\"4862\" data-end=\"4898\">Stabiilne keemiline koostis<\/strong> - S\u00e4ilitab terviklikkuse, kui seda n\u00f5uetekohaselt s\u00e4ilitatakse.<\/p>\n<\/li>\n<li data-start=\"4942\" data-end=\"5043\">\n<p data-start=\"4944\" data-end=\"5043\"><strong data-start=\"4944\" data-end=\"4969\">Laboratooriumi kvaliteet<\/strong> - Toodetud vastavalt rahvusvahelistele kvaliteedi- ja ohutusstandarditele.<\/p>\n<\/li>\n<li data-start=\"5044\" data-end=\"5123\">\n<p data-start=\"5046\" data-end=\"5123\"><strong data-start=\"5046\" data-end=\"5073\">Kaitsepakendid<\/strong> - \u00d5hukindel, niiskuskindel ja valguskindel.<\/p>\n<\/li>\n<li data-start=\"5124\" data-end=\"5200\">\n<p data-start=\"5126\" data-end=\"5200\"><strong data-start=\"5126\" data-end=\"5151\">Professionaalne kasutamine<\/strong> - Ette n\u00e4htud heakskiidetud teadusasutustele.<\/p>\n<\/li>\n<\/ul>\n<hr data-start=\"5202\" data-end=\"5205\" \/>\n<h3 data-start=\"5207\" data-end=\"5224\"><strong data-start=\"5211\" data-end=\"5224\">Eelised<\/strong><\/h3>\n<ul data-start=\"5225\" data-end=\"5650\">\n<li data-start=\"5225\" data-end=\"5299\">\n<p data-start=\"5227\" data-end=\"5299\"><strong data-start=\"5227\" data-end=\"5263\">J\u00e4rjepidevad uurimistulemused<\/strong> - Usaldusv\u00e4\u00e4rne ja korratav.<\/p>\n<\/li>\n<li data-start=\"5300\" data-end=\"5385\">\n<p data-start=\"5302\" data-end=\"5385\"><strong data-start=\"5302\" data-end=\"5328\">Pikaajaline stabiilsus<\/strong> - S\u00e4ilitab \u00f5igesti ladustatuna keemilised omadused.<\/p>\n<\/li>\n<li data-start=\"5386\" data-end=\"5478\">\n<p data-start=\"5388\" data-end=\"5478\"><strong data-start=\"5388\" data-end=\"5412\">Eetiliselt toodetud<\/strong> - Koosk\u00f5las rahvusvaheliste ohutusjuhistega.<\/p>\n<\/li>\n<li data-start=\"5479\" data-end=\"5568\">\n<p data-start=\"5481\" data-end=\"5568\"><strong data-start=\"5481\" data-end=\"5508\">Teaduslikult testitud<\/strong> - Kontrollitud puhtuse, identsuse ja stabiilsuse suhtes.<\/p>\n<\/li>\n<li data-start=\"5569\" data-end=\"5650\">\n<p data-start=\"5571\" data-end=\"5650\"><strong data-start=\"5571\" data-end=\"5600\">Kasutajas\u00f5bralik kuju<\/strong> - Pelletid v\u00e4hendavad saastumisriski.<\/p>\n<\/li>\n<\/ul>\n<hr data-start=\"5652\" data-end=\"5655\" \/>\n<h3 data-start=\"5657\" data-end=\"5672\"><strong data-start=\"5661\" data-end=\"5672\">Kasutage<\/strong><\/h3>\n<ol data-start=\"5673\" data-end=\"6082\">\n<li data-start=\"5673\" data-end=\"5774\">\n<p data-start=\"5676\" data-end=\"5774\"><strong data-start=\"5676\" data-end=\"5711\">Ainult laboratoorseks kasutamiseks<\/strong> - Kasutada ainult heakskiidetud uurimisrajatistes.<\/p>\n<\/li>\n<li data-start=\"5775\" data-end=\"5842\">\n<p data-start=\"5778\" data-end=\"5842\"><strong data-start=\"5778\" data-end=\"5788\">Ladustamine<\/strong> - Salvesta <strong data-start=\"5805\" data-end=\"5839\">jahedas, kuivas ja pimedas kohas<\/strong>.<\/p>\n<\/li>\n<li data-start=\"5843\" data-end=\"5923\">\n<p data-start=\"5846\" data-end=\"5923\"><strong data-start=\"5846\" data-end=\"5863\">Turvaline t\u00f6\u00f6tamine<\/strong> - Kandke kindaid, kaitseprille ja labori\u00fclikonda.<\/p>\n<\/li>\n<li data-start=\"5924\" data-end=\"6003\">\n<p data-start=\"5927\" data-end=\"6003\"><strong data-start=\"5927\" data-end=\"5939\">M\u00f5\u00f5tmised<\/strong> - Kasutage t\u00e4psete anal\u00fc\u00fcside tegemiseks kalibreeritud seadmeid.<\/p>\n<\/li>\n<li data-start=\"6004\" data-end=\"6082\">\n<p data-start=\"6007\" data-end=\"6082\"><strong data-start=\"6007\" data-end=\"6023\">Hoiatus<\/strong> - Ei sobi inim- ega loomatoiduks.<\/p>\n<\/li>\n<\/ol>\n<hr data-start=\"6084\" data-end=\"6087\" \/>\n<h3 data-start=\"6089\" data-end=\"6116\"><strong data-start=\"6093\" data-end=\"6116\">Korduma kippuvad k\u00fcsimused<\/strong><\/h3>\n<p data-start=\"6118\" data-end=\"6305\"><strong data-start=\"6118\" data-end=\"6176\">1. Milleks kasutatakse 200 mcg uurimispelleteid?<\/strong><br data-start=\"6176\" data-end=\"6179\" \/>Neid kasutatakse <strong data-start=\"6203\" data-end=\"6247\">teaduslikud ja anal\u00fc\u00fctilised uuringud<\/strong>, n\u00e4iteks kalibreerimine ja v\u00f5rdlevad laboratoorsed uuringud.<\/p>\n<p data-start=\"6307\" data-end=\"6469\"><strong data-start=\"6307\" data-end=\"6374\">2. Kas neid graanuleid v\u00f5ib kasutada v\u00e4ljaspool laborit?<\/strong><br data-start=\"6374\" data-end=\"6377\" \/>Ei. Need tooted on <strong data-start=\"6402\" data-end=\"6466\">ette n\u00e4htud \u00fcksnes professionaalseteks laboratoorseteks uuringuteks<\/strong>.<\/p>\n<p data-start=\"6471\" data-end=\"6617\"><strong data-start=\"6471\" data-end=\"6515\">3. Kuidas tuleks pelleteid ladustada?<\/strong><br data-start=\"6515\" data-end=\"6518\" \/>Hoidke neid oma <strong data-start=\"6535\" data-end=\"6572\">originaalne, \u00f5hukindel pakend<\/strong> kohta <strong data-start=\"6580\" data-end=\"6614\">jahedas, kuivas ja pimedas kohas<\/strong>.<\/p>\n<hr data-start=\"6619\" data-end=\"6622\" \/>\n<h3 data-start=\"6624\" data-end=\"6642\"><strong data-start=\"6628\" data-end=\"6642\">Vastutusn\u00f5ue<\/strong><\/h3>\n<p data-start=\"6643\" data-end=\"6875\">See toode on <strong data-start=\"6658\" data-end=\"6707\">m\u00f5eldud ainult teadust\u00f6\u00f6ks<\/strong>. <strong data-start=\"6709\" data-end=\"6767\">Ei sobi inim- ega loomatoiduks.<\/strong><br data-start=\"6767\" data-end=\"6770\" \/>Ostmisega kinnitate, et j\u00e4rgite k\u00f5iki kehtivaid ohutus- ja \u00f5igusn\u00f5udeid.<\/p>\n<h3><strong><span dir=\"auto\" style=\"vertical-align: inherit;\"><span dir=\"auto\" style=\"vertical-align: inherit;\">1B-LSD 200mcg pelletid - Premium uurimiskemikaal teaduslikuks anal\u00fc\u00fcsiks<\/span><\/span><\/strong><\/h3>\n<h4><strong><span dir=\"auto\" style=\"vertical-align: inherit;\"><span dir=\"auto\" style=\"vertical-align: inherit;\">Mis on 1B-LSD?<\/span><\/span><\/strong><\/h4>\n<p class=\"ds-markdown-paragraph\"><span dir=\"auto\" style=\"vertical-align: inherit;\"><span dir=\"auto\" style=\"vertical-align: inherit;\">1B-LSD (1-Butano\u00fc\u00fcl-lyserghappe diet\u00fc\u00fclamiid) on\u00a0 <\/span><\/span><strong><span dir=\"auto\" style=\"vertical-align: inherit;\"><span dir=\"auto\" style=\"vertical-align: inherit;\">uurimiskemikaal<\/span><\/span><\/strong><span dir=\"auto\" style=\"vertical-align: inherit;\"><span dir=\"auto\" style=\"vertical-align: inherit;\"> \u00a0struktuuriliselt seotud LSD-ga. Seda ainet kasutatakse \u00fcksnes\u00a0 <\/span><\/span><strong><span dir=\"auto\" style=\"vertical-align: inherit;\"><span dir=\"auto\" style=\"vertical-align: inherit;\">teaduslikel eesm\u00e4rkidel<\/span><\/span><\/strong><span dir=\"auto\" style=\"vertical-align: inherit;\"><span dir=\"auto\" style=\"vertical-align: inherit;\"> , sealhulgas farmakoloogilised uuringud serotonergiliste s\u00fcsteemide ja teadvuse uuringute kohta.<\/span><\/span><\/p>\n<p class=\"ds-markdown-paragraph\"><span dir=\"auto\" style=\"vertical-align: inherit;\"><span dir=\"auto\" style=\"vertical-align: inherit;\">Meie\u00a0 <\/span><\/span><strong><span dir=\"auto\" style=\"vertical-align: inherit;\"><span dir=\"auto\" style=\"vertical-align: inherit;\">1B-LSD 200mcg graanulid<\/span><\/span><\/strong><span dir=\"auto\" style=\"vertical-align: inherit;\"><span dir=\"auto\" style=\"vertical-align: inherit;\"> \u00a0ohverdada\u00a0 <\/span><\/span><strong><span dir=\"auto\" style=\"vertical-align: inherit;\"><span dir=\"auto\" style=\"vertical-align: inherit;\">t\u00e4pne mikrodoseerimine<\/span><\/span><\/strong><span dir=\"auto\" style=\"vertical-align: inherit;\"><span dir=\"auto\" style=\"vertical-align: inherit;\"> , ideaalne kontrollitud katsete l\u00e4biviimiseks teaduskeskkondades.<\/span><\/span><\/p>\n<hr \/>\n<h3><strong><span dir=\"auto\" style=\"vertical-align: inherit;\"><span dir=\"auto\" style=\"vertical-align: inherit;\">Toote omadused:<\/span><\/span><\/strong><\/h3>\n<p class=\"ds-markdown-paragraph\">\u2705\u00a0<strong><span dir=\"auto\" style=\"vertical-align: inherit;\"><span dir=\"auto\" style=\"vertical-align: inherit;\">\u00dclimalt t\u00e4pne doseerimine<\/span><\/span><\/strong><span dir=\"auto\" style=\"vertical-align: inherit;\"><span dir=\"auto\" style=\"vertical-align: inherit;\"> \u00a0- Iga graanuli sisaldab t\u00e4pselt\u00a0 <\/span><\/span><strong><span dir=\"auto\" style=\"vertical-align: inherit;\"><span dir=\"auto\" style=\"vertical-align: inherit;\">200 mikrogrammi (0,2 mg) 1B-LSD-d. <\/span><\/span><\/strong><br \/>\n\u2705\u00a0<strong><span dir=\"auto\" style=\"vertical-align: inherit;\"><span dir=\"auto\" style=\"vertical-align: inherit;\">Anal\u00fc\u00fctiline hinne<\/span><\/span><\/strong><span dir=\"auto\" style=\"vertical-align: inherit;\"><span dir=\"auto\" style=\"vertical-align: inherit;\"> \u00a0- HPLC puhastatud optimaalsete uurimistulemuste saavutamiseks <\/span><\/span><br \/>\n\u2705\u00a0<strong><span dir=\"auto\" style=\"vertical-align: inherit;\"><span dir=\"auto\" style=\"vertical-align: inherit;\">Stabiilne koostis<\/span><\/span><\/strong><span dir=\"auto\" style=\"vertical-align: inherit;\"><span dir=\"auto\" style=\"vertical-align: inherit;\"> \u00a0- Spetsiaalne kate pikendatud s\u00e4ilivusaja tagamiseks <\/span><\/span><br \/>\n\u2705\u00a0<strong><span dir=\"auto\" style=\"vertical-align: inherit;\"><span dir=\"auto\" style=\"vertical-align: inherit;\">Sobib neurokeemilisteks uuringuteks<\/span><\/span><\/strong><span dir=\"auto\" style=\"vertical-align: inherit;\"><span dir=\"auto\" style=\"vertical-align: inherit;\"> \u00a0- V\u00f5imalik rakendus retseptoriuuringutes<\/span><\/span><\/p>\n<hr \/>\n<h3><strong><span dir=\"auto\" style=\"vertical-align: inherit;\"><span dir=\"auto\" style=\"vertical-align: inherit;\">V\u00f5imalikud teadusuuringute rakendused:<\/span><\/span><\/strong><\/h3>\n<ul>\n<li>\n<p class=\"ds-markdown-paragraph\"><strong><span dir=\"auto\" style=\"vertical-align: inherit;\"><span dir=\"auto\" style=\"vertical-align: inherit;\">Neurofarmakoloogia<\/span><\/span><\/strong><span dir=\"auto\" style=\"vertical-align: inherit;\"><span dir=\"auto\" style=\"vertical-align: inherit;\"> \u00a0- 5-HT2A retseptori koostoimete uurimine<\/span><\/span><\/p>\n<\/li>\n<li>\n<p class=\"ds-markdown-paragraph\"><strong><span dir=\"auto\" style=\"vertical-align: inherit;\"><span dir=\"auto\" style=\"vertical-align: inherit;\">Kognitiivne teadus<\/span><\/span><\/strong><span dir=\"auto\" style=\"vertical-align: inherit;\"><span dir=\"auto\" style=\"vertical-align: inherit;\"> \u00a0- Uuringud tajumuutuste kohta<\/span><\/span><\/p>\n<\/li>\n<li>\n<p class=\"ds-markdown-paragraph\"><strong><span dir=\"auto\" style=\"vertical-align: inherit;\"><span dir=\"auto\" style=\"vertical-align: inherit;\">V\u00f5rdlevad anal\u00fc\u00fcsid<\/span><\/span><\/strong><span dir=\"auto\" style=\"vertical-align: inherit;\"><span dir=\"auto\" style=\"vertical-align: inherit;\"> \u00a0- Hindamine klassikaliste ps\u00fchhedeelikumidega (LSD, 1P-LSD) v\u00f5rreldes.<\/span><\/span><\/p>\n<\/li>\n<li>\n<p class=\"ds-markdown-paragraph\"><strong><span dir=\"auto\" style=\"vertical-align: inherit;\"><span dir=\"auto\" style=\"vertical-align: inherit;\">Mikrodoseerimise uuringud<\/span><\/span><\/strong><span dir=\"auto\" style=\"vertical-align: inherit;\"><span dir=\"auto\" style=\"vertical-align: inherit;\"> \u00a0- M\u00f5ju loovusele ja kognitiivsele paindlikkusele<\/span><\/span><\/p>\n<\/li>\n<\/ul>\n<hr \/>\n<h3><strong><span dir=\"auto\" style=\"vertical-align: inherit;\"><span dir=\"auto\" style=\"vertical-align: inherit;\">Ohutusprotokoll ja kasutusjuhised:<\/span><\/span><\/strong><\/h3>\n<p class=\"ds-markdown-paragraph\">\u26a0\u00a0<strong><span dir=\"auto\" style=\"vertical-align: inherit;\"><span dir=\"auto\" style=\"vertical-align: inherit;\">Ainult teaduslikuks kasutamiseks<\/span><\/span><\/strong><span dir=\"auto\" style=\"vertical-align: inherit;\"><span dir=\"auto\" style=\"vertical-align: inherit;\"> \u00a0- Ei kasutata inimestel ega loomadel <\/span><\/span><br \/>\n\u26a0\u00a0<strong><span dir=\"auto\" style=\"vertical-align: inherit;\"><span dir=\"auto\" style=\"vertical-align: inherit;\">Olulised ohutusabin\u00f5ud:<\/span><\/span><\/strong><\/p>\n<ul>\n<li>\n<p class=\"ds-markdown-paragraph\"><strong><span dir=\"auto\" style=\"vertical-align: inherit;\"><span dir=\"auto\" style=\"vertical-align: inherit;\">200mcg = tugev teadusannus<\/span><\/span><\/strong><span dir=\"auto\" style=\"vertical-align: inherit;\"><span dir=\"auto\" style=\"vertical-align: inherit;\"> \u00a0- V\u00e4iksemad annused (50-100mcg), mis on soovitatav esialgsete uuringute jaoks.<\/span><\/span><\/p>\n<\/li>\n<li>\n<p class=\"ds-markdown-paragraph\"><strong><span dir=\"auto\" style=\"vertical-align: inherit;\"><span dir=\"auto\" style=\"vertical-align: inherit;\">V\u00e4ltida kombinatsiooni<\/span><\/span><\/strong><span dir=\"auto\" style=\"vertical-align: inherit;\"><span dir=\"auto\" style=\"vertical-align: inherit;\"> \u00a0koos MAO inhibiitorite, stimulantide v\u00f5i muude serotonergiliste ainetega<\/span><\/span><\/p>\n<\/li>\n<li>\n<p class=\"ds-markdown-paragraph\"><strong><span dir=\"auto\" style=\"vertical-align: inherit;\"><span dir=\"auto\" style=\"vertical-align: inherit;\">T\u00f6\u00f6tage alati kontrollitud tingimustes<\/span><\/span><\/strong><span dir=\"auto\" style=\"vertical-align: inherit;\"><span dir=\"auto\" style=\"vertical-align: inherit;\"> \u00a0- V\u00f5imalikud visuaalsed\/mentaalsed m\u00f5jud<\/span><\/span><\/p>\n<\/li>\n<li>\n<p class=\"ds-markdown-paragraph\"><strong><span dir=\"auto\" style=\"vertical-align: inherit;\"><span dir=\"auto\" style=\"vertical-align: inherit;\">Kohustuslik reagentide testimine<\/span><\/span><\/strong><span dir=\"auto\" style=\"vertical-align: inherit;\"><span dir=\"auto\" style=\"vertical-align: inherit;\"> \u00a0- Ehrlichi, Hofmanni ja Marquis' testid kontrollimiseks<\/span><\/span><\/p>\n<\/li>\n<\/ul>\n<hr \/>\n<h3><strong><span dir=\"auto\" style=\"vertical-align: inherit;\"><span dir=\"auto\" style=\"vertical-align: inherit;\">\u00d5iguslik staatus (2024):<\/span><\/span><\/strong><\/h3>\n<ul>\n<li>\n<p class=\"ds-markdown-paragraph\"><strong><span dir=\"auto\" style=\"vertical-align: inherit;\"><span dir=\"auto\" style=\"vertical-align: inherit;\">Ei ole reguleeritud<\/span><\/span><\/strong><span dir=\"auto\" style=\"vertical-align: inherit;\"><span dir=\"auto\" style=\"vertical-align: inherit;\"> \u00a0m\u00f5nes riigis uurimiskemikaalina<\/span><\/span><\/p>\n<\/li>\n<li>\n<p class=\"ds-markdown-paragraph\"><strong><span dir=\"auto\" style=\"vertical-align: inherit;\"><span dir=\"auto\" style=\"vertical-align: inherit;\">Keelatud<\/span><\/span><\/strong><span dir=\"auto\" style=\"vertical-align: inherit;\"><span dir=\"auto\" style=\"vertical-align: inherit;\"> \u00a0teatavates jurisdiktsioonides (nt Saksamaa, \u0160veits).<\/span><\/span><\/p>\n<\/li>\n<li>\n<p class=\"ds-markdown-paragraph\"><strong><span dir=\"auto\" style=\"vertical-align: inherit;\"><span dir=\"auto\" style=\"vertical-align: inherit;\">Rangelt mitte inimtoiduks ette n\u00e4htud<\/span><\/span><\/strong><\/p>\n<\/li>\n<\/ul>\n<hr \/>\n<h3><strong><span dir=\"auto\" style=\"vertical-align: inherit;\"><span dir=\"auto\" style=\"vertical-align: inherit;\">Miks meie 1B-LSD pelletid?<\/span><\/span><\/strong><\/h3>\n<p class=\"ds-markdown-paragraph\">\ud83d\udd2c\u00a0<strong><span dir=\"auto\" style=\"vertical-align: inherit;\"><span dir=\"auto\" style=\"vertical-align: inherit;\">Teaduslik kvaliteedi tagamine<\/span><\/span><\/strong><span dir=\"auto\" style=\"vertical-align: inherit;\"><span dir=\"auto\" style=\"vertical-align: inherit;\"> \u00a0- T\u00f5endatud massispektromeetria <\/span><\/span><br \/>\n\ud83d\udce6\u00a0<strong><span dir=\"auto\" style=\"vertical-align: inherit;\"><span dir=\"auto\" style=\"vertical-align: inherit;\">Kerge ja \u00f5hukindel pakend<\/span><\/span><\/strong><span dir=\"auto\" style=\"vertical-align: inherit;\"><span dir=\"auto\" style=\"vertical-align: inherit;\"> \u00a0- Blisterpakend optimaalse kaitse tagamiseks <\/span><\/span><br \/>\n\ud83d\udcda\u00a0<strong><span dir=\"auto\" style=\"vertical-align: inherit;\"><span dir=\"auto\" style=\"vertical-align: inherit;\">Uurimisdokumentatsioon<\/span><\/span><\/strong><span dir=\"auto\" style=\"vertical-align: inherit;\"><span dir=\"auto\" style=\"vertical-align: inherit;\"> \u00a0- Saadaval on t\u00e4ielikud anal\u00fc\u00fctilised sertifikaadid<\/span><\/span><\/p>\n<hr \/>\n<h3><strong><span dir=\"auto\" style=\"vertical-align: inherit;\"><span dir=\"auto\" style=\"vertical-align: inherit;\">Kriitilised ladustamistingimused:<\/span><\/span><\/strong><\/h3>\n<ul>\n<li>\n<p class=\"ds-markdown-paragraph\"><strong><span dir=\"auto\" style=\"vertical-align: inherit;\"><span dir=\"auto\" style=\"vertical-align: inherit;\">Temperatuurikontrollitud<\/span><\/span><\/strong><span dir=\"auto\" style=\"vertical-align: inherit;\"><span dir=\"auto\" style=\"vertical-align: inherit;\"> : 2-8\u00b0C (k\u00fclmkapp) pikaajaliseks s\u00e4ilitamiseks<\/span><\/span><\/p>\n<\/li>\n<li>\n<p class=\"ds-markdown-paragraph\"><strong><span dir=\"auto\" style=\"vertical-align: inherit;\"><span dir=\"auto\" style=\"vertical-align: inherit;\">Niiskuskaitse<\/span><\/span><\/strong><span dir=\"auto\" style=\"vertical-align: inherit;\"><span dir=\"auto\" style=\"vertical-align: inherit;\"> : Kasutage silikageeli s\u00e4ilituskonteinerites<\/span><\/span><\/p>\n<\/li>\n<li>\n<p class=\"ds-markdown-paragraph\"><strong><span dir=\"auto\" style=\"vertical-align: inherit;\"><span dir=\"auto\" style=\"vertical-align: inherit;\">Valguskaitse<\/span><\/span><\/strong><span dir=\"auto\" style=\"vertical-align: inherit;\"><span dir=\"auto\" style=\"vertical-align: inherit;\"> : Hoidke alati merevaigukollasest originaalpakendis.<\/span><\/span><\/p>\n<\/li>\n<\/ul>\n<hr \/>\n<h3><strong><span dir=\"auto\" style=\"vertical-align: inherit;\"><span dir=\"auto\" style=\"vertical-align: inherit;\">Olulised uurimuse piirangud:<\/span><\/span><\/strong><\/h3>\n<ul>\n<li>\n<p class=\"ds-markdown-paragraph\"><strong><span dir=\"auto\" style=\"vertical-align: inherit;\"><span dir=\"auto\" style=\"vertical-align: inherit;\">Kliiniline rakendus puudub<\/span><\/span><\/strong><span dir=\"auto\" style=\"vertical-align: inherit;\"><span dir=\"auto\" style=\"vertical-align: inherit;\"> \u00a0- Puhtalt in vitro uuringuteks<\/span><\/span><\/p>\n<\/li>\n<li>\n<p class=\"ds-markdown-paragraph\"><strong><span dir=\"auto\" style=\"vertical-align: inherit;\"><span dir=\"auto\" style=\"vertical-align: inherit;\">V\u00e4ltida pikaajalist kokkupuudet<\/span><\/span><\/strong><span dir=\"auto\" style=\"vertical-align: inherit;\"><span dir=\"auto\" style=\"vertical-align: inherit;\"> \u00a0- Tundlik fotolagunemise suhtes<\/span><\/span><\/p>\n<\/li>\n<li>\n<p class=\"ds-markdown-paragraph\"><strong><span dir=\"auto\" style=\"vertical-align: inherit;\"><span dir=\"auto\" style=\"vertical-align: inherit;\">Range juurdep\u00e4\u00e4sukontroll<\/span><\/span><\/strong><span dir=\"auto\" style=\"vertical-align: inherit;\"><span dir=\"auto\" style=\"vertical-align: inherit;\"> - Ainult kvalifitseeritud teadlastele. <\/span><\/span><a href=\"https:\/\/researchchemicalshop.eu\/et\/kauplus\/iboga-ibogaine\/iboga-root-bark\/\"><span dir=\"auto\" style=\"vertical-align: inherit;\"><span dir=\"auto\" style=\"vertical-align: inherit;\">Iboga juure koor<\/span><\/span><\/a><a href=\"https:\/\/researchchemicalshop.eu\/et\/kauplus\/iboga-ibogaine\/buy-ibogaine-hcl-online\/\"><span dir=\"auto\" style=\"vertical-align: inherit;\"><span dir=\"auto\" style=\"vertical-align: inherit;\">osta ibogaine hcl online<\/span><\/span><\/a><a href=\"https:\/\/researchchemicalshop.eu\/et\/kauplus\/lusergamiidid\/1cp-lsd\/\"><span dir=\"auto\" style=\"vertical-align: inherit;\"><span dir=\"auto\" style=\"vertical-align: inherit;\">1cp lsd <\/span><\/span><\/a><a href=\"https:\/\/researchchemicalshop.eu\/et\/kauplus\/pellets-for-pellet\/o-dsmt-50mg-pellets\/\"><span dir=\"auto\" style=\"vertical-align: inherit;\"><span dir=\"auto\" style=\"vertical-align: inherit;\">o-dsmt <\/span><\/span><\/a><a href=\"https:\/\/researchchemicalshop.eu\/et\/kauplus\/lusergamiidid\/1vlsd\/\"><span dir=\"auto\" style=\"vertical-align: inherit;\"><span dir=\"auto\" style=\"vertical-align: inherit;\">1vlsd<\/span><\/span><\/a><\/p>\n<\/li>\n<\/ul>","protected":false},"excerpt":{"rendered":"<p><strong><span dir=\"auto\" style=\"vertical-align: inherit;\"><span dir=\"auto\" style=\"vertical-align: inherit;\">1Bz-LSD 200mcg Pellets<\/span><\/span><\/strong><\/p>\n<p><strong><span dir=\"auto\" style=\"vertical-align: inherit;\"><span dir=\"auto\" style=\"vertical-align: inherit;\">Synonym<\/span><\/span><\/strong><span dir=\"auto\" style=\"vertical-align: inherit;\"><span dir=\"auto\" style=\"vertical-align: inherit;\"> : n\/a <\/span><\/span><br \/>\n<strong><span dir=\"auto\" style=\"vertical-align: inherit;\"><span dir=\"auto\" style=\"vertical-align: inherit;\">CAS Number<\/span><\/span><\/strong><span dir=\"auto\" style=\"vertical-align: inherit;\"><span dir=\"auto\" style=\"vertical-align: inherit;\"> : n\/a <\/span><\/span><br \/>\n<b><span dir=\"auto\" style=\"vertical-align: inherit;\"><span dir=\"auto\" style=\"vertical-align: inherit;\">IUPAC:<\/span><\/span><\/b><span dir=\"auto\" style=\"vertical-align: inherit;\"><span dir=\"auto\" style=\"vertical-align: inherit;\"> (6aR,9R)-4-benzoyl-N,N-diethyl-7-methyl-4,6,6a,7,8,9-hexahydroindolo[4,3-fg]quinoline-9-carboxamide hemitartrate <\/span><\/span><br \/>\n<strong><span dir=\"auto\" style=\"vertical-align: inherit;\"><span dir=\"auto\" style=\"vertical-align: inherit;\">Molar mass<\/span><\/span><\/strong><span dir=\"auto\" style=\"vertical-align: inherit;\"><span dir=\"auto\" style=\"vertical-align: inherit;\"> : 427.23 g\/mol <\/span><\/span><br \/>\n<strong><span dir=\"auto\" style=\"vertical-align: inherit;\"><span dir=\"auto\" style=\"vertical-align: inherit;\">Purity<\/span><\/span><\/strong><span dir=\"auto\" style=\"vertical-align: inherit;\"><span dir=\"auto\" style=\"vertical-align: inherit;\"> : &gt;99%<\/span><\/span><\/p>\n","protected":false},"featured_media":16805,"comment_status":"closed","ping_status":"closed","template":"","meta":[],"product_brand":[23],"product_cat":[722,723,46,71],"product_tag":[724,725,726,938,727,728,729],"class_list":{"0":"post-1571","1":"product","2":"type-product","3":"status-publish","4":"has-post-thumbnail","6":"product_brand-research-chemical","7":"product_cat-1bz-lsd","8":"product_cat-1bz-lsd-pellets","9":"product_cat-lysergamides","10":"product_cat-pellets","11":"product_tag-1-benzoyl-lsd","12":"product_tag-1bz-lsd","13":"product_tag-1bz-lsd-10mcg","14":"product_tag-1bz-lsd-200mcg-pellets","15":"product_tag-1bz-lsd-microdose","16":"product_tag-1bz-lsd-pellets","17":"product_tag-microdosing-1bz-lsd","19":"first","20":"instock","21":"shipping-taxable","22":"purchasable","23":"product-type-variable"},"_links":{"self":[{"href":"https:\/\/researchchemicalshop.eu\/et\/wp-json\/wp\/v2\/product\/1571","targetHints":{"allow":["GET"]}}],"collection":[{"href":"https:\/\/researchchemicalshop.eu\/et\/wp-json\/wp\/v2\/product"}],"about":[{"href":"https:\/\/researchchemicalshop.eu\/et\/wp-json\/wp\/v2\/types\/product"}],"replies":[{"embeddable":true,"href":"https:\/\/researchchemicalshop.eu\/et\/wp-json\/wp\/v2\/comments?post=1571"}],"version-history":[{"count":1,"href":"https:\/\/researchchemicalshop.eu\/et\/wp-json\/wp\/v2\/product\/1571\/revisions"}],"predecessor-version":[{"id":16483,"href":"https:\/\/researchchemicalshop.eu\/et\/wp-json\/wp\/v2\/product\/1571\/revisions\/16483"}],"wp:featuredmedia":[{"embeddable":true,"href":"https:\/\/researchchemicalshop.eu\/et\/wp-json\/wp\/v2\/media\/16805"}],"wp:attachment":[{"href":"https:\/\/researchchemicalshop.eu\/et\/wp-json\/wp\/v2\/media?parent=1571"}],"wp:term":[{"taxonomy":"product_brand","embeddable":true,"href":"https:\/\/researchchemicalshop.eu\/et\/wp-json\/wp\/v2\/product_brand?post=1571"},{"taxonomy":"product_cat","embeddable":true,"href":"https:\/\/researchchemicalshop.eu\/et\/wp-json\/wp\/v2\/product_cat?post=1571"},{"taxonomy":"product_tag","embeddable":true,"href":"https:\/\/researchchemicalshop.eu\/et\/wp-json\/wp\/v2\/product_tag?post=1571"}],"curies":[{"name":"wp","href":"https:\/\/api.w.org\/{rel}","templated":true}]}}