{"id":431,"date":"2026-02-09T11:52:52","date_gmt":"2026-02-09T11:52:52","guid":{"rendered":"https:\/\/researchchemicalshop.eu\/?post_type=product&#038;p=431"},"modified":"2026-03-06T01:38:24","modified_gmt":"2026-03-06T01:38:24","slug":"4-aco-con-granulos-de-20-mg","status":"publish","type":"product","link":"https:\/\/researchchemicalshop.eu\/es\/producto\/4-aco-con-granulos-de-20-mg\/","title":{"rendered":"4-AcO-MET 20 MG Pellets"},"content":{"rendered":"<p data-start=\"3312\" data-end=\"3759\">4-AcO-MET (4-Acetoxi-N-etil-N-metiltriptamina) 20 MG Pellets son <strong data-start=\"3380\" data-end=\"3425\">productos qu\u00edmicos de investigaci\u00f3n de gran pureza<\/strong>, desarrollado especialmente para la investigaci\u00f3n qu\u00edmica y farmacol\u00f3gica avanzada. Cada gr\u00e1nulo contiene <strong data-start=\"3520\" data-end=\"3545\">exactamente 20 mg 4-AcO-MET<\/strong>, asegurando resultados consistentes y reproducibles. Este compuesto est\u00e1 estructuralmente relacionado con la 4-AcO-DMT y la MET y se utiliza en estudios de <strong data-start=\"3703\" data-end=\"3758\">receptores de serotonina e interacciones neuroqu\u00edmicas<\/strong>. 4-aco-met<\/p>\n<blockquote data-start=\"3761\" data-end=\"3891\">\n<p data-start=\"3763\" data-end=\"3891\">\u26a0\ufe0f <strong data-start=\"3766\" data-end=\"3777\">Nota:<\/strong> Este producto es <strong data-start=\"3793\" data-end=\"3848\">destinados exclusivamente a la investigaci\u00f3n cient\u00edfica<\/strong>. No apto para el consumo humano.<\/p>\n<\/blockquote>\n<hr data-start=\"3893\" data-end=\"3896\" \/>\n<h3 data-start=\"3898\" data-end=\"3929\"><strong data-start=\"3902\" data-end=\"3929\">Caracter\u00edsticas principales<\/strong><\/h3>\n<ul data-start=\"3930\" data-end=\"4438\">\n<li data-start=\"3930\" data-end=\"4044\">\n<p data-start=\"3932\" data-end=\"4044\"><strong data-start=\"3932\" data-end=\"3958\">Alta pureza (\u226598%)<\/strong> - Producido seg\u00fan estrictas normas anal\u00edticas para obtener resultados de investigaci\u00f3n fiables.<\/p>\n<\/li>\n<li data-start=\"4045\" data-end=\"4149\">\n<p data-start=\"4047\" data-end=\"4149\"><strong data-start=\"4047\" data-end=\"4080\">Pellets dosificados de precisi\u00f3n<\/strong> - Cada gr\u00e1nulo contiene 20 mg de 4-AcO-MET con gran precisi\u00f3n de dosificaci\u00f3n.<\/p>\n<\/li>\n<li data-start=\"4150\" data-end=\"4237\">\n<p data-start=\"4152\" data-end=\"4237\"><strong data-start=\"4152\" data-end=\"4177\">Estabilidad qu\u00edmica<\/strong> - Dise\u00f1ado para garantizar estabilidad y durabilidad.<\/p>\n<\/li>\n<li data-start=\"4238\" data-end=\"4340\">\n<p data-start=\"4240\" data-end=\"4340\"><strong data-start=\"4240\" data-end=\"4262\">Garant\u00eda de calidad<\/strong> - Producido en condiciones similares a las GMP para una calidad constante.<\/p>\n<\/li>\n<li data-start=\"4341\" data-end=\"4438\">\n<p data-start=\"4343\" data-end=\"4438\"><strong data-start=\"4343\" data-end=\"4365\">Envasado seguro<\/strong> - Embalaje herm\u00e9tico para evitar la exposici\u00f3n a la humedad y la luz.<\/p>\n<\/li>\n<\/ul>\n<hr data-start=\"4440\" data-end=\"4443\" \/>\n<h3 data-start=\"4445\" data-end=\"4462\"><strong data-start=\"4449\" data-end=\"4462\">Ventajas<\/strong><\/h3>\n<ul data-start=\"4463\" data-end=\"4766\">\n<li data-start=\"4463\" data-end=\"4541\">\n<p data-start=\"4465\" data-end=\"4541\">Garantiza <strong data-start=\"4476\" data-end=\"4517\">dosificaci\u00f3n precisa y repetible<\/strong> durante los experimentos.<\/p>\n<\/li>\n<li data-start=\"4542\" data-end=\"4640\">\n<p data-start=\"4544\" data-end=\"4640\">Ideal para <strong data-start=\"4556\" data-end=\"4596\">investigaci\u00f3n sobre los derivados de la triptamina<\/strong> en entornos de laboratorio controlados.<\/p>\n<\/li>\n<li data-start=\"4641\" data-end=\"4701\">\n<p data-start=\"4643\" data-end=\"4701\"><strong data-start=\"4643\" data-end=\"4667\">Mayor vida \u00fatil<\/strong> gracias a su forma estable de gr\u00e1nulo.<\/p>\n<\/li>\n<li data-start=\"4702\" data-end=\"4766\">\n<p data-start=\"4704\" data-end=\"4766\"><strong data-start=\"4704\" data-end=\"4739\">F\u00e1cil y seguro de manejar<\/strong> en laboratorio.<\/p>\n<\/li>\n<\/ul>\n<hr data-start=\"4768\" data-end=\"4771\" \/>\n<h3 data-start=\"4773\" data-end=\"4788\"><strong data-start=\"4777\" data-end=\"4788\">Utilice<\/strong><\/h3>\n<ul data-start=\"4789\" data-end=\"5092\">\n<li data-start=\"4789\" data-end=\"4871\">\n<p data-start=\"4791\" data-end=\"4871\">Para uso exclusivo de <strong data-start=\"4813\" data-end=\"4868\">personal cualificado de investigaci\u00f3n o laboratorio<\/strong>.<\/p>\n<\/li>\n<li data-start=\"4872\" data-end=\"4946\">\n<p data-start=\"4874\" data-end=\"4946\">Llevar ropa adecuada <strong data-start=\"4890\" data-end=\"4914\">equipo de protecci\u00f3n<\/strong> (guantes, gafas, mascarilla).<\/p>\n<\/li>\n<li data-start=\"4947\" data-end=\"5033\">\n<p data-start=\"4949\" data-end=\"5033\">Almacenar en un <strong data-start=\"4964\" data-end=\"4987\">lugar fresco y seco<\/strong>, alejado del calor y de la luz solar directa.<\/p>\n<\/li>\n<li data-start=\"5034\" data-end=\"5092\">\n<p data-start=\"5036\" data-end=\"5092\">No apto para el consumo humano ni animal.<\/p>\n<\/li>\n<\/ul>\n<hr data-start=\"5094\" data-end=\"5097\" \/>\n<h3 data-start=\"5099\" data-end=\"5134\"><strong data-start=\"5103\" data-end=\"5134\">Preguntas m\u00e1s frecuentes (FAQ)<\/strong><\/h3>\n<p data-start=\"5136\" data-end=\"5333\"><strong data-start=\"5136\" data-end=\"5177\">1. \u00bfPara qu\u00e9 se utiliza la 4-AcO-MET?<\/strong><br data-start=\"5177\" data-end=\"5180\" \/>4-AcO-MET se utiliza para <strong data-start=\"5210\" data-end=\"5240\">investigaci\u00f3n cient\u00edfica<\/strong> a la acci\u00f3n de los compuestos triptam\u00ednicos, especialmente en lo que respecta a los receptores de serotonina.<\/p>\n<p data-start=\"5335\" data-end=\"5509\"><strong data-start=\"5335\" data-end=\"5395\">2. \u00bfEs 4-AcO-MET 20 MG adecuado para uso personal?<\/strong><br data-start=\"5395\" data-end=\"5398\" \/>No. Este producto es <strong data-start=\"5418\" data-end=\"5468\">destinados exclusivamente a pruebas de laboratorio<\/strong> y no aptos para el uso humano.<\/p>\n<p data-start=\"5511\" data-end=\"5677\"><strong data-start=\"5511\" data-end=\"5558\">3. \u00bfC\u00f3mo debe almacenarse 4-AcO-MET 20 MG?<\/strong><br data-start=\"5558\" data-end=\"5561\" \/>Guardar en un <strong data-start=\"5576\" data-end=\"5613\">recipiente seco y bien cerrado<\/strong> a temperatura ambiente (15-25\u00b0C), protegido de la luz y la humedad.<\/p>","protected":false},"excerpt":{"rendered":"<p>4-AcO-MET (4-Acetoxy-N-ethyl-N-methyltryptamine) 20 MG Pellets zijn onderzoekschemicali\u00ebn van hoge zuiverheid, speciaal ontwikkeld voor geavanceerd chemisch en farmacologisch onderzoek. Elke pellet<\/p>","protected":false},"featured_media":16879,"comment_status":"closed","ping_status":"closed","template":"","meta":[],"product_brand":[],"product_cat":[198,280,71,41],"product_tag":[281,978,282,22],"class_list":{"0":"post-431","1":"product","2":"type-product","3":"status-publish","4":"has-post-thumbnail","6":"product_cat-4-aco-met","7":"product_cat-4-aco-met-pellets","8":"product_cat-pellets","9":"product_cat-tryptamine","10":"product_tag-4-aco-met","11":"product_tag-4-aco-met-20-mg-pellets","12":"product_tag-4-aco-met-kopen","13":"product_tag-nl","15":"first","16":"instock","17":"shipping-taxable","18":"purchasable","19":"product-type-variable"},"_links":{"self":[{"href":"https:\/\/researchchemicalshop.eu\/es\/wp-json\/wp\/v2\/product\/431","targetHints":{"allow":["GET"]}}],"collection":[{"href":"https:\/\/researchchemicalshop.eu\/es\/wp-json\/wp\/v2\/product"}],"about":[{"href":"https:\/\/researchchemicalshop.eu\/es\/wp-json\/wp\/v2\/types\/product"}],"replies":[{"embeddable":true,"href":"https:\/\/researchchemicalshop.eu\/es\/wp-json\/wp\/v2\/comments?post=431"}],"version-history":[{"count":1,"href":"https:\/\/researchchemicalshop.eu\/es\/wp-json\/wp\/v2\/product\/431\/revisions"}],"predecessor-version":[{"id":16684,"href":"https:\/\/researchchemicalshop.eu\/es\/wp-json\/wp\/v2\/product\/431\/revisions\/16684"}],"wp:featuredmedia":[{"embeddable":true,"href":"https:\/\/researchchemicalshop.eu\/es\/wp-json\/wp\/v2\/media\/16879"}],"wp:attachment":[{"href":"https:\/\/researchchemicalshop.eu\/es\/wp-json\/wp\/v2\/media?parent=431"}],"wp:term":[{"taxonomy":"product_brand","embeddable":true,"href":"https:\/\/researchchemicalshop.eu\/es\/wp-json\/wp\/v2\/product_brand?post=431"},{"taxonomy":"product_cat","embeddable":true,"href":"https:\/\/researchchemicalshop.eu\/es\/wp-json\/wp\/v2\/product_cat?post=431"},{"taxonomy":"product_tag","embeddable":true,"href":"https:\/\/researchchemicalshop.eu\/es\/wp-json\/wp\/v2\/product_tag?post=431"}],"curies":[{"name":"wp","href":"https:\/\/api.w.org\/{rel}","templated":true}]}}