{"id":14,"date":"2026-02-09T11:51:55","date_gmt":"2026-02-09T11:51:55","guid":{"rendered":"https:\/\/researchchemicalshop.eu\/?post_type=product&#038;p=14"},"modified":"2026-03-07T04:28:53","modified_gmt":"2026-03-07T04:28:53","slug":"6-apb-en-polvo","status":"publish","type":"product","link":"https:\/\/researchchemicalshop.eu\/es\/producto\/6-apb-en-polvo\/","title":{"rendered":"6-APB Polvo"},"content":{"rendered":"<h1><strong>6 apb buy - Sustancia de investigaci\u00f3n innovadora para la exploraci\u00f3n cient\u00edfica<\/strong><\/h1>\n<h2><strong>Introducci\u00f3n de 6-APB<\/strong><\/h2>\n<p>Comprar 6 apb (6-(2-aminopropil)benzofurano) es un compuesto sint\u00e9tico de la clase de los benzofuranos. Combina propiedades de empat\u00f3genos cl\u00e1sicos y compuestos estimulantes y est\u00e1 destinado a la investigaci\u00f3n neuroqu\u00edmica avanzada.<a title=\"Comprar Iboga\u00edna HCL\" href=\"https:\/\/researchchemicalshop.eu\/es\/tienda\/iboga-ibogaine\/buy-ibogaine-hcl-online\/\" target=\"_blank\" rel=\"noopener\">Comprar Iboga\u00edna HCL<\/a><\/p>\n<h2><strong>Caracter\u00edsticas distintivas de calidad<\/strong><\/h2>\n<ul>\n<li><strong>M\u00e9todos avanzados de purificaci\u00f3n<\/strong>Estructura cristalina mediante t\u00e9cnicas cromatogr\u00e1ficas patentadas<\/li>\n<li><strong>An\u00e1lisis de lotes espec\u00edficos<\/strong>Validaci\u00f3n GC-MS y HPLC por lote de producci\u00f3n<\/li>\n<li><strong>Estabilidad optimizada<\/strong>: Formulaci\u00f3n con antioxidantes para una vida \u00fatil m\u00e1s larga<\/li>\n<li><strong>Envases favorables a la investigaci\u00f3n<\/strong>: Recipientes recerrables con sistema de absorci\u00f3n de humedad<\/li>\n<\/ul>\n<h2><strong>Perfil cient\u00edficamente relevante<\/strong><\/h2>\n<p>6-APB tiene el siguiente perfil farmacol\u00f3gico:<\/p>\n<ul>\n<li><strong>Doble afinidad por los receptores<\/strong>:\n<ul>\n<li>Agonismo del receptor de serotonina (5-HT2B)<\/li>\n<li>Inhibici\u00f3n de la recaptaci\u00f3n de dopamina\/noradrenalina<\/li>\n<\/ul>\n<\/li>\n<li><strong>Cin\u00e9tica de acci\u00f3n<\/strong>:<a title=\"1cP-LSD 150 MCG Art Blotters\" href=\"https:\/\/researchchemicalshop.eu\/es\/tienda\/lisergamidas\/1cp-lsd\/\" target=\"_blank\" rel=\"noopener\">1cP-LSD 150 MCG Art Blotters<\/a>\n<ul>\n<li>Los efectos comienzan en 45-75 minutos<\/li>\n<li>Meseta de 4-6 horas<\/li>\n<li>Muestreo completo en 8-10 horas<\/li>\n<\/ul>\n<\/li>\n<\/ul>\n<h2><strong>Dosis de investigaci\u00f3n<\/strong><\/h2>\n<p><em>S\u00f3lo para estudios in vitro y precl\u00ednicos:<\/em><strong>6 comprar apb<\/strong><\/p>\n<table>\n<thead>\n<tr>\n<th>Fase de investigaci\u00f3n<\/th>\n<th>Dosificaci\u00f3n<\/th>\n<th>Alcance<\/th>\n<\/tr>\n<\/thead>\n<tbody>\n<tr>\n<td>Estudios piloto<\/td>\n<td>15-25 mg<\/td>\n<td>Ensayos de uni\u00f3n a receptores<\/td>\n<\/tr>\n<tr>\n<td>Fase I<\/td>\n<td>30-50 mg<\/td>\n<td>Mediciones del flujo de neurotransmisores<\/td>\n<\/tr>\n<tr>\n<td>Avanzado<\/td>\n<td>60-80 mg<\/td>\n<td>Observaciones del comportamiento<\/td>\n<\/tr>\n<\/tbody>\n<\/table>\n<h2><strong>Protocolos de seguridad avanzados<\/strong><\/h2>\n<ul>\n<li><strong>Estabilidad t\u00e9rmica<\/strong>Temperatura de descomposici\u00f3n &gt;180\u00b0C<\/li>\n<li><strong>Resistencia oxidativa<\/strong>Probado en condiciones de envejecimiento acelerado<\/li>\n<li><strong>Estudios de compatibilidad<\/strong>: Evaluado en combinaci\u00f3n con disolventes est\u00e1ndar de laboratorio.<a title=\"1V-LSD 150 MCG Papel secante\" href=\"https:\/\/researchchemicalshop.eu\/es\/tienda\/lisergamidas\/1vlsd\/\" target=\"_blank\" rel=\"noopener\">1V-LSD 150 MCG Papel secante<\/a><\/li>\n<\/ul>\n<h2><strong>Aplicaciones innovadoras de la investigaci\u00f3n<\/strong><\/h2>\n<ol>\n<li><strong>Neuroplasticidad<\/strong>\n<ul>\n<li>Estudio de la expresi\u00f3n del BDNF<\/li>\n<li>Reestructuraci\u00f3n sin\u00e1ptica<\/li>\n<\/ul>\n<\/li>\n<li><strong>Estudios cardiovasculares<\/strong>\n<ul>\n<li>5-HT2B gerelateerde hartfunctie<\/li>\n<li>Vasculaire tonus<\/li>\n<\/ul>\n<\/li>\n<li><strong>Psychofarmacologie<\/strong>\n<ul>\n<li>Empathogene responsanalyses<\/li>\n<li>Gedragsmodellen voor sociaal functioneren<\/li>\n<\/ul>\n<\/li>\n<\/ol>\n<h2><strong>Technische Specificaties<\/strong><\/h2>\n<ul>\n<li><strong>Chemische zuiverheid<\/strong>: \u226598.5% (qNMR gevalideerd)<\/li>\n<li><strong>Stabiliteitsparameters<\/strong>:\n<ul>\n<li>pH: 6.8\u20137.2 (1% oplossing)<\/li>\n<li>Watergehalte: &lt;0.5% (Karl Fischer)<\/li>\n<\/ul>\n<\/li>\n<li><strong>Spectrale data<\/strong>:\n<ul>\n<li>FTIR, 1H\/13C NMR beschikbaar<\/li>\n<li>Referentie-ECD spectrum ter bevestiging van stereochemie<\/li>\n<\/ul>\n<\/li>\n<\/ul>\n<h2><strong>Onderzoeksondersteuning<\/strong><\/h2>\n<p>Bij levering inbegrepen:<\/p>\n<ul>\n<li>Analytisch certificaat<\/li>\n<li>Stabiliteitsrapport<\/li>\n<li>MSDS-document<\/li>\n<li>Technische ondersteuning door PhD-chemici<\/li>\n<\/ul>\n<p><em>Uitsluitend bestemd voor geautoriseerd wetenschappelijk onderzoek. Niet voor diagnostisch of therapeutisch gebruik. <a href=\"https:\/\/researchchemicalshop.eu\/es\/tienda\/prohibido\/mdphp-crystals\/\">mdphp kopen<\/a><a href=\"https:\/\/researchchemicalshop.eu\/es\/tienda\/lisergamidas\/1cp-lsd\/\">1cp lsd<\/a><a href=\"https:\/\/researchchemicalshop.eu\/es\/tienda\/pellets-for-pellet\/o-dsmt-50mg-pellets\/\">o-dsmt<\/a><a href=\"https:\/\/researchchemicalshop.eu\/es\/tienda\/lisergamidas\/1vlsd\/\">1vlsd\u200b<\/a><a href=\"https:\/\/researchchemicalshop.eu\/es\/tienda\/2-cmc-pellets\/2-cmc-kopen\/2-cmc-kopen\/\">2 cmc kopen<\/a><\/em><\/p>","protected":false},"excerpt":{"rendered":"<h2><span style=\"vertical-align: inherit;\"><span style=\"vertical-align: inherit;\">6-APB properties<\/span><\/span><\/h2>\n<p><strong><span style=\"vertical-align: inherit;\"><span style=\"vertical-align: inherit;\">Synonym<\/span><\/span><\/strong><span style=\"vertical-align: inherit;\"><span style=\"vertical-align: inherit;\"> : 6-(2-aminopropyl)benzofuran; Benzofury <\/span><\/span><br \/>\n<strong><span style=\"vertical-align: inherit;\"><span style=\"vertical-align: inherit;\">CAS Number<\/span><\/span><\/strong><span style=\"vertical-align: inherit;\"><span style=\"vertical-align: inherit;\"> : 286834-85-3 <\/span><\/span><br \/>\n<strong><span style=\"vertical-align: inherit;\"><span style=\"vertical-align: inherit;\">Formula<\/span><\/span><\/strong><span style=\"vertical-align: inherit;\"><span style=\"vertical-align: inherit;\"> : C11H13NO \u2022 Succinate <\/span><\/span><br \/>\n<strong><span style=\"vertical-align: inherit;\"><span style=\"vertical-align: inherit;\">Molar Mass<\/span><\/span><\/strong><span style=\"vertical-align: inherit;\"><span style=\"vertical-align: inherit;\"> : 175.23 g\/mol<\/span><\/span><\/p>","protected":false},"featured_media":16928,"comment_status":"closed","ping_status":"closed","template":"","meta":[],"product_brand":[23],"product_cat":[24,25,17,26],"product_tag":[27,28,29,30,22],"class_list":{"0":"post-14","1":"product","2":"type-product","3":"status-publish","4":"has-post-thumbnail","6":"product_brand-research-chemical","7":"product_cat-apb-6","8":"product_cat-benzofuran","9":"product_cat-bijna-verboden","10":"product_cat-sale","11":"product_tag-6-abp","12":"product_tag-6-apb","13":"product_tag-6-apb-kopen","14":"product_tag-6-apb-poeder","15":"product_tag-nl","17":"first","18":"instock","19":"sale","20":"shipping-taxable","21":"purchasable","22":"product-type-variable"},"_links":{"self":[{"href":"https:\/\/researchchemicalshop.eu\/es\/wp-json\/wp\/v2\/product\/14","targetHints":{"allow":["GET"]}}],"collection":[{"href":"https:\/\/researchchemicalshop.eu\/es\/wp-json\/wp\/v2\/product"}],"about":[{"href":"https:\/\/researchchemicalshop.eu\/es\/wp-json\/wp\/v2\/types\/product"}],"replies":[{"embeddable":true,"href":"https:\/\/researchchemicalshop.eu\/es\/wp-json\/wp\/v2\/comments?post=14"}],"version-history":[{"count":2,"href":"https:\/\/researchchemicalshop.eu\/es\/wp-json\/wp\/v2\/product\/14\/revisions"}],"predecessor-version":[{"id":17111,"href":"https:\/\/researchchemicalshop.eu\/es\/wp-json\/wp\/v2\/product\/14\/revisions\/17111"}],"wp:featuredmedia":[{"embeddable":true,"href":"https:\/\/researchchemicalshop.eu\/es\/wp-json\/wp\/v2\/media\/16928"}],"wp:attachment":[{"href":"https:\/\/researchchemicalshop.eu\/es\/wp-json\/wp\/v2\/media?parent=14"}],"wp:term":[{"taxonomy":"product_brand","embeddable":true,"href":"https:\/\/researchchemicalshop.eu\/es\/wp-json\/wp\/v2\/product_brand?post=14"},{"taxonomy":"product_cat","embeddable":true,"href":"https:\/\/researchchemicalshop.eu\/es\/wp-json\/wp\/v2\/product_cat?post=14"},{"taxonomy":"product_tag","embeddable":true,"href":"https:\/\/researchchemicalshop.eu\/es\/wp-json\/wp\/v2\/product_tag?post=14"}],"curies":[{"name":"wp","href":"https:\/\/api.w.org\/{rel}","templated":true}]}}