{"id":16137,"date":"2026-02-09T13:15:34","date_gmt":"2026-02-09T13:15:34","guid":{"rendered":"https:\/\/researchchemicalshop.eu\/?page_id=16137"},"modified":"2026-02-11T10:42:47","modified_gmt":"2026-02-11T10:42:47","slug":"declaracion-de-privacidad","status":"publish","type":"page","link":"https:\/\/researchchemicalshop.eu\/es\/declaracion-de-privacidad\/","title":{"rendered":"Declaraci\u00f3n de confidencialidad"},"content":{"rendered":"<p>Declaraci\u00f3n de confidencialidad<br>Esta es la declaraci\u00f3n de privacidad de chemicalshoppers.com Aplicabilidad: Esta declaraci\u00f3n de privacidad se aplica a cualquier informaci\u00f3n sensible a la privacidad o datos personales que usted nos proporcione, por ejemplo a trav\u00e9s de un formulario de registro, formulario de contacto o pedidos que realice.<\/p>\n\n\n\n<p>Valoramos la privacidad de nuestros clientes y, por ello, ponemos el m\u00e1ximo cuidado en el tratamiento y la protecci\u00f3n de los datos personales. Tratamos los datos de acuerdo con las condiciones impuestas en el Reglamento General de Protecci\u00f3n de Datos (RGPD).<\/p>\n\n\n\n<p>Chemicalshoppers es un controlador en el sentido de la AVG con respecto al tratamiento de sus datos personales. Esto significa que s\u00f3lo nosotros determinamos qu\u00e9 datos personales se procesan, con qu\u00e9 fin y de qu\u00e9 manera. Somos responsables de garantizar que sus datos personales se procesen de forma adecuada y cuidadosa de acuerdo con la AVG. En esta declaraci\u00f3n de privacidad, explicamos qu\u00e9 datos procesamos y para qu\u00e9 fines se utilizan. Visi\u00f3n general de los datos personales A continuaci\u00f3n encontrar\u00e1 una visi\u00f3n general de los datos personales que procesamos:<\/p>\n\n\n\n<ul class=\"wp-block-list\">\n<li>Nombre y apellidos<\/li>\n\n\n\n<li>Direcci\u00f3n<\/li>\n\n\n\n<li>N\u00famero de tel\u00e9fono<\/li>\n\n\n\n<li>Direcci\u00f3n de correo electr\u00f3nico<\/li>\n\n\n\n<li>Direcci\u00f3n IP de un visitante del sitio web<br>FINALIDAD Y FUNDAMENTO DEL TRATAMIENTO DE DATOS PERSONALES<br>Al aceptar esta declaraci\u00f3n de privacidad, usted consiente expresamente, en el sentido del art\u00edculo 6, apartado 1, letra a), de la AVG, el tratamiento de sus datos personales para los fines que se indican a continuaci\u00f3n. Puede retirar este consentimiento en cualquier momento. No obstante, si no nos facilita determinados datos o no nos permite tratarlos, es posible que no podamos prestarle un servicio adecuado.<\/li>\n<\/ul>\n\n\n\n<p>Si no nos ha dado su consentimiento expl\u00edcito para el tratamiento de sus datos personales o si ha retirado dicho consentimiento, el tratamiento de sus datos personales podr\u00e1 basarse en el art\u00edculo 6, apartado 1, letras b), c) y\/o f), de la AVG. En ese caso, el tratamiento de sus datos personales podr\u00e1 tener lugar sin su consentimiento, siempre que sea necesario para la ejecuci\u00f3n de un acuerdo del que usted sea o pase a ser parte, o sea necesario para la protecci\u00f3n de los intereses leg\u00edtimos de Chemicalshoppers. Adem\u00e1s, es posible que la ley nos obligue a procesar sus datos personales.<\/p>\n\n\n\n<p>Tratamos sus datos personales para los siguientes fines:<\/p>\n\n\n\n<p>- Para llevar a cabo nuestros servicios (entregarle mercanc\u00edas)<\/p>\n\n\n\n<ul class=\"wp-block-list\">\n<li>Para procesar su pago<br>- Para enviar nuestro bolet\u00edn<\/li>\n\n\n\n<li>Para informarle de cambios en nuestros servicios y productos<\/li>\n\n\n\n<li>Para permitirle crear una cuenta<br>No conservamos sus datos personales m\u00e1s tiempo del estrictamente necesario para cumplir los fines para los que se recogieron.<\/li>\n\n\n\n<li>DIVULGACI\u00d3N A TERCEROS<\/li>\n\n\n\n<li>Podemos compartir sus datos personales con terceros si ello es compatible con los fines mencionados anteriormente. El suministro a terceros puede ser necesario para la ejecuci\u00f3n del acuerdo que suscribimos con usted, necesario para perseguir un inter\u00e9s leg\u00edtimo nuestro o necesario para cumplir una obligaci\u00f3n legal que nos incumbe.<\/li>\n\n\n\n<li>Celebramos un acuerdo de procesamiento con empresas que procesan sus datos en nuestro nombre para garantizar el mismo nivel de seguridad y confidencialidad de sus datos. Seguimos siendo responsables de estas operaciones de tratamiento. Fuera de las situaciones mencionadas anteriormente, solo facilitaremos sus datos personales a otros terceros con su consentimiento expl\u00edcito.<\/li>\n\n\n\n<li>FINES COMERCIALES<\/li>\n\n\n\n<li>Podemos utilizar sus datos personales con fines comerciales, por ejemplo, para informarle con m\u00e1s detalle sobre nuestros servicios o productos pertinentes o sobre cambios legislativos relacionados con la oferta. En este caso, s\u00f3lo se le informar\u00e1 a la direcci\u00f3n de correo electr\u00f3nico que haya registrado. Si no desea recibir informaci\u00f3n sobre productos o servicios relevantes, puede indicarlo simplemente haciendo clic en \u201ccancelar suscripci\u00f3n\u201d en el correo electr\u00f3nico recibido. Sus datos personales se anonimizan en el marco de los estudios de mercado antes de ser utilizados para optimizar nuestros servicios y ya no se pueden relacionar con usted.<\/li>\n\n\n\n<li>Sus datos no se vender\u00e1n ni compartir\u00e1n con terceros con fines comerciales a menos que usted d\u00e9 su consentimiento expl\u00edcito.<\/li>\n\n\n\n<li>Cookies<\/li>\n\n\n\n<li>Una cookie es un peque\u00f1o archivo de texto que se almacena en su ordenador, tableta o smartphone la primera vez que visita este sitio web. Puede desactivar estas cookies configurando su navegador de Internet para que deje de almacenarlas. Adem\u00e1s, tambi\u00e9n puede eliminar cualquier informaci\u00f3n almacenada previamente a trav\u00e9s de la configuraci\u00f3n de su navegador.<\/li>\n\n\n\n<li>Utilizamos las siguientes cookies:<\/li>\n\n\n\n<li>\u201d Cookies funcionales: son cookies necesarias para el funcionamiento t\u00e9cnico del sitio web y su facilidad de uso. Garantizan que el sitio web funcione correctamente y, por ejemplo, recuerdan sus preferencias. Tambi\u00e9n nos permiten optimizar nuestro sitio web. Se trata de cookies anal\u00edticas que no invaden su privacidad. No necesitamos su consentimiento previo.<\/li>\n\n\n\n<li>\u201d Google Analytics: este sitio web coloca cookies de la empresa estadounidense Google, como parte del servicio \u201cAnalytics\u201d. DrSupply utiliza este servicio para recibir informes sobre c\u00f3mo se utiliza el sitio web y para medir su calidad y eficacia. Utilizamos Google Analytics de la manera prescrita por la Autoridad de Datos Personales para caer bajo la excepci\u00f3n en la ley de cookies. Esto significa que no necesitamos su consentimiento previo para utilizar Google Analytics.<\/li>\n\n\n\n<li>VER, CORREGIR O ELIMINAR<\/li>\n\n\n\n<li>Tiene derecho a acceder a sus datos personales, rectificarlos o suprimirlos. Tambi\u00e9n tiene derecho a retirar su consentimiento para el tratamiento de datos u oponerse al tratamiento de sus datos personales. Tiene derecho a la portabilidad de los datos (\u2018portabilidad de los datos\u2019) si tenemos datos personales digitales que tratamos con su consentimiento o para cumplir un acuerdo que hemos celebrado con usted.<\/li>\n\n\n\n<li>Esto significa que puede solicitarnos que le enviemos los datos personales digitales que tenemos sobre usted en un archivo inform\u00e1tico legible a usted o a otra organizaci\u00f3n que usted designe.<\/li>\n\n\n\n<li>Puede enviar una solicitud de acceso, rectificaci\u00f3n, supresi\u00f3n, transferencia de sus datos personales o solicitar la revocaci\u00f3n de su consentimiento u oponerse al tratamiento de sus datos personales a info@chemicalshoppers.com.<\/li>\n\n\n\n<li>Para asegurarnos de que la solicitud de inspecci\u00f3n ha sido presentada por usted, le rogamos que env\u00ede junto con la solicitud una copia de su documento de identidad. En esta copia, tache la foto de su pasaporte, la MRZ (zona legible por m\u00e1quina, la franja de n\u00fameros situada en la parte inferior del pasaporte), el n\u00famero de pasaporte y el N\u00famero de Atenci\u00f3n al Ciudadano (BSN). Esto es para proteger su intimidad. Responderemos a su solicitud lo antes posible, pero en un plazo m\u00e1ximo de cuatro semanas.<\/li>\n\n\n\n<li>Tambi\u00e9n nos gustar\u00eda informarle de que tiene la opci\u00f3n de presentar una reclamaci\u00f3n ante el regulador nacional, la Autoridad de Datos Personales.<\/li>\n\n\n\n<li>P\u00f3ngase en contacto con<\/li>\n\n\n\n<li>Nos tomamos muy en serio la protecci\u00f3n de sus datos y adoptamos las medidas adecuadas para contrarrestar el abuso, la p\u00e9rdida, el acceso no autorizado, la divulgaci\u00f3n no deseada y la modificaci\u00f3n no autorizada. Si tiene la impresi\u00f3n de que sus datos no est\u00e1n debidamente protegidos o hay indicios de uso indebido, p\u00f3ngase en contacto con nuestro equipo de atenci\u00f3n al cliente o a trav\u00e9s de info@chemicalshoppers.com.<\/li>\n<\/ul>","protected":false},"excerpt":{"rendered":"<p>PrivacyverklaringDit is de privacyverklaring van chemicalshoppers.com Toepasselijkheid: Deze privacyverklaring is van toepassing op alle privacygevoelige informatie of persoonsgegevens die u<\/p>","protected":false},"author":1,"featured_media":0,"parent":0,"menu_order":0,"comment_status":"closed","ping_status":"closed","template":"","meta":{"footnotes":""},"class_list":["post-16137","page","type-page","status-publish","hentry"],"_links":{"self":[{"href":"https:\/\/researchchemicalshop.eu\/es\/wp-json\/wp\/v2\/pages\/16137","targetHints":{"allow":["GET"]}}],"collection":[{"href":"https:\/\/researchchemicalshop.eu\/es\/wp-json\/wp\/v2\/pages"}],"about":[{"href":"https:\/\/researchchemicalshop.eu\/es\/wp-json\/wp\/v2\/types\/page"}],"author":[{"embeddable":true,"href":"https:\/\/researchchemicalshop.eu\/es\/wp-json\/wp\/v2\/users\/1"}],"replies":[{"embeddable":true,"href":"https:\/\/researchchemicalshop.eu\/es\/wp-json\/wp\/v2\/comments?post=16137"}],"version-history":[{"count":1,"href":"https:\/\/researchchemicalshop.eu\/es\/wp-json\/wp\/v2\/pages\/16137\/revisions"}],"predecessor-version":[{"id":16138,"href":"https:\/\/researchchemicalshop.eu\/es\/wp-json\/wp\/v2\/pages\/16137\/revisions\/16138"}],"wp:attachment":[{"href":"https:\/\/researchchemicalshop.eu\/es\/wp-json\/wp\/v2\/media?parent=16137"}],"curies":[{"name":"wp","href":"https:\/\/api.w.org\/{rel}","templated":true}]}}