{"id":737,"date":"2026-02-09T11:54:59","date_gmt":"2026-02-09T11:54:59","guid":{"rendered":"https:\/\/researchchemicalshop.eu\/?post_type=product&#038;p=737"},"modified":"2026-03-05T17:10:26","modified_gmt":"2026-03-05T17:10:26","slug":"3-fea-2","status":"publish","type":"product","link":"https:\/\/researchchemicalshop.eu\/de\/produkt\/3-fea-2\/","title":{"rendered":"3 FEA (3-Fluorethamphetamin)"},"content":{"rendered":"<h3 data-start=\"6066\" data-end=\"6085\"><strong data-start=\"6070\" data-end=\"6085\">Einf\u00fchrung<\/strong><\/h3>\n<p data-start=\"6087\" data-end=\"6383\"><strong data-start=\"6087\" data-end=\"6121\">3-FEA (3-Fluorethamphetamin)<\/strong> ist eine <strong data-start=\"6129\" data-end=\"6173\">Forschungssubstanz von analytischer Qualit\u00e4t<\/strong>, konzipiert f\u00fcr <strong data-start=\"6190\" data-end=\"6246\">wissenschaftliche und kriminaltechnische Laborforschung<\/strong>.<br data-start=\"6247\" data-end=\"6250\" \/>Sie geh\u00f6rt zu den <strong data-start=\"6269\" data-end=\"6307\">Phenethylamin- und Amphetaminklasse<\/strong>, mit einem Fluoratom am <strong data-start=\"6334\" data-end=\"6347\">3-Position<\/strong> der Ethylamphetaminstruktur.<\/p>\n<p data-start=\"6385\" data-end=\"6612\">Produziert unter <strong data-start=\"6404\" data-end=\"6445\">GLP-Normen (Gute Laborpraxis)<\/strong>, bietet 3-FEA eine <strong data-start=\"6463\" data-end=\"6486\">Reinheit von \u226599%<\/strong>, <strong data-start=\"6488\" data-end=\"6513\">chemische Stabilit\u00e4t<\/strong> und <strong data-start=\"6517\" data-end=\"6539\">Chargenkonsistenz<\/strong> - ideal f\u00fcr <strong data-start=\"6554\" data-end=\"6609\">analytische, forensische und spektroskopische Forschung<\/strong>.<\/p>\n<blockquote data-start=\"6614\" data-end=\"6758\">\n<p data-start=\"6616\" data-end=\"6758\">\u26a0\ufe0f <strong data-start=\"6619\" data-end=\"6630\">Anmerkung:<\/strong> Dieses Produkt ist <strong data-start=\"6646\" data-end=\"6696\">ausschlie\u00dflich f\u00fcr Labortests bestimmt sind<\/strong> und <strong data-start=\"6700\" data-end=\"6757\">nicht f\u00fcr den menschlichen oder tierischen Verzehr geeignet<\/strong>.<\/p>\n<\/blockquote>\n<hr data-start=\"6760\" data-end=\"6763\" \/>\n<h3 data-start=\"6765\" data-end=\"6796\"><strong data-start=\"6769\" data-end=\"6796\">Wesentliche Merkmale<\/strong><\/h3>\n<ul data-start=\"6798\" data-end=\"7295\">\n<li data-start=\"6798\" data-end=\"6886\">\n<p data-start=\"6800\" data-end=\"6886\"><strong data-start=\"6800\" data-end=\"6820\">Hohe Reinheit:<\/strong> \u226599% analytische Qualit\u00e4t, gepr\u00fcft mit modernen analytischen Methoden.<\/p>\n<\/li>\n<li data-start=\"6887\" data-end=\"6983\">\n<p data-start=\"6889\" data-end=\"6983\"><strong data-start=\"6889\" data-end=\"6915\">Konsistente Struktur:<\/strong> Ethylamphetamin auf Fluorbasis mit kontrollierter Zusammensetzung.<\/p>\n<\/li>\n<li data-start=\"6984\" data-end=\"7053\">\n<p data-start=\"6986\" data-end=\"7053\"><strong data-start=\"6986\" data-end=\"7007\">Chemisch stabil:<\/strong> Bei ordnungsgem\u00e4\u00dfer Lagerung zersetzungsbest\u00e4ndig.<\/p>\n<\/li>\n<li data-start=\"7054\" data-end=\"7127\">\n<p data-start=\"7056\" data-end=\"7127\"><strong data-start=\"7056\" data-end=\"7074\">GLP-Produktion:<\/strong> Produziert unter <strong data-start=\"7094\" data-end=\"7124\">strenge Laborstandards<\/strong>.<\/p>\n<\/li>\n<li data-start=\"7128\" data-end=\"7217\">\n<p data-start=\"7130\" data-end=\"7217\"><strong data-start=\"7130\" data-end=\"7147\">Batch-getestet:<\/strong> Jede Charge wird auf Identit\u00e4t, Reinheit und Konsistenz gepr\u00fcft.<\/p>\n<\/li>\n<li data-start=\"7218\" data-end=\"7295\">\n<p data-start=\"7220\" data-end=\"7295\"><strong data-start=\"7220\" data-end=\"7243\">Sichere Verpackung:<\/strong> Luftdicht und versiegelt, um die Qualit\u00e4t zu erhalten.<\/p>\n<\/li>\n<\/ul>\n<hr data-start=\"7297\" data-end=\"7300\" \/>\n<h3 data-start=\"7302\" data-end=\"7319\"><strong data-start=\"7306\" data-end=\"7319\">Vorteile<\/strong><\/h3>\n<ol data-start=\"7321\" data-end=\"7773\">\n<li data-start=\"7321\" data-end=\"7412\">\n<p data-start=\"7324\" data-end=\"7412\"><strong data-start=\"7324\" data-end=\"7361\">Verl\u00e4ssliche Forschungsergebnisse:<\/strong> Hohe Reinheit gew\u00e4hrleistet reproduzierbare Daten.<\/p>\n<\/li>\n<li data-start=\"7413\" data-end=\"7495\">\n<p data-start=\"7416\" data-end=\"7495\"><strong data-start=\"7416\" data-end=\"7440\">Stabile Verbindung:<\/strong> Best\u00e4ndig gegen \u00e4u\u00dfere Einfl\u00fcsse bei sachgem\u00e4\u00dfer Lagerung.<\/p>\n<\/li>\n<li data-start=\"7496\" data-end=\"7594\">\n<p data-start=\"7499\" data-end=\"7594\"><strong data-start=\"7499\" data-end=\"7525\">Gleichbleibende Qualit\u00e4t:<\/strong> Zertifiziert f\u00fcr Laboratorien, die Langzeitforschung betreiben.<\/p>\n<\/li>\n<li data-start=\"7595\" data-end=\"7692\">\n<p data-start=\"7598\" data-end=\"7692\"><strong data-start=\"7598\" data-end=\"7626\">Professioneller Standard:<\/strong> Geeignet f\u00fcr <strong data-start=\"7641\" data-end=\"7689\">analytische, chemische und forensische Pr\u00fcfungen<\/strong>.<\/p>\n<\/li>\n<li data-start=\"7693\" data-end=\"7773\">\n<p data-start=\"7696\" data-end=\"7773\"><strong data-start=\"7696\" data-end=\"7721\">Einfache Handhabung:<\/strong> Sicher verpackt und bereit f\u00fcr den Einsatz im Labor.<\/p>\n<\/li>\n<\/ol>\n<hr data-start=\"7775\" data-end=\"7778\" \/>\n<h3 data-start=\"7780\" data-end=\"7819\"><strong data-start=\"7784\" data-end=\"7819\">Verwendung (nur Forschung)<\/strong><\/h3>\n<ol data-start=\"7821\" data-end=\"8152\">\n<li data-start=\"7821\" data-end=\"7897\">\n<p data-start=\"7824\" data-end=\"7897\"><strong data-start=\"7824\" data-end=\"7854\">Schutzkleidung tragen<\/strong> (Handschuhe, Schutzbrille, Laborkittel).<\/p>\n<\/li>\n<li data-start=\"7898\" data-end=\"7966\">\n<p data-start=\"7901\" data-end=\"7966\"><strong data-start=\"7901\" data-end=\"7937\">Kalibrierte Ger\u00e4te verwenden<\/strong> f\u00fcr genaue Messungen.<\/p>\n<\/li>\n<li data-start=\"7967\" data-end=\"8020\">\n<p data-start=\"7970\" data-end=\"8020\"><strong data-start=\"7970\" data-end=\"7996\">Chargeninformationen aufzeichnen<\/strong> f\u00fcr die R\u00fcckverfolgbarkeit.<\/p>\n<\/li>\n<li data-start=\"8021\" data-end=\"8081\">\n<p data-start=\"8024\" data-end=\"8081\"><strong data-start=\"8024\" data-end=\"8048\">Restmaterial lagern<\/strong> in einem luftdicht verschlossenen Beh\u00e4lter.<\/p>\n<\/li>\n<li data-start=\"8082\" data-end=\"8152\">\n<p data-start=\"8085\" data-end=\"8152\"><strong data-start=\"8085\" data-end=\"8111\">Abfall entfernen<\/strong> gem\u00e4\u00df den geltenden Sicherheitsnormen.<\/p>\n<\/li>\n<\/ol>\n<blockquote data-start=\"8154\" data-end=\"8239\">\n<p data-start=\"8156\" data-end=\"8239\">\u2697\ufe0f <strong data-start=\"8159\" data-end=\"8239\">Nur f\u00fcr Labortests - nicht f\u00fcr den menschlichen Verzehr.<\/strong><\/p>\n<\/blockquote>\n<hr data-start=\"8241\" data-end=\"8244\" \/>\n<h3 data-start=\"8246\" data-end=\"8271\"><strong data-start=\"8250\" data-end=\"8271\">Anweisungen zur Lagerung<\/strong><\/h3>\n<ul data-start=\"8273\" data-end=\"8441\">\n<li data-start=\"8273\" data-end=\"8315\">\n<p data-start=\"8275\" data-end=\"8315\">Sparen bei <strong data-start=\"8286\" data-end=\"8295\">2-8\u00b0C<\/strong>, trocken und dunkel.<\/p>\n<\/li>\n<li data-start=\"8316\" data-end=\"8352\">\n<p data-start=\"8318\" data-end=\"8352\">Beh\u00e4lter dicht geschlossen halten.<\/p>\n<\/li>\n<li data-start=\"8353\" data-end=\"8398\">\n<p data-start=\"8355\" data-end=\"8398\">Sch\u00fctzen Sie sich gegen <strong data-start=\"8370\" data-end=\"8395\">Licht, Feuchtigkeit und W\u00e4rme<\/strong>.<\/p>\n<\/li>\n<li data-start=\"8399\" data-end=\"8441\">\n<p data-start=\"8401\" data-end=\"8441\">Au\u00dferhalb der Reichweite von Unbefugten aufbewahren.<\/p>\n<\/li>\n<\/ul>\n<hr data-start=\"8443\" data-end=\"8446\" \/>\n<h3 data-start=\"8448\" data-end=\"8483\"><strong data-start=\"8452\" data-end=\"8483\">H\u00e4ufig gestellte Fragen (FAQs)<\/strong><\/h3>\n<p data-start=\"8485\" data-end=\"8649\"><strong data-start=\"8485\" data-end=\"8522\">1. Wof\u00fcr wird 3-FEA verwendet?<\/strong><br data-start=\"8522\" data-end=\"8525\" \/>3-FEA wird verwendet f\u00fcr <strong data-start=\"8551\" data-end=\"8589\">analytische und forensische Untersuchungen<\/strong>, mit Schwerpunkt auf <strong data-start=\"8604\" data-end=\"8646\">Amphetaminverbindungen auf Fluorbasis<\/strong>.<\/p>\n<p data-start=\"8651\" data-end=\"8852\"><strong data-start=\"8651\" data-end=\"8692\">2. Ist 3-FEA f\u00fcr den Verbrauch geeignet?<\/strong><br data-start=\"8692\" data-end=\"8695\" \/>Nein. <strong data-start=\"8700\" data-end=\"8734\">3-FEA (3-Fluorethamphetamin)<\/strong> ist <strong data-start=\"8738\" data-end=\"8788\">ausschlie\u00dflich f\u00fcr Labortests bestimmt sind<\/strong> und <strong data-start=\"8792\" data-end=\"8849\">nicht f\u00fcr den menschlichen oder tierischen Verzehr geeignet<\/strong>.<\/p>\n<p data-start=\"8854\" data-end=\"8984\"><strong data-start=\"8854\" data-end=\"8887\">3. Wie sollte ich 3-FEA aufbewahren?<\/strong><br data-start=\"8887\" data-end=\"8890\" \/>Speichern auf einem <strong data-start=\"8904\" data-end=\"8946\">k\u00fchler, trockener und dunkler Ort (2-8\u00b0C)<\/strong>, in einem dicht verschlossenen Beh\u00e4lter.<\/p>\n<hr data-start=\"8986\" data-end=\"8989\" \/>\n<h3 data-start=\"8991\" data-end=\"9008\"><strong data-start=\"8995\" data-end=\"9008\">Schlussfolgerung<\/strong><\/h3>\n<p data-start=\"9010\" data-end=\"9298\"><strong data-start=\"9010\" data-end=\"9044\">3-FEA (3-Fluorethamphetamin)<\/strong> Angebote <strong data-start=\"9051\" data-end=\"9116\">au\u00dfergew\u00f6hnliche Reinheit, Stabilit\u00e4t und Reproduzierbarkeit<\/strong>, ideal f\u00fcr <strong data-start=\"9130\" data-end=\"9182\">professionelle analytische und forensische Untersuchungen<\/strong>.<br data-start=\"9183\" data-end=\"9186\" \/>Eine zuverl\u00e4ssige Wahl f\u00fcr Labore, die mit <strong data-start=\"9240\" data-end=\"9295\">chemische, spektroskopische und strukturelle Analysen<\/strong>.<\/p>","protected":false},"excerpt":{"rendered":"<h2><span dir=\"auto\" style=\"vertical-align: inherit;\"><span dir=\"auto\" style=\"vertical-align: inherit;\">3-FEA properties<\/span><\/span><\/h2>\n<p><strong><span dir=\"auto\" style=\"vertical-align: inherit;\"><span dir=\"auto\" style=\"vertical-align: inherit;\">Synonym<\/span><\/span><\/strong><span dir=\"auto\" style=\"vertical-align: inherit;\"><span dir=\"auto\" style=\"vertical-align: inherit;\"> : 3-Fluoroethamphetamine <\/span><\/span><br \/>\n<strong><span dir=\"auto\" style=\"vertical-align: inherit;\"><span dir=\"auto\" style=\"vertical-align: inherit;\">CAS Number<\/span><\/span><\/strong><span dir=\"auto\" style=\"vertical-align: inherit;\"><span dir=\"auto\" style=\"vertical-align: inherit;\"> : 54982-43-3 <\/span><\/span><br \/>\n<strong><span dir=\"auto\" style=\"vertical-align: inherit;\"><span dir=\"auto\" style=\"vertical-align: inherit;\">Formula<\/span><\/span><\/strong><span dir=\"auto\" style=\"vertical-align: inherit;\"><span dir=\"auto\" style=\"vertical-align: inherit;\"> : C <\/span><\/span><sub><small><span dir=\"auto\" style=\"vertical-align: inherit;\"><span dir=\"auto\" style=\"vertical-align: inherit;\">11<\/span><\/span><\/small><\/sub><span dir=\"auto\" style=\"vertical-align: inherit;\"><span dir=\"auto\" style=\"vertical-align: inherit;\"> H <\/span><\/span><sub><small><span dir=\"auto\" style=\"vertical-align: inherit;\"><span dir=\"auto\" style=\"vertical-align: inherit;\">16<\/span><\/span><\/small><\/sub><span dir=\"auto\" style=\"vertical-align: inherit;\"><span dir=\"auto\" style=\"vertical-align: inherit;\"> FN \u2022 HCl <\/span><\/span><br \/>\n<strong><span dir=\"auto\" style=\"vertical-align: inherit;\"><span dir=\"auto\" style=\"vertical-align: inherit;\">Molar mass<\/span><\/span><\/strong><span dir=\"auto\" style=\"vertical-align: inherit;\"><span dir=\"auto\" style=\"vertical-align: inherit;\"> : 217.7 <\/span><\/span><br \/>\n<strong><span dir=\"auto\" style=\"vertical-align: inherit;\"><span dir=\"auto\" style=\"vertical-align: inherit;\">Purity<\/span><\/span><\/strong><span dir=\"auto\" style=\"vertical-align: inherit;\"><span dir=\"auto\" style=\"vertical-align: inherit;\"> : \u226599%<\/span><\/span><\/p>","protected":false},"featured_media":16859,"comment_status":"closed","ping_status":"closed","template":"","meta":[],"product_brand":[23],"product_cat":[407,17,32,26],"product_tag":[270,408,22],"class_list":{"0":"post-737","1":"product","2":"type-product","3":"status-publish","4":"has-post-thumbnail","6":"product_brand-research-chemical","7":"product_cat-3-fea","8":"product_cat-bijna-verboden","9":"product_cat-gefluoreerden","10":"product_cat-sale","11":"product_tag-3-fea","12":"product_tag-3-fluoroethamphetamine","13":"product_tag-nl","15":"first","16":"instock","17":"sale","18":"shipping-taxable","19":"purchasable","20":"product-type-variable"},"_links":{"self":[{"href":"https:\/\/researchchemicalshop.eu\/de\/wp-json\/wp\/v2\/product\/737","targetHints":{"allow":["GET"]}}],"collection":[{"href":"https:\/\/researchchemicalshop.eu\/de\/wp-json\/wp\/v2\/product"}],"about":[{"href":"https:\/\/researchchemicalshop.eu\/de\/wp-json\/wp\/v2\/types\/product"}],"replies":[{"embeddable":true,"href":"https:\/\/researchchemicalshop.eu\/de\/wp-json\/wp\/v2\/comments?post=737"}],"version-history":[{"count":1,"href":"https:\/\/researchchemicalshop.eu\/de\/wp-json\/wp\/v2\/product\/737\/revisions"}],"predecessor-version":[{"id":16600,"href":"https:\/\/researchchemicalshop.eu\/de\/wp-json\/wp\/v2\/product\/737\/revisions\/16600"}],"wp:featuredmedia":[{"embeddable":true,"href":"https:\/\/researchchemicalshop.eu\/de\/wp-json\/wp\/v2\/media\/16859"}],"wp:attachment":[{"href":"https:\/\/researchchemicalshop.eu\/de\/wp-json\/wp\/v2\/media?parent=737"}],"wp:term":[{"taxonomy":"product_brand","embeddable":true,"href":"https:\/\/researchchemicalshop.eu\/de\/wp-json\/wp\/v2\/product_brand?post=737"},{"taxonomy":"product_cat","embeddable":true,"href":"https:\/\/researchchemicalshop.eu\/de\/wp-json\/wp\/v2\/product_cat?post=737"},{"taxonomy":"product_tag","embeddable":true,"href":"https:\/\/researchchemicalshop.eu\/de\/wp-json\/wp\/v2\/product_tag?post=737"}],"curies":[{"name":"wp","href":"https:\/\/api.w.org\/{rel}","templated":true}]}}