{"id":736,"date":"2026-02-09T11:54:59","date_gmt":"2026-02-09T11:54:59","guid":{"rendered":"https:\/\/researchchemicalshop.eu\/?post_type=product&#038;p=736"},"modified":"2026-03-05T17:09:08","modified_gmt":"2026-03-05T17:09:08","slug":"2-fea-2","status":"publish","type":"product","link":"https:\/\/researchchemicalshop.eu\/de\/produkt\/2-fea-2\/","title":{"rendered":"2 FEA (2-Fluorethamphetamin)"},"content":{"rendered":"<h3 data-start=\"6066\" data-end=\"6085\"><strong data-start=\"6070\" data-end=\"6085\">Einf\u00fchrung<\/strong><\/h3>\n<p data-start=\"6087\" data-end=\"6403\"><strong data-start=\"6087\" data-end=\"6121\">2-FEA (2-Fluoroethamphetamine)<\/strong> ist eine <strong data-start=\"6129\" data-end=\"6173\">Forschungssubstanz von analytischer Qualit\u00e4t<\/strong>, konzipiert f\u00fcr <strong data-start=\"6190\" data-end=\"6256\">wetenschappelijk, forensisch en chemisch laboratoriumonderzoek<\/strong>. 2 fea<br data-start=\"6257\" data-end=\"6260\" \/>De verbinding behoort tot de <strong data-start=\"6289\" data-end=\"6327\">Phenethylamin- und Amphetaminklasse<\/strong>, met een <strong data-start=\"6337\" data-end=\"6367\">fluoratoom op de 2-positie<\/strong> der Ethylamphetaminstruktur.<\/p>\n<p data-start=\"6405\" data-end=\"6645\">Geproduceerd volgens <strong data-start=\"6426\" data-end=\"6467\">GLP-Normen (Gute Laborpraxis)<\/strong>, biedt 2-FEA een <strong data-start=\"6485\" data-end=\"6508\">Reinheit von \u226599%<\/strong>, <strong data-start=\"6510\" data-end=\"6535\">chemische Stabilit\u00e4t<\/strong> und <strong data-start=\"6539\" data-end=\"6565\">betrouwbare resultaten<\/strong> - ideal f\u00fcr <strong data-start=\"6580\" data-end=\"6642\">spectroscopisch, chromatografisch en structureel onderzoek<\/strong>.<\/p>\n<blockquote data-start=\"6647\" data-end=\"6791\">\n<p data-start=\"6649\" data-end=\"6791\">\u26a0\ufe0f <strong data-start=\"6652\" data-end=\"6663\">Anmerkung:<\/strong> Dieses Produkt ist <strong data-start=\"6679\" data-end=\"6729\">ausschlie\u00dflich f\u00fcr Labortests bestimmt sind<\/strong> und <strong data-start=\"6733\" data-end=\"6790\">nicht f\u00fcr den menschlichen oder tierischen Verzehr geeignet<\/strong>.<\/p>\n<\/blockquote>\n<hr data-start=\"6793\" data-end=\"6796\" \/>\n<h3 data-start=\"6798\" data-end=\"6829\"><strong data-start=\"6802\" data-end=\"6829\">Wesentliche Merkmale<\/strong><\/h3>\n<ul data-start=\"6831\" data-end=\"7373\">\n<li data-start=\"6831\" data-end=\"6924\">\n<p data-start=\"6833\" data-end=\"6924\"><strong data-start=\"6833\" data-end=\"6853\">Hohe Reinheit:<\/strong> \u226599% analytische kwaliteit, getest met geavanceerde analysemethoden.<\/p>\n<\/li>\n<li data-start=\"6925\" data-end=\"7028\">\n<p data-start=\"6927\" data-end=\"7028\"><strong data-start=\"6927\" data-end=\"6960\">Stabiele chemische structuur:<\/strong> Ethylamphetamin auf Fluorbasis mit kontrollierter Zusammensetzung.<\/p>\n<\/li>\n<li data-start=\"7029\" data-end=\"7109\">\n<p data-start=\"7031\" data-end=\"7109\"><strong data-start=\"7031\" data-end=\"7060\">Betrouwbare consistentie:<\/strong> Elke batch getest op identiteit en zuiverheid.<\/p>\n<\/li>\n<li data-start=\"7110\" data-end=\"7201\">\n<p data-start=\"7112\" data-end=\"7201\"><strong data-start=\"7112\" data-end=\"7130\">GLP-Produktion:<\/strong> Geproduceerd onder strikte <strong data-start=\"7158\" data-end=\"7186\">Good Laboratory Practice<\/strong>-richtlijnen.<\/p>\n<\/li>\n<li data-start=\"7202\" data-end=\"7286\">\n<p data-start=\"7204\" data-end=\"7286\"><strong data-start=\"7204\" data-end=\"7227\">Sichere Verpackung:<\/strong> Luchtdicht en vochtbestendig voor maximale houdbaarheid.<\/p>\n<\/li>\n<li data-start=\"7287\" data-end=\"7373\">\n<p data-start=\"7289\" data-end=\"7373\"><strong data-start=\"7289\" data-end=\"7317\">Professionele kwaliteit:<\/strong> Geeignet f\u00fcr <strong data-start=\"7332\" data-end=\"7370\">forensische und analytische Untersuchungen<\/strong>.<\/p>\n<\/li>\n<\/ul>\n<hr data-start=\"7375\" data-end=\"7378\" \/>\n<h3 data-start=\"7380\" data-end=\"7397\"><strong data-start=\"7384\" data-end=\"7397\">Vorteile<\/strong><\/h3>\n<ol data-start=\"7399\" data-end=\"7817\">\n<li data-start=\"7399\" data-end=\"7486\">\n<p data-start=\"7402\" data-end=\"7486\"><strong data-start=\"7402\" data-end=\"7439\">Consistente onderzoeksresultaten:<\/strong> Hoge zuiverheid garandeert betrouwbare data.<\/p>\n<\/li>\n<li data-start=\"7487\" data-end=\"7560\">\n<p data-start=\"7490\" data-end=\"7560\"><strong data-start=\"7490\" data-end=\"7517\">Langdurige stabiliteit:<\/strong> Bestand tegen afbraak bij juiste opslag.<\/p>\n<\/li>\n<li data-start=\"7561\" data-end=\"7643\">\n<p data-start=\"7564\" data-end=\"7643\"><strong data-start=\"7564\" data-end=\"7586\">Veilige hantering:<\/strong> Ontworpen voor laboratoriumgebruik en precisieanalyse. 2 fea<\/p>\n<\/li>\n<li data-start=\"7644\" data-end=\"7727\">\n<p data-start=\"7647\" data-end=\"7727\"><strong data-start=\"7647\" data-end=\"7675\">Professioneller Standard:<\/strong> Voldoet aan internationale onderzoeksrichtlijnen.<\/p>\n<\/li>\n<li data-start=\"7728\" data-end=\"7817\">\n<p data-start=\"7731\" data-end=\"7817\"><strong data-start=\"7731\" data-end=\"7752\">Breed toepasbaar:<\/strong> Ideal f\u00fcr <strong data-start=\"7765\" data-end=\"7814\">chromatografisch en spectroscopisch onderzoek<\/strong>.<\/p>\n<\/li>\n<\/ol>\n<hr data-start=\"7819\" data-end=\"7822\" \/>\n<h3 data-start=\"7824\" data-end=\"7863\"><strong data-start=\"7828\" data-end=\"7863\">Verwendung (nur Forschung)<\/strong><\/h3>\n<ol data-start=\"7865\" data-end=\"8218\">\n<li data-start=\"7865\" data-end=\"7941\">\n<p data-start=\"7868\" data-end=\"7941\"><strong data-start=\"7868\" data-end=\"7898\">Schutzkleidung tragen<\/strong> (Handschuhe, Schutzbrille, Laborkittel).<\/p>\n<\/li>\n<li data-start=\"7942\" data-end=\"8012\">\n<p data-start=\"7945\" data-end=\"8012\"><strong data-start=\"7945\" data-end=\"7983\">Gebruik gekalibreerde instrumenten<\/strong> f\u00fcr genaue Messungen.<\/p>\n<\/li>\n<li data-start=\"8013\" data-end=\"8077\">\n<p data-start=\"8016\" data-end=\"8077\"><strong data-start=\"8016\" data-end=\"8042\">Chargeninformationen aufzeichnen<\/strong> en experimentele omstandigheden.<\/p>\n<\/li>\n<li data-start=\"8078\" data-end=\"8147\">\n<p data-start=\"8081\" data-end=\"8147\"><strong data-start=\"8081\" data-end=\"8105\">Restmaterial lagern<\/strong> in de originele luchtdichte verpakking.<\/p>\n<\/li>\n<li data-start=\"8148\" data-end=\"8218\">\n<p data-start=\"8151\" data-end=\"8218\"><strong data-start=\"8151\" data-end=\"8177\">Abfall entfernen<\/strong> gem\u00e4\u00df den geltenden Sicherheitsnormen.<\/p>\n<\/li>\n<\/ol>\n<blockquote data-start=\"8220\" data-end=\"8297\">\n<p data-start=\"8222\" data-end=\"8297\">\u2697\ufe0f <strong data-start=\"8225\" data-end=\"8297\">Alleen voor laboratoriumonderzoek \u2013 niet voor menselijke consumptie.<\/strong><\/p>\n<\/blockquote>\n<hr data-start=\"8299\" data-end=\"8302\" \/>\n<h3 data-start=\"8304\" data-end=\"8329\"><strong data-start=\"8308\" data-end=\"8329\">Anweisungen zur Lagerung<\/strong><\/h3>\n<ul data-start=\"8331\" data-end=\"8499\">\n<li data-start=\"8331\" data-end=\"8373\">\n<p data-start=\"8333\" data-end=\"8373\">Sparen bei <strong data-start=\"8344\" data-end=\"8353\">2-8\u00b0C<\/strong>, trocken und dunkel.<\/p>\n<\/li>\n<li data-start=\"8374\" data-end=\"8410\">\n<p data-start=\"8376\" data-end=\"8410\">Beh\u00e4lter dicht geschlossen halten.<\/p>\n<\/li>\n<li data-start=\"8411\" data-end=\"8456\">\n<p data-start=\"8413\" data-end=\"8456\">Sch\u00fctzen Sie sich gegen <strong data-start=\"8428\" data-end=\"8453\">Licht, Feuchtigkeit und W\u00e4rme<\/strong>.<\/p>\n<\/li>\n<li data-start=\"8457\" data-end=\"8499\">\n<p data-start=\"8459\" data-end=\"8499\">Au\u00dferhalb der Reichweite von Unbefugten aufbewahren.<\/p>\n<\/li>\n<\/ul>\n<hr data-start=\"8501\" data-end=\"8504\" \/>\n<h3 data-start=\"8506\" data-end=\"8541\"><strong data-start=\"8510\" data-end=\"8541\">H\u00e4ufig gestellte Fragen (FAQs)<\/strong><\/h3>\n<p data-start=\"8543\" data-end=\"8733\"><strong data-start=\"8543\" data-end=\"8580\">1. Waarvoor wordt 2-FEA gebruikt?<\/strong><br data-start=\"8580\" data-end=\"8583\" \/>2-FEA wordt gebruikt voor <strong data-start=\"8609\" data-end=\"8647\">analytische und forensische Untersuchungen<\/strong>, mit Schwerpunkt auf <strong data-start=\"8662\" data-end=\"8702\">fluorgebaseerde amfetamine-derivaten<\/strong> und <strong data-start=\"8706\" data-end=\"8730\">structurele analyses<\/strong>.<\/p>\n<p data-start=\"8735\" data-end=\"8947\"><strong data-start=\"8735\" data-end=\"8787\">2. Is 2-FEA geschikt voor menselijke consumptie?<\/strong><br data-start=\"8787\" data-end=\"8790\" \/>Nein. <strong data-start=\"8795\" data-end=\"8829\">2-FEA (2-Fluoroethamphetamine)<\/strong> ist <strong data-start=\"8833\" data-end=\"8883\">ausschlie\u00dflich f\u00fcr Labortests bestimmt sind<\/strong> und <strong data-start=\"8887\" data-end=\"8944\">nicht f\u00fcr den menschlichen oder tierischen Verzehr geeignet<\/strong>.<\/p>\n<p data-start=\"8949\" data-end=\"9091\"><strong data-start=\"8949\" data-end=\"8982\">3. Hoe moet ik 2-FEA bewaren?<\/strong><br data-start=\"8982\" data-end=\"8985\" \/>Sparen bei <strong data-start=\"8996\" data-end=\"9005\">2-8\u00b0C<\/strong>, op een <strong data-start=\"9014\" data-end=\"9048\">k\u00fchler, trockener und dunkler Ort<\/strong>, in de originele luchtdichte verpakking.<\/p>\n<hr data-start=\"9093\" data-end=\"9096\" \/>\n<h3 data-start=\"9098\" data-end=\"9115\"><strong data-start=\"9102\" data-end=\"9115\">Schlussfolgerung<\/strong><\/h3>\n<p data-start=\"9117\" data-end=\"9418\"><strong data-start=\"9117\" data-end=\"9151\">2-FEA (2-Fluoroethamphetamine)<\/strong> Angebote <strong data-start=\"9158\" data-end=\"9223\">au\u00dfergew\u00f6hnliche Reinheit, Stabilit\u00e4t und Reproduzierbarkeit<\/strong>, ideal f\u00fcr <strong data-start=\"9237\" data-end=\"9275\">analytische und forensische Untersuchungen<\/strong>.<br data-start=\"9276\" data-end=\"9279\" \/>Deze stof is de betrouwbare keuze voor laboratoria die zich richten op <strong data-start=\"9350\" data-end=\"9415\">chemische analyses van fluorgebaseerde amfetamineverbindingen<\/strong>.<\/p>","protected":false},"excerpt":{"rendered":"<h2><span style=\"vertical-align: inherit;\"><span style=\"vertical-align: inherit;\"><span dir=\"auto\" style=\"vertical-align: inherit;\"><span dir=\"auto\" style=\"vertical-align: inherit;\">2-FEA properties<\/span><\/span><\/span><\/span><\/h2>\n<p><strong><span style=\"vertical-align: inherit;\"><span style=\"vertical-align: inherit;\"><span dir=\"auto\" style=\"vertical-align: inherit;\"><span dir=\"auto\" style=\"vertical-align: inherit;\">Synonym<\/span><\/span><\/span><\/span><\/strong><span style=\"vertical-align: inherit;\"><span style=\"vertical-align: inherit;\"><span dir=\"auto\" style=\"vertical-align: inherit;\"><span dir=\"auto\" style=\"vertical-align: inherit;\"> : 2-Fluoroethamphetamine <\/span><\/span><\/span><\/span><br \/>\n<strong><span style=\"vertical-align: inherit;\"><span style=\"vertical-align: inherit;\"><span dir=\"auto\" style=\"vertical-align: inherit;\"><span dir=\"auto\" style=\"vertical-align: inherit;\">CAS Number<\/span><\/span><\/span><\/span><\/strong><span style=\"vertical-align: inherit;\"><span style=\"vertical-align: inherit;\"><span dir=\"auto\" style=\"vertical-align: inherit;\"><span dir=\"auto\" style=\"vertical-align: inherit;\"> : 3871-89-4 <\/span><\/span><\/span><\/span><br \/>\n<strong><span style=\"vertical-align: inherit;\"><span style=\"vertical-align: inherit;\"><span dir=\"auto\" style=\"vertical-align: inherit;\"><span dir=\"auto\" style=\"vertical-align: inherit;\">Formula<\/span><\/span><\/span><\/span><\/strong><span style=\"vertical-align: inherit;\"><span style=\"vertical-align: inherit;\"><span dir=\"auto\" style=\"vertical-align: inherit;\"><span dir=\"auto\" style=\"vertical-align: inherit;\"> : C <\/span><\/span><\/span><\/span><sub><small><span style=\"vertical-align: inherit;\"><span style=\"vertical-align: inherit;\"><span dir=\"auto\" style=\"vertical-align: inherit;\"><span dir=\"auto\" style=\"vertical-align: inherit;\">11<\/span><\/span><\/span><\/span><\/small><\/sub><span style=\"vertical-align: inherit;\"><span style=\"vertical-align: inherit;\"><span dir=\"auto\" style=\"vertical-align: inherit;\"><span dir=\"auto\" style=\"vertical-align: inherit;\"> H <\/span><\/span><\/span><\/span><sub><small><span style=\"vertical-align: inherit;\"><span style=\"vertical-align: inherit;\"><span dir=\"auto\" style=\"vertical-align: inherit;\"><span dir=\"auto\" style=\"vertical-align: inherit;\">16<\/span><\/span><\/span><\/span><\/small><\/sub><span style=\"vertical-align: inherit;\"><span style=\"vertical-align: inherit;\"><span dir=\"auto\" style=\"vertical-align: inherit;\"><span dir=\"auto\" style=\"vertical-align: inherit;\"> FN \u2022 HCl <\/span><\/span><\/span><\/span><br \/>\n<strong><span style=\"vertical-align: inherit;\"><span style=\"vertical-align: inherit;\"><span dir=\"auto\" style=\"vertical-align: inherit;\"><span dir=\"auto\" style=\"vertical-align: inherit;\">Molar mass<\/span><\/span><\/span><\/span><\/strong><span style=\"vertical-align: inherit;\"><span style=\"vertical-align: inherit;\"><span dir=\"auto\" style=\"vertical-align: inherit;\"><span dir=\"auto\" style=\"vertical-align: inherit;\"> : 217.7 <\/span><\/span><\/span><\/span><br \/>\n<strong><span style=\"vertical-align: inherit;\"><span style=\"vertical-align: inherit;\"><span dir=\"auto\" style=\"vertical-align: inherit;\"><span dir=\"auto\" style=\"vertical-align: inherit;\">Purity<\/span><\/span><\/span><\/span><\/strong><span style=\"vertical-align: inherit;\"><span style=\"vertical-align: inherit;\"><span dir=\"auto\" style=\"vertical-align: inherit;\"><span dir=\"auto\" style=\"vertical-align: inherit;\"> : \u226599%<\/span><\/span><\/span><\/span><\/p>","protected":false},"featured_media":16842,"comment_status":"closed","ping_status":"closed","template":"","meta":[],"product_brand":[23],"product_cat":[405,17,32,26],"product_tag":[267,406,22],"class_list":{"0":"post-736","1":"product","2":"type-product","3":"status-publish","4":"has-post-thumbnail","6":"product_brand-research-chemical","7":"product_cat-2-fea","8":"product_cat-bijna-verboden","9":"product_cat-gefluoreerden","10":"product_cat-sale","11":"product_tag-2-fea","12":"product_tag-2-fluoroethamfetamine","13":"product_tag-nl","15":"first","16":"instock","17":"sale","18":"shipping-taxable","19":"purchasable","20":"product-type-variable"},"_links":{"self":[{"href":"https:\/\/researchchemicalshop.eu\/de\/wp-json\/wp\/v2\/product\/736","targetHints":{"allow":["GET"]}}],"collection":[{"href":"https:\/\/researchchemicalshop.eu\/de\/wp-json\/wp\/v2\/product"}],"about":[{"href":"https:\/\/researchchemicalshop.eu\/de\/wp-json\/wp\/v2\/types\/product"}],"replies":[{"embeddable":true,"href":"https:\/\/researchchemicalshop.eu\/de\/wp-json\/wp\/v2\/comments?post=736"}],"version-history":[{"count":1,"href":"https:\/\/researchchemicalshop.eu\/de\/wp-json\/wp\/v2\/product\/736\/revisions"}],"predecessor-version":[{"id":16610,"href":"https:\/\/researchchemicalshop.eu\/de\/wp-json\/wp\/v2\/product\/736\/revisions\/16610"}],"wp:featuredmedia":[{"embeddable":true,"href":"https:\/\/researchchemicalshop.eu\/de\/wp-json\/wp\/v2\/media\/16842"}],"wp:attachment":[{"href":"https:\/\/researchchemicalshop.eu\/de\/wp-json\/wp\/v2\/media?parent=736"}],"wp:term":[{"taxonomy":"product_brand","embeddable":true,"href":"https:\/\/researchchemicalshop.eu\/de\/wp-json\/wp\/v2\/product_brand?post=736"},{"taxonomy":"product_cat","embeddable":true,"href":"https:\/\/researchchemicalshop.eu\/de\/wp-json\/wp\/v2\/product_cat?post=736"},{"taxonomy":"product_tag","embeddable":true,"href":"https:\/\/researchchemicalshop.eu\/de\/wp-json\/wp\/v2\/product_tag?post=736"}],"curies":[{"name":"wp","href":"https:\/\/api.w.org\/{rel}","templated":true}]}}