{"id":4446,"date":"2026-02-09T12:04:39","date_gmt":"2026-02-09T12:04:39","guid":{"rendered":"https:\/\/researchchemicalshop.eu\/?post_type=product&#038;p=4446"},"modified":"2026-02-11T17:44:22","modified_gmt":"2026-02-11T17:44:22","slug":"fentanyl-3","status":"publish","type":"product","link":"https:\/\/researchchemicalshop.eu\/de\/produkt\/fentanyl-3\/","title":{"rendered":"Fentanyl"},"content":{"rendered":"<h2 data-start=\"516\" data-end=\"545\"><strong data-start=\"519\" data-end=\"545\">Einf\u00fchrung in Fentanyl<\/strong><\/h2>\n<h2><span class=\"___SBox_epc1q-kmt_ ___SText_zko9t-kmt_\" data-ui-name=\"Link.Text\">fentanyl kopen<\/span><\/h2>\n<div class=\"sm-table-layout__cell sm-table-layout__cell_align_left sm-table-layout__cell_fixed-cell_phrase\" role=\"cell\" data-testid=\"table-cell-keyword\">\n<div class=\"sm-cell-phrase\"><span class=\"___SBox_epc1q-kmt_ ___SText_zko9t-kmt_\" data-ui-name=\"Link.Text\">Fentanyl, fentanyl kopen, <\/span>fentanyl pleister, Fentanyl ist ein <strong data-start=\"564\" data-end=\"588\">synthetisches Opioid<\/strong>, das in der Medizin zur Behandlung <strong data-start=\"624\" data-end=\"662\">starker bis sehr starker Schmerzen<\/strong> eingesetzt wird \u2013 beispielsweise bei <strong data-start=\"700\" data-end=\"718\">Krebspatienten<\/strong> oder nach gr\u00f6\u00dferen Operationen. Es geh\u00f6rt zu den <strong data-start=\"768\" data-end=\"808\">st\u00e4rksten verf\u00fcgbaren Schmerzmitteln<\/strong> und ist etwa <strong data-start=\"822\" data-end=\"862\">50- bis 100-mal potenter als Morphin<\/strong>.fentanyl kopen, <span class=\"___SBox_4905a-ko_ ___SText_1ifhk-ko_\" data-ui-name=\"Link.Text\">fentanyl pleister<\/span><\/div>\n<\/div>\n<p data-start=\"867\" data-end=\"1083\">Urspr\u00fcnglich wurde Fentanyl in den 1960er Jahren entwickelt und ist heute in verschiedenen <strong data-start=\"958\" data-end=\"980\">Darreichungsformen<\/strong> wie <strong data-start=\"985\" data-end=\"1042\">Pflaster, Lutscher, Injektionsl\u00f6sungen oder Tabletten<\/strong> (z. B. Fentanyl-Tabletten) erh\u00e4ltlich. fentanyl kopen<\/p>\n<p data-start=\"1085\" data-end=\"1223\">Da Fentanyl eine hohe Wirksamkeit besitzt, darf es <strong data-start=\"1136\" data-end=\"1204\">ausschlie\u00dflich unter \u00e4rztlicher Aufsicht und mit g\u00fcltigem Rezept<\/strong> angewendet werden.<\/p>\n<hr data-start=\"1225\" data-end=\"1228\" \/>\n<h2 data-start=\"1230\" data-end=\"1263\"><strong data-start=\"1233\" data-end=\"1263\">Wirkungsweise von Fentanyl<\/strong><\/h2>\n<p data-start=\"1265\" data-end=\"1442\">Fentanyl wirkt direkt auf die <strong data-start=\"1295\" data-end=\"1340\">Opioidrezeptoren im Gehirn und R\u00fcckenmark<\/strong>. Durch diese Bindung werden Schmerzsignale blockiert und die Schmerzwahrnehmung deutlich reduziert.<\/p>\n<p data-start=\"1444\" data-end=\"1593\">Die Wirkung tritt in der Regel <strong data-start=\"1475\" data-end=\"1495\">sehr schnell ein<\/strong> \u2013 meist innerhalb weniger Minuten \u2013 und h\u00e4lt je nach Verabreichungsform <strong data-start=\"1568\" data-end=\"1587\">mehrere Stunden<\/strong> an.<\/p>\n<p data-start=\"1595\" data-end=\"1799\">Neben der Schmerzlinderung kann Fentanyl jedoch auch <strong data-start=\"1648\" data-end=\"1666\">Nebenwirkungen<\/strong> wie Schl\u00e4frigkeit, \u00dcbelkeit, Verstopfung oder Atemdepression verursachen, weshalb die <strong data-start=\"1753\" data-end=\"1786\">Dosierung streng kontrolliert<\/strong> werden muss.<\/p>\n<hr data-start=\"1801\" data-end=\"1804\" \/>\n<h2 data-start=\"1806\" data-end=\"1839\"><strong data-start=\"1809\" data-end=\"1839\">Hauptmerkmale von Fentanyl<\/strong><\/h2>\n<div class=\"_tableContainer_1rjym_1\">\n<div class=\"group _tableWrapper_1rjym_13 flex w-fit flex-col-reverse\" tabindex=\"-1\">\n<table class=\"w-fit min-w-(--thread-content-width)\" data-start=\"1841\" data-end=\"2363\">\n<thead data-start=\"1841\" data-end=\"1871\">\n<tr data-start=\"1841\" data-end=\"1871\">\n<th data-start=\"1841\" data-end=\"1855\" data-col-size=\"sm\">Eigenschaft<\/th>\n<th data-start=\"1855\" data-end=\"1871\" data-col-size=\"md\">Beschreibung<\/th>\n<\/tr>\n<\/thead>\n<tbody data-start=\"1904\" data-end=\"2363\">\n<tr data-start=\"1904\" data-end=\"1961\">\n<td data-start=\"1904\" data-end=\"1926\" data-col-size=\"sm\"><strong data-start=\"1906\" data-end=\"1925\">Wirkstoffklasse<\/strong><\/td>\n<td data-col-size=\"md\" data-start=\"1926\" data-end=\"1961\">Synthetisches Opioidanalgetikum<\/td>\n<\/tr>\n<tr data-start=\"1962\" data-end=\"2016\">\n<td data-start=\"1962\" data-end=\"1979\" data-col-size=\"sm\"><strong data-start=\"1964\" data-end=\"1978\">Wirkst\u00e4rke<\/strong><\/td>\n<td data-col-size=\"md\" data-start=\"1979\" data-end=\"2016\">Etwa 50\u2013100 \u00d7 st\u00e4rker als Morphin<\/td>\n<\/tr>\n<tr data-start=\"2017\" data-end=\"2098\">\n<td data-start=\"2017\" data-end=\"2042\" data-col-size=\"sm\"><strong data-start=\"2019\" data-end=\"2041\">Darreichungsformen<\/strong><\/td>\n<td data-col-size=\"md\" data-start=\"2042\" data-end=\"2098\">Pflaster, Tabletten, Lutscher, Nasenspray, Injektion<\/td>\n<\/tr>\n<tr data-start=\"2099\" data-end=\"2178\">\n<td data-start=\"2099\" data-end=\"2122\" data-col-size=\"sm\"><strong data-start=\"2101\" data-end=\"2121\">Anwendungsgebiet<\/strong><\/td>\n<td data-col-size=\"md\" data-start=\"2122\" data-end=\"2178\">Behandlung starker chronischer oder akuter Schmerzen<\/td>\n<\/tr>\n<tr data-start=\"2179\" data-end=\"2236\">\n<td data-start=\"2179\" data-end=\"2207\" data-col-size=\"sm\"><strong data-start=\"2181\" data-end=\"2206\">Verschreibungspflicht<\/strong><\/td>\n<td data-col-size=\"md\" data-start=\"2207\" data-end=\"2236\">Nur auf \u00e4rztliches Rezept<\/td>\n<\/tr>\n<tr data-start=\"2237\" data-end=\"2293\">\n<td data-start=\"2237\" data-end=\"2258\" data-col-size=\"sm\"><strong data-start=\"2239\" data-end=\"2257\">Wirkungsbeginn<\/strong><\/td>\n<td data-col-size=\"md\" data-start=\"2258\" data-end=\"2293\">Schnell - innerhalb von Minuten<\/td>\n<\/tr>\n<tr data-start=\"2294\" data-end=\"2363\">\n<td data-start=\"2294\" data-end=\"2318\" data-col-size=\"sm\"><strong data-start=\"2296\" data-end=\"2317\">Wirksamkeitsdauer<\/strong><\/td>\n<td data-col-size=\"md\" data-start=\"2318\" data-end=\"2363\">Mehrere Stunden, je nach Applikationsform<\/td>\n<\/tr>\n<\/tbody>\n<\/table>\n<\/div>\n<\/div>\n<hr data-start=\"2365\" data-end=\"2368\" \/>\n<h2 data-start=\"2370\" data-end=\"2410\"><strong data-start=\"2373\" data-end=\"2410\">Vorteile und medizinischer Nutzen<\/strong><\/h2>\n<ul data-start=\"2412\" data-end=\"2929\">\n<li data-start=\"2412\" data-end=\"2517\">\n<p data-start=\"2414\" data-end=\"2517\"><strong data-start=\"2414\" data-end=\"2442\">Starke Schmerzlinderung:<\/strong> Besonders wirksam bei Tumorschmerzen oder nach chirurgischen Eingriffen.<\/p>\n<\/li>\n<li data-start=\"2518\" data-end=\"2613\">\n<p data-start=\"2520\" data-end=\"2613\"><strong data-start=\"2520\" data-end=\"2551\">Schneller Wirkungseintritt:<\/strong> Ideal bei pl\u00f6tzlichen Schmerzspitzen (Durchbruchschmerzen).<\/p>\n<\/li>\n<li data-start=\"2614\" data-end=\"2715\">\n<p data-start=\"2616\" data-end=\"2715\"><strong data-start=\"2616\" data-end=\"2639\">Vielf\u00e4ltige Formen:<\/strong> Flexible Anwendung - von transdermalen Pflastern bis zu oralen Tabletten.<\/p>\n<\/li>\n<li data-start=\"2716\" data-end=\"2810\">\n<p data-start=\"2718\" data-end=\"2810\"><strong data-start=\"2718\" data-end=\"2750\">Kontrollierte Dosierbarkeit:<\/strong> Erm\u00f6glicht genaue Anpassung an individuelle Schmerzgrade.<\/p>\n<\/li>\n<li data-start=\"2811\" data-end=\"2929\">\n<p data-start=\"2813\" data-end=\"2929\"><strong data-start=\"2813\" data-end=\"2856\">Unterst\u00fctzung bei palliativer Therapie:<\/strong> Verbessert die Lebensqualit\u00e4t von Patienten mit chronischen Schmerzen.<\/p>\n<\/li>\n<\/ul>\n<hr data-start=\"2931\" data-end=\"2934\" \/>\n<h2 data-start=\"2936\" data-end=\"2966\"><strong data-start=\"2939\" data-end=\"2966\">Anwendung und Dosierung<\/strong><\/h2>\n<p data-start=\"2968\" data-end=\"3055\">Die <strong data-start=\"2972\" data-end=\"2998\">Anwendung von Fentanyl<\/strong> erfolgt ausschlie\u00dflich <strong data-start=\"3022\" data-end=\"3052\">unter \u00e4rztlicher Anweisung<\/strong>.<\/p>\n<ul data-start=\"3057\" data-end=\"3381\">\n<li data-start=\"3057\" data-end=\"3164\">\n<p data-start=\"3059\" data-end=\"3164\"><strong data-start=\"3059\" data-end=\"3081\">Fentanyl-Pflaster:<\/strong> Wird auf die Haut geklebt und gibt den Wirkstoff \u00fcber 72 Stunden gleichm\u00e4\u00dfig ab.<\/p>\n<\/li>\n<li data-start=\"3165\" data-end=\"3274\">\n<p data-start=\"3167\" data-end=\"3274\"><strong data-start=\"3167\" data-end=\"3204\">Fentanyl-Tabletten oder Lutscher:<\/strong> F\u00fcr kurzfristige Schmerzspitzen, besonders bei Durchbruchschmerzen.<\/p>\n<\/li>\n<li data-start=\"3275\" data-end=\"3381\">\n<p data-start=\"3277\" data-end=\"3381\"><strong data-start=\"3277\" data-end=\"3309\">Injektionen oder Infusionen:<\/strong> In Krankenh\u00e4usern zur postoperativen Schmerztherapie oder An\u00e4sthesie.<\/p>\n<\/li>\n<\/ul>\n<p data-start=\"3383\" data-end=\"3578\"><strong data-start=\"3383\" data-end=\"3405\">Wichtiger Hinweis:<\/strong><br data-start=\"3405\" data-end=\"3408\" \/>Fentanyl darf <strong data-start=\"3422\" data-end=\"3476\">niemals eigenst\u00e4ndig oder ohne \u00e4rztliche Kontrolle<\/strong> eingenommen werden. Eine falsche Anwendung kann zu einer <strong data-start=\"3534\" data-end=\"3570\">lebensgef\u00e4hrliche \u00dcberdosierung<\/strong> f\u00fchren.<\/p>\n<hr data-start=\"3580\" data-end=\"3583\" \/>\n<h2 data-start=\"3585\" data-end=\"3621\"><strong data-start=\"3588\" data-end=\"3621\">Sicherheits- und Warnhinweise<\/strong><\/h2>\n<ul data-start=\"3623\" data-end=\"3919\">\n<li data-start=\"3623\" data-end=\"3681\">\n<p data-start=\"3625\" data-end=\"3681\">Nicht mit Alkohol oder Beruhigungsmitteln kombinieren.<\/p>\n<\/li>\n<li data-start=\"3682\" data-end=\"3735\">\n<p data-start=\"3684\" data-end=\"3735\">Au\u00dferhalb der Reichweite von Kindern aufbewahren.<\/p>\n<\/li>\n<li data-start=\"3736\" data-end=\"3815\">\n<p data-start=\"3738\" data-end=\"3815\">Bei Atemproblemen oder Allergien gegen Opioide sofort den Arzt informieren.<\/p>\n<\/li>\n<li data-start=\"3816\" data-end=\"3878\">\n<p data-start=\"3818\" data-end=\"3878\">Entsorgung gebrauchter Pflaster nach \u00e4rztlicher Anweisung.<\/p>\n<\/li>\n<li data-start=\"3879\" data-end=\"3919\">\n<p data-start=\"3881\" data-end=\"3919\">Nicht zur Selbstmedikation geeignet!<\/p>\n<\/li>\n<\/ul>\n<hr data-start=\"3921\" data-end=\"3924\" \/>\n<h2 data-start=\"3926\" data-end=\"3952\"><strong data-start=\"3929\" data-end=\"3952\">Rechtliche Informationen<\/strong><\/h2>\n<p data-start=\"3954\" data-end=\"4260\">In Deutschland f\u00e4llt Fentanyl unter das <strong data-start=\"3994\" data-end=\"4027\">Bet\u00e4ubungsmittelgesetz (BtMG)<\/strong>.<br data-start=\"4028\" data-end=\"4031\" \/>Seine Abgabe und Anwendung sind streng reglementiert, um Missbrauch zu verhindern.<br data-start=\"4113\" data-end=\"4116\" \/>Nur approbierte \u00c4rzte d\u00fcrfen Fentanyl verschreiben, und Apotheken geben es ausschlie\u00dflich gegen Vorlage eines <strong data-start=\"4226\" data-end=\"4253\">Bet\u00e4ubungsmittelrezepts<\/strong> aus.<\/p>\n<p data-start=\"4262\" data-end=\"4414\">Weitere Informationen finden Sie auf der offiziellen Seite des <strong data-start=\"4325\" data-end=\"4413\"><a class=\"decorated-link cursor-pointer\" target=\"_new\" rel=\"noopener\" data-start=\"4327\" data-end=\"4411\">Bundesinstituts f\u00fcr Arzneimittel und Medizinprodukte (BfArM)<\/a><\/strong>.<\/p>\n<hr data-start=\"4416\" data-end=\"4419\" \/>\n<h2 data-start=\"4421\" data-end=\"4457\"><strong data-start=\"4424\" data-end=\"4457\">H\u00e4ufig gestellte Fragen (FAQ)<\/strong><\/h2>\n<p data-start=\"4459\" data-end=\"4637\"><strong data-start=\"4459\" data-end=\"4490\">1\ufe0f\u20e3 Was ist Fentanyl genau?<\/strong><br data-start=\"4490\" data-end=\"4493\" \/>Fentanyl ist ein starkes synthetisches Schmerzmittel aus der Gruppe der Opioide. Es wird bei schweren, therapieresistenten Schmerzen eingesetzt.<\/p>\n<p data-start=\"4639\" data-end=\"4807\"><strong data-start=\"4639\" data-end=\"4672\">2\ufe0f\u20e3 Wie lange wirkt Fentanyl?<\/strong><br data-start=\"4672\" data-end=\"4675\" \/>Je nach Darreichungsform wirkt Fentanyl zwischen 2 und 72 Stunden. Pflaster geben den Wirkstoff \u00fcber mehrere Tage kontinuierlich ab.<\/p>\n<p data-start=\"4809\" data-end=\"5034\"><strong data-start=\"4809\" data-end=\"4846\">3\ufe0f\u20e3 Kann Fentanyl s\u00fcchtig machen?<\/strong><br data-start=\"4846\" data-end=\"4849\" \/>Ja. Wie andere Opioide kann auch Fentanyl bei l\u00e4ngerer Anwendung <strong data-start=\"4914\" data-end=\"4957\">k\u00f6rperliche und psychische Abh\u00e4ngigkeit<\/strong> verursachen. Deshalb erfolgt die Anwendung nur unter medizinischer Aufsicht.<\/p>\n<h3 data-start=\"230\" data-end=\"288\"><a style=\"font-size: 16px;\" href=\"https:\/\/researchchemicalshop.eu\/de\/shop\/okategoriserad\/4mmc-kopen\/\"><span dir=\"auto\" style=\"vertical-align: inherit;\"><span dir=\"auto\" style=\"vertical-align: inherit;\"><span dir=\"auto\" style=\"vertical-align: inherit;\"><span dir=\"auto\" style=\"vertical-align: inherit;\">Buy 4mmc <\/span><\/span><\/span><\/span><\/a><a style=\"font-size: 16px;\" href=\"https:\/\/researchchemicalshop.eu\/de\/shop\/iboga-ibogaine\/iboga-root-bark\/\"><span dir=\"auto\" style=\"vertical-align: inherit;\"><span dir=\"auto\" style=\"vertical-align: inherit;\"><span dir=\"auto\" style=\"vertical-align: inherit;\"><span dir=\"auto\" style=\"vertical-align: inherit;\">iboga root bark<\/span><\/span><\/span><\/span><\/a><a style=\"font-size: 16px;\" href=\"https:\/\/researchchemicalshop.eu\/de\/shop\/iboga-ibogaine\/buy-ibogaine-hcl-online\/\"><span dir=\"auto\" style=\"vertical-align: inherit;\"><span dir=\"auto\" style=\"vertical-align: inherit;\"><span dir=\"auto\" style=\"vertical-align: inherit;\"><span dir=\"auto\" style=\"vertical-align: inherit;\">ibogaine hcl online kaufen<\/span><\/span><\/span><\/span><\/a><a style=\"font-size: 16px;\" href=\"https:\/\/researchchemicalshop.eu\/de\/shop\/lysergamides\/1cp-lsd\/\"><span dir=\"auto\" style=\"vertical-align: inherit;\"><span dir=\"auto\" style=\"vertical-align: inherit;\"><span dir=\"auto\" style=\"vertical-align: inherit;\"><span dir=\"auto\" style=\"vertical-align: inherit;\">1cp lsd <\/span><\/span><\/span><\/span><\/a><a style=\"font-size: 16px;\" href=\"https:\/\/researchchemicalshop.eu\/de\/shop\/pellets-for-pellet\/o-dsmt-50mg-pellets\/\"><span dir=\"auto\" style=\"vertical-align: inherit;\"><span dir=\"auto\" style=\"vertical-align: inherit;\"><span dir=\"auto\" style=\"vertical-align: inherit;\"><span dir=\"auto\" style=\"vertical-align: inherit;\">o-dsmt<\/span><\/span><\/span><\/span><\/a><\/h3>","protected":false},"excerpt":{"rendered":"<p>Einf\u00fchrung in Fentanyl fentanyl kopen Fentanyl, fentanyl kopen, fentanyl pleister, Fentanyl ist ein synthetisches Opioid, das in der Medizin zur<\/p>","protected":false},"featured_media":1925,"comment_status":"open","ping_status":"closed","template":"","meta":[],"product_brand":[],"product_cat":[522],"product_tag":[841,842,843,22],"class_list":{"0":"post-4446","1":"product","2":"type-product","3":"status-publish","4":"has-post-thumbnail","6":"product_cat-niet-gecategoriseerd","7":"product_tag-fentanyl-kopen","8":"product_tag-fentanyl-pleister","9":"product_tag-fentanyl-tablet","10":"product_tag-nl","12":"first","13":"instock","14":"shipping-taxable","15":"purchasable","16":"product-type-variable"},"_links":{"self":[{"href":"https:\/\/researchchemicalshop.eu\/de\/wp-json\/wp\/v2\/product\/4446","targetHints":{"allow":["GET"]}}],"collection":[{"href":"https:\/\/researchchemicalshop.eu\/de\/wp-json\/wp\/v2\/product"}],"about":[{"href":"https:\/\/researchchemicalshop.eu\/de\/wp-json\/wp\/v2\/types\/product"}],"replies":[{"embeddable":true,"href":"https:\/\/researchchemicalshop.eu\/de\/wp-json\/wp\/v2\/comments?post=4446"}],"version-history":[{"count":2,"href":"https:\/\/researchchemicalshop.eu\/de\/wp-json\/wp\/v2\/product\/4446\/revisions"}],"predecessor-version":[{"id":16290,"href":"https:\/\/researchchemicalshop.eu\/de\/wp-json\/wp\/v2\/product\/4446\/revisions\/16290"}],"wp:featuredmedia":[{"embeddable":true,"href":"https:\/\/researchchemicalshop.eu\/de\/wp-json\/wp\/v2\/media\/1925"}],"wp:attachment":[{"href":"https:\/\/researchchemicalshop.eu\/de\/wp-json\/wp\/v2\/media?parent=4446"}],"wp:term":[{"taxonomy":"product_brand","embeddable":true,"href":"https:\/\/researchchemicalshop.eu\/de\/wp-json\/wp\/v2\/product_brand?post=4446"},{"taxonomy":"product_cat","embeddable":true,"href":"https:\/\/researchchemicalshop.eu\/de\/wp-json\/wp\/v2\/product_cat?post=4446"},{"taxonomy":"product_tag","embeddable":true,"href":"https:\/\/researchchemicalshop.eu\/de\/wp-json\/wp\/v2\/product_tag?post=4446"}],"curies":[{"name":"wp","href":"https:\/\/api.w.org\/{rel}","templated":true}]}}