{"id":431,"date":"2026-02-09T11:52:52","date_gmt":"2026-02-09T11:52:52","guid":{"rendered":"https:\/\/researchchemicalshop.eu\/?post_type=product&#038;p=431"},"modified":"2026-03-06T01:38:24","modified_gmt":"2026-03-06T01:38:24","slug":"4-aco-mit-20-mg-pellets","status":"publish","type":"product","link":"https:\/\/researchchemicalshop.eu\/de\/produkt\/4-aco-mit-20-mg-pellets\/","title":{"rendered":"4-AcO-MET 20 MG Pellets"},"content":{"rendered":"<p data-start=\"3312\" data-end=\"3759\">4-AcO-MET (4-Acetoxy-N-ethyl-N-methyltryptamin) 20 MG Pellets sind <strong data-start=\"3380\" data-end=\"3425\">hochreine Forschungschemikalien<\/strong>, die speziell f\u00fcr die fortgeschrittene chemische und pharmakologische Forschung entwickelt wurden. Jedes Pellet enth\u00e4lt <strong data-start=\"3520\" data-end=\"3545\">genau 20 mg 4-AcO-MET<\/strong>, und gew\u00e4hrleistet so konsistente und reproduzierbare Ergebnisse. Diese Verbindung ist strukturell mit 4-AcO-DMT und MET verwandt und wird in Studien zu folgenden Themen verwendet <strong data-start=\"3703\" data-end=\"3758\">Serotoninrezeptoren und neurochemische Wechselwirkungen<\/strong>. 4-aco-met<\/p>\n<blockquote data-start=\"3761\" data-end=\"3891\">\n<p data-start=\"3763\" data-end=\"3891\">\u26a0\ufe0f <strong data-start=\"3766\" data-end=\"3777\">Anmerkung:<\/strong> Dieses Produkt ist <strong data-start=\"3793\" data-end=\"3848\">ausschlie\u00dflich f\u00fcr die wissenschaftliche Forschung bestimmt sind<\/strong>. Nicht f\u00fcr den menschlichen Verzehr geeignet.<\/p>\n<\/blockquote>\n<hr data-start=\"3893\" data-end=\"3896\" \/>\n<h3 data-start=\"3898\" data-end=\"3929\"><strong data-start=\"3902\" data-end=\"3929\">Wesentliche Merkmale<\/strong><\/h3>\n<ul data-start=\"3930\" data-end=\"4438\">\n<li data-start=\"3930\" data-end=\"4044\">\n<p data-start=\"3932\" data-end=\"4044\"><strong data-start=\"3932\" data-end=\"3958\">Hohe Reinheit (\u226598%)<\/strong> - Hergestellt nach strengen analytischen Standards f\u00fcr zuverl\u00e4ssige Forschungsergebnisse.<\/p>\n<\/li>\n<li data-start=\"4045\" data-end=\"4149\">\n<p data-start=\"4047\" data-end=\"4149\"><strong data-start=\"4047\" data-end=\"4080\">Pr\u00e4zise dosierte Pellets<\/strong> - Jedes Pellet enth\u00e4lt 20 mg 4-AcO-MET mit hoher Dosiergenauigkeit.<\/p>\n<\/li>\n<li data-start=\"4150\" data-end=\"4237\">\n<p data-start=\"4152\" data-end=\"4237\"><strong data-start=\"4152\" data-end=\"4177\">Chemische Best\u00e4ndigkeit<\/strong> - Entwickelt, um Stabilit\u00e4t und Haltbarkeit zu gew\u00e4hrleisten.<\/p>\n<\/li>\n<li data-start=\"4238\" data-end=\"4340\">\n<p data-start=\"4240\" data-end=\"4340\"><strong data-start=\"4240\" data-end=\"4262\">Qualit\u00e4tsgarantie<\/strong> - Hergestellt unter GMP-\u00e4hnlichen Bedingungen f\u00fcr gleichbleibende Qualit\u00e4t.<\/p>\n<\/li>\n<li data-start=\"4341\" data-end=\"4438\">\n<p data-start=\"4343\" data-end=\"4438\"><strong data-start=\"4343\" data-end=\"4365\">Sichere Verpackung<\/strong> - Luftdicht verpackt, um sie vor Feuchtigkeit und Licht zu sch\u00fctzen.<\/p>\n<\/li>\n<\/ul>\n<hr data-start=\"4440\" data-end=\"4443\" \/>\n<h3 data-start=\"4445\" data-end=\"4462\"><strong data-start=\"4449\" data-end=\"4462\">Vorteile<\/strong><\/h3>\n<ul data-start=\"4463\" data-end=\"4766\">\n<li data-start=\"4463\" data-end=\"4541\">\n<p data-start=\"4465\" data-end=\"4541\">Gew\u00e4hrleistet <strong data-start=\"4476\" data-end=\"4517\">genaue und wiederholbare Dosierung<\/strong> w\u00e4hrend der Experimente.<\/p>\n<\/li>\n<li data-start=\"4542\" data-end=\"4640\">\n<p data-start=\"4544\" data-end=\"4640\">Ideal f\u00fcr <strong data-start=\"4556\" data-end=\"4596\">Forschung zu Tryptaminderivaten<\/strong> in kontrollierten Laborumgebungen.<\/p>\n<\/li>\n<li data-start=\"4641\" data-end=\"4701\">\n<p data-start=\"4643\" data-end=\"4701\"><strong data-start=\"4643\" data-end=\"4667\">L\u00e4ngere Haltbarkeitsdauer<\/strong> dank seiner stabilen Pelletform.<\/p>\n<\/li>\n<li data-start=\"4702\" data-end=\"4766\">\n<p data-start=\"4704\" data-end=\"4766\"><strong data-start=\"4704\" data-end=\"4739\">Einfach und sicher zu handhaben<\/strong> in Laboratorien.<\/p>\n<\/li>\n<\/ul>\n<hr data-start=\"4768\" data-end=\"4771\" \/>\n<h3 data-start=\"4773\" data-end=\"4788\"><strong data-start=\"4777\" data-end=\"4788\">Verwenden Sie<\/strong><\/h3>\n<ul data-start=\"4789\" data-end=\"5092\">\n<li data-start=\"4789\" data-end=\"4871\">\n<p data-start=\"4791\" data-end=\"4871\">Nur zu verwenden von <strong data-start=\"4813\" data-end=\"4868\">qualifiziertes Forschungs- oder Laborpersonal<\/strong>.<\/p>\n<\/li>\n<li data-start=\"4872\" data-end=\"4946\">\n<p data-start=\"4874\" data-end=\"4946\">Geeignete Kleidung <strong data-start=\"4890\" data-end=\"4914\">Schutzausr\u00fcstung<\/strong> (Handschuhe, Schutzbrille, Maske).<\/p>\n<\/li>\n<li data-start=\"4947\" data-end=\"5033\">\n<p data-start=\"4949\" data-end=\"5033\">Speichern auf einem <strong data-start=\"4964\" data-end=\"4987\">k\u00fchler, trockener Ort<\/strong>, vor Hitze und direkter Sonneneinstrahlung gesch\u00fctzt werden.<\/p>\n<\/li>\n<li data-start=\"5034\" data-end=\"5092\">\n<p data-start=\"5036\" data-end=\"5092\">Nicht f\u00fcr den menschlichen oder tierischen Verzehr geeignet.<\/p>\n<\/li>\n<\/ul>\n<hr data-start=\"5094\" data-end=\"5097\" \/>\n<h3 data-start=\"5099\" data-end=\"5134\"><strong data-start=\"5103\" data-end=\"5134\">H\u00e4ufig gestellte Fragen (FAQs)<\/strong><\/h3>\n<p data-start=\"5136\" data-end=\"5333\"><strong data-start=\"5136\" data-end=\"5177\">1. Wof\u00fcr wird 4-AcO-MET verwendet?<\/strong><br data-start=\"5177\" data-end=\"5180\" \/>4-AcO-MET wird verwendet f\u00fcr <strong data-start=\"5210\" data-end=\"5240\">wissenschaftliche Forschung<\/strong> auf die Wirkung von Tryptaminverbindungen, insbesondere im Hinblick auf Serotoninrezeptoren.<\/p>\n<p data-start=\"5335\" data-end=\"5509\"><strong data-start=\"5335\" data-end=\"5395\">2. Ist 4-AcO-MET 20 MG f\u00fcr den pers\u00f6nlichen Gebrauch geeignet?<\/strong><br data-start=\"5395\" data-end=\"5398\" \/>Nein. Dieses Produkt ist <strong data-start=\"5418\" data-end=\"5468\">ausschlie\u00dflich f\u00fcr Labortests bestimmt sind<\/strong> und nicht f\u00fcr den menschlichen Gebrauch geeignet.<\/p>\n<p data-start=\"5511\" data-end=\"5677\"><strong data-start=\"5511\" data-end=\"5558\">3. Wie sollte 4-AcO-MET 20 MG aufbewahrt werden?<\/strong><br data-start=\"5558\" data-end=\"5561\" \/>Aufbewahren in einem <strong data-start=\"5576\" data-end=\"5613\">trockener, gut verschlossener Beh\u00e4lter<\/strong> bei Raumtemperatur (15-25\u00b0C), vor Licht und Feuchtigkeit gesch\u00fctzt.<\/p>","protected":false},"excerpt":{"rendered":"<p>4-AcO-MET (4-Acetoxy-N-ethyl-N-methyltryptamine) 20 MG Pellets zijn onderzoekschemicali\u00ebn van hoge zuiverheid, speciaal ontwikkeld voor geavanceerd chemisch en farmacologisch onderzoek. Elke pellet<\/p>","protected":false},"featured_media":16879,"comment_status":"closed","ping_status":"closed","template":"","meta":[],"product_brand":[],"product_cat":[198,280,71,41],"product_tag":[281,978,282,22],"class_list":{"0":"post-431","1":"product","2":"type-product","3":"status-publish","4":"has-post-thumbnail","6":"product_cat-4-aco-met","7":"product_cat-4-aco-met-pellets","8":"product_cat-pellets","9":"product_cat-tryptamine","10":"product_tag-4-aco-met","11":"product_tag-4-aco-met-20-mg-pellets","12":"product_tag-4-aco-met-kopen","13":"product_tag-nl","15":"first","16":"instock","17":"shipping-taxable","18":"purchasable","19":"product-type-variable"},"_links":{"self":[{"href":"https:\/\/researchchemicalshop.eu\/de\/wp-json\/wp\/v2\/product\/431","targetHints":{"allow":["GET"]}}],"collection":[{"href":"https:\/\/researchchemicalshop.eu\/de\/wp-json\/wp\/v2\/product"}],"about":[{"href":"https:\/\/researchchemicalshop.eu\/de\/wp-json\/wp\/v2\/types\/product"}],"replies":[{"embeddable":true,"href":"https:\/\/researchchemicalshop.eu\/de\/wp-json\/wp\/v2\/comments?post=431"}],"version-history":[{"count":1,"href":"https:\/\/researchchemicalshop.eu\/de\/wp-json\/wp\/v2\/product\/431\/revisions"}],"predecessor-version":[{"id":16684,"href":"https:\/\/researchchemicalshop.eu\/de\/wp-json\/wp\/v2\/product\/431\/revisions\/16684"}],"wp:featuredmedia":[{"embeddable":true,"href":"https:\/\/researchchemicalshop.eu\/de\/wp-json\/wp\/v2\/media\/16879"}],"wp:attachment":[{"href":"https:\/\/researchchemicalshop.eu\/de\/wp-json\/wp\/v2\/media?parent=431"}],"wp:term":[{"taxonomy":"product_brand","embeddable":true,"href":"https:\/\/researchchemicalshop.eu\/de\/wp-json\/wp\/v2\/product_brand?post=431"},{"taxonomy":"product_cat","embeddable":true,"href":"https:\/\/researchchemicalshop.eu\/de\/wp-json\/wp\/v2\/product_cat?post=431"},{"taxonomy":"product_tag","embeddable":true,"href":"https:\/\/researchchemicalshop.eu\/de\/wp-json\/wp\/v2\/product_tag?post=431"}],"curies":[{"name":"wp","href":"https:\/\/api.w.org\/{rel}","templated":true}]}}