{"id":1060,"date":"2026-02-09T11:55:39","date_gmt":"2026-02-09T11:55:39","guid":{"rendered":"https:\/\/researchchemicalshop.eu\/?post_type=product&#038;p=1060"},"modified":"2026-02-13T12:11:28","modified_gmt":"2026-02-13T12:11:28","slug":"chem-verpasst-4-ho-mit","status":"publish","type":"product","link":"https:\/\/researchchemicalshop.eu\/de\/produkt\/chem-verpasst-4-ho-mit\/","title":{"rendered":"Chem-mist 4-HO-MET 7% Spray"},"content":{"rendered":"<h3 data-start=\"4754\" data-end=\"4771\">Einf\u00fchrung<\/h3>\n<p data-start=\"4772\" data-end=\"5331\">Chem-mist 4-HO-MET 7% Spray ist ein pr\u00e4zise formuliertes Tryptamin-Forschungsprodukt, das f\u00fcr Labor- und Analysezwecke bestimmt ist. Es bietet <strong data-start=\"4920\" data-end=\"4971\">4-Hydroxy-N-methyl-N-ethyltryptamin (4-HO-MET)<\/strong> in einem stabilisierten w\u00e4ssrigen Nasenspraymedium, das eine reproduzierbare Mikrodosierung und eine effiziente Absorption \u00fcber die Schleimh\u00e4ute in kontrollierten Versuchsanordnungen erm\u00f6glicht. Das Nasenspray-Format wurde entwickelt, um die Handhabung zu vereinfachen, die Konsistenz der Dosis zu verbessern und den Abfall im Vergleich zu fl\u00fcssigen oder pulverf\u00f6rmigen Massenprodukten zu reduzieren. Chem-mist 4-HO-MET 7% Spray<\/p>\n<hr data-start=\"5333\" data-end=\"5336\" \/>\n<h3 data-start=\"5338\" data-end=\"5371\">Wesentliche Merkmale<\/h3>\n<ul data-start=\"5372\" data-end=\"6075\">\n<li data-start=\"5372\" data-end=\"5461\">\n<p data-start=\"5374\" data-end=\"5461\"><strong data-start=\"5374\" data-end=\"5393\">7% Konzentration<\/strong>: Bietet eine moderate St\u00e4rke, die f\u00fcr Mikrodosierungsstudien geeignet ist.<\/p>\n<\/li>\n<li data-start=\"5462\" data-end=\"5537\">\n<p data-start=\"5464\" data-end=\"5537\"><strong data-start=\"5464\" data-end=\"5480\">Spr\u00fchgr\u00f6\u00dfe<\/strong>Jede Bet\u00e4tigung gibt eine kontrollierte Mikrodosis ab.<\/p>\n<\/li>\n<li data-start=\"5538\" data-end=\"5629\">\n<p data-start=\"5540\" data-end=\"5629\"><strong data-start=\"5540\" data-end=\"5567\">Mehrere Dosen pro Flasche<\/strong>: Liefert Dutzende von standardisierten Sprays pro Beh\u00e4lter.<\/p>\n<\/li>\n<li data-start=\"5630\" data-end=\"5745\">\n<p data-start=\"5632\" data-end=\"5745\"><strong data-start=\"5632\" data-end=\"5664\">Stabilisiertes Puffersystem<\/strong>: Enth\u00e4lt Puffermittel und Hilfsstoffe zur Aufrechterhaltung des pH-Werts und der chemischen Stabilit\u00e4t.<\/p>\n<\/li>\n<li data-start=\"5746\" data-end=\"5890\">\n<p data-start=\"5748\" data-end=\"5890\"><strong data-start=\"5748\" data-end=\"5777\">Hohe Forschungsreinheit<\/strong>: Hergestellt nach hohen Reinheitsstandards innerhalb der \u201cChem-mist\u201d-Linie.<\/p>\n<\/li>\n<li data-start=\"5891\" data-end=\"6075\">\n<p data-start=\"5893\" data-end=\"6075\"><strong data-start=\"5893\" data-end=\"5938\">Eindeutige Kennzeichnung f\u00fcr Forschungszwecke<\/strong>Kennzeichnung \u201cnur f\u00fcr Forschungszwecke\u201d, was bedeutet, dass sie nicht zum Verbrauch bestimmt sind.<\/p>\n<\/li>\n<\/ul>\n<hr data-start=\"6077\" data-end=\"6080\" \/>\n<h3 data-start=\"6082\" data-end=\"6141\">Vorteile (f\u00fcr Forschung\/Laboranwendungen)<\/h3>\n<ol data-start=\"6142\" data-end=\"6954\">\n<li data-start=\"6142\" data-end=\"6293\">\n<p data-start=\"6145\" data-end=\"6293\"><strong data-start=\"6145\" data-end=\"6171\">Pr\u00e4zise Mikrodosierung<\/strong><br data-start=\"6171\" data-end=\"6174\" \/>Der Spr\u00fchmechanismus liefert konstante Mikrodosen und reduziert die durch Pipettieren oder Wiegen bedingten Schwankungen.<\/p>\n<\/li>\n<li data-start=\"6295\" data-end=\"6440\">\n<p data-start=\"6298\" data-end=\"6440\"><strong data-start=\"6298\" data-end=\"6324\">Einfacherer Arbeitsablauf<\/strong><br data-start=\"6324\" data-end=\"6327\" \/>Gebrauchsfertige Sprays machen das Aufl\u00f6sen von Feststoffen oder serielle Verd\u00fcnnungsschritte \u00fcberfl\u00fcssig.<\/p>\n<\/li>\n<li data-start=\"6442\" data-end=\"6589\">\n<p data-start=\"6445\" data-end=\"6589\"><strong data-start=\"6445\" data-end=\"6478\">Geringeres Kontaminationsrisiko<\/strong><br data-start=\"6478\" data-end=\"6481\" \/>Durch den versiegelten Spr\u00fchversand wird die Exposition gegen\u00fcber Temperatur, Feuchtigkeit oder Luftverschmutzung begrenzt.<\/p>\n<\/li>\n<li data-start=\"6591\" data-end=\"6776\">\n<p data-start=\"6594\" data-end=\"6776\"><strong data-start=\"6594\" data-end=\"6625\">Bessere Modellierung der Absorption<\/strong><br data-start=\"6625\" data-end=\"6628\" \/>Die nasale Verabreichung \u00fcber die Schleimh\u00e4ute kann die Kinetik der In-vivo-Aufnahme besser nachahmen als die Verabreichung einer Standardl\u00f6sung.<\/p>\n<\/li>\n<li data-start=\"6778\" data-end=\"6954\">\n<p data-start=\"6781\" data-end=\"6954\"><strong data-start=\"6781\" data-end=\"6822\">Erh\u00f6hte Stabilit\u00e4t und Lagerf\u00e4higkeit<\/strong><br data-start=\"6822\" data-end=\"6825\" \/>Die gepufferte Formel und die Schutzverpackung tragen dazu bei, dass die Integrit\u00e4t des Pr\u00e4parats bei ordnungsgem\u00e4\u00dfer Lagerung erhalten bleibt.<\/p>\n<\/li>\n<\/ol>\n<hr data-start=\"6956\" data-end=\"6959\" \/>\n<h3 data-start=\"6961\" data-end=\"7018\">Verwendung (nur f\u00fcr Forschungszwecke)<\/h3>\n<blockquote data-start=\"7019\" data-end=\"7278\">\n<p data-start=\"7021\" data-end=\"7278\">\u26a0\ufe0f <strong data-start=\"7024\" data-end=\"7049\">Sicherheitshinweis:<\/strong> Dieses Produkt ist nur f\u00fcr die Laborforschung bestimmt. Nicht f\u00fcr Menschen oder Tiere geeignet. Tragen Sie vollst\u00e4ndige PSA, arbeiten Sie unter geeigneten Sicherheitsvorkehrungen (z. B. Dunstabzugshaube) und befolgen Sie die Sicherheitsprotokolle Ihrer Einrichtung.<\/p>\n<\/blockquote>\n<ol data-start=\"7280\" data-end=\"8288\">\n<li data-start=\"7280\" data-end=\"7425\">\n<p data-start=\"7283\" data-end=\"7310\"><strong data-start=\"7283\" data-end=\"7308\">Vorbereiten &amp; Grundieren<\/strong><\/p>\n<ul data-start=\"7314\" data-end=\"7425\">\n<li data-start=\"7314\" data-end=\"7359\">\n<p data-start=\"7316\" data-end=\"7359\">Pr\u00fcfen Sie die Spr\u00fchd\u00fcse auf Verstopfungen.<\/p>\n<\/li>\n<li data-start=\"7363\" data-end=\"7425\">\n<p data-start=\"7365\" data-end=\"7425\">Grundieren Sie mit 1-2 Spr\u00fchst\u00f6\u00dfen, um eine stabile Leistung zu erreichen.<\/p>\n<\/li>\n<\/ul>\n<\/li>\n<li data-start=\"7427\" data-end=\"7697\">\n<p data-start=\"7430\" data-end=\"7452\"><strong data-start=\"7430\" data-end=\"7450\">Verfahren der Verwaltung<\/strong><\/p>\n<ul data-start=\"7456\" data-end=\"7697\">\n<li data-start=\"7456\" data-end=\"7552\">\n<p data-start=\"7458\" data-end=\"7552\">Platzieren Sie die D\u00fcse in einem reproduzierbaren Abstand (z. B. 1-2 cm) zum Gewebe oder zur Oberfl\u00e4che.<\/p>\n<\/li>\n<li data-start=\"7556\" data-end=\"7637\">\n<p data-start=\"7558\" data-end=\"7637\">Dr\u00fccken Sie den Ausl\u00f6ser die gew\u00fcnschte Anzahl von Malen entsprechend Ihrem Versuchsprotokoll.<\/p>\n<\/li>\n<li data-start=\"7641\" data-end=\"7697\">\n<p data-start=\"7643\" data-end=\"7697\">Notieren Sie die Anzahl der Bet\u00e4tigungen, Zeiten und Bedingungen.<\/p>\n<\/li>\n<\/ul>\n<\/li>\n<li data-start=\"7699\" data-end=\"7986\">\n<p data-start=\"7702\" data-end=\"7721\"><strong data-start=\"7702\" data-end=\"7719\">Nach der Verabreichung<\/strong><\/p>\n<ul data-start=\"7725\" data-end=\"7986\">\n<li data-start=\"7725\" data-end=\"7799\">\n<p data-start=\"7727\" data-end=\"7799\">Setzen Sie die Kappe sofort wieder auf, um Verdunstung oder Verunreinigung zu vermeiden.<\/p>\n<\/li>\n<li data-start=\"7803\" data-end=\"7857\">\n<p data-start=\"7805\" data-end=\"7857\">Aufrecht lagern in einem <strong data-start=\"7827\" data-end=\"7845\">k\u00fchl, dunkel<\/strong> Umwelt.<\/p>\n<\/li>\n<li data-start=\"7861\" data-end=\"7986\">\n<p data-start=\"7863\" data-end=\"7986\">Falls erforderlich, sp\u00fclen Sie die D\u00fcse vorsichtig mit einem geeigneten L\u00f6sungsmittel (z. B. entionisiertes Wasser) aus, um Verstopfungen zu vermeiden.<\/p>\n<\/li>\n<\/ul>\n<\/li>\n<li data-start=\"7988\" data-end=\"8288\">\n<p data-start=\"7991\" data-end=\"8022\"><strong data-start=\"7991\" data-end=\"8020\">Sicherheit und Entfernung<\/strong><\/p>\n<ul data-start=\"8026\" data-end=\"8288\">\n<li data-start=\"8026\" data-end=\"8076\">\n<p data-start=\"8028\" data-end=\"8076\">Einatmen oder Kontakt mit Haut und Augen vermeiden.<\/p>\n<\/li>\n<li data-start=\"8080\" data-end=\"8180\">\n<p data-start=\"8082\" data-end=\"8180\">Bei versehentlicher Exposition: mit Wasser absp\u00fclen und das Sicherheitsdatenblatt (SDS) zu Rate ziehen.<\/p>\n<\/li>\n<li data-start=\"8184\" data-end=\"8288\">\n<p data-start=\"8186\" data-end=\"8288\">\u00dcbersch\u00fcssige L\u00f6sung, Beh\u00e4lter und Verpackungen gem\u00e4\u00df den Richtlinien f\u00fcr chemische Abf\u00e4lle entsorgen.<\/p>\n<\/li>\n<\/ul>\n<\/li>\n<\/ol>\n<hr data-start=\"8290\" data-end=\"8293\" \/>\n<h3 data-start=\"8295\" data-end=\"8326\">H\u00e4ufig gestellte Fragen (FAQ)<\/h3>\n<p data-start=\"8328\" data-end=\"8592\"><strong data-start=\"8328\" data-end=\"8352\">Q1: Was ist 4-HO-MET?<\/strong><br data-start=\"8352\" data-end=\"8355\" \/>4-HO-MET (4-Hydroxy-N-methyl-N-ethyltryptamin) ist eine in der Forschung verwendete Tryptaminverbindung. Es geh\u00f6rt zur Klasse der Hydroxytryptamine und wird in analytischen, rezeptorbindenden und mechanistischen Studien verwendet.<\/p>\n<p data-start=\"8594\" data-end=\"8851\"><strong data-start=\"8594\" data-end=\"8637\">F2: Wie viel 4-HO-MET ist in jedem Spray enthalten?<\/strong><br data-start=\"8637\" data-end=\"8640\" \/>Bei jeder Bet\u00e4tigung wird eine zur 7%-Konzentration proportionale Mikrodosis abgegeben. Das genaue mg pro Spr\u00fchsto\u00df h\u00e4ngt von der Kalibrierung durch den Hersteller ab und sollte durch experimentelle Validierung \u00fcberpr\u00fcft werden.<\/p>\n<p data-start=\"8853\" data-end=\"9190\"><strong data-start=\"8853\" data-end=\"8900\">Q3: Hoe lang kan deze spray worden bewaard?<\/strong><br data-start=\"8900\" data-end=\"8903\" \/>Wanneer opgeslagen verzegeld, rechtop, en in een koele, donkere, droge omgeving, wordt verwacht dat de formulering enkele maanden tot mogelijk jaren stabiel blijft, afhankelijk van de formulering en degradatiekine\u00adtiek. Gebruik binnen de aanbevolen houdbaarheid voor optimale resultaten.<\/p>","protected":false},"excerpt":{"rendered":"<p>Introductie Chem-mist 4-HO-MET 7% Spray is een precisie-geformuleerd tryptamine onderzoeksproduct, bedoeld voor laboratorium- en analytisch gebruik. Het levert 4-hydroxy-N-methyl-N-ethyltryptamine (4-HO-MET)<\/p>","protected":false},"featured_media":1083,"comment_status":"closed","ping_status":"closed","template":"","meta":[],"product_brand":[],"product_cat":[468],"product_tag":[955,477,22],"class_list":{"0":"post-1060","1":"product","2":"type-product","3":"status-publish","4":"has-post-thumbnail","6":"product_cat-b2b","7":"product_tag-chem-mist-4-ho-met","8":"product_tag-chem-mist-4-ho-met-7-spray","9":"product_tag-nl","11":"first","12":"instock","13":"shipping-taxable","14":"purchasable","15":"product-type-variable"},"_links":{"self":[{"href":"https:\/\/researchchemicalshop.eu\/de\/wp-json\/wp\/v2\/product\/1060","targetHints":{"allow":["GET"]}}],"collection":[{"href":"https:\/\/researchchemicalshop.eu\/de\/wp-json\/wp\/v2\/product"}],"about":[{"href":"https:\/\/researchchemicalshop.eu\/de\/wp-json\/wp\/v2\/types\/product"}],"replies":[{"embeddable":true,"href":"https:\/\/researchchemicalshop.eu\/de\/wp-json\/wp\/v2\/comments?post=1060"}],"version-history":[{"count":1,"href":"https:\/\/researchchemicalshop.eu\/de\/wp-json\/wp\/v2\/product\/1060\/revisions"}],"predecessor-version":[{"id":16582,"href":"https:\/\/researchchemicalshop.eu\/de\/wp-json\/wp\/v2\/product\/1060\/revisions\/16582"}],"wp:featuredmedia":[{"embeddable":true,"href":"https:\/\/researchchemicalshop.eu\/de\/wp-json\/wp\/v2\/media\/1083"}],"wp:attachment":[{"href":"https:\/\/researchchemicalshop.eu\/de\/wp-json\/wp\/v2\/media?parent=1060"}],"wp:term":[{"taxonomy":"product_brand","embeddable":true,"href":"https:\/\/researchchemicalshop.eu\/de\/wp-json\/wp\/v2\/product_brand?post=1060"},{"taxonomy":"product_cat","embeddable":true,"href":"https:\/\/researchchemicalshop.eu\/de\/wp-json\/wp\/v2\/product_cat?post=1060"},{"taxonomy":"product_tag","embeddable":true,"href":"https:\/\/researchchemicalshop.eu\/de\/wp-json\/wp\/v2\/product_tag?post=1060"}],"curies":[{"name":"wp","href":"https:\/\/api.w.org\/{rel}","templated":true}]}}