{"id":696,"date":"2026-02-09T11:54:48","date_gmt":"2026-02-09T11:54:48","guid":{"rendered":"https:\/\/researchchemicalshop.eu\/?post_type=product&#038;p=696"},"modified":"2026-03-05T18:51:07","modified_gmt":"2026-03-05T18:51:07","slug":"34-dmmc","status":"publish","type":"product","link":"https:\/\/researchchemicalshop.eu\/cs\/produkt\/34-dmmc\/","title":{"rendered":"34 DMMC (3,4-Dimethylmethcathinone)"},"content":{"rendered":"<p data-start=\"4596\" data-end=\"4908\"><strong data-start=\"4596\" data-end=\"4636\">3,4-DMMC (3,4-Dimethylmethcathinone)<\/strong> je <strong data-start=\"4644\" data-end=\"4679\">designer stimulantia-verbinding<\/strong> binnen de klasse van <strong data-start=\"4701\" data-end=\"4725\">vervangen cathinonen<\/strong>.\u00a0<br data-start=\"4764\" data-end=\"4767\" \/>Het werd voor het eerst gedetecteerd rond 2010 als een analoog van mephedrone en andere cathinonen. <span class=\"___SBox_epc1q-ko_ ___SText_zko9t-ko_\" data-ui-name=\"Link.Text\">34 dmmc kopen<\/span><\/p>\n<p data-start=\"4910\" data-end=\"5190\">Als onderzoekschemische stof wordt 3,4-DMMC gebruikt in <strong data-start=\"4966\" data-end=\"5017\">analytische, structurele en forensische studies<\/strong> van nieuwe psychoactieve stoffen (NPS). Het fungeert als referentiestandaard in laboratoria die transporterinteracties, metabolieten en spectrale identificatie onderzoeken.<\/p>\n<hr data-start=\"5192\" data-end=\"5195\" \/>\n<h3 data-start=\"5197\" data-end=\"5228\"><strong data-start=\"5201\" data-end=\"5228\">Kl\u00ed\u010dov\u00e9 vlastnosti<\/strong><\/h3>\n<ul data-start=\"5230\" data-end=\"6038\">\n<li data-start=\"5230\" data-end=\"5319\">\n<p data-start=\"5232\" data-end=\"5319\"><strong data-start=\"5232\" data-end=\"5264\">Hoge analytische zuiverheid:<\/strong> Meestal \u2265 98\u201399% zuiverheid (afhankelijk van batch).<\/p>\n<\/li>\n<li data-start=\"5320\" data-end=\"5456\">\n<p data-start=\"5322\" data-end=\"5456\"><strong data-start=\"5322\" data-end=\"5346\">Structureel analoog:<\/strong> Cathinon met methylgroepen op de 3- en 4-posities van de fenylring.<\/p>\n<\/li>\n<li data-start=\"5457\" data-end=\"5650\">\n<p data-start=\"5459\" data-end=\"5650\"><strong data-start=\"5459\" data-end=\"5495\">Monoamine-transporteractiviteit:<\/strong> Werkt als substratum\/inhibitor van serotonine en noradrenaline transporters; minder effect op dopamineheropname.<\/p>\n<\/li>\n<li data-start=\"5651\" data-end=\"5785\">\n<p data-start=\"5653\" data-end=\"5785\"><strong data-start=\"5653\" data-end=\"5689\">Robuuste karakterisatiegegevens:<\/strong> Volledig gekarakteriseerd via GC\/MS, IR, NMR, UV\/vis.<\/p>\n<\/li>\n<li data-start=\"5786\" data-end=\"5946\">\n<p data-start=\"5788\" data-end=\"5946\"><strong data-start=\"5788\" data-end=\"5815\">Unieke GC-retentietijd:<\/strong> Hoewel IR\/UV-profielen lijken op mephedrone, verschillen retentietijden en fragmentatie.<\/p>\n<\/li>\n<li data-start=\"5947\" data-end=\"6038\">\n<p data-start=\"5949\" data-end=\"6038\"><strong data-start=\"5949\" data-end=\"5979\">Stabiel bij juiste opslag:<\/strong> Behoudt integriteit als het goed is afgedekt en beschermd.<\/p>\n<\/li>\n<\/ul>\n<hr data-start=\"6040\" data-end=\"6043\" \/>\n<h3 data-start=\"6045\" data-end=\"6062\"><strong data-start=\"6049\" data-end=\"6062\">V\u00fdhody<\/strong><\/h3>\n<ol data-start=\"6064\" data-end=\"6583\">\n<li data-start=\"6064\" data-end=\"6166\">\n<p data-start=\"6067\" data-end=\"6166\"><strong data-start=\"6067\" data-end=\"6098\">Betrouwbare referentiestof:<\/strong> Gebruik als kalibratie- en vergelijkingstool in forensische labs.<\/p>\n<\/li>\n<li data-start=\"6167\" data-end=\"6262\">\n<p data-start=\"6170\" data-end=\"6262\"><strong data-start=\"6170\" data-end=\"6194\">Spectrale uitdaging:<\/strong> Dient als uitdagend analoog om instrumentselectiviteit te testen.<\/p>\n<\/li>\n<li data-start=\"6263\" data-end=\"6359\">\n<p data-start=\"6266\" data-end=\"6359\"><strong data-start=\"6266\" data-end=\"6291\">Transporteronderzoek:<\/strong> Waardevol in pharmalogie-onderzoek naar serotonine\/noradrenaline.<\/p>\n<\/li>\n<li data-start=\"6360\" data-end=\"6468\">\n<p data-start=\"6363\" data-end=\"6468\"><strong data-start=\"6363\" data-end=\"6387\">Metabolietonderzoek:<\/strong> Helpt in het in kaart brengen van metabolische routes in biologische monsters.<\/p>\n<\/li>\n<li data-start=\"6469\" data-end=\"6583\">\n<p data-start=\"6472\" data-end=\"6583\"><strong data-start=\"6472\" data-end=\"6509\">Ondersteunt forensisch onderzoek:<\/strong> Vergemakkelijkt de opbouw van spectrale databases voor opkomende stoffen.<\/p>\n<\/li>\n<\/ol>\n<hr data-start=\"6585\" data-end=\"6588\" \/>\n<h3 data-start=\"6590\" data-end=\"6650\"><strong data-start=\"6594\" data-end=\"6650\">Hoe te Gebruiken (Alleen voor Laboratoriumonderzoek)<\/strong><\/h3>\n<ol data-start=\"6652\" data-end=\"7071\">\n<li data-start=\"6652\" data-end=\"6737\">\n<p data-start=\"6655\" data-end=\"6737\"><strong data-start=\"6655\" data-end=\"6696\">Draag volledige beschermingsmiddelen:<\/strong> handschoenen, veiligheidsbril, labjas.<\/p>\n<\/li>\n<li data-start=\"6738\" data-end=\"6819\">\n<p data-start=\"6741\" data-end=\"6819\"><strong data-start=\"6741\" data-end=\"6781\">Werk in een gecontroleerde omgeving:<\/strong> bijv. fume hood, schone werkruimte.<\/p>\n<\/li>\n<li data-start=\"6820\" data-end=\"6896\">\n<p data-start=\"6823\" data-end=\"6896\"><strong data-start=\"6823\" data-end=\"6857\">Gebruik precieze instrumenten:<\/strong> balans, pipetten, spectrometers etc.<\/p>\n<\/li>\n<li data-start=\"6897\" data-end=\"6984\">\n<p data-start=\"6900\" data-end=\"6984\"><strong data-start=\"6900\" data-end=\"6932\">Documenteer monstergegevens:<\/strong> batchnummer, gewicht, zuiverheid, omstandigheden.<\/p>\n<\/li>\n<li data-start=\"6985\" data-end=\"7071\">\n<p data-start=\"6988\" data-end=\"7071\"><strong data-start=\"6988\" data-end=\"7018\">Verwijder residuen veilig:<\/strong> volgens de veiligheidsprotocollen van je instelling.<\/p>\n<\/li>\n<\/ol>\n<blockquote data-start=\"7073\" data-end=\"7189\">\n<p data-start=\"7075\" data-end=\"7189\">\u2697\ufe0f <strong data-start=\"7078\" data-end=\"7189\">Alleen bedoeld voor analytisch \/ wetenschappelijk onderzoek \u2013 niet voor menselijke of dierlijke consumptie.<\/strong><\/p>\n<\/blockquote>\n<hr data-start=\"7191\" data-end=\"7194\" \/>\n<h3 data-start=\"7196\" data-end=\"7221\"><strong data-start=\"7200\" data-end=\"7221\">Opslaginstructies<\/strong><\/h3>\n<ul data-start=\"7223\" data-end=\"7494\">\n<li data-start=\"7223\" data-end=\"7283\">\n<p data-start=\"7225\" data-end=\"7283\">Bewaar bij <strong data-start=\"7236\" data-end=\"7246\">2\u20138 \u00b0C<\/strong> op een koele, droge, donkere plek.<\/p>\n<\/li>\n<li data-start=\"7284\" data-end=\"7370\">\n<p data-start=\"7286\" data-end=\"7370\">Gebruik inert, luchtdichte houders (bijv. amber vials) om vocht en licht te weren.<\/p>\n<\/li>\n<li data-start=\"7371\" data-end=\"7430\">\n<p data-start=\"7373\" data-end=\"7430\">Vermijd herhaaldelijk blootstellen aan warmte of licht.<\/p>\n<\/li>\n<li data-start=\"7431\" data-end=\"7494\">\n<p data-start=\"7433\" data-end=\"7494\">Alleen toegankelijk voor gekwalificeerd analytisch personeel. <span class=\"___SBox_epc1q-ko_ ___SText_zko9t-ko_\" data-ui-name=\"Link.Text\">34 dmmc kopen<\/span><\/p>\n<\/li>\n<\/ul>\n<hr data-start=\"7496\" data-end=\"7499\" \/>\n<h3 data-start=\"7501\" data-end=\"7536\"><strong data-start=\"7505\" data-end=\"7536\">\u010casto kladen\u00e9 ot\u00e1zky (FAQ)<\/strong><\/h3>\n<p data-start=\"7538\" data-end=\"7781\"><strong data-start=\"7538\" data-end=\"7587\">1. Wat is de werkingsmechanisme van 3,4-DMMC?<\/strong><br data-start=\"7587\" data-end=\"7590\" \/>In vitro functioneert het als substraat\/inhibitor van serotonine- en noradrenaline-transporters; het effect op dopamineheropname is relatief zwakker.<\/p>\n<p data-start=\"7783\" data-end=\"8013\"><strong data-start=\"7783\" data-end=\"7850\">2. Kan 3,4-DMMC analytisch onderscheiden worden van mephedrone?<\/strong><br data-start=\"7850\" data-end=\"7853\" \/>Ja. Hoewel de IR\/UV-profielen kunnen overlappen, onderscheiden GC-retentietijden en massafragmentatie het onderscheid.<\/p>\n<p data-start=\"8015\" data-end=\"8234\"><strong data-start=\"8015\" data-end=\"8058\">3. Is 3,4-DMMC gereguleerd of illegaal?<\/strong><br data-start=\"8058\" data-end=\"8061\" \/>In veel landen is 3,4-DMMC gereguleerd als designer-cathinon. In de VS valt het onder Schedule I als positioneel isomeer van 4-MEC. <a href=\"https:\/\/researchchemicalshop.eu\/cs\/shop\/pellets-for-pellet\/1p-lsd-microdose\/\">1P-LSD microdose<\/a><\/p>","protected":false},"excerpt":{"rendered":"<h3><span style=\"vertical-align: inherit;\"><span style=\"vertical-align: inherit;\">3,4-DMMC is a related substance to 3-MMC\/3-CMC<\/span><\/span><\/h3>\n<p><span style=\"vertical-align: inherit;\"><span style=\"vertical-align: inherit;\">3,4-DMMC \/3,4-Dimethylmethcathinone is a substance that we only sell for research purposes and is therefore not intended for consumption. The substance belongs to the category Cathinones. 3,4-DMMC is supplied in powder form and can be researched for up to 2 years when stored in the right environment.<\/span><\/span><\/p>","protected":false},"featured_media":16851,"comment_status":"closed","ping_status":"closed","template":"","meta":[],"product_brand":[],"product_cat":[386,387,17,55],"product_tag":[965,966,22],"class_list":{"0":"post-696","1":"product","2":"type-product","3":"status-publish","4":"has-post-thumbnail","6":"product_cat-386","7":"product_cat-4-dmmc","8":"product_cat-bijna-verboden","9":"product_cat-cathinonen","10":"product_tag-34-dmmc","11":"product_tag-kopen","12":"product_tag-nl","14":"first","15":"instock","16":"shipping-taxable","17":"purchasable","18":"product-type-variable"},"_links":{"self":[{"href":"https:\/\/researchchemicalshop.eu\/cs\/wp-json\/wp\/v2\/product\/696","targetHints":{"allow":["GET"]}}],"collection":[{"href":"https:\/\/researchchemicalshop.eu\/cs\/wp-json\/wp\/v2\/product"}],"about":[{"href":"https:\/\/researchchemicalshop.eu\/cs\/wp-json\/wp\/v2\/types\/product"}],"replies":[{"embeddable":true,"href":"https:\/\/researchchemicalshop.eu\/cs\/wp-json\/wp\/v2\/comments?post=696"}],"version-history":[{"count":1,"href":"https:\/\/researchchemicalshop.eu\/cs\/wp-json\/wp\/v2\/product\/696\/revisions"}],"predecessor-version":[{"id":16621,"href":"https:\/\/researchchemicalshop.eu\/cs\/wp-json\/wp\/v2\/product\/696\/revisions\/16621"}],"wp:featuredmedia":[{"embeddable":true,"href":"https:\/\/researchchemicalshop.eu\/cs\/wp-json\/wp\/v2\/media\/16851"}],"wp:attachment":[{"href":"https:\/\/researchchemicalshop.eu\/cs\/wp-json\/wp\/v2\/media?parent=696"}],"wp:term":[{"taxonomy":"product_brand","embeddable":true,"href":"https:\/\/researchchemicalshop.eu\/cs\/wp-json\/wp\/v2\/product_brand?post=696"},{"taxonomy":"product_cat","embeddable":true,"href":"https:\/\/researchchemicalshop.eu\/cs\/wp-json\/wp\/v2\/product_cat?post=696"},{"taxonomy":"product_tag","embeddable":true,"href":"https:\/\/researchchemicalshop.eu\/cs\/wp-json\/wp\/v2\/product_tag?post=696"}],"curies":[{"name":"wp","href":"https:\/\/api.w.org\/{rel}","templated":true}]}}