{"id":432,"date":"2026-02-09T11:52:52","date_gmt":"2026-02-09T11:52:52","guid":{"rendered":"https:\/\/researchchemicalshop.eu\/?post_type=product&#038;p=432"},"modified":"2026-03-06T01:39:53","modified_gmt":"2026-03-06T01:39:53","slug":"noopept","status":"publish","type":"product","link":"https:\/\/researchchemicalshop.eu\/cs\/produkt\/noopept\/","title":{"rendered":"NOOPEPT 20 MG pelety"},"content":{"rendered":"<p data-start=\"3633\" data-end=\"3937\"><strong data-start=\"3633\" data-end=\"3658\">Noopept 20 MG pelety<\/strong> jsou vysoce kvalitn\u00ed v\u00fdzkumn\u00e9 slou\u010deniny speci\u00e1ln\u011b vyvinut\u00e9 pro <strong data-start=\"3726\" data-end=\"3774\">neurov\u011bdy a kognitivn\u00ed v\u00fdzkum<\/strong>. Chemicky zn\u00e1m\u00fd jako <strong data-start=\"3796\" data-end=\"3840\">N-fenylacetyl-L-prolylglycin ethylester<\/strong>, Noopept je \u0161iroce studov\u00e1n kv\u016fli jeho <strong data-start=\"3886\" data-end=\"3934\">neuroprotektivn\u00ed a kognitivn\u00ed vlastnosti<\/strong>. koupit noopept<\/p>\n<p data-start=\"3939\" data-end=\"4151\">Ka\u017ed\u00e1 peleta obsahuje <strong data-start=\"3957\" data-end=\"3982\">20 mg \u010dist\u00e9ho noopeptu<\/strong>, pe\u010dliv\u011b d\u00e1vkovan\u00e9 pro spolehliv\u00e9 a opakovateln\u00e9 v\u00fdsledky studie. Tato slou\u010denina je obl\u00edben\u00e1 ve studi\u00edch <strong data-start=\"4101\" data-end=\"4148\">pam\u011b\u0165, schopnost u\u010den\u00ed a neuroplasticita.<\/strong>.<\/p>\n<blockquote data-start=\"4153\" data-end=\"4285\">\n<p data-start=\"4155\" data-end=\"4285\">\u26a0\ufe0f <strong data-start=\"4158\" data-end=\"4169\">Pozn\u00e1mka:<\/strong> Tento produkt je <strong data-start=\"4185\" data-end=\"4240\">ur\u010den\u00e9 v\u00fdhradn\u011b pro v\u011bdeck\u00fd v\u00fdzkum<\/strong>. Nevhodn\u00e9 k lidsk\u00e9 spot\u0159eb\u011b.<\/p>\n<\/blockquote>\n<hr data-start=\"4287\" data-end=\"4290\" \/>\n<h3 data-start=\"4292\" data-end=\"4323\"><strong data-start=\"4296\" data-end=\"4323\">Kl\u00ed\u010dov\u00e9 vlastnosti<\/strong><\/h3>\n<ul data-start=\"4324\" data-end=\"4777\">\n<li data-start=\"4324\" data-end=\"4419\">\n<p data-start=\"4326\" data-end=\"4419\"><strong data-start=\"4326\" data-end=\"4352\">Vysok\u00e1 \u010distota (\u226599%)<\/strong> - Laboratorn\u011b testov\u00e1no na kvalitu, stabilitu a slo\u017een\u00ed.<\/p>\n<\/li>\n<li data-start=\"4420\" data-end=\"4527\">\n<p data-start=\"4422\" data-end=\"4527\"><strong data-start=\"4422\" data-end=\"4463\">P\u0159esn\u011b d\u00e1vkovan\u00e9 pelety (20 MG)<\/strong> - Zaji\u0161\u0165uje spolehliv\u00e9 a opakovateln\u00e9 v\u00fdsledky v\u00fdzkumu.<\/p>\n<\/li>\n<li data-start=\"4528\" data-end=\"4613\">\n<p data-start=\"4530\" data-end=\"4613\"><strong data-start=\"4530\" data-end=\"4554\">Stabiln\u00ed slo\u017een\u00ed<\/strong> - Forma pelet zlep\u0161uje skladovatelnost a snadnost pou\u017eit\u00ed.<\/p>\n<\/li>\n<li data-start=\"4614\" data-end=\"4684\">\n<p data-start=\"4616\" data-end=\"4684\"><strong data-start=\"4616\" data-end=\"4641\">Konzistentn\u00ed kvalita<\/strong> - Vyr\u00e1b\u00ed se podle standard\u016f GMP.<\/p>\n<\/li>\n<li data-start=\"4685\" data-end=\"4777\">\n<p data-start=\"4687\" data-end=\"4777\"><strong data-start=\"4687\" data-end=\"4709\">Bezpe\u010dn\u00e9 balen\u00ed<\/strong> - Vzduchot\u011bsn\u00fd a vlhku odoln\u00fd obal pro optim\u00e1ln\u00ed ochranu.<\/p>\n<\/li>\n<\/ul>\n<hr data-start=\"4779\" data-end=\"4782\" \/>\n<h3 data-start=\"4784\" data-end=\"4801\"><strong data-start=\"4788\" data-end=\"4801\">V\u00fdhody<\/strong><\/h3>\n<ul data-start=\"4802\" data-end=\"5109\">\n<li data-start=\"4802\" data-end=\"4883\">\n<p data-start=\"4804\" data-end=\"4883\">Podporuje v\u00fdzkum <strong data-start=\"4831\" data-end=\"4880\">kognitivn\u00ed funkce, pam\u011b\u0165 a schopnost u\u010den\u00ed<\/strong>.<\/p>\n<\/li>\n<li data-start=\"4884\" data-end=\"4962\">\n<p data-start=\"4886\" data-end=\"4962\">Vhodn\u00e9 pro <strong data-start=\"4900\" data-end=\"4959\">studie o neuroprotekci a synaptick\u00e9 plasticit\u011b.<\/strong>.<\/p>\n<\/li>\n<li data-start=\"4963\" data-end=\"5029\">\n<p data-start=\"4965\" data-end=\"5029\">Zaji\u0161\u0165uje <strong data-start=\"4976\" data-end=\"5026\">p\u0159esn\u00e9 d\u00e1vkov\u00e1n\u00ed a spolehliv\u00e9 v\u00fdsledky<\/strong>.<\/p>\n<\/li>\n<li data-start=\"5030\" data-end=\"5109\">\n<p data-start=\"5032\" data-end=\"5109\">Snadn\u00e1 manipulace, skladov\u00e1n\u00ed a p\u0159eprava d\u00edky stabiln\u00edmu tvaru pelet. koupit noopept<\/p>\n<\/li>\n<\/ul>\n<hr data-start=\"5111\" data-end=\"5114\" \/>\n<h3 data-start=\"5116\" data-end=\"5131\"><strong data-start=\"5120\" data-end=\"5131\">Pou\u017eijte<\/strong><\/h3>\n<ul data-start=\"5132\" data-end=\"5424\">\n<li data-start=\"5132\" data-end=\"5202\">\n<p data-start=\"5134\" data-end=\"5202\">Pou\u017e\u00edv\u00e1 se pouze <strong data-start=\"5159\" data-end=\"5199\">kvalifikovan\u00fd laboratorn\u00ed person\u00e1l<\/strong>.<\/p>\n<\/li>\n<li data-start=\"5203\" data-end=\"5286\">\n<p data-start=\"5205\" data-end=\"5286\">Oble\u010dte si vhodn\u00e9 <strong data-start=\"5221\" data-end=\"5245\">ochrann\u00e9 prost\u0159edky<\/strong> jako jsou rukavice a ochrann\u00e9 br\u00fdle.<\/p>\n<\/li>\n<li data-start=\"5287\" data-end=\"5365\">\n<p data-start=\"5289\" data-end=\"5365\">Ulo\u017eit na <strong data-start=\"5304\" data-end=\"5327\">na chladn\u00e9m a such\u00e9m m\u00edst\u011b<\/strong>, chr\u00e1n\u011bn\u00e9 p\u0159ed slune\u010dn\u00edm z\u00e1\u0159en\u00edm a vlhkost\u00ed.<\/p>\n<\/li>\n<li data-start=\"5366\" data-end=\"5424\">\n<p data-start=\"5368\" data-end=\"5424\">Nevhodn\u00e9 ke konzumaci lidmi ani zv\u00ed\u0159aty.<\/p>\n<\/li>\n<\/ul>\n<hr data-start=\"5426\" data-end=\"5429\" \/>\n<h3 data-start=\"5431\" data-end=\"5466\"><strong data-start=\"5435\" data-end=\"5466\">\u010casto kladen\u00e9 ot\u00e1zky (FAQ)<\/strong><\/h3>\n<p data-start=\"5468\" data-end=\"5640\"><strong data-start=\"5468\" data-end=\"5507\">1. K \u010demu se p\u0159\u00edpravek Noopept pou\u017e\u00edv\u00e1?<\/strong><br data-start=\"5507\" data-end=\"5510\" \/>Noopept se pou\u017e\u00edv\u00e1 pro <strong data-start=\"5538\" data-end=\"5597\">v\u00fdzkum kognitivn\u00edch a neuroprotektivn\u00edch proces\u016f.<\/strong>, s d\u016frazem na pam\u011b\u0165 a schopnost u\u010den\u00ed.<\/p>\n<p data-start=\"5642\" data-end=\"5811\"><strong data-start=\"5642\" data-end=\"5700\">2. Je Noopept 20 MG vhodn\u00fd pro osobn\u00ed pou\u017eit\u00ed?<\/strong><br data-start=\"5700\" data-end=\"5703\" \/>Ne. Tento v\u00fdrobek je <strong data-start=\"5723\" data-end=\"5773\">ur\u010den\u00e9 v\u00fdhradn\u011b pro laboratorn\u00ed testov\u00e1n\u00ed<\/strong> a ne pro lidskou spot\u0159ebu.<\/p>\n<p data-start=\"5813\" data-end=\"5980\"><strong data-start=\"5813\" data-end=\"5858\">3. Jak se p\u0159\u00edpravek Noopept 20 MG uchov\u00e1v\u00e1?<\/strong><br data-start=\"5858\" data-end=\"5861\" \/>Skladujte v <strong data-start=\"5876\" data-end=\"5913\">droge, goed afgesloten verpakking<\/strong> bij kamertemperatuur (15\u201325\u00b0C), uit de buurt van vocht en licht.<\/p>","protected":false},"excerpt":{"rendered":"<p>Noopept 20 MG Pellets zijn hoogwaardige onderzoeksverbindingen, speciaal ontwikkeld voor neurowetenschappelijk en cognitief onderzoek. Chemisch bekend als N-fenylacetyl-L-prolylglycine ethylester, wordt<\/p>","protected":false},"featured_media":17043,"comment_status":"closed","ping_status":"closed","template":"","meta":[],"product_brand":[],"product_cat":[67,283,68,71,26],"product_tag":[22,284,285],"class_list":{"0":"post-432","1":"product","2":"type-product","3":"status-publish","4":"has-post-thumbnail","6":"product_cat-noopept","7":"product_cat-noopept-pellets","8":"product_cat-nootropics","9":"product_cat-pellets","10":"product_cat-sale","11":"product_tag-nl","12":"product_tag-noopept","13":"product_tag-noopept-kopen","15":"first","16":"instock","17":"shipping-taxable","18":"purchasable","19":"product-type-variable"},"_links":{"self":[{"href":"https:\/\/researchchemicalshop.eu\/cs\/wp-json\/wp\/v2\/product\/432","targetHints":{"allow":["GET"]}}],"collection":[{"href":"https:\/\/researchchemicalshop.eu\/cs\/wp-json\/wp\/v2\/product"}],"about":[{"href":"https:\/\/researchchemicalshop.eu\/cs\/wp-json\/wp\/v2\/types\/product"}],"replies":[{"embeddable":true,"href":"https:\/\/researchchemicalshop.eu\/cs\/wp-json\/wp\/v2\/comments?post=432"}],"version-history":[{"count":1,"href":"https:\/\/researchchemicalshop.eu\/cs\/wp-json\/wp\/v2\/product\/432\/revisions"}],"predecessor-version":[{"id":16645,"href":"https:\/\/researchchemicalshop.eu\/cs\/wp-json\/wp\/v2\/product\/432\/revisions\/16645"}],"wp:featuredmedia":[{"embeddable":true,"href":"https:\/\/researchchemicalshop.eu\/cs\/wp-json\/wp\/v2\/media\/17043"}],"wp:attachment":[{"href":"https:\/\/researchchemicalshop.eu\/cs\/wp-json\/wp\/v2\/media?parent=432"}],"wp:term":[{"taxonomy":"product_brand","embeddable":true,"href":"https:\/\/researchchemicalshop.eu\/cs\/wp-json\/wp\/v2\/product_brand?post=432"},{"taxonomy":"product_cat","embeddable":true,"href":"https:\/\/researchchemicalshop.eu\/cs\/wp-json\/wp\/v2\/product_cat?post=432"},{"taxonomy":"product_tag","embeddable":true,"href":"https:\/\/researchchemicalshop.eu\/cs\/wp-json\/wp\/v2\/product_tag?post=432"}],"curies":[{"name":"wp","href":"https:\/\/api.w.org\/{rel}","templated":true}]}}