{"id":430,"date":"2026-02-09T11:52:52","date_gmt":"2026-02-09T11:52:52","guid":{"rendered":"https:\/\/researchchemicalshop.eu\/?post_type=product&#038;p=430"},"modified":"2026-03-06T01:36:29","modified_gmt":"2026-03-06T01:36:29","slug":"2-fma-30-mg-pellets-2-fluoromethamphetamine","status":"publish","type":"product","link":"https:\/\/researchchemicalshop.eu\/cs\/produkt\/2-fma-30-mg-pellets-2-fluoromethamphetamine\/","title":{"rendered":"2-FMA 30 MG Pellets (2-fluoromethamphetamine)"},"content":{"rendered":"<h1><strong>2FMA 30 MG Pellets (2-Fluoroamfetamine) \u2013 Wetenschappelijke Productbeschrijving<\/strong><\/h1>\n<p data-start=\"3706\" data-end=\"4029\"><strong data-start=\"3706\" data-end=\"3741\">2-FMA (2-Fluoromethamphetamine)<\/strong> 30 MG Pellets zijn <strong data-start=\"3761\" data-end=\"3807\">onderzoeksverbindingen van hoge zuiverheid<\/strong>, ontworpen voor <strong data-start=\"3824\" data-end=\"3877\">neurowetenschappelijk en farmacologisch onderzoek<\/strong>. 2 fma kopen<br data-start=\"3878\" data-end=\"3881\" \/>Als fluorvariant van methamfetamine is 2-FMA interessant voor studies naar <strong data-start=\"3956\" data-end=\"3986\">neurotransmitteractiviteit<\/strong> a <strong data-start=\"3990\" data-end=\"4026\">centrale zenuwstelselmechanismen<\/strong>.<\/p>\n<p data-start=\"4031\" data-end=\"4237\">Ka\u017ed\u00e1 peleta obsahuje <strong data-start=\"4049\" data-end=\"4072\">30 mg zuivere 2-FMA<\/strong>, zorgvuldig afgemeten voor nauwkeurige dosering en reproduceerbare onderzoeksresultaten. De stabiele pelletvorm maakt opslag en hantering eenvoudiger en veiliger.<\/p>\n<blockquote data-start=\"4239\" data-end=\"4377\">\n<p data-start=\"4241\" data-end=\"4377\">\u26a0\ufe0f <strong data-start=\"4244\" data-end=\"4255\">Pozn\u00e1mka:<\/strong> Tento produkt je <strong data-start=\"4271\" data-end=\"4326\">ur\u010den\u00e9 v\u00fdhradn\u011b pro v\u011bdeck\u00fd v\u00fdzkum<\/strong> a <strong data-start=\"4330\" data-end=\"4374\">niet geschikt voor menselijke consumptie<\/strong>.<\/p>\n<\/blockquote>\n<hr data-start=\"4379\" data-end=\"4382\" \/>\n<h3 data-start=\"4384\" data-end=\"4415\"><strong data-start=\"4388\" data-end=\"4415\">Kl\u00ed\u010dov\u00e9 vlastnosti<\/strong><\/h3>\n<ul data-start=\"4416\" data-end=\"4852\">\n<li data-start=\"4416\" data-end=\"4511\">\n<p data-start=\"4418\" data-end=\"4511\"><strong data-start=\"4418\" data-end=\"4444\">Vysok\u00e1 \u010distota (\u226599%)<\/strong> \u2013 Laboratoriumgetest voor maximale kwaliteit en betrouwbaarheid.<\/p>\n<\/li>\n<li data-start=\"4512\" data-end=\"4600\">\n<p data-start=\"4514\" data-end=\"4600\"><strong data-start=\"4514\" data-end=\"4557\">Nauwkeurige Dosering (30 MG per pellet)<\/strong> \u2013 Voor consistente onderzoeksresultaten.<\/p>\n<\/li>\n<li data-start=\"4601\" data-end=\"4687\">\n<p data-start=\"4603\" data-end=\"4687\"><strong data-start=\"4603\" data-end=\"4629\">Verbeterde Stabiliteit<\/strong> \u2013 Pelletvorm voorkomt afbraak en verlengt houdbaarheid.<\/p>\n<\/li>\n<li data-start=\"4688\" data-end=\"4767\">\n<p data-start=\"4690\" data-end=\"4767\"><strong data-start=\"4690\" data-end=\"4724\">Consistente Kwaliteitscontrole<\/strong> - Vyr\u00e1b\u00ed se podle standard\u016f GMP.<\/p>\n<\/li>\n<li data-start=\"4768\" data-end=\"4852\">\n<p data-start=\"4770\" data-end=\"4852\"><strong data-start=\"4770\" data-end=\"4792\">Bezpe\u010dn\u00e9 balen\u00ed<\/strong> \u2013 Luchtdicht en vochtbestendig voor optimale bescherming.<\/p>\n<\/li>\n<\/ul>\n<hr data-start=\"4854\" data-end=\"4857\" \/>\n<h3 data-start=\"4859\" data-end=\"4876\"><strong data-start=\"4863\" data-end=\"4876\">V\u00fdhody<\/strong><\/h3>\n<ul data-start=\"4877\" data-end=\"5166\">\n<li data-start=\"4877\" data-end=\"4954\">\n<p data-start=\"4879\" data-end=\"4954\">Vhodn\u00e9 pro <strong data-start=\"4893\" data-end=\"4951\">onderzoek naar stimulantia en neurotransmittersystemen<\/strong>.<\/p>\n<\/li>\n<li data-start=\"4955\" data-end=\"5021\">\n<p data-start=\"4957\" data-end=\"5021\">Zaji\u0161\u0165uje <strong data-start=\"4968\" data-end=\"4992\">nauwkeurige dosering<\/strong> en betrouwbare resultaten.<\/p>\n<\/li>\n<li data-start=\"5022\" data-end=\"5098\">\n<p data-start=\"5024\" data-end=\"5098\"><strong data-start=\"5024\" data-end=\"5064\">Eenvoudig te hanteren en op te slaan<\/strong> dankzij de stabiele pelletvorm.<\/p>\n<\/li>\n<li data-start=\"5099\" data-end=\"5166\">\n<p data-start=\"5101\" data-end=\"5166\">Ideaal voor <strong data-start=\"5113\" data-end=\"5163\">academisch, analytisch of forensisch onderzoek<\/strong>. 2 fma kopen<\/p>\n<\/li>\n<\/ul>\n<hr data-start=\"5168\" data-end=\"5171\" \/>\n<h3 data-start=\"5173\" data-end=\"5188\"><strong data-start=\"5177\" data-end=\"5188\">Pou\u017eijte<\/strong><\/h3>\n<ul data-start=\"5189\" data-end=\"5483\">\n<li data-start=\"5189\" data-end=\"5261\">\n<p data-start=\"5191\" data-end=\"5261\">Alleen voor <strong data-start=\"5203\" data-end=\"5228\">laboratoriumonderzoek<\/strong> door gekwalificeerd personeel.<\/p>\n<\/li>\n<li data-start=\"5262\" data-end=\"5345\">\n<p data-start=\"5264\" data-end=\"5345\">Oble\u010dte si vhodn\u00e9 <strong data-start=\"5280\" data-end=\"5304\">ochrann\u00e9 prost\u0159edky<\/strong> jako jsou rukavice a ochrann\u00e9 br\u00fdle.<\/p>\n<\/li>\n<li data-start=\"5346\" data-end=\"5424\">\n<p data-start=\"5348\" data-end=\"5424\">Ulo\u017eit na <strong data-start=\"5363\" data-end=\"5386\">na chladn\u00e9m a such\u00e9m m\u00edst\u011b<\/strong>, chr\u00e1n\u011bn\u00e9 p\u0159ed slune\u010dn\u00edm z\u00e1\u0159en\u00edm a vlhkost\u00ed.<\/p>\n<\/li>\n<li data-start=\"5425\" data-end=\"5483\">\n<p data-start=\"5427\" data-end=\"5483\">Nevhodn\u00e9 ke konzumaci lidmi ani zv\u00ed\u0159aty.<\/p>\n<\/li>\n<\/ul>\n<hr data-start=\"5485\" data-end=\"5488\" \/>\n<h3 data-start=\"5490\" data-end=\"5525\"><strong data-start=\"5494\" data-end=\"5525\">\u010casto kladen\u00e9 ot\u00e1zky (FAQ)<\/strong><\/h3>\n<p data-start=\"5527\" data-end=\"5694\"><strong data-start=\"5527\" data-end=\"5564\">1. Waarvoor wordt 2-FMA gebruikt?<\/strong><br data-start=\"5564\" data-end=\"5567\" \/>2-FMA wordt gebruikt in <strong data-start=\"5591\" data-end=\"5644\">neurowetenschappelijk en farmacologisch onderzoek<\/strong> naar stimulantia en neurotransmitteractiviteit.<\/p>\n<p data-start=\"5696\" data-end=\"5870\"><strong data-start=\"5696\" data-end=\"5748\">2. Is 2-FMA 30 MG veilig voor menselijk gebruik?<\/strong><br data-start=\"5748\" data-end=\"5751\" \/>Ne. Tento v\u00fdrobek je <strong data-start=\"5771\" data-end=\"5820\">ur\u010deno pouze pro v\u00fdzkumn\u00e9 \u00fa\u010dely<\/strong> a nejsou schv\u00e1leny k lidsk\u00e9 spot\u0159eb\u011b.<\/p>\n<p data-start=\"5872\" data-end=\"6040\"><strong data-start=\"5872\" data-end=\"5915\">3. Hoe moet 2-FMA 30 MG worden bewaard?<\/strong><br data-start=\"5915\" data-end=\"5918\" \/>Skladujte v <strong data-start=\"5933\" data-end=\"5963\">t\u011bsn\u011b uzav\u0159en\u00fd obal<\/strong> bij kamertemperatuur (15\u201325\u00b0C), uit de buurt van vocht en direct zonlicht.<\/p>\n<h3><span style=\"color: #333333; font-size: 16px;\">.<\/span><a style=\"font-size: 16px;\" href=\"https:\/\/researchchemicalshop.eu\/cs\/shop\/iboga-ibogaine\/iboga-root-bark\/\">iboga root bark\u200b<\/a><a style=\"font-size: 16px;\" href=\"https:\/\/researchchemicalshop.eu\/cs\/shop\/iboga-ibogaine\/buy-ibogaine-hcl-online\/\">buy ibogaine hcl online\u200b<\/a><a style=\"font-size: 16px;\" href=\"https:\/\/researchchemicalshop.eu\/cs\/shop\/lysergamides\/1cp-lsd\/\">1cp lsd<\/a><a style=\"font-size: 16px;\" href=\"https:\/\/researchchemicalshop.eu\/cs\/shop\/pellets\/o-dsmt-50mg-pellets\/\">o-dsmt<\/a><a style=\"font-size: 16px;\" href=\"https:\/\/researchchemicalshop.eu\/cs\/shop\/lysergamides\/1vlsd\/\">1vlsd\u200b<\/a><\/h3>\n<p>&nbsp;<\/p>","protected":false},"excerpt":{"rendered":"<p>2FMA 30 MG Pellets (2-Fluoroamfetamine) \u2013 Wetenschappelijke Productbeschrijving 2-FMA (2-Fluoromethamphetamine) 30 MG Pellets zijn onderzoeksverbindingen van hoge zuiverheid, ontworpen voor<\/p>","protected":false},"featured_media":16844,"comment_status":"closed","ping_status":"closed","template":"","meta":[],"product_brand":[23],"product_cat":[31,277,17,32,71],"product_tag":[33,34,1024,977,278,35,279,22],"class_list":{"0":"post-430","1":"product","2":"type-product","3":"status-publish","4":"has-post-thumbnail","6":"product_brand-research-chemical","7":"product_cat-2-fma","8":"product_cat-2-fma-pellets","9":"product_cat-bijna-verboden","10":"product_cat-gefluoreerden","11":"product_cat-pellets","12":"product_tag-2-fma-kopen","13":"product_tag-2-fma","14":"product_tag-2-fma-30-mg-pellets","15":"product_tag-2-fma-30-mg-pellets-2-fluoromethamphetamine","16":"product_tag-2fma","17":"product_tag-2fma-drugs","18":"product_tag-2fma-kopen","19":"product_tag-nl","21":"first","22":"instock","23":"shipping-taxable","24":"purchasable","25":"product-type-variable"},"_links":{"self":[{"href":"https:\/\/researchchemicalshop.eu\/cs\/wp-json\/wp\/v2\/product\/430","targetHints":{"allow":["GET"]}}],"collection":[{"href":"https:\/\/researchchemicalshop.eu\/cs\/wp-json\/wp\/v2\/product"}],"about":[{"href":"https:\/\/researchchemicalshop.eu\/cs\/wp-json\/wp\/v2\/types\/product"}],"replies":[{"embeddable":true,"href":"https:\/\/researchchemicalshop.eu\/cs\/wp-json\/wp\/v2\/comments?post=430"}],"version-history":[{"count":1,"href":"https:\/\/researchchemicalshop.eu\/cs\/wp-json\/wp\/v2\/product\/430\/revisions"}],"predecessor-version":[{"id":16683,"href":"https:\/\/researchchemicalshop.eu\/cs\/wp-json\/wp\/v2\/product\/430\/revisions\/16683"}],"wp:featuredmedia":[{"embeddable":true,"href":"https:\/\/researchchemicalshop.eu\/cs\/wp-json\/wp\/v2\/media\/16844"}],"wp:attachment":[{"href":"https:\/\/researchchemicalshop.eu\/cs\/wp-json\/wp\/v2\/media?parent=430"}],"wp:term":[{"taxonomy":"product_brand","embeddable":true,"href":"https:\/\/researchchemicalshop.eu\/cs\/wp-json\/wp\/v2\/product_brand?post=430"},{"taxonomy":"product_cat","embeddable":true,"href":"https:\/\/researchchemicalshop.eu\/cs\/wp-json\/wp\/v2\/product_cat?post=430"},{"taxonomy":"product_tag","embeddable":true,"href":"https:\/\/researchchemicalshop.eu\/cs\/wp-json\/wp\/v2\/product_tag?post=430"}],"curies":[{"name":"wp","href":"https:\/\/api.w.org\/{rel}","templated":true}]}}