{"id":1313,"date":"2026-02-09T11:56:21","date_gmt":"2026-02-09T11:56:21","guid":{"rendered":"https:\/\/researchchemicalshop.eu\/?post_type=product&#038;p=1313"},"modified":"2026-02-28T18:14:43","modified_gmt":"2026-02-28T18:14:43","slug":"isopropylfenidaat","status":"publish","type":"product","link":"https:\/\/researchchemicalshop.eu\/cs\/produkt\/isopropylfenidaat\/","title":{"rendered":"Isopropylfenidaat (IPPH) 25 MG Pellets"},"content":{"rendered":"<h3 data-start=\"4132\" data-end=\"4153\"><strong data-start=\"4136\" data-end=\"4151\">\u00davod<\/strong><\/h3>\n<p data-start=\"4154\" data-end=\"4608\"><strong data-start=\"4154\" data-end=\"4195\">Isopropylfenidaat (IPPH) 25mg Pellets<\/strong> bevatten <strong data-start=\"4205\" data-end=\"4242\">25mg hoogzuiver Isopropylfenidaat<\/strong>, een <strong data-start=\"4248\" data-end=\"4272\">piperidineverbinding<\/strong> die structureel verwant is aan <strong data-start=\"4304\" data-end=\"4322\">methylfenidaat<\/strong> a <strong data-start=\"4326\" data-end=\"4343\">ethylfenidaat<\/strong>. ipph\u00a0<br data-start=\"4344\" data-end=\"4347\" \/>Binnen <strong data-start=\"4354\" data-end=\"4395\">neurochemisch en analytisch onderzoek<\/strong> wordt IPPH gebruikt als <strong data-start=\"4420\" data-end=\"4473\">dopamine- en noradrenalineheropnameremmer-analoog<\/strong>. Het wordt toegepast bij studies naar <strong data-start=\"4512\" data-end=\"4538\">monoamine-transporters<\/strong>, <strong data-start=\"4540\" data-end=\"4582\">vztahy mezi strukturou a aktivitou (SAR)<\/strong> a <strong data-start=\"4586\" data-end=\"4605\">receptorbinding<\/strong>.<\/p>\n<p data-start=\"4610\" data-end=\"4786\">Elke pellet is geproduceerd met een <strong data-start=\"4646\" data-end=\"4670\">zuiverheid van \u2265 98%<\/strong>, individueel verpakt in een <strong data-start=\"4699\" data-end=\"4715\">blisterstrip<\/strong> en ontworpen voor <strong data-start=\"4734\" data-end=\"4783\">nauwkeurige dosering en chemische stabiliteit<\/strong>.<\/p>\n<blockquote data-start=\"4788\" data-end=\"4934\">\n<p data-start=\"4790\" data-end=\"4934\">\u26a0\ufe0f <strong data-start=\"4793\" data-end=\"4804\">Pozn\u00e1mka:<\/strong> Dit product is uitsluitend bedoeld voor <strong data-start=\"4845\" data-end=\"4880\">v\u00fdzkumn\u00e9 a analytick\u00e9 vyu\u017eit\u00ed<\/strong> \u2014 <strong data-start=\"4883\" data-end=\"4931\">nen\u00ed ur\u010deno k lidsk\u00e9 spot\u0159eb\u011b ani ke konzumaci zv\u00ed\u0159aty<\/strong>.<\/p>\n<\/blockquote>\n<hr data-start=\"4936\" data-end=\"4939\" \/>\n<h3 data-start=\"4941\" data-end=\"4972\"><strong data-start=\"4945\" data-end=\"4972\">Kl\u00ed\u010dov\u00e9 vlastnosti<\/strong><\/h3>\n<div class=\"_tableContainer_1rjym_1\">\n<div class=\"group _tableWrapper_1rjym_13 flex w-fit flex-col-reverse\" tabindex=\"-1\">\n<table class=\"w-fit min-w-(--thread-content-width)\" data-start=\"4974\" data-end=\"5527\">\n<thead data-start=\"4974\" data-end=\"5000\">\n<tr data-start=\"4974\" data-end=\"5000\">\n<th data-start=\"4974\" data-end=\"4984\" data-col-size=\"sm\">Funkce<\/th>\n<th data-start=\"4984\" data-end=\"5000\" data-col-size=\"md\">Popis<\/th>\n<\/tr>\n<\/thead>\n<tbody data-start=\"5029\" data-end=\"5527\">\n<tr data-start=\"5029\" data-end=\"5085\">\n<td data-start=\"5029\" data-end=\"5050\" data-col-size=\"sm\"><strong data-start=\"5031\" data-end=\"5049\">Chemick\u00fd n\u00e1zev<\/strong><\/td>\n<td data-start=\"5050\" data-end=\"5085\" data-col-size=\"md\">Isopropylfenidaat Hydrochloride<\/td>\n<\/tr>\n<tr data-start=\"5086\" data-end=\"5119\">\n<td data-start=\"5086\" data-end=\"5111\" data-col-size=\"sm\"><strong data-start=\"5088\" data-end=\"5110\">Spole\u010dn\u00fd n\u00e1zev<\/strong><\/td>\n<td data-start=\"5111\" data-end=\"5119\" data-col-size=\"md\">IPPH<\/td>\n<\/tr>\n<tr data-start=\"5120\" data-end=\"5157\">\n<td data-start=\"5120\" data-end=\"5144\" data-col-size=\"sm\"><strong data-start=\"5122\" data-end=\"5143\">Chemick\u00fd vzorec<\/strong><\/td>\n<td data-start=\"5144\" data-end=\"5157\" data-col-size=\"md\">C\u2081\u2085H\u2082\u2081NO\u2082<\/td>\n<\/tr>\n<tr data-start=\"5158\" data-end=\"5196\">\n<td data-start=\"5158\" data-end=\"5180\" data-col-size=\"sm\"><strong data-start=\"5160\" data-end=\"5179\">Molekulov\u00e1 hmotnost<\/strong><\/td>\n<td data-start=\"5180\" data-end=\"5196\" data-col-size=\"md\">247,33 g\/mol<\/td>\n<\/tr>\n<tr data-start=\"5197\" data-end=\"5231\">\n<td data-start=\"5197\" data-end=\"5212\" data-col-size=\"sm\"><strong data-start=\"5199\" data-end=\"5211\">Dosering<\/strong><\/td>\n<td data-start=\"5212\" data-end=\"5231\" data-col-size=\"md\">25mg per pellet<\/td>\n<\/tr>\n<tr data-start=\"5232\" data-end=\"5279\">\n<td data-start=\"5232\" data-end=\"5243\" data-col-size=\"sm\"><strong data-start=\"5234\" data-end=\"5242\">Formul\u00e1\u0159<\/strong><\/td>\n<td data-start=\"5243\" data-end=\"5279\" data-col-size=\"md\">Vaste pellet (blisterverpakking)<\/td>\n<\/tr>\n<tr data-start=\"5280\" data-end=\"5331\">\n<td data-start=\"5280\" data-end=\"5297\" data-col-size=\"sm\"><strong data-start=\"5282\" data-end=\"5296\">Purity<\/strong><\/td>\n<td data-start=\"5297\" data-end=\"5331\" data-col-size=\"md\">\u2265 98% (testov\u00e1no pomoc\u00ed HPLC a NMR)<\/td>\n<\/tr>\n<tr data-start=\"5332\" data-end=\"5397\">\n<td data-start=\"5332\" data-end=\"5355\" data-col-size=\"sm\"><strong data-start=\"5334\" data-end=\"5354\">Chemick\u00e1 t\u0159\u00edda<\/strong><\/td>\n<td data-start=\"5355\" data-end=\"5397\" data-col-size=\"md\">Piperidine-derivaat \/ Fenidaat-analoog<\/td>\n<\/tr>\n<tr data-start=\"5398\" data-end=\"5477\">\n<td data-start=\"5398\" data-end=\"5412\" data-col-size=\"sm\"><strong data-start=\"5400\" data-end=\"5411\">Pou\u017eijte<\/strong><\/td>\n<td data-start=\"5412\" data-end=\"5477\" data-col-size=\"md\">Alleen voor analytisch, forensisch en neurochemisch onderzoek<\/td>\n<\/tr>\n<tr data-start=\"5478\" data-end=\"5527\">\n<td data-start=\"5478\" data-end=\"5495\" data-col-size=\"sm\"><strong data-start=\"5480\" data-end=\"5494\">Verpakking<\/strong><\/td>\n<td data-start=\"5495\" data-end=\"5527\" data-col-size=\"md\">Blisterstrip met verzegeling<\/td>\n<\/tr>\n<\/tbody>\n<\/table>\n<\/div>\n<\/div>\n<hr data-start=\"5529\" data-end=\"5532\" \/>\n<h3 data-start=\"5534\" data-end=\"5551\"><strong data-start=\"5538\" data-end=\"5551\">V\u00fdhody<\/strong><\/h3>\n<ul data-start=\"5553\" data-end=\"5952\">\n<li data-start=\"5553\" data-end=\"5645\">\n<p data-start=\"5555\" data-end=\"5645\"><strong data-start=\"5555\" data-end=\"5574\">Hoge Zuiverheid<\/strong> \u2013 \u2265 98% laboratoriumkwaliteit voor betrouwbare onderzoeksresultaten.<\/p>\n<\/li>\n<li data-start=\"5646\" data-end=\"5719\">\n<p data-start=\"5648\" data-end=\"5719\"><strong data-start=\"5648\" data-end=\"5672\">Nauwkeurige Dosering<\/strong> \u2013 25mg per pellet voor consistente analyses.<\/p>\n<\/li>\n<li data-start=\"5720\" data-end=\"5794\">\n<p data-start=\"5722\" data-end=\"5794\"><strong data-start=\"5722\" data-end=\"5744\">Bezpe\u010dn\u00e9 balen\u00ed<\/strong> \u2013 Beschermd tegen vocht, licht en contaminatie.<\/p>\n<\/li>\n<li data-start=\"5795\" data-end=\"5863\">\n<p data-start=\"5797\" data-end=\"5863\"><strong data-start=\"5797\" data-end=\"5817\">Breed Toepasbaar<\/strong> \u2013 Geschikt voor GC\/MS, LC-MS, FTIR en HPLC.<\/p>\n<\/li>\n<li data-start=\"5864\" data-end=\"5952\">\n<p data-start=\"5866\" data-end=\"5952\"><strong data-start=\"5866\" data-end=\"5893\">Geverifieerde Kwaliteit<\/strong> \u2013 Elke batch getest en voorzien van analysecertificaten.<\/p>\n<\/li>\n<\/ul>\n<hr data-start=\"5954\" data-end=\"5957\" \/>\n<h3 data-start=\"5959\" data-end=\"6011\"><strong data-start=\"5963\" data-end=\"6009\">Gebruik (Alleen voor Onderzoeksdoeleinden)<\/strong><\/h3>\n<ol data-start=\"6013\" data-end=\"6382\">\n<li data-start=\"6013\" data-end=\"6082\">\n<p data-start=\"6016\" data-end=\"6082\"><strong data-start=\"6016\" data-end=\"6031\">Han\u00adtering:<\/strong> Gebruik handschoenen, veiligheidsbril en labjas. ipph<\/p>\n<\/li>\n<li data-start=\"6083\" data-end=\"6180\">\n<p data-start=\"6086\" data-end=\"6180\"><strong data-start=\"6086\" data-end=\"6099\">Metingen:<\/strong> Elke pellet bevat exact 25mg; niet wijzigen buiten laboratoriumomstandigheden.<\/p>\n<\/li>\n<li data-start=\"6181\" data-end=\"6235\">\n<p data-start=\"6184\" data-end=\"6235\"><strong data-start=\"6184\" data-end=\"6195\">Opslag:<\/strong> Bewaar koel (2\u20138\u00b0C), droog en donker.<\/p>\n<\/li>\n<li data-start=\"6236\" data-end=\"6319\">\n<p data-start=\"6239\" data-end=\"6319\"><strong data-start=\"6239\" data-end=\"6251\">Analyse:<\/strong> Geschikt voor chromatografie, spectroscopie en receptoronderzoek.<\/p>\n<\/li>\n<li data-start=\"6320\" data-end=\"6382\">\n<p data-start=\"6323\" data-end=\"6382\"><strong data-start=\"6323\" data-end=\"6340\">Documentatie:<\/strong> Noteer batchnummers en analysemethoden.<\/p>\n<\/li>\n<\/ol>\n<hr data-start=\"6384\" data-end=\"6387\" \/>\n<h3 data-start=\"6389\" data-end=\"6424\"><strong data-start=\"6393\" data-end=\"6422\">Veelgestelde Vragen (FAQ)<\/strong><\/h3>\n<p data-start=\"6426\" data-end=\"6627\"><strong data-start=\"6426\" data-end=\"6465\">1. Wat is Isopropylfenidaat (IPPH)?<\/strong><br data-start=\"6465\" data-end=\"6468\" \/><strong data-start=\"6468\" data-end=\"6489\">Isopropylfenidaat<\/strong> je <strong data-start=\"6497\" data-end=\"6521\">piperidineverbinding<\/strong> verwant aan methylfenidaat en wordt gebruikt in onderzoek naar dopamine- en noradrenaline-transporters.<\/p>\n<p data-start=\"6629\" data-end=\"6794\"><strong data-start=\"6629\" data-end=\"6679\">2. Waarvoor worden IPPH 25mg Pellets gebruikt?<\/strong><br data-start=\"6679\" data-end=\"6682\" \/>De pellets worden gebruikt voor <strong data-start=\"6714\" data-end=\"6752\">analytisch en forensisch onderzoek<\/strong>, zoals chromatografie en spectroscopie.<\/p>\n<p data-start=\"6796\" data-end=\"6987\"><strong data-start=\"6796\" data-end=\"6834\">3. Is het legaal om IPPH te kopen?<\/strong><br data-start=\"6834\" data-end=\"6837\" \/>De <strong data-start=\"6840\" data-end=\"6863\">legaliteit van IPPH<\/strong> verschilt per land. In sommige landen is het gereguleerd. Controleer altijd de lokale wetgeving voordat u <strong data-start=\"6970\" data-end=\"6984\">IPPH koopt<\/strong>.<\/p>","protected":false},"excerpt":{"rendered":"<p>Introductie Isopropylfenidaat (IPPH) 25mg Pellets bevatten 25mg hoogzuiver Isopropylfenidaat, een piperidineverbinding die structureel verwant is aan methylfenidaat en ethylfenidaat. ipph\u00a0Binnen<\/p>","protected":false},"featured_media":17015,"comment_status":"closed","ping_status":"closed","template":"","meta":[],"product_brand":[23],"product_cat":[598,617,459,71],"product_tag":[599,600,944,601,22],"class_list":{"0":"post-1313","1":"product","2":"type-product","3":"status-publish","4":"has-post-thumbnail","6":"product_brand-research-chemical","7":"product_cat-ipph","8":"product_cat-ipph-pellets","9":"product_cat-overig","10":"product_cat-pellets","11":"product_tag-ipph","12":"product_tag-ipph-kopen","13":"product_tag-isopropylfenidaat","14":"product_tag-isopropylphenidate","15":"product_tag-nl","17":"first","18":"instock","19":"shipping-taxable","20":"purchasable","21":"product-type-variable"},"_links":{"self":[{"href":"https:\/\/researchchemicalshop.eu\/cs\/wp-json\/wp\/v2\/product\/1313","targetHints":{"allow":["GET"]}}],"collection":[{"href":"https:\/\/researchchemicalshop.eu\/cs\/wp-json\/wp\/v2\/product"}],"about":[{"href":"https:\/\/researchchemicalshop.eu\/cs\/wp-json\/wp\/v2\/types\/product"}],"replies":[{"embeddable":true,"href":"https:\/\/researchchemicalshop.eu\/cs\/wp-json\/wp\/v2\/comments?post=1313"}],"version-history":[{"count":1,"href":"https:\/\/researchchemicalshop.eu\/cs\/wp-json\/wp\/v2\/product\/1313\/revisions"}],"predecessor-version":[{"id":16516,"href":"https:\/\/researchchemicalshop.eu\/cs\/wp-json\/wp\/v2\/product\/1313\/revisions\/16516"}],"wp:featuredmedia":[{"embeddable":true,"href":"https:\/\/researchchemicalshop.eu\/cs\/wp-json\/wp\/v2\/media\/17015"}],"wp:attachment":[{"href":"https:\/\/researchchemicalshop.eu\/cs\/wp-json\/wp\/v2\/media?parent=1313"}],"wp:term":[{"taxonomy":"product_brand","embeddable":true,"href":"https:\/\/researchchemicalshop.eu\/cs\/wp-json\/wp\/v2\/product_brand?post=1313"},{"taxonomy":"product_cat","embeddable":true,"href":"https:\/\/researchchemicalshop.eu\/cs\/wp-json\/wp\/v2\/product_cat?post=1313"},{"taxonomy":"product_tag","embeddable":true,"href":"https:\/\/researchchemicalshop.eu\/cs\/wp-json\/wp\/v2\/product_tag?post=1313"}],"curies":[{"name":"wp","href":"https:\/\/api.w.org\/{rel}","templated":true}]}}